{"id":10443,"date":"2026-01-11T10:18:44","date_gmt":"2026-01-11T10:18:44","guid":{"rendered":"https:\/\/dopicho.com\/?page_id=10443"},"modified":"2026-01-11T10:27:03","modified_gmt":"2026-01-11T10:27:03","slug":"claire-varin-info","status":"publish","type":"page","link":"https:\/\/dopicho.com\/es\/claire-varin-info\/","title":{"rendered":"Claire Varin Info"},"content":{"rendered":"\t\t<div data-elementor-type=\"wp-page\" data-elementor-id=\"10443\" class=\"elementor elementor-10443 elementor-10415\">\n\t\t\t\t\t\t<section class=\"elementor-section elementor-top-section elementor-element elementor-element-2f0945c elementor-section-stretched elementor-section-boxed elementor-section-height-default elementor-section-height-default\" data-id=\"2f0945c\" data-element_type=\"section\" data-e-type=\"section\" data-settings=\"{&quot;stretch_section&quot;:&quot;section-stretched&quot;}\">\n\t\t\t\t\t\t<div class=\"elementor-container elementor-column-gap-extended\">\n\t\t\t\t\t<div class=\"elementor-column elementor-col-100 elementor-top-column elementor-element elementor-element-504f534 sc_inner_width_none sc_content_align_inherit sc_layouts_column_icons_position_left\" data-id=\"504f534\" data-element_type=\"column\" data-e-type=\"column\">\n\t\t\t<div class=\"elementor-widget-wrap elementor-element-populated\">\n\t\t\t\t\t\t<div class=\"elementor-element elementor-element-abe5e38 animation_type_block sc_fly_static elementor-widget elementor-widget-heading\" data-id=\"abe5e38\" data-element_type=\"widget\" data-e-type=\"widget\" data-widget_type=\"heading.default\">\n\t\t\t\t<div class=\"elementor-widget-container\">\n\t\t\t\t\t<h1 class=\"elementor-heading-title elementor-size-default\">CLAIRE VARIN<\/h1>\t\t\t\t<\/div>\n\t\t\t\t<\/div>\n\t\t\t\t<div class=\"elementor-element elementor-element-a2a535d scheme_default animation_type_block sc_fly_static elementor-widget elementor-widget-html\" data-id=\"a2a535d\" data-element_type=\"widget\" data-e-type=\"widget\" data-widget_type=\"html.default\">\n\t\t\t\t<div class=\"elementor-widget-container\">\n\t\t\t\t\t<a href=\"https:\/\/dopicho.com\/es\/claire-varin\/\"><b><font color=\"#000000\"><span style=\"font-color: #000000;\">Obras<\/span><\/font><\/b><\/a>\r\n&nbsp;&nbsp;&nbsp;&nbsp;&nbsp;&nbsp;&nbsp;&nbsp;&nbsp;\r\n<a href=\"https:\/\/dopicho.com\/es\/claire-varin-info\/\"><b>Info<\/b><\/a>\t\t\t\t<\/div>\n\t\t\t\t<\/div>\n\t\t\t\t<div class=\"elementor-element elementor-element-ad720cc animation_type_block sc_fly_static elementor-widget elementor-widget-text-editor\" data-id=\"ad720cc\" data-element_type=\"widget\" data-e-type=\"widget\" data-widget_type=\"text-editor.default\">\n\t\t\t\t<div class=\"elementor-widget-container\">\n\t\t\t\t\t\t\t\t\t<p><img fetchpriority=\"high\" decoding=\"async\" class=\"wp-image-7466 size-full\" src=\"https:\/\/dopicho.com\/wp-content\/uploads\/2025\/09\/Claire-Varin.jpg\" alt=\"Claire Varin\" width=\"1920\" height=\"1080\" srcset=\"https:\/\/dopicho.com\/wp-content\/uploads\/2025\/09\/Claire-Varin.jpg 1920w, https:\/\/dopicho.com\/wp-content\/uploads\/2025\/09\/Claire-Varin-300x169.jpg 300w, https:\/\/dopicho.com\/wp-content\/uploads\/2025\/09\/Claire-Varin-1024x576.jpg 1024w, https:\/\/dopicho.com\/wp-content\/uploads\/2025\/09\/Claire-Varin-768x432.jpg 768w, https:\/\/dopicho.com\/wp-content\/uploads\/2025\/09\/Claire-Varin-1536x864.jpg 1536w, https:\/\/dopicho.com\/wp-content\/uploads\/2025\/09\/Claire-Varin-370x208.jpg 370w, https:\/\/dopicho.com\/wp-content\/uploads\/2025\/09\/Claire-Varin-1170x658.jpg 1170w, https:\/\/dopicho.com\/wp-content\/uploads\/2025\/09\/Claire-Varin-770x433.jpg 770w, https:\/\/dopicho.com\/wp-content\/uploads\/2025\/09\/Claire-Varin-270x152.jpg 270w\" sizes=\"(max-width: 1920px) 100vw, 1920px\" \/><\/p><div><h4>ANTECEDENTES<\/h4><p>Doctora en Literatura, Claire Varin es escritora quebequesa y traductora de portugu\u00e9s. Ha dirigido varios colectivos de autores, colaborado en programas de Radio-Canad\u00e1, formado parte de varios jurados y ense\u00f1ado en la Universidad de Montreal, donde se doctor\u00f3 en Literatura. En 2003, cre\u00f3 la Fondation lavalloise des lettres para promover las artes literarias. Ha realizado estancias en Brasil, entre otros lugares, para escribir o dirigir giras de autores. Su ensayo \u00abLangues de feu\u00bb sobre la escritora Clarice Lispector se public\u00f3 en ese pa\u00eds, y muchos de sus textos han aparecido en revistas de Canad\u00e1 y del extranjero\/\u00a0<a style=\"font-family: inherit; font-size: 16px; font-style: normal; font-weight: 400; background-color: #ffffff;\" href=\"https:\/\/clairevarin.com\/\" target=\"_blank\" rel=\"noopener\">https:\/\/clairevarin.com\/<\/a>\u00a0<\/p><p><span style=\"font-size: 16px;\">Seg\u00fan la autora, la vida es una serie de encuentros que incluyen sus relaciones con los animales, que explor\u00f3 en su ensayo Animalis (Lem\u00e9ac \u00e9diteur, 2018).<\/span><\/p><blockquote><p>\u00abRaros son los libros que ahondan tan profunda e inquebrantablemente en nuestra necesidad de inyectar sentido al mundo y nos ense\u00f1an a amar la oscuridad y nuestro lado animal.\u00bb<br \/>Maya Ombasic, Le Devoir, 9 de febrero de 2019.<\/p><\/blockquote><h4>PROYECTO DE CLAIRE EN DO PICHO<\/h4><p>Me gustar\u00eda continuar un intercambio art\u00edstico con Lisa Tognon que iniciamos hace unos meses para crear un proyecto de im\u00e1genes y palabras. Durante su residencia en la isla de Laval, en Quebec, ella estaba completando la creaci\u00f3n de amuletos a imagen de antiguas estatuillas invocadas para proteger a personas, casas o poblaciones. Por mi parte, meditaba sobre poemas inspirados en la vida salvaje tras a\u00f1os de investigaci\u00f3n y escritura. Ella ya hab\u00eda esbozado la gran garza azul y el urub\u00fa; y yo ya hab\u00eda escrito inspir\u00e1ndome en el ciervo y el oso pardo. Ella, mi hermana en la creaci\u00f3n para la protecci\u00f3n de los seres vivos. Del agua, los animales y las plantas. Me basar\u00e9 en entrevistas con gallegos sobre la flora y la fauna locales para producir textos po\u00e9ticos. Tambi\u00e9n recoger\u00e9 informaci\u00f3n de senderistas invitados a un paseo informativo, y escribir\u00e9 poemas basados en lo que digan sobre sus descubrimientos en la naturaleza. El resultado ser\u00e1 un folleto que dejar\u00e1 constancia en palabras e im\u00e1genes de estas m\u00faltiples reflexiones a favor de lo vivo.<\/p><\/div>\t\t\t\t\t\t\t\t<\/div>\n\t\t\t\t<\/div>\n\t\t\t\t\t<\/div>\n\t\t<\/div>\n\t\t\t\t\t<\/div>\n\t\t<\/section>\n\t\t\t\t<\/div>\n\t\t","protected":false},"excerpt":{"rendered":"<p>CLAIRE VARIN Obras &nbsp;&nbsp;&nbsp;&nbsp;&nbsp;&nbsp;&nbsp;&nbsp;&nbsp; Info ANTECEDENTES Doctora en Literatura, Claire Varin es escritora quebequesa y traductora de portugu\u00e9s. Ha dirigido varios colectivos de autores, colaborado en programas de Radio-Canad\u00e1, formado parte de varios jurados y ense\u00f1ado en la Universidad de Montreal, donde se doctor\u00f3 en&hellip;<\/p>\n","protected":false},"author":3,"featured_media":0,"parent":0,"menu_order":0,"comment_status":"closed","ping_status":"closed","template":"","meta":{"footnotes":""},"class_list":["post-10443","page","type-page","status-publish","hentry"],"jetpack_sharing_enabled":true,"_links":{"self":[{"href":"https:\/\/dopicho.com\/es\/wp-json\/wp\/v2\/pages\/10443","targetHints":{"allow":["GET"]}}],"collection":[{"href":"https:\/\/dopicho.com\/es\/wp-json\/wp\/v2\/pages"}],"about":[{"href":"https:\/\/dopicho.com\/es\/wp-json\/wp\/v2\/types\/page"}],"author":[{"embeddable":true,"href":"https:\/\/dopicho.com\/es\/wp-json\/wp\/v2\/users\/3"}],"replies":[{"embeddable":true,"href":"https:\/\/dopicho.com\/es\/wp-json\/wp\/v2\/comments?post=10443"}],"version-history":[{"count":4,"href":"https:\/\/dopicho.com\/es\/wp-json\/wp\/v2\/pages\/10443\/revisions"}],"predecessor-version":[{"id":10450,"href":"https:\/\/dopicho.com\/es\/wp-json\/wp\/v2\/pages\/10443\/revisions\/10450"}],"wp:attachment":[{"href":"https:\/\/dopicho.com\/es\/wp-json\/wp\/v2\/media?parent=10443"}],"curies":[{"name":"wp","href":"https:\/\/api.w.org\/{rel}","templated":true}]}}