{"id":10605,"date":"2026-01-15T15:50:18","date_gmt":"2026-01-15T15:50:18","guid":{"rendered":"https:\/\/dopicho.com\/?page_id=10605"},"modified":"2026-01-15T15:57:28","modified_gmt":"2026-01-15T15:57:28","slug":"julia-venske-info","status":"publish","type":"page","link":"https:\/\/dopicho.com\/es\/julia-venske-info\/","title":{"rendered":"Julia Venske Info"},"content":{"rendered":"\t\t<div data-elementor-type=\"wp-page\" data-elementor-id=\"10605\" class=\"elementor elementor-10605 elementor-10556\">\n\t\t\t\t\t\t<section class=\"elementor-section elementor-top-section elementor-element elementor-element-0a2970b elementor-section-stretched elementor-section-boxed elementor-section-height-default elementor-section-height-default\" data-id=\"0a2970b\" data-element_type=\"section\" data-e-type=\"section\" data-settings=\"{&quot;stretch_section&quot;:&quot;section-stretched&quot;}\">\n\t\t\t\t\t\t<div class=\"elementor-container elementor-column-gap-extended\">\n\t\t\t\t\t<div class=\"elementor-column elementor-col-100 elementor-top-column elementor-element elementor-element-a18160c sc_inner_width_none sc_content_align_inherit sc_layouts_column_icons_position_left\" data-id=\"a18160c\" data-element_type=\"column\" data-e-type=\"column\">\n\t\t\t<div class=\"elementor-widget-wrap elementor-element-populated\">\n\t\t\t\t\t\t<div class=\"elementor-element elementor-element-818aa23 animation_type_block sc_fly_static elementor-widget elementor-widget-heading\" data-id=\"818aa23\" data-element_type=\"widget\" data-e-type=\"widget\" data-widget_type=\"heading.default\">\n\t\t\t\t<div class=\"elementor-widget-container\">\n\t\t\t\t\t<h1 class=\"elementor-heading-title elementor-size-default\">JULIA VENSKE<\/h1>\t\t\t\t<\/div>\n\t\t\t\t<\/div>\n\t\t\t\t<div class=\"elementor-element elementor-element-9fce4c8 animation_type_block sc_fly_static elementor-widget elementor-widget-html\" data-id=\"9fce4c8\" data-element_type=\"widget\" data-e-type=\"widget\" data-widget_type=\"html.default\">\n\t\t\t\t<div class=\"elementor-widget-container\">\n\t\t\t\t\t<a href=\"https:\/\/dopicho.com\/es\/julia-venske\"><b><font color=\"#000000\"><span style=\"font-color: #000000;\">Obras<\/b><\/a>\r\n&nbsp;&nbsp;&nbsp;&nbsp;&nbsp;&nbsp;&nbsp;&nbsp;&nbsp;\r\n<a href=\"https:\/\/dopicho.com\/es\/julia-venske-info\/\"><b>Info<\/span><\/font><\/b><\/a>\r\n&nbsp;&nbsp;&nbsp;&nbsp;&nbsp;&nbsp;&nbsp;&nbsp;&nbsp;\r\n<a href=\"https:\/\/dopicho.com\/es\/julia-venske-do-picho\/\"><b><font color=\"#000000\"><span style=\"font-color: #000000;\">El Trabajo de Julia en Do Picho<\/span><\/font><\/b><\/a>\t\t\t\t<\/div>\n\t\t\t\t<\/div>\n\t\t\t\t<div class=\"elementor-element elementor-element-8e544e9 animation_type_block sc_fly_static elementor-widget elementor-widget-text-editor\" data-id=\"8e544e9\" data-element_type=\"widget\" data-e-type=\"widget\" data-widget_type=\"text-editor.default\">\n\t\t\t\t<div class=\"elementor-widget-container\">\n\t\t\t\t\t\t\t\t\t<h4><img fetchpriority=\"high\" decoding=\"async\" class=\"alignnone wp-image-10610 size-full\" src=\"https:\/\/dopicho.com\/wp-content\/uploads\/2026\/01\/Julia-Venske-2.jpg\" alt=\"Julia Venske\" width=\"1920\" height=\"1080\" srcset=\"https:\/\/dopicho.com\/wp-content\/uploads\/2026\/01\/Julia-Venske-2.jpg 1920w, https:\/\/dopicho.com\/wp-content\/uploads\/2026\/01\/Julia-Venske-2-300x169.jpg 300w, https:\/\/dopicho.com\/wp-content\/uploads\/2026\/01\/Julia-Venske-2-1024x576.jpg 1024w, https:\/\/dopicho.com\/wp-content\/uploads\/2026\/01\/Julia-Venske-2-768x432.jpg 768w, https:\/\/dopicho.com\/wp-content\/uploads\/2026\/01\/Julia-Venske-2-1536x864.jpg 1536w, https:\/\/dopicho.com\/wp-content\/uploads\/2026\/01\/Julia-Venske-2-370x208.jpg 370w, https:\/\/dopicho.com\/wp-content\/uploads\/2026\/01\/Julia-Venske-2-1170x658.jpg 1170w, https:\/\/dopicho.com\/wp-content\/uploads\/2026\/01\/Julia-Venske-2-770x433.jpg 770w, https:\/\/dopicho.com\/wp-content\/uploads\/2026\/01\/Julia-Venske-2-270x152.jpg 270w\" sizes=\"(max-width: 1920px) 100vw, 1920px\" \/><\/h4><h4>ANTECEDENTES<\/h4><p>Como parte del d\u00fao de artistas venske &amp; sp\u00e4nle, llevo 20 a\u00f1os trabajando de forma cl\u00e1sica y escult\u00f3rica con la piedra, principalmente con m\u00e1rmol blanco Lasa. En nuestro trabajo hemos explorado la interacci\u00f3n entre las personas, el espacio y la escultura.<\/p><p>Nuestras obras se caracterizan por formas org\u00e1nicas y estructuras fluidas que a menudo recuerdan a fen\u00f3menos naturales. Estas formas simbolizan tanto el crecimiento y la transformaci\u00f3n en la naturaleza como la destrucci\u00f3n y las influencias negativas causadas por la intervenci\u00f3n humana.<\/p><p>Utilizamos objetos cotidianos, como los Tetrapaks, que dan testimonio del Antropoceno en el que vivimos. En 2017, desarrollamos el AUTOEATER, un bloque de m\u00e1rmol de 10 toneladas que parece tragarse un coche. El AUTOEATER viaj\u00f3 como una inspiradora escultura a gran escala de Atlanta a M\u00fanich y ahora a Hannover, y es objeto de pol\u00e9micos debates como s\u00edmbolo del cambio, alej\u00e1ndose del CO2 y acerc\u00e1ndose a las energ\u00edas alternativas y al replanteamiento de la planificaci\u00f3n urbana.<\/p><h4>PROYECTODE JULIA EN DO PICHO<\/h4><p>Hice mi residencia al mismo tiempo que mi amiga y colega artista muniquesa Stefanie Zoche, compartiendo a veces el espacio de residencia con ella, mientras que otras veces trabajaba y colaboraba a distancia. Utilic\u00e9 la residencia para desarrollar un nuevo ciclo de obras que utilizan modelos de arcilla, bocetos, fotograf\u00eda y photoshop para explorar cr\u00edticamente el paisaje de la zona y plantear preguntas sobre el futuro desarrollo econ\u00f3mico de la regi\u00f3n. Mi objetivo era animar al espectador a reflexionar m\u00e1s profundamente sobre su propio impacto en el medio ambiente. Creo que el arte tiene el poder de despertar emociones y pensamientos que pueden conducir a un enfoque m\u00e1s responsable de nuestro planeta.<\/p>\t\t\t\t\t\t\t\t<\/div>\n\t\t\t\t<\/div>\n\t\t\t\t\t<\/div>\n\t\t<\/div>\n\t\t\t\t\t<\/div>\n\t\t<\/section>\n\t\t\t\t<\/div>\n\t\t","protected":false},"excerpt":{"rendered":"<p>JULIA VENSKE Obras &nbsp;&nbsp;&nbsp;&nbsp;&nbsp;&nbsp;&nbsp;&nbsp;&nbsp; Info &nbsp;&nbsp;&nbsp;&nbsp;&nbsp;&nbsp;&nbsp;&nbsp;&nbsp; El Trabajo de Julia en Do Picho ANTECEDENTES Como parte del d\u00fao de artistas venske &amp; sp\u00e4nle, llevo 20 a\u00f1os trabajando de forma cl\u00e1sica y escult\u00f3rica con la piedra, principalmente con m\u00e1rmol blanco Lasa. En nuestro trabajo hemos explorado&hellip;<\/p>\n","protected":false},"author":3,"featured_media":0,"parent":0,"menu_order":0,"comment_status":"closed","ping_status":"closed","template":"","meta":{"footnotes":""},"class_list":["post-10605","page","type-page","status-publish","hentry"],"jetpack_sharing_enabled":true,"_links":{"self":[{"href":"https:\/\/dopicho.com\/es\/wp-json\/wp\/v2\/pages\/10605","targetHints":{"allow":["GET"]}}],"collection":[{"href":"https:\/\/dopicho.com\/es\/wp-json\/wp\/v2\/pages"}],"about":[{"href":"https:\/\/dopicho.com\/es\/wp-json\/wp\/v2\/types\/page"}],"author":[{"embeddable":true,"href":"https:\/\/dopicho.com\/es\/wp-json\/wp\/v2\/users\/3"}],"replies":[{"embeddable":true,"href":"https:\/\/dopicho.com\/es\/wp-json\/wp\/v2\/comments?post=10605"}],"version-history":[{"count":4,"href":"https:\/\/dopicho.com\/es\/wp-json\/wp\/v2\/pages\/10605\/revisions"}],"predecessor-version":[{"id":10613,"href":"https:\/\/dopicho.com\/es\/wp-json\/wp\/v2\/pages\/10605\/revisions\/10613"}],"wp:attachment":[{"href":"https:\/\/dopicho.com\/es\/wp-json\/wp\/v2\/media?parent=10605"}],"curies":[{"name":"wp","href":"https:\/\/api.w.org\/{rel}","templated":true}]}}