{"id":10715,"date":"2026-01-16T14:29:15","date_gmt":"2026-01-16T14:29:15","guid":{"rendered":"https:\/\/dopicho.com\/?page_id=10715"},"modified":"2026-01-16T15:07:09","modified_gmt":"2026-01-16T15:07:09","slug":"pat-o-hare-info","status":"publish","type":"page","link":"https:\/\/dopicho.com\/es\/pat-o-hare-info\/","title":{"rendered":"Pat O\u2019Hare Info"},"content":{"rendered":"\t\t<div data-elementor-type=\"wp-page\" data-elementor-id=\"10715\" class=\"elementor elementor-10715 elementor-10627\">\n\t\t\t\t\t\t<section class=\"elementor-section elementor-top-section elementor-element elementor-element-12118f7 elementor-section-boxed elementor-section-height-default elementor-section-height-default\" data-id=\"12118f7\" data-element_type=\"section\" data-e-type=\"section\">\n\t\t\t\t\t\t<div class=\"elementor-container elementor-column-gap-extended\">\n\t\t\t\t\t<div class=\"elementor-column elementor-col-100 elementor-top-column elementor-element elementor-element-56e292d sc_inner_width_none sc_content_align_inherit sc_layouts_column_icons_position_left\" data-id=\"56e292d\" data-element_type=\"column\" data-e-type=\"column\">\n\t\t\t<div class=\"elementor-widget-wrap elementor-element-populated\">\n\t\t\t\t\t\t<div class=\"elementor-element elementor-element-744e079 elementor-widget__width-initial animation_type_block sc_fly_static elementor-widget elementor-widget-heading\" data-id=\"744e079\" data-element_type=\"widget\" data-e-type=\"widget\" data-widget_type=\"heading.default\">\n\t\t\t\t<div class=\"elementor-widget-container\">\n\t\t\t\t\t<h1 class=\"elementor-heading-title elementor-size-default\">PAT O'HARE<\/h1>\t\t\t\t<\/div>\n\t\t\t\t<\/div>\n\t\t\t\t<div class=\"elementor-element elementor-element-7d5d9d4 scheme_default animation_type_block sc_fly_static elementor-widget elementor-widget-html\" data-id=\"7d5d9d4\" data-element_type=\"widget\" data-e-type=\"widget\" data-widget_type=\"html.default\">\n\t\t\t\t<div class=\"elementor-widget-container\">\n\t\t\t\t\t<a href=\"https:\/\/dopicho.com\/es\/pat-o-hare\/\"><b><font color=\"#000000\"><span style=\"font-color: #000000;\">Obras<\/span><\/font><\/b><\/a>\n&nbsp;&nbsp;&nbsp;&nbsp;&nbsp;&nbsp;&nbsp;&nbsp;&nbsp;\n<a href=\"https:\/\/dopicho.com\/es\/pat-o-hare-info\/\"><b>Info<\/span><\/font><\/b><\/a>\n&nbsp;&nbsp;&nbsp;&nbsp;&nbsp;&nbsp;&nbsp;&nbsp;&nbsp;\n<a href=\"https:\/\/dopicho.com\/es\/equipo-del-proyecto\"><b><font color=\"#000000\"><span style=\"font-color: #000000;\">El equipo del proyecto<\/b><\/a>\t\t\t\t<\/div>\n\t\t\t\t<\/div>\n\t\t\t\t<div class=\"elementor-element elementor-element-8b9dc95 animation_type_block sc_fly_static elementor-widget elementor-widget-text-editor\" data-id=\"8b9dc95\" data-element_type=\"widget\" data-e-type=\"widget\" data-widget_type=\"text-editor.default\">\n\t\t\t\t<div class=\"elementor-widget-container\">\n\t\t\t\t\t\t\t\t\t<p><img fetchpriority=\"high\" decoding=\"async\" src=\"https:\/\/dopicho.com\/wp-content\/uploads\/2025\/09\/patohare.jpg\" alt=\"Pat O'Hare\" width=\"1920\" height=\"1080\" \/><\/p><h4><span style=\"color: #5a5959;\"><b>ANTECEDENTES<\/b><\/span><\/h4><p><span style=\"color: #808080;\">Pat O&#8217;Hare naci\u00f3 en Liverpool, Inglaterra. Es conocido por su trabajo pionero en pol\u00edticas de drogas y reducci\u00f3n de da\u00f1os, pero tambi\u00e9n es un artista consumado: fot\u00f3grafo cuya obra se ha expuesto en Espa\u00f1a, Reino Unido, Francia, Estados Unidos, Pa\u00edses Bajos y Suiza, y m\u00fasico en bandas de Liverpool y Ginebra. Es activista y artista, y en 2023 le diagnosticaron Alzheimer.<\/span><\/p><p><span style=\"color: #808080;\">Pat comenz\u00f3 a trabajar en el \u00e1mbito de las drogas a mediados de la d\u00e9cada de 1980, cuando se convirti\u00f3 en Coordinador de Educaci\u00f3n sobre Drogas de Sefton, en Merseyside, y posteriormente en Director del Centro de Formaci\u00f3n e Informaci\u00f3n sobre Drogas de Mersey en Liverpool. En 1989, fund\u00f3 la International Journal of Drug Policy (Revista Internacional de Pol\u00edticas de Drogas) y fue su editor entre 1990 y 2000. En respuesta al inter\u00e9s suscitado por el innovador \u00abModelo de Reducci\u00f3n de Da\u00f1os de Mersey\u00bb, Pat inici\u00f3 la Primera Conferencia Internacional sobre la Reducci\u00f3n de Da\u00f1os Relacionados con las Drogas en 1990. Fue director ejecutivo de Harm Reduction International (https:\/\/hri.global\/) desde su fundaci\u00f3n en 1996 hasta 2004.<\/span><\/p><p><span style=\"color: #808080;\">Pat ha sido fundamental para ayudar a gobiernos de todo el mundo a cambiar su forma de abordar los problemas causados por el consumo de drogas, especialmente aquellos causados por el uso compartido de equipos de inyecci\u00f3n. Es coeditor de tres libros sobre la reducci\u00f3n de da\u00f1os relacionados con las drogas, ha publicado extensamente sobre prevenci\u00f3n del VIH, educaci\u00f3n y pol\u00edticas de drogas, y ha participado como ponente en numerosas conferencias internacionales durante los \u00faltimos treinta y cinco a\u00f1os.<\/span><\/p><p><span style=\"color: #808080;\">En 1990, Pat recibi\u00f3 el Premio Norman E. Zinberg Award for Achievement in the Field of Medicine and Treatment para la Drug Policy Foundation (Premio por Logros en el Campo de la Medicina y el Tratamiento de la Fundaci\u00f3n para la Pol\u00edtica de Drogas) en Washington, y, en 2000, recibi\u00f3 el premio m\u00e1s prestigioso de Harm Reduction International: el Premio Internacional Rolleston. En febrero de 2009, fue nombrado Profesor Visitante de Consumo de Drogas y Adicciones en la Universidad John Moores de Liverpool.<\/span><\/p><p><span style=\"color: #808080;\">Durante su residencia en Do Picho, Pat est\u00e1 acompa\u00f1ado por su esposa, Annette Verster. Annette naci\u00f3 en \u00c1msterdam, Pa\u00edses Bajos. Es antrop\u00f3loga social y ha trabajado en el \u00e1rea del VIH, otras enfermedades infecciosas y la reforma de las pol\u00edticas de drogas. Fue la primera coordinadora de SIDA para la cuidad de \u00c1msterdam y apoy\u00f3 la implementaci\u00f3n de diversas respuestas innovadoras de salud p\u00fablica, como el primer programa de intercambio de jeringuillas. En 2006, comenz\u00f3 a trabajar con la Organizaci\u00f3n Mundial de la Salud (OMS), sobre cuestiones relacionadas con la salud de personas que consumen drogas y otras poblaciones \u00abclave\u00bb a menudo marginadas y en riesgo de contraer el VIH, como hombres homosexuales, trabajadores sexuales, personas trans y de g\u00e9nero diverso, as\u00ed como personas en prisi\u00f3n. Annette desarroll\u00f3 numerosas herramientas y directrices de laOMS y es una firme defensora de un enfoque de salud p\u00fablica para el consumo de drogas y la reforma de las pol\u00edticas de drogas. Lider\u00f3 el trabajo de la OMS sobre el VIH, las hepatitis virales y las ITS en poblaciones clave hasta su jubilaci\u00f3n en agosto de 2025. Ahora, en Galicia y m\u00e1s all\u00e1, Annette espera cultivar sus otras pasiones, como la cer\u00e1mica, y la lucha por la naturaleza y el medio ambiente.<\/span><\/p><h4><span style=\"color: #5a5959;\"><b>EL PROYECTO DE PAT<\/b><\/span><\/h4><p><span style=\"color: #808080;\">Pat llega a Palas de Rei con un proyecto similar al que realiz\u00f3 hace 10 a\u00f1os en Casarabonela (Andaluc\u00eda), donde fotografi\u00f3 \u00ablos rostros y lugares\u00bb, una radiograf\u00eda del pueblo y sus gentes. Trabajar\u00e1 con un equipo de artistas locales y internacionales que trabajan con la fotograf\u00eda y otros medios (ver El equipo del proyecto). Juntos, se sumergir\u00e1n en la comunidad y convivir\u00e1n con sus habitantes, fotografiando Palas de Rei y a sus habitantes, para una exposici\u00f3n y un folleto previstos para la primavera\/verano de 2026.<\/span><\/p><p><span style=\"color: #808080;\">Palas de Rei ha recibido recientemente mucha atenci\u00f3n debido al proyecto de la multinacional portuguesa ALTRI de construir una megaf\u00e1brica de celulosa dentro de sus fronteras, cerca de otro municipio, Melide. El proyecto ALTRI ha llevado a muchos a reconsiderar Palas de Rei, redescubri\u00e9ndola y reivindicando su identidad como un lugar con tradiciones, una industria tur\u00edstica pr\u00f3spera vinculada al Camino de Santiago, otras industrias con visi\u00f3n de futuro, una escena cultural vibrante y diversa, y un futuro brillante por el que muchos luchan. Capturar esto, a trav\u00e9s de la mirada de fot\u00f3grafos locales e internacionales, y con la aportaci\u00f3n de los habitantes de Palas sobre lo que desean ver plasmado en exposiciones y un libro de fotos, es un gran reto y una gran oportunidad.<\/span><\/p>\t\t\t\t\t\t\t\t<\/div>\n\t\t\t\t<\/div>\n\t\t\t\t\t<\/div>\n\t\t<\/div>\n\t\t\t\t\t<\/div>\n\t\t<\/section>\n\t\t\t\t<\/div>\n\t\t","protected":false},"excerpt":{"rendered":"<p>PAT O&#8217;HARE Obras &nbsp;&nbsp;&nbsp;&nbsp;&nbsp;&nbsp;&nbsp;&nbsp;&nbsp; Info &nbsp;&nbsp;&nbsp;&nbsp;&nbsp;&nbsp;&nbsp;&nbsp;&nbsp; El equipo del proyecto ANTECEDENTES Pat O&#8217;Hare naci\u00f3 en Liverpool, Inglaterra. Es conocido por su trabajo pionero en pol\u00edticas de drogas y reducci\u00f3n de da\u00f1os, pero tambi\u00e9n es un artista consumado: fot\u00f3grafo cuya obra se ha expuesto en Espa\u00f1a,&hellip;<\/p>\n","protected":false},"author":3,"featured_media":0,"parent":0,"menu_order":0,"comment_status":"closed","ping_status":"closed","template":"","meta":{"footnotes":""},"class_list":["post-10715","page","type-page","status-publish","hentry"],"jetpack_sharing_enabled":true,"_links":{"self":[{"href":"https:\/\/dopicho.com\/es\/wp-json\/wp\/v2\/pages\/10715","targetHints":{"allow":["GET"]}}],"collection":[{"href":"https:\/\/dopicho.com\/es\/wp-json\/wp\/v2\/pages"}],"about":[{"href":"https:\/\/dopicho.com\/es\/wp-json\/wp\/v2\/types\/page"}],"author":[{"embeddable":true,"href":"https:\/\/dopicho.com\/es\/wp-json\/wp\/v2\/users\/3"}],"replies":[{"embeddable":true,"href":"https:\/\/dopicho.com\/es\/wp-json\/wp\/v2\/comments?post=10715"}],"version-history":[{"count":25,"href":"https:\/\/dopicho.com\/es\/wp-json\/wp\/v2\/pages\/10715\/revisions"}],"predecessor-version":[{"id":10785,"href":"https:\/\/dopicho.com\/es\/wp-json\/wp\/v2\/pages\/10715\/revisions\/10785"}],"wp:attachment":[{"href":"https:\/\/dopicho.com\/es\/wp-json\/wp\/v2\/media?parent=10715"}],"curies":[{"name":"wp","href":"https:\/\/api.w.org\/{rel}","templated":true}]}}