{"id":10848,"date":"2026-01-17T12:18:25","date_gmt":"2026-01-17T12:18:25","guid":{"rendered":"https:\/\/dopicho.com\/?page_id=10848"},"modified":"2026-01-17T12:24:21","modified_gmt":"2026-01-17T12:24:21","slug":"lisa-tognon-info","status":"publish","type":"page","link":"https:\/\/dopicho.com\/es\/lisa-tognon-info\/","title":{"rendered":"Lisa Tognon Info"},"content":{"rendered":"\t\t<div data-elementor-type=\"wp-page\" data-elementor-id=\"10848\" class=\"elementor elementor-10848 elementor-10808\">\n\t\t\t\t\t\t<section class=\"elementor-section elementor-top-section elementor-element elementor-element-cd7c759 elementor-section-stretched elementor-section-boxed elementor-section-height-default elementor-section-height-default\" data-id=\"cd7c759\" data-element_type=\"section\" data-e-type=\"section\" data-settings=\"{&quot;stretch_section&quot;:&quot;section-stretched&quot;}\">\n\t\t\t\t\t\t<div class=\"elementor-container elementor-column-gap-extended\">\n\t\t\t\t\t<div class=\"elementor-column elementor-col-100 elementor-top-column elementor-element elementor-element-398aedd sc_inner_width_none sc_content_align_inherit sc_layouts_column_icons_position_left\" data-id=\"398aedd\" data-element_type=\"column\" data-e-type=\"column\">\n\t\t\t<div class=\"elementor-widget-wrap elementor-element-populated\">\n\t\t\t\t\t\t<div class=\"elementor-element elementor-element-85dd973 animation_type_block sc_fly_static elementor-widget elementor-widget-heading\" data-id=\"85dd973\" data-element_type=\"widget\" data-e-type=\"widget\" data-widget_type=\"heading.default\">\n\t\t\t\t<div class=\"elementor-widget-container\">\n\t\t\t\t\t<h1 class=\"elementor-heading-title elementor-size-default\">LISA TOGNON<\/h1>\t\t\t\t<\/div>\n\t\t\t\t<\/div>\n\t\t\t\t<div class=\"elementor-element elementor-element-90a2057 animation_type_block sc_fly_static elementor-widget elementor-widget-html\" data-id=\"90a2057\" data-element_type=\"widget\" data-e-type=\"widget\" data-widget_type=\"html.default\">\n\t\t\t\t<div class=\"elementor-widget-container\">\n\t\t\t\t\t<a href=\"https:\/\/dopicho.com\/es\/lisa-tognon\"><b><font color=\"#000000\"><span style=\"font-color: #000000;\">Obras<\/b><\/a>\r\n&nbsp;&nbsp;&nbsp;&nbsp;&nbsp;&nbsp;&nbsp;&nbsp;&nbsp;\r\n<a href=\"https:\/\/dopicho.com\/es\/lisa-tognon-info\/\"><b>Info<\/span><\/b><\/a>\t\t\t\t<\/div>\n\t\t\t\t<\/div>\n\t\t\t\t<div class=\"elementor-element elementor-element-7b1010d animation_type_block sc_fly_static elementor-widget elementor-widget-text-editor\" data-id=\"7b1010d\" data-element_type=\"widget\" data-e-type=\"widget\" data-widget_type=\"text-editor.default\">\n\t\t\t\t<div class=\"elementor-widget-container\">\n\t\t\t\t\t\t\t\t\t<p><img fetchpriority=\"high\" decoding=\"async\" class=\"alignnone size-medium wp-image-7135\" src=\"https:\/\/dopicho.com\/wp-content\/uploads\/2025\/09\/lisa-300x169.jpg\" alt=\"Lisa Tognon\" width=\"1920\" height=\"1080\" srcset=\"https:\/\/dopicho.com\/wp-content\/uploads\/2025\/09\/lisa-300x169.jpg 300w, https:\/\/dopicho.com\/wp-content\/uploads\/2025\/09\/lisa-1024x576.jpg 1024w, https:\/\/dopicho.com\/wp-content\/uploads\/2025\/09\/lisa-768x432.jpg 768w, https:\/\/dopicho.com\/wp-content\/uploads\/2025\/09\/lisa-1536x864.jpg 1536w, https:\/\/dopicho.com\/wp-content\/uploads\/2025\/09\/lisa-370x208.jpg 370w, https:\/\/dopicho.com\/wp-content\/uploads\/2025\/09\/lisa-1170x658.jpg 1170w, https:\/\/dopicho.com\/wp-content\/uploads\/2025\/09\/lisa-770x433.jpg 770w, https:\/\/dopicho.com\/wp-content\/uploads\/2025\/09\/lisa-270x152.jpg 270w, https:\/\/dopicho.com\/wp-content\/uploads\/2025\/09\/lisa.jpg 1920w\" sizes=\"(max-width: 1920px) 100vw, 1920px\" \/><\/p><h4><span style=\"color: #5a5959;\">ANTECEDENTES<\/span><\/h4><p><span style=\"color: #808080;\">Como artista quebequense, llevo m\u00e1s de 30 a\u00f1os trabajando con materiales, principalmente con papel y tintas, que utilizo de m\u00faltiples maneras. He expuesto en Quebec, Canad\u00e1 y Europa, en numerosas galer\u00edas y museos. Mi obra se encuentra en muchas colecciones de arte p\u00fablicas y privadas. He recibido varios premios, entre ellos el de \u00abArtiste montr\u00e9alaise\u00bb por los Entretiens Jacques Cartier, concedido por la ciudad de Lyon, y m\u00e1s recientemente he sido nominada en 2023 artista del a\u00f1o por el Conseil des arts et des lettres du Qu\u00e9bec. Creo composiciones abstractas que evocan arquetipos, a menudo referidos a fen\u00f3menos naturales como erupciones volc\u00e1nicas, viento, agua, fuego viento, agua, fuego, nieve, mareas, etc.), as\u00ed como a las huellas de nuestra civilizaci\u00f3n en la escritura, signos, s\u00edmbolos, emblemas, etc. Estoy deseando colaborar con la escritora Claire Varin, que se inspira en los animales.<\/span><\/p><h4><span style=\"color: #5a5959; sans-serif; font-size: 20px; font-style: normal; font-weight: 600; letter-spacing: 0px;\">PROYECTO DO PICHO DE LISA<\/span><\/h4><p><span style=\"color: #808080;\">Estos \u00faltimos a\u00f1os, me he acercado al arte como forma de contribuir al esfuerzo por salvaguardar a la humanidad en relaci\u00f3n con nuestros ecosistemas naturales, humedales y bosques, y me inspiran las acciones protectoras emprendidas en su nombre por ciudadanos conscientes de esta riqueza. Me gustar\u00eda destacar la labor de las organizaciones que luchan por el medio ambiente del Palacio Del Rei, en particular en el caso de la f\u00e1brica de papel Altri, creando una obra de arte hecha con papel de morera artesanal inspirada en la naturaleza de esta zona y en los ciudadanos que desean protegerla.\u00a0\u00a0<\/span><\/p><p><span style=\"font-size: 16px; color: #808080;\">La fachada de cristal de la residencia de O Picho es una superficie en la que la suspensi\u00f3n de grandes obras de papel de morera, a contraluz, magnificar\u00e1 el prop\u00f3sito de la obra. La noche ser\u00e1 la aliada de estas proyecciones luminosas.<\/span><\/p><p><span style=\"color: #808080;\">La fauna y la flora de los alrededores estar\u00e1n presentes en esta creaci\u00f3n, sobre todo a trav\u00e9s de las impresiones que hagan en las superficies de papel de morera los escolares o los caminantes del Camino de Santiago de Compostela a los que se invitar\u00e1 a participar. Un bi\u00f3logo, ecologista o alguien familiarizado con el impacto perjudicial de la construcci\u00f3n de f\u00e1bricas de pasta y papel en esta zona ofrecer\u00e1 un recorrido a pie durante el cual los participantes tomar\u00e1n conciencia de la belleza y la necesidad cient\u00edfica de proteger el lugar.<\/span><\/p><p><span style=\"color: #808080;\">Con mi ayuda, crear\u00e1n peque\u00f1os amuletos de protecci\u00f3n, como los que se encuentran en muchas civilizaciones antiguas, para plantas, animales o insectos que puedan verse amenazados por dichos proyectos. El trabajo de los participantes se utilizar\u00e1 para crear amuletos m\u00e1s grandes, que realizar\u00e9 inspir\u00e1ndome tanto en el descubrimiento del entorno natural que rodea la residencia de los hitos culturales de Galicia, como en reuniones con ciudadanos locales.<\/span><\/p>\t\t\t\t\t\t\t\t<\/div>\n\t\t\t\t<\/div>\n\t\t\t\t\t<\/div>\n\t\t<\/div>\n\t\t\t\t\t<\/div>\n\t\t<\/section>\n\t\t\t\t<\/div>\n\t\t","protected":false},"excerpt":{"rendered":"<p>LISA TOGNON Obras &nbsp;&nbsp;&nbsp;&nbsp;&nbsp;&nbsp;&nbsp;&nbsp;&nbsp; Info ANTECEDENTES Como artista quebequense, llevo m\u00e1s de 30 a\u00f1os trabajando con materiales, principalmente con papel y tintas, que utilizo de m\u00faltiples maneras. He expuesto en Quebec, Canad\u00e1 y Europa, en numerosas galer\u00edas y museos. Mi obra se encuentra en muchas&hellip;<\/p>\n","protected":false},"author":3,"featured_media":0,"parent":0,"menu_order":0,"comment_status":"closed","ping_status":"closed","template":"","meta":{"footnotes":""},"class_list":["post-10848","page","type-page","status-publish","hentry"],"jetpack_sharing_enabled":true,"_links":{"self":[{"href":"https:\/\/dopicho.com\/es\/wp-json\/wp\/v2\/pages\/10848","targetHints":{"allow":["GET"]}}],"collection":[{"href":"https:\/\/dopicho.com\/es\/wp-json\/wp\/v2\/pages"}],"about":[{"href":"https:\/\/dopicho.com\/es\/wp-json\/wp\/v2\/types\/page"}],"author":[{"embeddable":true,"href":"https:\/\/dopicho.com\/es\/wp-json\/wp\/v2\/users\/3"}],"replies":[{"embeddable":true,"href":"https:\/\/dopicho.com\/es\/wp-json\/wp\/v2\/comments?post=10848"}],"version-history":[{"count":7,"href":"https:\/\/dopicho.com\/es\/wp-json\/wp\/v2\/pages\/10848\/revisions"}],"predecessor-version":[{"id":10856,"href":"https:\/\/dopicho.com\/es\/wp-json\/wp\/v2\/pages\/10848\/revisions\/10856"}],"wp:attachment":[{"href":"https:\/\/dopicho.com\/es\/wp-json\/wp\/v2\/media?parent=10848"}],"curies":[{"name":"wp","href":"https:\/\/api.w.org\/{rel}","templated":true}]}}