{"id":11351,"date":"2026-03-13T20:08:16","date_gmt":"2026-03-13T20:08:16","guid":{"rendered":"https:\/\/dopicho.com\/?page_id=11351"},"modified":"2026-03-14T10:17:17","modified_gmt":"2026-03-14T10:17:17","slug":"lizarraldea-a-ulloa-blog","status":"publish","type":"page","link":"https:\/\/dopicho.com\/es\/lizarraldea-a-ulloa-blog\/","title":{"rendered":"Lizarraldea A Ulloa Blog"},"content":{"rendered":"\t\t<div data-elementor-type=\"wp-page\" data-elementor-id=\"11351\" class=\"elementor elementor-11351 elementor-11343\">\n\t\t\t\t\t\t<section class=\"elementor-section elementor-top-section elementor-element elementor-element-3c8ea1c elementor-section-boxed elementor-section-height-default elementor-section-height-default\" data-id=\"3c8ea1c\" data-element_type=\"section\" data-e-type=\"section\">\n\t\t\t\t\t\t<div class=\"elementor-container elementor-column-gap-extended\">\n\t\t\t\t\t<div class=\"elementor-column elementor-col-100 elementor-top-column elementor-element elementor-element-f5dd1e9 sc_inner_width_none sc_content_align_inherit sc_layouts_column_icons_position_left\" data-id=\"f5dd1e9\" data-element_type=\"column\" data-e-type=\"column\">\n\t\t\t<div class=\"elementor-widget-wrap\">\n\t\t\t\t\t\t\t<\/div>\n\t\t<\/div>\n\t\t\t\t\t<\/div>\n\t\t<\/section>\n\t\t\t\t<section class=\"elementor-section elementor-top-section elementor-element elementor-element-355d328 elementor-section-boxed elementor-section-height-default elementor-section-height-default\" data-id=\"355d328\" data-element_type=\"section\" data-e-type=\"section\">\n\t\t\t\t\t\t<div class=\"elementor-container elementor-column-gap-extended\">\n\t\t\t\t\t<div class=\"elementor-column elementor-col-100 elementor-top-column elementor-element elementor-element-339d955 sc_inner_width_none sc_content_align_inherit sc_layouts_column_icons_position_left\" data-id=\"339d955\" data-element_type=\"column\" data-e-type=\"column\">\n\t\t\t<div class=\"elementor-widget-wrap elementor-element-populated\">\n\t\t\t\t\t\t<div class=\"elementor-element elementor-element-2f55689 animation_type_block sc_fly_static elementor-widget elementor-widget-text-editor\" data-id=\"2f55689\" data-element_type=\"widget\" data-e-type=\"widget\" data-widget_type=\"text-editor.default\">\n\t\t\t\t<div class=\"elementor-widget-container\">\n\t\t\t\t\t\t\t\t\t<p><img fetchpriority=\"high\" decoding=\"async\" class=\"alignnone wp-image-11411 size-full\" src=\"https:\/\/dopicho.com\/wp-content\/uploads\/2026\/03\/dp-1.jpg\" alt=\"\" width=\"1920\" height=\"1080\" srcset=\"https:\/\/dopicho.com\/wp-content\/uploads\/2026\/03\/dp-1.jpg 1920w, https:\/\/dopicho.com\/wp-content\/uploads\/2026\/03\/dp-1-300x169.jpg 300w, https:\/\/dopicho.com\/wp-content\/uploads\/2026\/03\/dp-1-1024x576.jpg 1024w, https:\/\/dopicho.com\/wp-content\/uploads\/2026\/03\/dp-1-768x432.jpg 768w, https:\/\/dopicho.com\/wp-content\/uploads\/2026\/03\/dp-1-1536x864.jpg 1536w, https:\/\/dopicho.com\/wp-content\/uploads\/2026\/03\/dp-1-370x208.jpg 370w, https:\/\/dopicho.com\/wp-content\/uploads\/2026\/03\/dp-1-1170x658.jpg 1170w, https:\/\/dopicho.com\/wp-content\/uploads\/2026\/03\/dp-1-770x433.jpg 770w, https:\/\/dopicho.com\/wp-content\/uploads\/2026\/03\/dp-1-270x152.jpg 270w\" sizes=\"(max-width: 1920px) 100vw, 1920px\" \/><\/p>\t\t\t\t\t\t\t\t<\/div>\n\t\t\t\t<\/div>\n\t\t\t\t\t<\/div>\n\t\t<\/div>\n\t\t\t\t\t<\/div>\n\t\t<\/section>\n\t\t\t\t<section class=\"elementor-section elementor-top-section elementor-element elementor-element-42690e0 elementor-section-boxed elementor-section-height-default elementor-section-height-default\" data-id=\"42690e0\" data-element_type=\"section\" data-e-type=\"section\">\n\t\t\t\t\t\t<div class=\"elementor-container elementor-column-gap-extended\">\n\t\t\t\t\t<div class=\"elementor-column elementor-col-100 elementor-top-column elementor-element elementor-element-ec4f16c sc_inner_width_none sc_content_align_inherit sc_layouts_column_icons_position_left\" data-id=\"ec4f16c\" data-element_type=\"column\" data-e-type=\"column\">\n\t\t\t<div class=\"elementor-widget-wrap elementor-element-populated\">\n\t\t\t\t\t\t<div class=\"elementor-element elementor-element-1605715 animation_type_block sc_fly_static elementor-widget elementor-widget-text-editor\" data-id=\"1605715\" data-element_type=\"widget\" data-e-type=\"widget\" data-widget_type=\"text-editor.default\">\n\t\t\t\t<div class=\"elementor-widget-container\">\n\t\t\t\t\t\t\t\t\t<p><span style=\"color: #93938f; font-family: Metropolis, sans-serif; font-size: 14px; font-style: normal; font-weight: 500;\">Blog, 11\/03\/2026<\/span><\/p>\t\t\t\t\t\t\t\t<\/div>\n\t\t\t\t<\/div>\n\t\t\t\t\t<\/div>\n\t\t<\/div>\n\t\t\t\t\t<\/div>\n\t\t<\/section>\n\t\t\t\t<section class=\"elementor-section elementor-top-section elementor-element elementor-element-98d780e elementor-section-boxed elementor-section-height-default elementor-section-height-default\" data-id=\"98d780e\" data-element_type=\"section\" data-e-type=\"section\">\n\t\t\t\t\t\t<div class=\"elementor-container elementor-column-gap-extended\">\n\t\t\t\t\t<div class=\"elementor-column elementor-col-100 elementor-top-column elementor-element elementor-element-ca827d2 sc_inner_width_none sc_content_align_inherit sc_layouts_column_icons_position_left\" data-id=\"ca827d2\" data-element_type=\"column\" data-e-type=\"column\">\n\t\t\t<div class=\"elementor-widget-wrap elementor-element-populated\">\n\t\t\t\t\t\t<div class=\"elementor-element elementor-element-b6517cf animation_type_block sc_fly_static elementor-widget elementor-widget-heading\" data-id=\"b6517cf\" data-element_type=\"widget\" data-e-type=\"widget\" data-widget_type=\"heading.default\">\n\t\t\t\t<div class=\"elementor-widget-container\">\n\t\t\t\t\t<h4 class=\"elementor-heading-title elementor-size-default\">LIZARRALDEA - A ULLOA (5-7 de marzo 2026)<\/h4>\t\t\t\t<\/div>\n\t\t\t\t<\/div>\n\t\t\t\t\t<\/div>\n\t\t<\/div>\n\t\t\t\t\t<\/div>\n\t\t<\/section>\n\t\t\t\t<section class=\"elementor-section elementor-top-section elementor-element elementor-element-842d533 elementor-section-boxed elementor-section-height-default elementor-section-height-default\" data-id=\"842d533\" data-element_type=\"section\" data-e-type=\"section\">\n\t\t\t\t\t\t<div class=\"elementor-container elementor-column-gap-extended\">\n\t\t\t\t\t<div class=\"elementor-column elementor-col-100 elementor-top-column elementor-element elementor-element-216f9a1 sc_inner_width_none sc_content_align_inherit sc_layouts_column_icons_position_left\" data-id=\"216f9a1\" data-element_type=\"column\" data-e-type=\"column\">\n\t\t\t<div class=\"elementor-widget-wrap elementor-element-populated\">\n\t\t\t\t\t\t<div class=\"elementor-element elementor-element-3d6bcc4 animation_type_block sc_fly_static elementor-widget elementor-widget-text-editor\" data-id=\"3d6bcc4\" data-element_type=\"widget\" data-e-type=\"widget\" data-widget_type=\"text-editor.default\">\n\t\t\t\t<div class=\"elementor-widget-container\">\n\t\t\t\t\t\t\t\t\t<div dir=\"auto\">La residencia Do Picho, en la comarca de A Ulloa (Lugo), se convirti\u00f3 la semana pasada en campamento base y lienzo en blanco para el trazado de un proceso de trabajo colectivo y compartido. Un ejercicio de aproximaci\u00f3n desde lenguajes art\u00edsticos diversos, pero tambi\u00e9n desde miradas acostumbradas, en cierta medida, a situarse lejos de las grandes capitales, en localidades y modos de vida m\u00e1s o menos integrados en lo rural. El grupo de trabajo lo compusimos doce artistas y agentes culturales de dos comarcas, A Ulloa y Lizarraldea, situadas en Galicia y en Navarra.<\/div><div dir=\"auto\">\u00a0<\/div><div dir=\"auto\">El actual modelo econ\u00f3mico trae como consecuencia, que el territorio sea tomado constantemente como fuente de recursos naturales a nivel macroecon\u00f3mico, y no como lo que realmente es, un ecosistema imprescindible para la sostenibilidad ecol\u00f3gica y due\u00f1o de su propia soberan\u00eda econ\u00f3mica. Al mismo tiempo, hay otros modos de reconocerlo, desde lo cultural y a trav\u00e9s de relatos coherentes con los m\u00faltiples ecosistemas que le dan significado.<\/div><div dir=\"auto\">\u00a0<\/div><div dir=\"auto\">Desde lo f\u00edsico, desde el contacto con la tierra, pero tambi\u00e9n desde lo abstracto y desde lo emocional. Habitar un paisaje es a veces complejo, requiere de una conexi\u00f3n especial, o de una re-conexi\u00f3n con una parte de aquello que no vemos en su forma externa. Este nuevo v\u00ednculo habilita este paisaje tambi\u00e9n como territorio de convivencia, m\u00e1s all\u00e1 de lo est\u00e9tico y de lo individual.<\/div><div dir=\"auto\">\u00a0<\/div><div dir=\"auto\">I\u00f1aki Rifaterra<\/div><div dir=\"auto\">11\/3\/2026<\/div>\t\t\t\t\t\t\t\t<\/div>\n\t\t\t\t<\/div>\n\t\t\t\t\t<\/div>\n\t\t<\/div>\n\t\t\t\t\t<\/div>\n\t\t<\/section>\n\t\t\t\t<section class=\"elementor-section elementor-top-section elementor-element elementor-element-96ed813 elementor-section-boxed elementor-section-height-default elementor-section-height-default\" data-id=\"96ed813\" data-element_type=\"section\" data-e-type=\"section\">\n\t\t\t\t\t\t<div class=\"elementor-container elementor-column-gap-extended\">\n\t\t\t\t\t<div class=\"elementor-column elementor-col-50 elementor-top-column elementor-element elementor-element-d79c865 sc_inner_width_none sc_content_align_inherit sc_layouts_column_icons_position_left\" data-id=\"d79c865\" data-element_type=\"column\" data-e-type=\"column\">\n\t\t\t<div class=\"elementor-widget-wrap elementor-element-populated\">\n\t\t\t\t\t\t<div class=\"elementor-element elementor-element-6f2c526 elementor-align-left animation_type_block sc_fly_static elementor-widget elementor-widget-button\" data-id=\"6f2c526\" data-element_type=\"widget\" data-e-type=\"widget\" data-widget_type=\"button.default\">\n\t\t\t\t<div class=\"elementor-widget-container\">\n\t\t\t\t\t\t\t\t\t<div class=\"elementor-button-wrapper\">\n\t\t\t\t\t<a class=\"elementor-button elementor-button-link elementor-size-sm\" href=\"https:\/\/dopicho.com\/es\/do-picho-celebra\/\">\n\t\t\t\t\t\t<span class=\"elementor-button-content-wrapper\">\n\t\t\t\t\t\t<span class=\"elementor-button-icon\">\n\t\t\t\t<i aria-hidden=\"true\" class=\"fas fa-long-arrow-alt-left\"><\/i>\t\t\t<\/span>\n\t\t\t\t\t\t\t\t\t<span class=\"elementor-button-text\">DO PICHO Celebra<\/span>\n\t\t\t\t\t<\/span>\n\t\t\t\t\t<\/a>\n\t\t\t\t<\/div>\n\t\t\t\t\t\t\t\t<\/div>\n\t\t\t\t<\/div>\n\t\t\t\t\t<\/div>\n\t\t<\/div>\n\t\t\t\t<div class=\"elementor-column elementor-col-50 elementor-top-column elementor-element elementor-element-fbb9013 sc_inner_width_none sc_content_align_inherit sc_layouts_column_icons_position_left\" data-id=\"fbb9013\" data-element_type=\"column\" data-e-type=\"column\">\n\t\t\t<div class=\"elementor-widget-wrap elementor-element-populated\">\n\t\t\t\t\t\t<div class=\"elementor-element elementor-element-0605670 elementor-align-right animation_type_block sc_fly_static elementor-widget elementor-widget-button\" data-id=\"0605670\" data-element_type=\"widget\" data-e-type=\"widget\" data-widget_type=\"button.default\">\n\t\t\t\t<div class=\"elementor-widget-container\">\n\t\t\t\t\t\t\t\t\t<div class=\"elementor-button-wrapper\">\n\t\t\t\t\t<a class=\"elementor-button elementor-button-link elementor-size-sm\" href=\"https:\/\/dopicho.com\/es\/podcast-el-hombre-que-se-enamoro-de-la-luna\/\">\n\t\t\t\t\t\t<span class=\"elementor-button-content-wrapper\">\n\t\t\t\t\t\t<span class=\"elementor-button-icon\">\n\t\t\t\t<i aria-hidden=\"true\" class=\"fas fa-long-arrow-alt-right\"><\/i>\t\t\t<\/span>\n\t\t\t\t\t\t\t\t\t<span class=\"elementor-button-text\">Porque la Luna tenia a llegar a Do Picho<\/span>\n\t\t\t\t\t<\/span>\n\t\t\t\t\t<\/a>\n\t\t\t\t<\/div>\n\t\t\t\t\t\t\t\t<\/div>\n\t\t\t\t<\/div>\n\t\t\t\t\t<\/div>\n\t\t<\/div>\n\t\t\t\t\t<\/div>\n\t\t<\/section>\n\t\t\t\t<\/div>\n\t\t","protected":false},"excerpt":{"rendered":"<p>Blog, 11\/03\/2026 LIZARRALDEA &#8211; A ULLOA (5-7 de marzo 2026) La residencia Do Picho, en la comarca de A Ulloa (Lugo), se convirti\u00f3 la semana pasada en campamento base y lienzo en blanco para el trazado de un proceso de trabajo colectivo y compartido. Un&hellip;<\/p>\n","protected":false},"author":3,"featured_media":0,"parent":0,"menu_order":0,"comment_status":"closed","ping_status":"closed","template":"","meta":{"footnotes":""},"class_list":["post-11351","page","type-page","status-publish","hentry"],"jetpack_sharing_enabled":true,"_links":{"self":[{"href":"https:\/\/dopicho.com\/es\/wp-json\/wp\/v2\/pages\/11351","targetHints":{"allow":["GET"]}}],"collection":[{"href":"https:\/\/dopicho.com\/es\/wp-json\/wp\/v2\/pages"}],"about":[{"href":"https:\/\/dopicho.com\/es\/wp-json\/wp\/v2\/types\/page"}],"author":[{"embeddable":true,"href":"https:\/\/dopicho.com\/es\/wp-json\/wp\/v2\/users\/3"}],"replies":[{"embeddable":true,"href":"https:\/\/dopicho.com\/es\/wp-json\/wp\/v2\/comments?post=11351"}],"version-history":[{"count":10,"href":"https:\/\/dopicho.com\/es\/wp-json\/wp\/v2\/pages\/11351\/revisions"}],"predecessor-version":[{"id":11414,"href":"https:\/\/dopicho.com\/es\/wp-json\/wp\/v2\/pages\/11351\/revisions\/11414"}],"wp:attachment":[{"href":"https:\/\/dopicho.com\/es\/wp-json\/wp\/v2\/media?parent=11351"}],"curies":[{"name":"wp","href":"https:\/\/api.w.org\/{rel}","templated":true}]}}