{"id":11826,"date":"2026-03-31T18:43:06","date_gmt":"2026-03-31T18:43:06","guid":{"rendered":"https:\/\/dopicho.com\/?page_id=11826"},"modified":"2026-03-31T18:44:50","modified_gmt":"2026-03-31T18:44:50","slug":"bea-saians-do-picho","status":"publish","type":"page","link":"https:\/\/dopicho.com\/es\/bea-saians-do-picho\/","title":{"rendered":"Bea Sai\u00e1ns Do Picho"},"content":{"rendered":"\t\t<div data-elementor-type=\"wp-page\" data-elementor-id=\"11826\" class=\"elementor elementor-11826 elementor-11791\">\n\t\t\t\t\t\t<section class=\"elementor-section elementor-top-section elementor-element elementor-element-5c6510d elementor-section-boxed elementor-section-height-default elementor-section-height-default\" data-id=\"5c6510d\" data-element_type=\"section\" data-e-type=\"section\">\n\t\t\t\t\t\t<div class=\"elementor-container elementor-column-gap-extended\">\n\t\t\t\t\t<div class=\"elementor-column elementor-col-100 elementor-top-column elementor-element elementor-element-e56e4af sc_inner_width_none sc_content_align_inherit sc_layouts_column_icons_position_left\" data-id=\"e56e4af\" data-element_type=\"column\" data-e-type=\"column\">\n\t\t\t<div class=\"elementor-widget-wrap elementor-element-populated\">\n\t\t\t\t\t\t<div class=\"elementor-element elementor-element-84492a7 animation_type_block sc_fly_static elementor-widget elementor-widget-heading\" data-id=\"84492a7\" data-element_type=\"widget\" data-e-type=\"widget\" data-widget_type=\"heading.default\">\n\t\t\t\t<div class=\"elementor-widget-container\">\n\t\t\t\t\t<h1 class=\"elementor-heading-title elementor-size-default\">BEA SAI\u00c1NS<\/h1>\t\t\t\t<\/div>\n\t\t\t\t<\/div>\n\t\t\t\t<div class=\"elementor-element elementor-element-9c9dd80 animation_type_block sc_fly_static elementor-widget elementor-widget-html\" data-id=\"9c9dd80\" data-element_type=\"widget\" data-e-type=\"widget\" data-widget_type=\"html.default\">\n\t\t\t\t<div class=\"elementor-widget-container\">\n\t\t\t\t\t<a href=\"https:\/\/dopicho.com\/es\/bea-saians\"><b><font color=\"#000000\"><span style=\"font-color: #000000;\">Obras<\/span><\/font><\/b><\/a>\r\n&nbsp;&nbsp;&nbsp;&nbsp;&nbsp;&nbsp;&nbsp;&nbsp;&nbsp;\r\n<a href=\"https:\/\/dopicho.com\/es\/bea-saians-info\"><b><font color=\"#000000\"><span style=\"font-color: #000000;\">Info<\/span><\/font><\/b><\/a>\r\n&nbsp;&nbsp;&nbsp;&nbsp;&nbsp;&nbsp;&nbsp;&nbsp;&nbsp;\r\n<a href=\"https:\/\/dopicho.com\/es\/bea-saians-do-picho\"><b>Trabajo de Bea en Do Picho<\/b><\/a>\r\n\t\t\t\t<\/div>\n\t\t\t\t<\/div>\n\t\t\t\t<div class=\"elementor-element elementor-element-1511da0 animation_type_block sc_fly_static elementor-widget elementor-widget-text-editor\" data-id=\"1511da0\" data-element_type=\"widget\" data-e-type=\"widget\" data-widget_type=\"text-editor.default\">\n\t\t\t\t<div class=\"elementor-widget-container\">\n\t\t\t\t\t\t\t\t\t<p>Bea describe su experiencia durante la residencia: \u201cDurante mi estancia en Do Picho dediqu\u00e9 tiempo a la investigaci\u00f3n, a conocer a la comunidad local y a desarrollar mi pr\u00e1ctica art\u00edstica. A lo largo de ese periodo tuve la oportunidad de hablar con personas de la zona de Palas de Rei, como M\u00f3nica Cea o zOe iriARTE, participar en diferentes encuentros y eventos comunitarios, como un acto en homenaje a la vida y la m\u00fasica de Catuxa Salom, en el que se inaugur\u00f3 la Habitaci\u00f3n Catuxa Salom dentro de la residencia, y compartir mi trabajo en un encuentro abierto.<br \/><br \/>En ese encuentro habl\u00e9 tanto de trabajos anteriores como de algunas de las l\u00edneas de investigaci\u00f3n que acompa\u00f1an mi trabajo actual. La residencia me permiti\u00f3 dedicar tiempo a la reflexi\u00f3n, prepararme para el Mercado Europeo de Cine (European Film Market) de la Berlinale, al que viajar\u00eda m\u00e1s adelante, integrarme en el entorno natural y social y empezar a imaginar proyectos que seguir\u00e1n desarroll\u00e1ndose en los pr\u00f3ximos a\u00f1os\u201d.<\/p>\t\t\t\t\t\t\t\t<\/div>\n\t\t\t\t<\/div>\n\t\t\t\t\t<\/div>\n\t\t<\/div>\n\t\t\t\t\t<\/div>\n\t\t<\/section>\n\t\t\t\t<\/div>\n\t\t","protected":false},"excerpt":{"rendered":"<p>BEA SAI\u00c1NS Obras &nbsp;&nbsp;&nbsp;&nbsp;&nbsp;&nbsp;&nbsp;&nbsp;&nbsp; Info &nbsp;&nbsp;&nbsp;&nbsp;&nbsp;&nbsp;&nbsp;&nbsp;&nbsp; Trabajo de Bea en Do Picho Bea describe su experiencia durante la residencia: \u201cDurante mi estancia en Do Picho dediqu\u00e9 tiempo a la investigaci\u00f3n, a conocer a la comunidad local y a desarrollar mi pr\u00e1ctica art\u00edstica. A lo largo&hellip;<\/p>\n","protected":false},"author":3,"featured_media":0,"parent":0,"menu_order":0,"comment_status":"closed","ping_status":"closed","template":"","meta":{"footnotes":""},"class_list":["post-11826","page","type-page","status-publish","hentry"],"jetpack_sharing_enabled":true,"_links":{"self":[{"href":"https:\/\/dopicho.com\/es\/wp-json\/wp\/v2\/pages\/11826","targetHints":{"allow":["GET"]}}],"collection":[{"href":"https:\/\/dopicho.com\/es\/wp-json\/wp\/v2\/pages"}],"about":[{"href":"https:\/\/dopicho.com\/es\/wp-json\/wp\/v2\/types\/page"}],"author":[{"embeddable":true,"href":"https:\/\/dopicho.com\/es\/wp-json\/wp\/v2\/users\/3"}],"replies":[{"embeddable":true,"href":"https:\/\/dopicho.com\/es\/wp-json\/wp\/v2\/comments?post=11826"}],"version-history":[{"count":5,"href":"https:\/\/dopicho.com\/es\/wp-json\/wp\/v2\/pages\/11826\/revisions"}],"predecessor-version":[{"id":11831,"href":"https:\/\/dopicho.com\/es\/wp-json\/wp\/v2\/pages\/11826\/revisions\/11831"}],"wp:attachment":[{"href":"https:\/\/dopicho.com\/es\/wp-json\/wp\/v2\/media?parent=11826"}],"curies":[{"name":"wp","href":"https:\/\/api.w.org\/{rel}","templated":true}]}}