{"id":12171,"date":"2026-04-29T15:43:43","date_gmt":"2026-04-29T15:43:43","guid":{"rendered":"https:\/\/dopicho.com\/?page_id=12171"},"modified":"2026-05-01T08:38:51","modified_gmt":"2026-05-01T08:38:51","slug":"jolie-holland-info","status":"publish","type":"page","link":"https:\/\/dopicho.com\/es\/jolie-holland-info\/","title":{"rendered":"Jolie Holland Info"},"content":{"rendered":"\t\t<div data-elementor-type=\"wp-page\" data-elementor-id=\"12171\" class=\"elementor elementor-12171 elementor-12159\">\n\t\t\t\t\t\t<section class=\"elementor-section elementor-top-section elementor-element elementor-element-ba9e4a9 elementor-section-boxed elementor-section-height-default elementor-section-height-default\" data-id=\"ba9e4a9\" data-element_type=\"section\" data-e-type=\"section\">\n\t\t\t\t\t\t<div class=\"elementor-container elementor-column-gap-extended\">\n\t\t\t\t\t<div class=\"elementor-column elementor-col-100 elementor-top-column elementor-element elementor-element-38da9a2 sc_inner_width_none sc_content_align_inherit sc_layouts_column_icons_position_left\" data-id=\"38da9a2\" data-element_type=\"column\" data-e-type=\"column\">\n\t\t\t<div class=\"elementor-widget-wrap\">\n\t\t\t\t\t\t\t<\/div>\n\t\t<\/div>\n\t\t\t\t\t<\/div>\n\t\t<\/section>\n\t\t\t\t<section class=\"elementor-section elementor-top-section elementor-element elementor-element-15e9feb elementor-section-boxed elementor-section-height-default elementor-section-height-default\" data-id=\"15e9feb\" data-element_type=\"section\" data-e-type=\"section\">\n\t\t\t\t\t\t<div class=\"elementor-container elementor-column-gap-extended\">\n\t\t\t\t\t<div class=\"elementor-column elementor-col-100 elementor-top-column elementor-element elementor-element-20d024e sc_inner_width_none sc_content_align_inherit sc_layouts_column_icons_position_left\" data-id=\"20d024e\" data-element_type=\"column\" data-e-type=\"column\">\n\t\t\t<div class=\"elementor-widget-wrap elementor-element-populated\">\n\t\t\t\t\t\t<div class=\"elementor-element elementor-element-336114a animation_type_block sc_fly_static elementor-widget elementor-widget-heading\" data-id=\"336114a\" data-element_type=\"widget\" data-e-type=\"widget\" data-widget_type=\"heading.default\">\n\t\t\t\t<div class=\"elementor-widget-container\">\n\t\t\t\t\t<h1 class=\"elementor-heading-title elementor-size-default\">JOLIE HOLLAND con BEN BOYE<\/h1>\t\t\t\t<\/div>\n\t\t\t\t<\/div>\n\t\t\t\t<div class=\"elementor-element elementor-element-9cb2fb1 scheme_default animation_type_block sc_fly_static elementor-widget elementor-widget-html\" data-id=\"9cb2fb1\" data-element_type=\"widget\" data-e-type=\"widget\" data-widget_type=\"html.default\">\n\t\t\t\t<div class=\"elementor-widget-container\">\n\t\t\t\t\t<a href=\"https:\/\/dopicho.com\/es\/olie-holland\/\"><b><font color=\"#000000\"><span style=\"font-color: #000000;\">Works<\/span><\/font><\/b><\/a>\r\n&nbsp;&nbsp;&nbsp;&nbsp;&nbsp;&nbsp;&nbsp;&nbsp;&nbsp;\r\n<a href=\"https:\/\/dopicho.com\/es\/jolie-holland-info\/\"><b>Info<\/b><\/a>\r\n&nbsp;&nbsp;&nbsp;&nbsp;&nbsp;&nbsp;&nbsp;&nbsp;&nbsp;\r\n\t\t\t\t<\/div>\n\t\t\t\t<\/div>\n\t\t\t\t<div class=\"elementor-element elementor-element-0f99ac3 animation_type_block sc_fly_static elementor-widget elementor-widget-text-editor\" data-id=\"0f99ac3\" data-element_type=\"widget\" data-e-type=\"widget\" data-widget_type=\"text-editor.default\">\n\t\t\t\t<div class=\"elementor-widget-container\">\n\t\t\t\t\t\t\t\t\t<p><img fetchpriority=\"high\" decoding=\"async\" class=\"alignnone wp-image-12161 size-full\" src=\"https:\/\/dopicho.com\/wp-content\/uploads\/2026\/04\/Jolie-Ben-info.jpg\" alt=\"Jolie &amp; Ben\" width=\"1920\" height=\"1080\" srcset=\"https:\/\/dopicho.com\/wp-content\/uploads\/2026\/04\/Jolie-Ben-info.jpg 1920w, https:\/\/dopicho.com\/wp-content\/uploads\/2026\/04\/Jolie-Ben-info-300x169.jpg 300w, https:\/\/dopicho.com\/wp-content\/uploads\/2026\/04\/Jolie-Ben-info-1024x576.jpg 1024w, https:\/\/dopicho.com\/wp-content\/uploads\/2026\/04\/Jolie-Ben-info-768x432.jpg 768w, https:\/\/dopicho.com\/wp-content\/uploads\/2026\/04\/Jolie-Ben-info-1536x864.jpg 1536w, https:\/\/dopicho.com\/wp-content\/uploads\/2026\/04\/Jolie-Ben-info-370x208.jpg 370w, https:\/\/dopicho.com\/wp-content\/uploads\/2026\/04\/Jolie-Ben-info-1170x658.jpg 1170w, https:\/\/dopicho.com\/wp-content\/uploads\/2026\/04\/Jolie-Ben-info-770x433.jpg 770w, https:\/\/dopicho.com\/wp-content\/uploads\/2026\/04\/Jolie-Ben-info-270x152.jpg 270w\" sizes=\"(max-width: 1920px) 100vw, 1920px\" \/><\/p><h4 style=\"text-align: left;\">ANTECEDENTES<\/h4><p>La multiinstrumentista, l\u00edder de banda, productora y cantautora estadounidense <b>Jolie Holland<\/b>, cofundadora de la banda canadiense The Be Good Tanyas, lleva de gira desde principios de la d\u00e9cada de 2000. Ha publicado ocho \u00e1lbumes propios y ha colaborado en innumerables producciones. Su obra se ha descrito como una fusi\u00f3n de ra\u00edces estadounidenses con elementos de rock y m\u00fasica experimental. Ha grabado en estudio con Booker T, Lucinda Williams, TV On The Radio y Thor Harris, y ha compartido escenario con Big Thief, St. Vincent, Elbow y Mavis Staples. Entre sus colaboradores se encuentran Hal Willner, Kronos Quartet y Boots Riley. Lou Reed le dijo una vez: \u00abPodr\u00eda haberte escuchado toda la noche\u00bb.<\/p><p><b>Ben Boye <\/b>es un m\u00fasico experimental que busca nuevas e interesantes experiencias musicales tanto dentro como fuera del escenario. Sobre el escenario, siempre est\u00e1 interesado en encuentros de improvisaci\u00f3n con otros m\u00fasicos, ya sea en contextos experimentales expl\u00edcitos o en las profundidades de las canciones. Fuera del escenario, dise\u00f1a y construye instrumentos y efectos que priorizan la aleatoriedad y la interacci\u00f3n con el mundo natural. Por ejemplo, su m\u00f3dulo sintetizador Almanac convierte las posiciones del sol, la luna y los planetas en voltajes de control que se pueden usar para modular par\u00e1metros en sintetizadores y otros instrumentos electr\u00f3nicos. Ha tocado teclados y un arpa de boca personalizada y altamente modificada con muchos artistas alrededor del mundo en diversos contextos. Quienes est\u00e9n interesados en su discograf\u00eda pueden encontrar una lista parcial aqu\u00ed:\u00a0<a style=\"font-family: inherit; font-size: 16px; background-color: #ffffff;\" href=\"https:\/\/www.discogs.com\/artist\/238747-Ben-Boye\" target=\"_blank\" rel=\"noopener\">https:\/\/www.discogs.com\/artist\/238747-Ben-Boye<\/a><\/p><h4 style=\"letter-spacing: normal;\">EL PROYECTO \u00abTOTAL SOLAR ECLIPE\u00bb EN DO PICHO<\/h4><div><p>Durante su residencia art\u00edstica \u00abTotal Eclipse\u00bb en Do Picho, Jolie Holland y Ben Boye crear\u00e1n material para su proyecto musical \u00abParade Gloss\u00bb, una idea plasmada en la canci\u00f3n \u00abFeet on the Ground\u00bb de Jolie, perteneciente a su \u00e1lbum de 2023, \u00abHaunted Mountain\u00bb. El concepto abierto de \u00abParade Gloss\u00bb es m\u00fasica dance antipatriarcal, con letras que buscan imaginar formas de ser al margen del patriarcado. La producci\u00f3n musical, a modo de collage, incorpora algunos elementos reconocibles de la m\u00fasica dance, como sintetizadores, cajas de ritmos y bajo, utilizando t\u00e9cnicas de producci\u00f3n experimental y sonidos encontrados. Jolie y Ben colaborar\u00e1n con m\u00fasicos gallegos para a\u00f1adir elementos a las pistas y ritmos de baile, y para componer letras sobre temas culturales que trasciendan las limitaciones de la supuesta supremac\u00eda masculina.<\/p><p>Boye y Holland interpretar\u00e1n un set compuesto e improvisado durante el eclipse solar (que Palas de Rei experimentar\u00e1 el 12 de agosto al atardecer, entre las 19:30 y las 21:30, con aproximadamente 50 minutos de eclipse total), con \u00e9nfasis en el sonido minimalista para centrar la atenci\u00f3n en la experiencia del p\u00fablico. La actuaci\u00f3n incorporar\u00e1 drone, viola, voz, sintetizadores y un arpa el\u00e9ctrica modificada, mediada por The Almanac, un m\u00f3dulo de sintetizador dise\u00f1ado por Boye que convierte las posiciones en tiempo real del sol, la luna y los planetas en par\u00e1metros de sonido. Ser\u00e1 una expresi\u00f3n musical y tecnol\u00f3gica para contemplar con asombro los momentos clave del eclipse.<\/p><\/div>\t\t\t\t\t\t\t\t<\/div>\n\t\t\t\t<\/div>\n\t\t\t\t\t<\/div>\n\t\t<\/div>\n\t\t\t\t\t<\/div>\n\t\t<\/section>\n\t\t\t\t<\/div>\n\t\t","protected":false},"excerpt":{"rendered":"<p>JOLIE HOLLAND con BEN BOYE Works &nbsp;&nbsp;&nbsp;&nbsp;&nbsp;&nbsp;&nbsp;&nbsp;&nbsp; Info &nbsp;&nbsp;&nbsp;&nbsp;&nbsp;&nbsp;&nbsp;&nbsp;&nbsp; ANTECEDENTES La multiinstrumentista, l\u00edder de banda, productora y cantautora estadounidense Jolie Holland, cofundadora de la banda canadiense The Be Good Tanyas, lleva de gira desde principios de la d\u00e9cada de 2000. Ha publicado ocho \u00e1lbumes propios&hellip;<\/p>\n","protected":false},"author":3,"featured_media":0,"parent":0,"menu_order":0,"comment_status":"closed","ping_status":"closed","template":"","meta":{"footnotes":""},"class_list":["post-12171","page","type-page","status-publish","hentry"],"jetpack_sharing_enabled":true,"_links":{"self":[{"href":"https:\/\/dopicho.com\/es\/wp-json\/wp\/v2\/pages\/12171","targetHints":{"allow":["GET"]}}],"collection":[{"href":"https:\/\/dopicho.com\/es\/wp-json\/wp\/v2\/pages"}],"about":[{"href":"https:\/\/dopicho.com\/es\/wp-json\/wp\/v2\/types\/page"}],"author":[{"embeddable":true,"href":"https:\/\/dopicho.com\/es\/wp-json\/wp\/v2\/users\/3"}],"replies":[{"embeddable":true,"href":"https:\/\/dopicho.com\/es\/wp-json\/wp\/v2\/comments?post=12171"}],"version-history":[{"count":10,"href":"https:\/\/dopicho.com\/es\/wp-json\/wp\/v2\/pages\/12171\/revisions"}],"predecessor-version":[{"id":12230,"href":"https:\/\/dopicho.com\/es\/wp-json\/wp\/v2\/pages\/12171\/revisions\/12230"}],"wp:attachment":[{"href":"https:\/\/dopicho.com\/es\/wp-json\/wp\/v2\/media?parent=12171"}],"curies":[{"name":"wp","href":"https:\/\/api.w.org\/{rel}","templated":true}]}}