{"id":4259,"date":"2024-12-03T12:09:01","date_gmt":"2024-12-03T12:09:01","guid":{"rendered":"https:\/\/dopicho.com\/preguntas-frecuentes\/"},"modified":"2026-01-10T15:05:08","modified_gmt":"2026-01-10T15:05:08","slug":"preguntas-frecuentes","status":"publish","type":"page","link":"https:\/\/dopicho.com\/es\/preguntas-frecuentes\/","title":{"rendered":"Preguntas frecuentes"},"content":{"rendered":"\t\t<div data-elementor-type=\"wp-page\" data-elementor-id=\"4259\" class=\"elementor elementor-4259 elementor-2427\">\n\t\t\t\t\t\t<section class=\"elementor-section elementor-top-section elementor-element elementor-element-b997528 elementor-section-boxed elementor-section-height-default elementor-section-height-default\" data-id=\"b997528\" data-element_type=\"section\" data-e-type=\"section\">\n\t\t\t\t\t\t<div class=\"elementor-container elementor-column-gap-extended\">\n\t\t\t\t\t<div class=\"elementor-column elementor-col-100 elementor-top-column elementor-element elementor-element-7579cb9 sc_inner_width_none sc_content_align_inherit sc_layouts_column_icons_position_left\" data-id=\"7579cb9\" data-element_type=\"column\" data-e-type=\"column\">\n\t\t\t<div class=\"elementor-widget-wrap elementor-element-populated\">\n\t\t\t\t\t\t<div class=\"elementor-element elementor-element-3e32076 animation_type_block sc_fly_static elementor-widget elementor-widget-heading\" data-id=\"3e32076\" data-element_type=\"widget\" data-e-type=\"widget\" data-widget_type=\"heading.default\">\n\t\t\t\t<div class=\"elementor-widget-container\">\n\t\t\t\t\t<h1 class=\"elementor-heading-title elementor-size-default\">PREGUNTAS FRECUENTES<\/h1>\t\t\t\t<\/div>\n\t\t\t\t<\/div>\n\t\t\t\t<div class=\"elementor-element elementor-element-d1dcd88 animation_type_block sc_fly_static elementor-widget elementor-widget-text-editor\" data-id=\"d1dcd88\" data-element_type=\"widget\" data-e-type=\"widget\" data-widget_type=\"text-editor.default\">\n\t\t\t\t<div class=\"elementor-widget-container\">\n\t\t\t\t\t\t\t\t\t<p><b>\u00bfC\u00f3mo me convierto en artista residente?<\/b><\/p><p><span style=\"font-weight: 400;\">A principios de 2026 se lanzar\u00e1 la primera convocatoria de solicitudes para residencias, guiada por un comit\u00e9 de selecci\u00f3n. Mientras tanto, los artistas interesados pueden ponerse en contacto con Do Picho para expresar su inter\u00e9s de manera informal, especialmente si desean realizar proyectos, solos o en colaboraci\u00f3n con otros dos artistas como m\u00e1ximo, que aborden cuestiones medioambientales y su impacto en las personas, cuestiones LGBTQI o derechos humanos en general. <\/span><\/p><p><b>\u00bfC\u00f3mo se seleccion\u00f3 a los primeros artistas residentes?<\/b><\/p><p><span style=\"font-weight: 400;\">Do Picho se encuentra actualmente en una fase piloto que comenz\u00f3 en febrero de 2024 con la redacci\u00f3n y difusi\u00f3n de una nota conceptual sobre Do Picho <\/span>, y que ha continuado en 2025.<span style=\"font-weight: 400;\">. Desde que se distribuy\u00f3 por primera vez la nota conceptual para recabar comentarios y aportaciones, los artistas se han puesto en contacto con el fundador de Do Picho, Ralf J\u00fcrgens, porque les interesaba su enfoque sobre el medio ambiente y los derechos humanos. En concreto, varios de ellos estaban deseosos de contribuir con su arte y su activismo a la lucha por la protecci\u00f3n del medio ambiente en Galicia central. Finalmente, fueron seleccionados porque los proyectos que desarrollaron para sus residencias encajaban bien con los objetivos de Do Picho y porque estaban interesados en ayudar a dar forma a un nuevo programa de residencias. <\/span><\/p><p><b>\u00bfCu\u00e1nto dura la residencia?<\/b><\/p><p><span style=\"font-weight: 400;\">Las residencias suelen durar de 4 a 6 semanas; excepcionalmente, pueden ser m\u00e1s cortas o m\u00e1s largas. En general, cada a\u00f1o el programa de residencia se desarrollar\u00e1 normalmente desde abril hasta finales de noviembre. Durante el resto del a\u00f1o, la casa de residencia se utilizar\u00e1 como espacio de retiro y tambi\u00e9n estar\u00e1 disponible para alquileres individuales o de grupos. <\/span><\/p><p><b>\u00bfC\u00f3mo es el alojamiento en la residencia?<\/b><\/p><p><span style=\"font-weight: 400;\">Los artistas viven y trabajan en la casa de residencia, situada en una casa contigua a la del fundador de Do Picho, Ralf, con un jard\u00edn compartido. La casa de residencia tiene 3 dormitorios (uno de los cuales puede convertirse f\u00e1cilmente en un peque\u00f1o taller), un espacio principal muy amplio, alto y luminoso, una cocina totalmente equipada y un cuarto de ba\u00f1o. La casa de Ralf dispone de lavander\u00eda. La conexi\u00f3n a Internet es buena. Se proporciona un piano Rhodes (el\u00e9ctrico). Los artistas pueden venir solos o solicitar venir con sus seres queridos (y ni\u00f1os) o solicitar venir junto con uno o un m\u00e1ximo de otros dos artistas, para llevar a cabo un proyecto de colaboraci\u00f3n. <\/span><\/p><p><b>\u00bfC\u00f3mo llego a Do Picho?<\/b><\/p><p><span style=\"font-weight: 400;\">Se recoger\u00e1 a los residentes en un aeropuerto o estaci\u00f3n de tren cercanos de Galicia y se les llevar\u00e1 de vuelta al aeropuerto o estaci\u00f3n de tren al final de la residencia. Hay bicicletas a disposici\u00f3n de los residentes, pero no hay carriles bici que lleven a la Finca Do Picho. Desde la Finca, hay un paseo de 25-30 minutos hasta Palas de Rei a trav\u00e9s del bosque. Se puede poner un coche a disposici\u00f3n de los residentes, con un coste (ver m\u00e1s abajo, en el apartado de costes).<\/span><\/p><p><b>\u00bfHay oportunidades de exposici\u00f3n?<\/b><\/p><p><span style=\"font-weight: 400;\">Siempre habr\u00e1 al menos un acto vinculado a cada residencia, e idealmente tambi\u00e9n una exposici\u00f3n o actuaci\u00f3n(es). Los residentes tambi\u00e9n podr\u00edan dar una charla en una universidad u organizaci\u00f3n art\u00edstica durante su residencia; y\/o se buscar\u00e1n oportunidades para exponer su trabajo en el propio Palas de Rei. Para cada residente se organizar\u00e1 una recepci\u00f3n.<\/span><\/p><p><b>\u00bfCu\u00e1l es el coste de la residencia?<\/b><\/p><p><span style=\"font-weight: 400;\">En \u00faltima instancia, el objetivo es proporcionar gratuitamente a los artistas no s\u00f3lo el espacio y las oportunidades, sino tambi\u00e9n los gastos de viaje. Sin embargo, esto depender\u00e1 de la medida en que puedan asegurarse diversas fuentes de financiaci\u00f3n para Do Picho. Durante la fase piloto (y\/o hasta que se consigan recursos que lo hagan posible), se espera que los residentes cubran su transporte y contribuyan a los gastos b\u00e1sicos de la residencia y al coste del uso de un coche, si los artistas est\u00e1n interesados en utilizar uno. Los residentes determinan por s\u00ed mismos el importe de su contribuci\u00f3n, en funci\u00f3n de su capacidad de pago y otros factores pertinentes*. Normalmente, cada residente contribuye con un m\u00ednimo de 50 euros\/semana y un m\u00e1ximo de 500 euros\/semana. Todo el dinero recaudado de esta forma, como cualquier otro ingreso obtenido por el Programa, se destina al propio programa de residencia. Si quieren utilizar el coche, los residentes deben contribuir con entre 50 y 100 euros\/semana adicionales. <\/span><span style=\"font-weight: 400;\"><br \/><\/span><span style=\"font-weight: 400;\"><br \/><\/span><span style=\"font-weight: 400;\">*\u00bbParticipaci\u00f3n Libre y Consciente\u00bb: La Participaci\u00f3n Libre y Consciente es otra forma de considerar la remuneraci\u00f3n de una actividad como un taller o un seminario residencial. Es un modo de valorizaci\u00f3n participativo, transparente y solidario. En todos los casos, esta contribuci\u00f3n consciente debe ser proporcional a la capacidad financiera de cada persona. <\/span><\/p><p><b>\u00bfQu\u00e9 m\u00e1s aportan los artistas al programa?<\/b><\/p><p><span style=\"font-weight: 400;\">Se espera que los artistas visuales donen una obra de arte para exponerla en la casa de la residencia y que traigan cat\u00e1logos de proyectos anteriores para contribuir a una creciente biblioteca en la casa de la residencia, y como registro de los participantes. Las obras de arte y los cat\u00e1logos se expondr\u00e1n durante las jornadas de puertas abiertas. <\/span><\/p>\t\t\t\t\t\t\t\t<\/div>\n\t\t\t\t<\/div>\n\t\t\t\t\t<\/div>\n\t\t<\/div>\n\t\t\t\t\t<\/div>\n\t\t<\/section>\n\t\t\t\t<section class=\"elementor-section elementor-top-section elementor-element elementor-element-71bf96d elementor-section-boxed elementor-section-height-default elementor-section-height-default\" data-id=\"71bf96d\" data-element_type=\"section\" data-e-type=\"section\">\n\t\t\t\t\t\t<div class=\"elementor-container elementor-column-gap-extended\">\n\t\t\t\t\t<div class=\"elementor-column elementor-col-50 elementor-top-column elementor-element elementor-element-f8ad99f sc_inner_width_none sc_content_align_inherit sc_layouts_column_icons_position_left\" data-id=\"f8ad99f\" data-element_type=\"column\" data-e-type=\"column\">\n\t\t\t<div class=\"elementor-widget-wrap elementor-element-populated\">\n\t\t\t\t\t\t<div class=\"elementor-element elementor-element-af63324 elementor-align-left animation_type_block sc_fly_static elementor-widget elementor-widget-button\" data-id=\"af63324\" data-element_type=\"widget\" data-e-type=\"widget\" data-widget_type=\"button.default\">\n\t\t\t\t<div class=\"elementor-widget-container\">\n\t\t\t\t\t\t\t\t\t<div class=\"elementor-button-wrapper\">\n\t\t\t\t\t<a class=\"elementor-button elementor-button-link elementor-size-sm\" href=\"https:\/\/dopicho.com\/es\/objetivos\/\">\n\t\t\t\t\t\t<span class=\"elementor-button-content-wrapper\">\n\t\t\t\t\t\t<span class=\"elementor-button-icon\">\n\t\t\t\t<i aria-hidden=\"true\" class=\"fas fa-long-arrow-alt-left\"><\/i>\t\t\t<\/span>\n\t\t\t\t\t\t\t\t\t<span class=\"elementor-button-text\">Conoce a nuestro equipo<\/span>\n\t\t\t\t\t<\/span>\n\t\t\t\t\t<\/a>\n\t\t\t\t<\/div>\n\t\t\t\t\t\t\t\t<\/div>\n\t\t\t\t<\/div>\n\t\t\t\t\t<\/div>\n\t\t<\/div>\n\t\t\t\t<div class=\"elementor-column elementor-col-50 elementor-top-column elementor-element elementor-element-200c40e sc_inner_width_none sc_content_align_inherit sc_layouts_column_icons_position_left\" data-id=\"200c40e\" data-element_type=\"column\" data-e-type=\"column\">\n\t\t\t<div class=\"elementor-widget-wrap elementor-element-populated\">\n\t\t\t\t\t\t<div class=\"elementor-element elementor-element-3562037 elementor-align-right animation_type_block sc_fly_static elementor-widget elementor-widget-button\" data-id=\"3562037\" data-element_type=\"widget\" data-e-type=\"widget\" data-widget_type=\"button.default\">\n\t\t\t\t<div class=\"elementor-widget-container\">\n\t\t\t\t\t\t\t\t\t<div class=\"elementor-button-wrapper\">\n\t\t\t\t\t<a class=\"elementor-button elementor-button-link elementor-size-sm\" href=\"https:\/\/dopicho.com\/es\/convocatorias-abiertas\/\">\n\t\t\t\t\t\t<span class=\"elementor-button-content-wrapper\">\n\t\t\t\t\t\t<span class=\"elementor-button-icon\">\n\t\t\t\t<i aria-hidden=\"true\" class=\"fas fa-long-arrow-alt-right\"><\/i>\t\t\t<\/span>\n\t\t\t\t\t\t\t\t\t<span class=\"elementor-button-text\">Convocatorias abiertas<\/span>\n\t\t\t\t\t<\/span>\n\t\t\t\t\t<\/a>\n\t\t\t\t<\/div>\n\t\t\t\t\t\t\t\t<\/div>\n\t\t\t\t<\/div>\n\t\t\t\t\t<\/div>\n\t\t<\/div>\n\t\t\t\t\t<\/div>\n\t\t<\/section>\n\t\t\t\t<\/div>\n\t\t","protected":false},"excerpt":{"rendered":"<p>PREGUNTAS FRECUENTES \u00bfC\u00f3mo me convierto en artista residente? A principios de 2026 se lanzar\u00e1 la primera convocatoria de solicitudes para residencias, guiada por un comit\u00e9 de selecci\u00f3n. Mientras tanto, los artistas interesados pueden ponerse en contacto con Do Picho para expresar su inter\u00e9s de manera&hellip;<\/p>\n","protected":false},"author":3,"featured_media":0,"parent":0,"menu_order":0,"comment_status":"closed","ping_status":"closed","template":"","meta":{"footnotes":""},"class_list":["post-4259","page","type-page","status-publish","hentry"],"jetpack_sharing_enabled":true,"_links":{"self":[{"href":"https:\/\/dopicho.com\/es\/wp-json\/wp\/v2\/pages\/4259","targetHints":{"allow":["GET"]}}],"collection":[{"href":"https:\/\/dopicho.com\/es\/wp-json\/wp\/v2\/pages"}],"about":[{"href":"https:\/\/dopicho.com\/es\/wp-json\/wp\/v2\/types\/page"}],"author":[{"embeddable":true,"href":"https:\/\/dopicho.com\/es\/wp-json\/wp\/v2\/users\/3"}],"replies":[{"embeddable":true,"href":"https:\/\/dopicho.com\/es\/wp-json\/wp\/v2\/comments?post=4259"}],"version-history":[{"count":24,"href":"https:\/\/dopicho.com\/es\/wp-json\/wp\/v2\/pages\/4259\/revisions"}],"predecessor-version":[{"id":10347,"href":"https:\/\/dopicho.com\/es\/wp-json\/wp\/v2\/pages\/4259\/revisions\/10347"}],"wp:attachment":[{"href":"https:\/\/dopicho.com\/es\/wp-json\/wp\/v2\/media?parent=4259"}],"curies":[{"name":"wp","href":"https:\/\/api.w.org\/{rel}","templated":true}]}}