{"id":4267,"date":"2024-12-23T15:17:06","date_gmt":"2024-12-23T15:17:06","guid":{"rendered":"https:\/\/dopicho.com\/convocatorias-abiertas\/"},"modified":"2026-01-10T15:05:52","modified_gmt":"2026-01-10T15:05:52","slug":"convocatorias-abiertas","status":"publish","type":"page","link":"https:\/\/dopicho.com\/es\/convocatorias-abiertas\/","title":{"rendered":"CONVOCATORIAS"},"content":{"rendered":"\t\t<div data-elementor-type=\"wp-page\" data-elementor-id=\"4267\" class=\"elementor elementor-4267 elementor-4116\">\n\t\t\t\t\t\t<section class=\"elementor-section elementor-top-section elementor-element elementor-element-ea11836 elementor-section-boxed elementor-section-height-default elementor-section-height-default\" data-id=\"ea11836\" data-element_type=\"section\" data-e-type=\"section\">\n\t\t\t\t\t\t<div class=\"elementor-container elementor-column-gap-extended\">\n\t\t\t\t\t<div class=\"elementor-column elementor-col-100 elementor-top-column elementor-element elementor-element-4474419 sc_inner_width_none sc_content_align_inherit sc_layouts_column_icons_position_left\" data-id=\"4474419\" data-element_type=\"column\" data-e-type=\"column\">\n\t\t\t<div class=\"elementor-widget-wrap elementor-element-populated\">\n\t\t\t\t\t\t<div class=\"elementor-element elementor-element-b8c1acc animation_type_block sc_fly_static elementor-widget elementor-widget-heading\" data-id=\"b8c1acc\" data-element_type=\"widget\" data-e-type=\"widget\" data-widget_type=\"heading.default\">\n\t\t\t\t<div class=\"elementor-widget-container\">\n\t\t\t\t\t<h1 class=\"elementor-heading-title elementor-size-default\">CONVOCATORIAS<\/h1>\t\t\t\t<\/div>\n\t\t\t\t<\/div>\n\t\t\t\t<div class=\"elementor-element elementor-element-639ee56 animation_type_block sc_fly_static elementor-widget elementor-widget-text-editor\" data-id=\"639ee56\" data-element_type=\"widget\" data-e-type=\"widget\" data-widget_type=\"text-editor.default\">\n\t\t\t\t<div class=\"elementor-widget-container\">\n\t\t\t\t\t\t\t\t\t<p>A principios de 2026 se lanzar\u00e1 la primera convocatoria de solicitudes para residencias, guiada por un comit\u00e9 de selecci\u00f3n. Se invitar\u00e1 a los artistas a presentar propuestas, solos o en colaboraci\u00f3n con un m\u00e1ximo de otros dos artistas, que aborden cuestiones medioambientales y su impacto en las personas, cuestiones LGBTQI o derechos humanos en sentido m\u00e1s amplio. Consulta regularmente este espacio para obtener m\u00e1s informaci\u00f3n.<\/p>\t\t\t\t\t\t\t\t<\/div>\n\t\t\t\t<\/div>\n\t\t\t\t\t<\/div>\n\t\t<\/div>\n\t\t\t\t\t<\/div>\n\t\t<\/section>\n\t\t\t\t<section class=\"elementor-section elementor-top-section elementor-element elementor-element-4325f22 elementor-section-boxed elementor-section-height-default elementor-section-height-default\" data-id=\"4325f22\" data-element_type=\"section\" data-e-type=\"section\">\n\t\t\t\t\t\t<div class=\"elementor-container elementor-column-gap-extended\">\n\t\t\t\t\t<div class=\"elementor-column elementor-col-50 elementor-top-column elementor-element elementor-element-0467360 sc_inner_width_none sc_content_align_inherit sc_layouts_column_icons_position_left\" data-id=\"0467360\" data-element_type=\"column\" data-e-type=\"column\">\n\t\t\t<div class=\"elementor-widget-wrap elementor-element-populated\">\n\t\t\t\t\t\t<div class=\"elementor-element elementor-element-f842e77 elementor-align-left animation_type_block sc_fly_static elementor-widget elementor-widget-button\" data-id=\"f842e77\" data-element_type=\"widget\" data-e-type=\"widget\" data-widget_type=\"button.default\">\n\t\t\t\t<div class=\"elementor-widget-container\">\n\t\t\t\t\t\t\t\t\t<div class=\"elementor-button-wrapper\">\n\t\t\t\t\t<a class=\"elementor-button elementor-button-link elementor-size-sm\" href=\"https:\/\/dopicho.com\/es\/preguntas-frecuentes\/\">\n\t\t\t\t\t\t<span class=\"elementor-button-content-wrapper\">\n\t\t\t\t\t\t<span class=\"elementor-button-icon\">\n\t\t\t\t<i aria-hidden=\"true\" class=\"fas fa-long-arrow-alt-left\"><\/i>\t\t\t<\/span>\n\t\t\t\t\t\t\t\t\t<span class=\"elementor-button-text\">Preguntas frecuentes<\/span>\n\t\t\t\t\t<\/span>\n\t\t\t\t\t<\/a>\n\t\t\t\t<\/div>\n\t\t\t\t\t\t\t\t<\/div>\n\t\t\t\t<\/div>\n\t\t\t\t\t<\/div>\n\t\t<\/div>\n\t\t\t\t<div class=\"elementor-column elementor-col-50 elementor-top-column elementor-element elementor-element-df3e5e4 sc_inner_width_none sc_content_align_inherit sc_layouts_column_icons_position_left\" data-id=\"df3e5e4\" data-element_type=\"column\" data-e-type=\"column\">\n\t\t\t<div class=\"elementor-widget-wrap elementor-element-populated\">\n\t\t\t\t\t\t<div class=\"elementor-element elementor-element-5cb23cf elementor-align-right animation_type_block sc_fly_static elementor-widget elementor-widget-button\" data-id=\"5cb23cf\" data-element_type=\"widget\" data-e-type=\"widget\" data-widget_type=\"button.default\">\n\t\t\t\t<div class=\"elementor-widget-container\">\n\t\t\t\t\t\t\t\t\t<div class=\"elementor-button-wrapper\">\n\t\t\t\t\t<a class=\"elementor-button elementor-button-link elementor-size-sm\" href=\"https:\/\/dopicho.com\/es\/objetivos\">\n\t\t\t\t\t\t<span class=\"elementor-button-content-wrapper\">\n\t\t\t\t\t\t<span class=\"elementor-button-icon\">\n\t\t\t\t<i aria-hidden=\"true\" class=\"fas fa-long-arrow-alt-right\"><\/i>\t\t\t<\/span>\n\t\t\t\t\t\t\t\t\t<span class=\"elementor-button-text\">Objetivos<\/span>\n\t\t\t\t\t<\/span>\n\t\t\t\t\t<\/a>\n\t\t\t\t<\/div>\n\t\t\t\t\t\t\t\t<\/div>\n\t\t\t\t<\/div>\n\t\t\t\t\t<\/div>\n\t\t<\/div>\n\t\t\t\t\t<\/div>\n\t\t<\/section>\n\t\t\t\t<\/div>\n\t\t","protected":false},"excerpt":{"rendered":"<p>CONVOCATORIAS A principios de 2026 se lanzar\u00e1 la primera convocatoria de solicitudes para residencias, guiada por un comit\u00e9 de selecci\u00f3n. Se invitar\u00e1 a los artistas a presentar propuestas, solos o en colaboraci\u00f3n con un m\u00e1ximo de otros dos artistas, que aborden cuestiones medioambientales y su&hellip;<\/p>\n","protected":false},"author":3,"featured_media":0,"parent":0,"menu_order":0,"comment_status":"closed","ping_status":"closed","template":"","meta":{"footnotes":""},"class_list":["post-4267","page","type-page","status-publish","hentry"],"jetpack_sharing_enabled":true,"_links":{"self":[{"href":"https:\/\/dopicho.com\/es\/wp-json\/wp\/v2\/pages\/4267","targetHints":{"allow":["GET"]}}],"collection":[{"href":"https:\/\/dopicho.com\/es\/wp-json\/wp\/v2\/pages"}],"about":[{"href":"https:\/\/dopicho.com\/es\/wp-json\/wp\/v2\/types\/page"}],"author":[{"embeddable":true,"href":"https:\/\/dopicho.com\/es\/wp-json\/wp\/v2\/users\/3"}],"replies":[{"embeddable":true,"href":"https:\/\/dopicho.com\/es\/wp-json\/wp\/v2\/comments?post=4267"}],"version-history":[{"count":22,"href":"https:\/\/dopicho.com\/es\/wp-json\/wp\/v2\/pages\/4267\/revisions"}],"predecessor-version":[{"id":10351,"href":"https:\/\/dopicho.com\/es\/wp-json\/wp\/v2\/pages\/4267\/revisions\/10351"}],"wp:attachment":[{"href":"https:\/\/dopicho.com\/es\/wp-json\/wp\/v2\/media?parent=4267"}],"curies":[{"name":"wp","href":"https:\/\/api.w.org\/{rel}","templated":true}]}}