{"id":602,"date":"2024-08-23T14:42:41","date_gmt":"2024-08-23T14:42:41","guid":{"rendered":"https:\/\/dopicho.com\/inicio\/"},"modified":"2026-03-15T09:23:55","modified_gmt":"2026-03-15T09:23:55","slug":"inicio","status":"publish","type":"page","link":"https:\/\/dopicho.com\/es\/","title":{"rendered":"Inicio"},"content":{"rendered":"\t\t<div data-elementor-type=\"wp-page\" data-elementor-id=\"602\" class=\"elementor elementor-602 elementor-17\">\n\t\t\t\t\t\t<section class=\"elementor-section elementor-top-section elementor-element elementor-element-f0cf843 elementor-section-boxed elementor-section-height-default elementor-section-height-default\" data-id=\"f0cf843\" data-element_type=\"section\" data-e-type=\"section\" data-settings=\"{&quot;background_background&quot;:&quot;classic&quot;}\">\n\t\t\t\t\t\t<div class=\"elementor-container elementor-column-gap-no\">\n\t\t\t\t\t<div class=\"elementor-column elementor-col-50 elementor-top-column elementor-element elementor-element-e4970c4 sc_inner_width_1_1 sc_content_align_center sc_layouts_column_icons_position_left\" data-id=\"e4970c4\" data-element_type=\"column\" data-e-type=\"column\">\n\t\t\t<div class=\"elementor-widget-wrap elementor-element-populated\">\n\t\t\t\t\t\t<div class=\"elementor-element elementor-element-1b97b01 animation_type_block sc_fly_static elementor-widget elementor-widget-image\" data-id=\"1b97b01\" data-element_type=\"widget\" data-e-type=\"widget\" data-widget_type=\"image.default\">\n\t\t\t\t<div class=\"elementor-widget-container\">\n\t\t\t\t\t\t\t\t\t\t\t\t\t\t\t\t<a href=\"https:\/\/dopicho.com\/es\/jona-zwiessler\/\">\n\t\t\t\t\t\t\t<img fetchpriority=\"high\" decoding=\"async\" width=\"600\" height=\"600\" src=\"https:\/\/dopicho.com\/wp-content\/uploads\/2026\/02\/homepage-1.jpg\" class=\"attachment-full size-full wp-image-11076\" alt=\"\" srcset=\"https:\/\/dopicho.com\/wp-content\/uploads\/2026\/02\/homepage-1.jpg 600w, https:\/\/dopicho.com\/wp-content\/uploads\/2026\/02\/homepage-1-300x300.jpg 300w, https:\/\/dopicho.com\/wp-content\/uploads\/2026\/02\/homepage-1-150x150.jpg 150w, https:\/\/dopicho.com\/wp-content\/uploads\/2026\/02\/homepage-1-370x370.jpg 370w, https:\/\/dopicho.com\/wp-content\/uploads\/2026\/02\/homepage-1-90x90.jpg 90w\" sizes=\"(max-width: 600px) 100vw, 600px\" \/>\t\t\t\t\t\t\t\t<\/a>\n\t\t\t\t\t\t\t\t\t\t\t\t\t\t\t<\/div>\n\t\t\t\t<\/div>\n\t\t\t\t\t<\/div>\n\t\t<\/div>\n\t\t\t\t<div class=\"elementor-column elementor-col-50 elementor-top-column elementor-element elementor-element-7fbf750 sc_inner_width_none sc_content_align_inherit sc_layouts_column_icons_position_left\" data-id=\"7fbf750\" data-element_type=\"column\" data-e-type=\"column\" data-settings=\"{&quot;background_background&quot;:&quot;classic&quot;}\">\n\t\t\t<div class=\"elementor-widget-wrap elementor-element-populated\">\n\t\t\t\t\t\t<div class=\"elementor-element elementor-element-421c584 animation_type_block sc_fly_static elementor-widget elementor-widget-heading\" data-id=\"421c584\" data-element_type=\"widget\" data-e-type=\"widget\" data-widget_type=\"heading.default\">\n\t\t\t\t<div class=\"elementor-widget-container\">\n\t\t\t\t\t<h1 class=\"elementor-heading-title elementor-size-default\"><a href=\"https:\/\/dopicho.com\/es\/jona-zwiessler\/\">JONA ZWIESSLER<\/a><\/h1>\t\t\t\t<\/div>\n\t\t\t\t<\/div>\n\t\t\t\t<div class=\"elementor-element elementor-element-3f3ac20 animation_type_block sc_fly_static elementor-widget elementor-widget-heading\" data-id=\"3f3ac20\" data-element_type=\"widget\" data-e-type=\"widget\" data-widget_type=\"heading.default\">\n\t\t\t\t<div class=\"elementor-widget-container\">\n\t\t\t\t\t<h4 class=\"elementor-heading-title elementor-size-default\"><a href=\"https:\/\/dopicho.com\/es\/jona-zwiessler\/\">Futurefarmers Collective<\/a><\/h4>\t\t\t\t<\/div>\n\t\t\t\t<\/div>\n\t\t\t\t<div class=\"elementor-element elementor-element-82280f0 animation_type_block sc_fly_static elementor-widget elementor-widget-heading\" data-id=\"82280f0\" data-element_type=\"widget\" data-e-type=\"widget\" data-widget_type=\"heading.default\">\n\t\t\t\t<div class=\"elementor-widget-container\">\n\t\t\t\t\t<h4 class=\"elementor-heading-title elementor-size-default\"><a href=\"https:\/\/dopicho.com\/es\/jona-zwiessler\/\">ARTISTA RESIDENTE<\/a><\/h4>\t\t\t\t<\/div>\n\t\t\t\t<\/div>\n\t\t\t\t<div class=\"elementor-element elementor-element-e749d73 animation_type_block sc_fly_static elementor-widget elementor-widget-heading\" data-id=\"e749d73\" data-element_type=\"widget\" data-e-type=\"widget\" data-widget_type=\"heading.default\">\n\t\t\t\t<div class=\"elementor-widget-container\">\n\t\t\t\t\t<h5 class=\"elementor-heading-title elementor-size-default\"><a href=\"https:\/\/dopicho.com\/es\/jona-zwiessler\/\">ENERO Y FEBRERO DE 2026<\/a><\/h5>\t\t\t\t<\/div>\n\t\t\t\t<\/div>\n\t\t\t\t<div class=\"elementor-element elementor-element-37938dd animation_type_block sc_fly_static elementor-widget elementor-widget-spacer\" data-id=\"37938dd\" data-element_type=\"widget\" data-e-type=\"widget\" data-widget_type=\"spacer.default\">\n\t\t\t\t<div class=\"elementor-widget-container\">\n\t\t\t\t\t\t\t<div class=\"elementor-spacer\">\n\t\t\t<div class=\"elementor-spacer-inner\"><\/div>\n\t\t<\/div>\n\t\t\t\t\t\t<\/div>\n\t\t\t\t<\/div>\n\t\t\t\t\t<\/div>\n\t\t<\/div>\n\t\t\t\t\t<\/div>\n\t\t<\/section>\n\t\t\t\t<section class=\"elementor-section elementor-top-section elementor-element elementor-element-3c99a47 elementor-section-boxed elementor-section-height-default elementor-section-height-default\" data-id=\"3c99a47\" data-element_type=\"section\" data-e-type=\"section\">\n\t\t\t\t\t\t<div class=\"elementor-container elementor-column-gap-extended\">\n\t\t\t\t\t<div class=\"elementor-column elementor-col-100 elementor-top-column elementor-element elementor-element-7300047 sc_inner_width_none sc_content_align_inherit sc_layouts_column_icons_position_left\" data-id=\"7300047\" data-element_type=\"column\" data-e-type=\"column\">\n\t\t\t<div class=\"elementor-widget-wrap elementor-element-populated\">\n\t\t\t\t\t\t<div class=\"elementor-element elementor-element-d7716c3 animation_type_block sc_fly_static elementor-widget elementor-widget-image\" data-id=\"d7716c3\" data-element_type=\"widget\" data-e-type=\"widget\" data-widget_type=\"image.default\">\n\t\t\t\t<div class=\"elementor-widget-container\">\n\t\t\t\t\t\t\t\t\t\t\t\t\t\t\t\t<a href=\"https:\/\/dopicho.com\/es\/lizarraldea-a-ulloa\/\">\n\t\t\t\t\t\t\t<img decoding=\"async\" width=\"1000\" height=\"563\" src=\"https:\/\/dopicho.com\/wp-content\/uploads\/2026\/03\/dopicho-1024x576.jpg\" class=\"attachment-large size-large wp-image-11514\" alt=\"\" srcset=\"https:\/\/dopicho.com\/wp-content\/uploads\/2026\/03\/dopicho-1024x576.jpg 1024w, https:\/\/dopicho.com\/wp-content\/uploads\/2026\/03\/dopicho-300x169.jpg 300w, https:\/\/dopicho.com\/wp-content\/uploads\/2026\/03\/dopicho-768x432.jpg 768w, https:\/\/dopicho.com\/wp-content\/uploads\/2026\/03\/dopicho-1536x864.jpg 1536w, https:\/\/dopicho.com\/wp-content\/uploads\/2026\/03\/dopicho-370x208.jpg 370w, https:\/\/dopicho.com\/wp-content\/uploads\/2026\/03\/dopicho-1170x658.jpg 1170w, https:\/\/dopicho.com\/wp-content\/uploads\/2026\/03\/dopicho-770x433.jpg 770w, https:\/\/dopicho.com\/wp-content\/uploads\/2026\/03\/dopicho-270x152.jpg 270w, https:\/\/dopicho.com\/wp-content\/uploads\/2026\/03\/dopicho.jpg 1920w\" sizes=\"(max-width: 1000px) 100vw, 1000px\" \/>\t\t\t\t\t\t\t\t<\/a>\n\t\t\t\t\t\t\t\t\t\t\t\t\t\t\t<\/div>\n\t\t\t\t<\/div>\n\t\t\t\t\t<\/div>\n\t\t<\/div>\n\t\t\t\t\t<\/div>\n\t\t<\/section>\n\t\t\t\t<section class=\"elementor-section elementor-top-section elementor-element elementor-element-0ab549e elementor-section-boxed elementor-section-height-default elementor-section-height-default\" data-id=\"0ab549e\" data-element_type=\"section\" data-e-type=\"section\" data-settings=\"{&quot;background_background&quot;:&quot;classic&quot;}\">\n\t\t\t\t\t\t<div class=\"elementor-container elementor-column-gap-no\">\n\t\t\t\t\t<div class=\"elementor-column elementor-col-50 elementor-top-column elementor-element elementor-element-188d88e sc_inner_width_1_1 sc_content_align_center sc_layouts_column_icons_position_left\" data-id=\"188d88e\" data-element_type=\"column\" data-e-type=\"column\">\n\t\t\t<div class=\"elementor-widget-wrap elementor-element-populated\">\n\t\t\t\t\t\t<div class=\"elementor-element elementor-element-f0b7ef6 animation_type_block sc_fly_static elementor-widget elementor-widget-image\" data-id=\"f0b7ef6\" data-element_type=\"widget\" data-e-type=\"widget\" data-widget_type=\"image.default\">\n\t\t\t\t<div class=\"elementor-widget-container\">\n\t\t\t\t\t\t\t\t\t\t\t\t\t\t\t\t<a href=\"https:\/\/dopicho.com\/es\/podcast-el-hombre-que-se-enamoro-de-la-luna\/\">\n\t\t\t\t\t\t\t<img decoding=\"async\" width=\"457\" height=\"600\" src=\"https:\/\/dopicho.com\/wp-content\/uploads\/2025\/11\/podcast-front-2.jpg\" class=\"attachment-full size-full wp-image-9686\" alt=\"\" srcset=\"https:\/\/dopicho.com\/wp-content\/uploads\/2025\/11\/podcast-front-2.jpg 457w, https:\/\/dopicho.com\/wp-content\/uploads\/2025\/11\/podcast-front-2-229x300.jpg 229w, https:\/\/dopicho.com\/wp-content\/uploads\/2025\/11\/podcast-front-2-370x486.jpg 370w\" sizes=\"(max-width: 457px) 100vw, 457px\" \/>\t\t\t\t\t\t\t\t<\/a>\n\t\t\t\t\t\t\t\t\t\t\t\t\t\t\t<\/div>\n\t\t\t\t<\/div>\n\t\t\t\t\t<\/div>\n\t\t<\/div>\n\t\t\t\t<div class=\"elementor-column elementor-col-50 elementor-top-column elementor-element elementor-element-bd5e253 sc_inner_width_none sc_content_align_inherit sc_layouts_column_icons_position_left\" data-id=\"bd5e253\" data-element_type=\"column\" data-e-type=\"column\" data-settings=\"{&quot;background_background&quot;:&quot;classic&quot;}\">\n\t\t\t<div class=\"elementor-widget-wrap elementor-element-populated\">\n\t\t\t\t\t\t<div class=\"elementor-element elementor-element-4422f78 animation_type_block sc_fly_static elementor-widget elementor-widget-heading\" data-id=\"4422f78\" data-element_type=\"widget\" data-e-type=\"widget\" data-widget_type=\"heading.default\">\n\t\t\t\t<div class=\"elementor-widget-container\">\n\t\t\t\t\t<h1 class=\"elementor-heading-title elementor-size-default\">EL HOMBRE LUNA<\/h1>\t\t\t\t<\/div>\n\t\t\t\t<\/div>\n\t\t\t\t<div class=\"elementor-element elementor-element-df250b5 animation_type_block sc_fly_static elementor-widget elementor-widget-text-editor\" data-id=\"df250b5\" data-element_type=\"widget\" data-e-type=\"widget\" data-widget_type=\"text-editor.default\">\n\t\t\t\t<div class=\"elementor-widget-container\">\n\t\t\t\t\t\t\t\t\t<a href=\"https:\/\/dopicho.com\/es\/podcast-el-hombre-que-se-enamoro-de-la-luna\/\"><span style=\"color:#67efc8;\">BLOG de PABLO LORIENTE<\/span><\/a>\t\t\t\t\t\t\t\t<\/div>\n\t\t\t\t<\/div>\n\t\t\t\t<div class=\"elementor-element elementor-element-9c90d8c animation_type_block sc_fly_static elementor-widget elementor-widget-heading\" data-id=\"9c90d8c\" data-element_type=\"widget\" data-e-type=\"widget\" data-widget_type=\"heading.default\">\n\t\t\t\t<div class=\"elementor-widget-container\">\n\t\t\t\t\t<h5 class=\"elementor-heading-title elementor-size-default\">#402 del podcast, sobre Do Picho<\/h5>\t\t\t\t<\/div>\n\t\t\t\t<\/div>\n\t\t\t\t<div class=\"elementor-element elementor-element-1cc746b animation_type_block sc_fly_static elementor-widget elementor-widget-text-editor\" data-id=\"1cc746b\" data-element_type=\"widget\" data-e-type=\"widget\" data-widget_type=\"text-editor.default\">\n\t\t\t\t<div class=\"elementor-widget-container\">\n\t\t\t\t\t\t\t\t\t<p><span style=\"font-size: small; color: #ffffff;\">Audio ya disponible en todas las plataformas principales, incluyendo <a href=\"https:\/\/open.spotify.com\/episode\/3wz7RUClYr8p29jZyAp2Ph\" target=\"_blank\" rel=\"noopener\"><span style=\"font-size: small; color: #67efc8;\">Spotify<\/span><\/a>,&nbsp;<a href=\"https:\/\/podcasts.apple.com\/es\/podcast\/la-luna-en-la-residencia-artistica-de-do-picho-luna402\/id1133618050?i=1000736874519\"><span style=\"font-size: small; color: #67efc8;\">Apple Podcasts<\/span><\/a>, <a href=\"https:\/\/www.radio-espana.es\/podcasts\/el-hombre-que-se-enamoro-de-la-luna\"><span style=\"font-size: small; color: #67efc8;\">Radio Espa\u00f1a.&nbsp;<\/span><span style=\"font-size: small; color: #ffffff;\">El primer v\u00eddeo ya est\u00e1 disponible en&nbsp;<\/span><\/a><a href=\"https:\/\/www.youtube.com\/watch?v=49kRgDmh48I\"><span style=\"font-size: small; color: #67efc8;\">YouTube.<\/span><\/a><\/span><\/p>\t\t\t\t\t\t\t\t<\/div>\n\t\t\t\t<\/div>\n\t\t\t\t<div class=\"elementor-element elementor-element-73584b5 animation_type_block sc_fly_static elementor-widget elementor-widget-spacer\" data-id=\"73584b5\" data-element_type=\"widget\" data-e-type=\"widget\" data-widget_type=\"spacer.default\">\n\t\t\t\t<div class=\"elementor-widget-container\">\n\t\t\t\t\t\t\t<div class=\"elementor-spacer\">\n\t\t\t<div class=\"elementor-spacer-inner\"><\/div>\n\t\t<\/div>\n\t\t\t\t\t\t<\/div>\n\t\t\t\t<\/div>\n\t\t\t\t\t<\/div>\n\t\t<\/div>\n\t\t\t\t\t<\/div>\n\t\t<\/section>\n\t\t\t\t<section class=\"elementor-section elementor-top-section elementor-element elementor-element-9a2e7fd elementor-section-boxed elementor-section-height-default elementor-section-height-default\" data-id=\"9a2e7fd\" data-element_type=\"section\" data-e-type=\"section\">\n\t\t\t\t\t\t<div class=\"elementor-container elementor-column-gap-extended\">\n\t\t\t\t\t<div class=\"elementor-column elementor-col-100 elementor-top-column elementor-element elementor-element-7b0d2e9 sc_inner_width_none sc_content_align_inherit sc_layouts_column_icons_position_left\" data-id=\"7b0d2e9\" data-element_type=\"column\" data-e-type=\"column\">\n\t\t\t<div class=\"elementor-widget-wrap elementor-element-populated\">\n\t\t\t\t\t\t<div class=\"elementor-element elementor-element-f40f5c0 animation_type_block sc_fly_static elementor-widget elementor-widget-heading\" data-id=\"f40f5c0\" data-element_type=\"widget\" data-e-type=\"widget\" data-widget_type=\"heading.default\">\n\t\t\t\t<div class=\"elementor-widget-container\">\n\t\t\t\t\t<h2 class=\"elementor-heading-title elementor-size-default\">NOTICIAS<\/h2>\t\t\t\t<\/div>\n\t\t\t\t<\/div>\n\t\t\t\t\t<\/div>\n\t\t<\/div>\n\t\t\t\t\t<\/div>\n\t\t<\/section>\n\t\t\t\t<section class=\"elementor-section elementor-top-section elementor-element elementor-element-0003beb elementor-section-boxed elementor-section-height-default elementor-section-height-default\" data-id=\"0003beb\" data-element_type=\"section\" data-e-type=\"section\">\n\t\t\t\t\t\t<div class=\"elementor-container elementor-column-gap-extended\">\n\t\t\t\t\t<div class=\"elementor-column elementor-col-33 elementor-top-column elementor-element elementor-element-6d0bca0 sc_inner_width_none sc_content_align_inherit sc_layouts_column_icons_position_left\" data-id=\"6d0bca0\" data-element_type=\"column\" data-e-type=\"column\">\n\t\t\t<div class=\"elementor-widget-wrap elementor-element-populated\">\n\t\t\t\t\t\t<div class=\"elementor-element elementor-element-d40e717 animation_type_block sc_fly_static elementor-widget elementor-widget-image\" data-id=\"d40e717\" data-element_type=\"widget\" data-e-type=\"widget\" data-widget_type=\"image.default\">\n\t\t\t\t<div class=\"elementor-widget-container\">\n\t\t\t\t\t\t\t\t\t\t\t\t\t\t\t\t<a href=\"https:\/\/dopicho.com\/es\/lizarraldea-a-ulloa-blog\/\">\n\t\t\t\t\t\t\t<img decoding=\"async\" src=\"https:\/\/dopicho.com\/wp-content\/uploads\/elementor\/thumbs\/dp-1-rkhpve7g9ery8o2kgzhzh6qpd8xhest7ck3l51n8kg.jpg\" title=\"dp\" alt=\"dp\" loading=\"lazy\" \/>\t\t\t\t\t\t\t\t<\/a>\n\t\t\t\t\t\t\t\t\t\t\t\t\t\t\t<\/div>\n\t\t\t\t<\/div>\n\t\t\t\t<div class=\"elementor-element elementor-element-8f9863d animation_type_block sc_fly_static elementor-widget elementor-widget-heading\" data-id=\"8f9863d\" data-element_type=\"widget\" data-e-type=\"widget\" data-widget_type=\"heading.default\">\n\t\t\t\t<div class=\"elementor-widget-container\">\n\t\t\t\t\t<h5 class=\"elementor-heading-title elementor-size-default\"><a href=\"https:\/\/dopicho.com\/es\/lizarraldea-a-ulloa-blog\/\">LIZARRALDEA - A ULLOA<\/a><\/h5>\t\t\t\t<\/div>\n\t\t\t\t<\/div>\n\t\t\t\t\t<\/div>\n\t\t<\/div>\n\t\t\t\t<div class=\"elementor-column elementor-col-33 elementor-top-column elementor-element elementor-element-94c38d2 sc_inner_width_none sc_content_align_inherit sc_layouts_column_icons_position_left\" data-id=\"94c38d2\" data-element_type=\"column\" data-e-type=\"column\">\n\t\t\t<div class=\"elementor-widget-wrap elementor-element-populated\">\n\t\t\t\t\t\t<div class=\"elementor-element elementor-element-e8513e2 animation_type_block sc_fly_static elementor-widget elementor-widget-image\" data-id=\"e8513e2\" data-element_type=\"widget\" data-e-type=\"widget\" data-widget_type=\"image.default\">\n\t\t\t\t<div class=\"elementor-widget-container\">\n\t\t\t\t\t\t\t\t\t\t\t\t\t\t\t\t<a href=\"https:\/\/dopicho.com\/es\/podcast-el-hombre-que-se-enamoro-de-la-luna\/\">\n\t\t\t\t\t\t\t<img decoding=\"async\" src=\"https:\/\/dopicho.com\/wp-content\/uploads\/elementor\/thumbs\/Podcast-blog-2-rfr4jurxwklny023f6i6qcvqvb9t3blqau3evwceg0.jpg\" title=\"Podcast-blog\" alt=\"Podcast Blog\" loading=\"lazy\" \/>\t\t\t\t\t\t\t\t<\/a>\n\t\t\t\t\t\t\t\t\t\t\t\t\t\t\t<\/div>\n\t\t\t\t<\/div>\n\t\t\t\t<div class=\"elementor-element elementor-element-1d47488 animation_type_block sc_fly_static elementor-widget elementor-widget-heading\" data-id=\"1d47488\" data-element_type=\"widget\" data-e-type=\"widget\" data-widget_type=\"heading.default\">\n\t\t\t\t<div class=\"elementor-widget-container\">\n\t\t\t\t\t<h5 class=\"elementor-heading-title elementor-size-default\"><a href=\"https:\/\/dopicho.com\/es\/podcast-el-hombre-que-se-enamoro-de-la-luna\/\">Porque la Luna tenia a llegar a Do Picho<\/a><\/h5>\t\t\t\t<\/div>\n\t\t\t\t<\/div>\n\t\t\t\t\t<\/div>\n\t\t<\/div>\n\t\t\t\t<div class=\"elementor-column elementor-col-33 elementor-top-column elementor-element elementor-element-71894e9 sc_inner_width_none sc_content_align_inherit sc_layouts_column_icons_position_left\" data-id=\"71894e9\" data-element_type=\"column\" data-e-type=\"column\">\n\t\t\t<div class=\"elementor-widget-wrap elementor-element-populated\">\n\t\t\t\t\t\t<div class=\"elementor-element elementor-element-e2c7940 animation_type_block sc_fly_static elementor-widget elementor-widget-image\" data-id=\"e2c7940\" data-element_type=\"widget\" data-e-type=\"widget\" data-widget_type=\"image.default\">\n\t\t\t\t<div class=\"elementor-widget-container\">\n\t\t\t\t\t\t\t\t\t\t\t\t\t\t\t\t<a href=\"https:\/\/dopicho.com\/es\/de-vuelta-a-do-picho\/\">\n\t\t\t\t\t\t\t<img decoding=\"async\" src=\"https:\/\/dopicho.com\/wp-content\/uploads\/elementor\/thumbs\/JeanBundrit-UnsettledSpaces-6-rfr4jb1bx1un66urmfz0rzv2e7z3lofd84e7t35o2o.jpg\" title=\"JeanBundrit-UnsettledSpaces (6)\" alt=\"New Geographics\" loading=\"lazy\" \/>\t\t\t\t\t\t\t\t<\/a>\n\t\t\t\t\t\t\t\t\t\t\t\t\t\t\t<\/div>\n\t\t\t\t<\/div>\n\t\t\t\t<div class=\"elementor-element elementor-element-670c21e animation_type_block sc_fly_static elementor-widget elementor-widget-heading\" data-id=\"670c21e\" data-element_type=\"widget\" data-e-type=\"widget\" data-widget_type=\"heading.default\">\n\t\t\t\t<div class=\"elementor-widget-container\">\n\t\t\t\t\t<h5 class=\"elementor-heading-title elementor-size-default\"><a href=\"https:\/\/dopicho.com\/es\/de-vuelta-a-do-picho\/\">De vuelta a DO PICHO<\/a><\/h5>\t\t\t\t<\/div>\n\t\t\t\t<\/div>\n\t\t\t\t\t<\/div>\n\t\t<\/div>\n\t\t\t\t\t<\/div>\n\t\t<\/section>\n\t\t\t\t<section class=\"elementor-section elementor-top-section elementor-element elementor-element-e41f48e elementor-section-boxed elementor-section-height-default elementor-section-height-default\" data-id=\"e41f48e\" data-element_type=\"section\" data-e-type=\"section\">\n\t\t\t\t\t\t<div class=\"elementor-container elementor-column-gap-extended\">\n\t\t\t\t\t<div class=\"elementor-column elementor-col-33 elementor-top-column elementor-element elementor-element-f4ebd04 sc_inner_width_none sc_content_align_inherit sc_layouts_column_icons_position_left\" data-id=\"f4ebd04\" data-element_type=\"column\" data-e-type=\"column\">\n\t\t\t<div class=\"elementor-widget-wrap elementor-element-populated\">\n\t\t\t\t\t\t<div class=\"elementor-element elementor-element-e9a39b3 animation_type_block sc_fly_static elementor-widget elementor-widget-image\" data-id=\"e9a39b3\" data-element_type=\"widget\" data-e-type=\"widget\" data-widget_type=\"image.default\">\n\t\t\t\t<div class=\"elementor-widget-container\">\n\t\t\t\t\t\t\t\t\t\t\t\t\t\t\t\t<a href=\"https:\/\/dopicho.com\/es\/do-picho-en-2025\/\">\n\t\t\t\t\t\t\t<img decoding=\"async\" src=\"https:\/\/dopicho.com\/wp-content\/uploads\/elementor\/thumbs\/FOTO7-scaled-rfr3u318j3bnmvhowjhevczsk0aj22anra767sjz1c.jpg\" title=\"V\u00edctor Tenorio Fuertes &#8211; Works\" alt=\"V\u00edctor Tenorio Fuertes - Works\" loading=\"lazy\" \/>\t\t\t\t\t\t\t\t<\/a>\n\t\t\t\t\t\t\t\t\t\t\t\t\t\t\t<\/div>\n\t\t\t\t<\/div>\n\t\t\t\t<div class=\"elementor-element elementor-element-5c2d528 animation_type_block sc_fly_static elementor-widget elementor-widget-heading\" data-id=\"5c2d528\" data-element_type=\"widget\" data-e-type=\"widget\" data-widget_type=\"heading.default\">\n\t\t\t\t<div class=\"elementor-widget-container\">\n\t\t\t\t\t<h5 class=\"elementor-heading-title elementor-size-default\"><a href=\"https:\/\/dopicho.com\/es\/do-picho-en-2025\/\">DO PICHO en 2025<\/a><\/h5>\t\t\t\t<\/div>\n\t\t\t\t<\/div>\n\t\t\t\t\t<\/div>\n\t\t<\/div>\n\t\t\t\t<div class=\"elementor-column elementor-col-33 elementor-top-column elementor-element elementor-element-0a0ecfc sc_inner_width_none sc_content_align_inherit sc_layouts_column_icons_position_left\" data-id=\"0a0ecfc\" data-element_type=\"column\" data-e-type=\"column\">\n\t\t\t<div class=\"elementor-widget-wrap elementor-element-populated\">\n\t\t\t\t\t\t<div class=\"elementor-element elementor-element-74dbf8b animation_type_block sc_fly_static elementor-widget elementor-widget-image\" data-id=\"74dbf8b\" data-element_type=\"widget\" data-e-type=\"widget\" data-widget_type=\"image.default\">\n\t\t\t\t<div class=\"elementor-widget-container\">\n\t\t\t\t\t\t\t\t\t\t\t\t\t\t\t\t<a href=\"https:\/\/dopicho.com\/es\/celulosa-invasiva\/\">\n\t\t\t\t\t\t\t<img decoding=\"async\" src=\"https:\/\/dopicho.com\/wp-content\/uploads\/elementor\/thumbs\/Sin-titulo-rfr3t8yege6hbcpds6hcnkl1joes7qz8z5bmuxskkg.jpg\" title=\"Stefanie Zoche &#8211; Celulosa Invasiva\" alt=\"Stefanie Zoche\" loading=\"lazy\" \/>\t\t\t\t\t\t\t\t<\/a>\n\t\t\t\t\t\t\t\t\t\t\t\t\t\t\t<\/div>\n\t\t\t\t<\/div>\n\t\t\t\t<div class=\"elementor-element elementor-element-e66f4b3 elementor-widget__width-initial animation_type_block sc_fly_static elementor-widget elementor-widget-heading\" data-id=\"e66f4b3\" data-element_type=\"widget\" data-e-type=\"widget\" data-widget_type=\"heading.default\">\n\t\t\t\t<div class=\"elementor-widget-container\">\n\t\t\t\t\t<h5 class=\"elementor-heading-title elementor-size-default\"><a href=\"https:\/\/dopicho.com\/es\/celulosa-invasiva\/\">CELULOSA INVASIVA<\/a><\/h5>\t\t\t\t<\/div>\n\t\t\t\t<\/div>\n\t\t\t\t\t<\/div>\n\t\t<\/div>\n\t\t\t\t<div class=\"elementor-column elementor-col-33 elementor-top-column elementor-element elementor-element-7244d1c sc_inner_width_none sc_content_align_inherit sc_layouts_column_icons_position_left\" data-id=\"7244d1c\" data-element_type=\"column\" data-e-type=\"column\">\n\t\t\t<div class=\"elementor-widget-wrap elementor-element-populated\">\n\t\t\t\t\t\t<div class=\"elementor-element elementor-element-e12964e animation_type_block sc_fly_static elementor-widget elementor-widget-image\" data-id=\"e12964e\" data-element_type=\"widget\" data-e-type=\"widget\" data-widget_type=\"image.default\">\n\t\t\t\t<div class=\"elementor-widget-container\">\n\t\t\t\t\t\t\t\t\t\t\t\t\t\t\t\t<a href=\"https:\/\/dopicho.com\/es\/do-picho-celebra\/\">\n\t\t\t\t\t\t\t<img decoding=\"async\" src=\"https:\/\/dopicho.com\/wp-content\/uploads\/elementor\/thumbs\/ralf-jean-rfr3sftekj2lbfvpibvx09xr4qeel4rkj53kzczrxc.jpg\" title=\"ralf-jean\" alt=\"ralf-jean\" loading=\"lazy\" \/>\t\t\t\t\t\t\t\t<\/a>\n\t\t\t\t\t\t\t\t\t\t\t\t\t\t\t<\/div>\n\t\t\t\t<\/div>\n\t\t\t\t<div class=\"elementor-element elementor-element-b323e24 elementor-widget__width-initial animation_type_block sc_fly_static elementor-widget elementor-widget-heading\" data-id=\"b323e24\" data-element_type=\"widget\" data-e-type=\"widget\" data-widget_type=\"heading.default\">\n\t\t\t\t<div class=\"elementor-widget-container\">\n\t\t\t\t\t<h5 class=\"elementor-heading-title elementor-size-default\"><a href=\"https:\/\/dopicho.com\/es\/do-picho-celebra\/\">Do PICHO celebra<\/a><\/h5>\t\t\t\t<\/div>\n\t\t\t\t<\/div>\n\t\t\t\t\t<\/div>\n\t\t<\/div>\n\t\t\t\t\t<\/div>\n\t\t<\/section>\n\t\t\t\t<\/div>\n\t\t","protected":false},"excerpt":{"rendered":"<p>JONA ZWIESSLER Futurefarmers Collective ARTISTA RESIDENTE ENERO Y FEBRERO DE 2026 EL HOMBRE LUNA BLOG de PABLO LORIENTE #402 del podcast, sobre Do Picho Audio ya disponible en todas las plataformas principales, incluyendo Spotify,&nbsp;Apple Podcasts, Radio Espa\u00f1a.&nbsp;El primer v\u00eddeo ya est\u00e1 disponible en&nbsp;YouTube. NOTICIAS LIZARRALDEA&hellip;<\/p>\n","protected":false},"author":3,"featured_media":0,"parent":0,"menu_order":0,"comment_status":"closed","ping_status":"closed","template":"","meta":{"footnotes":""},"class_list":["post-602","page","type-page","status-publish","hentry"],"jetpack_sharing_enabled":true,"_links":{"self":[{"href":"https:\/\/dopicho.com\/es\/wp-json\/wp\/v2\/pages\/602","targetHints":{"allow":["GET"]}}],"collection":[{"href":"https:\/\/dopicho.com\/es\/wp-json\/wp\/v2\/pages"}],"about":[{"href":"https:\/\/dopicho.com\/es\/wp-json\/wp\/v2\/types\/page"}],"author":[{"embeddable":true,"href":"https:\/\/dopicho.com\/es\/wp-json\/wp\/v2\/users\/3"}],"replies":[{"embeddable":true,"href":"https:\/\/dopicho.com\/es\/wp-json\/wp\/v2\/comments?post=602"}],"version-history":[{"count":283,"href":"https:\/\/dopicho.com\/es\/wp-json\/wp\/v2\/pages\/602\/revisions"}],"predecessor-version":[{"id":11529,"href":"https:\/\/dopicho.com\/es\/wp-json\/wp\/v2\/pages\/602\/revisions\/11529"}],"wp:attachment":[{"href":"https:\/\/dopicho.com\/es\/wp-json\/wp\/v2\/media?parent=602"}],"curies":[{"name":"wp","href":"https:\/\/api.w.org\/{rel}","templated":true}]}}