{"id":8068,"date":"2025-10-01T10:24:04","date_gmt":"2025-10-01T10:24:04","guid":{"rendered":"https:\/\/dopicho.com\/medio-ambiente-2\/"},"modified":"2026-01-12T15:16:57","modified_gmt":"2026-01-12T15:16:57","slug":"entorno","status":"publish","type":"page","link":"https:\/\/dopicho.com\/es\/entorno\/","title":{"rendered":"Entorno"},"content":{"rendered":"\t\t<div data-elementor-type=\"wp-page\" data-elementor-id=\"8068\" class=\"elementor elementor-8068 elementor-8052\">\n\t\t\t\t\t\t<section class=\"elementor-section elementor-top-section elementor-element elementor-element-6ab27ae elementor-section-boxed elementor-section-height-default elementor-section-height-default\" data-id=\"6ab27ae\" data-element_type=\"section\" data-e-type=\"section\">\n\t\t\t\t\t\t<div class=\"elementor-container elementor-column-gap-extended\">\n\t\t\t\t\t<div class=\"elementor-column elementor-col-100 elementor-top-column elementor-element elementor-element-ca82c29 sc_inner_width_none sc_content_align_inherit sc_layouts_column_icons_position_left\" data-id=\"ca82c29\" data-element_type=\"column\" data-e-type=\"column\">\n\t\t\t<div class=\"elementor-widget-wrap elementor-element-populated\">\n\t\t\t\t\t\t<div class=\"elementor-element elementor-element-9c52693 animation_type_block sc_fly_static elementor-widget elementor-widget-heading\" data-id=\"9c52693\" data-element_type=\"widget\" data-e-type=\"widget\" data-widget_type=\"heading.default\">\n\t\t\t\t<div class=\"elementor-widget-container\">\n\t\t\t\t\t<h1 class=\"elementor-heading-title elementor-size-default\">ENTORNO<\/h1>\t\t\t\t<\/div>\n\t\t\t\t<\/div>\n\t\t\t\t\t<\/div>\n\t\t<\/div>\n\t\t\t\t\t<\/div>\n\t\t<\/section>\n\t\t\t\t<section class=\"elementor-section elementor-top-section elementor-element elementor-element-a11425d elementor-section-boxed elementor-section-height-default elementor-section-height-default\" data-id=\"a11425d\" data-element_type=\"section\" data-e-type=\"section\">\n\t\t\t\t\t\t<div class=\"elementor-container elementor-column-gap-extended\">\n\t\t\t\t\t<div class=\"elementor-column elementor-col-100 elementor-top-column elementor-element elementor-element-3720fe0 sc_inner_width_none sc_content_align_inherit sc_layouts_column_icons_position_left\" data-id=\"3720fe0\" data-element_type=\"column\" data-e-type=\"column\">\n\t\t\t<div class=\"elementor-widget-wrap elementor-element-populated\">\n\t\t\t\t\t\t<div class=\"elementor-element elementor-element-3ea68e5 animation_type_block sc_fly_static elementor-widget elementor-widget-image\" data-id=\"3ea68e5\" data-element_type=\"widget\" data-e-type=\"widget\" data-widget_type=\"image.default\">\n\t\t\t\t<div class=\"elementor-widget-container\">\n\t\t\t\t\t\t\t\t\t\t\t\t\t\t\t<img fetchpriority=\"high\" decoding=\"async\" width=\"1920\" height=\"1080\" src=\"https:\/\/dopicho.com\/wp-content\/uploads\/2025\/09\/environment-01.jpg\" class=\"attachment-full size-full wp-image-8050\" alt=\"\" srcset=\"https:\/\/dopicho.com\/wp-content\/uploads\/2025\/09\/environment-01.jpg 1920w, https:\/\/dopicho.com\/wp-content\/uploads\/2025\/09\/environment-01-300x169.jpg 300w, https:\/\/dopicho.com\/wp-content\/uploads\/2025\/09\/environment-01-1024x576.jpg 1024w, https:\/\/dopicho.com\/wp-content\/uploads\/2025\/09\/environment-01-768x432.jpg 768w, https:\/\/dopicho.com\/wp-content\/uploads\/2025\/09\/environment-01-1536x864.jpg 1536w, https:\/\/dopicho.com\/wp-content\/uploads\/2025\/09\/environment-01-370x208.jpg 370w, https:\/\/dopicho.com\/wp-content\/uploads\/2025\/09\/environment-01-1170x658.jpg 1170w, https:\/\/dopicho.com\/wp-content\/uploads\/2025\/09\/environment-01-770x433.jpg 770w, https:\/\/dopicho.com\/wp-content\/uploads\/2025\/09\/environment-01-270x152.jpg 270w\" sizes=\"(max-width: 1920px) 100vw, 1920px\" \/>\t\t\t\t\t\t\t\t\t\t\t\t\t\t\t<\/div>\n\t\t\t\t<\/div>\n\t\t\t\t<div class=\"elementor-element elementor-element-5b6bab9 animation_type_block sc_fly_static elementor-widget elementor-widget-text-editor\" data-id=\"5b6bab9\" data-element_type=\"widget\" data-e-type=\"widget\" data-widget_type=\"text-editor.default\">\n\t\t\t\t<div class=\"elementor-widget-container\">\n\t\t\t\t\t\t\t\t\t<p>Do Picho est\u00e1 situado a las afueras de Palas de Rei, en el centro de Galicia, en un bello entorno, rodeado de campos, granjas y bosques, a 25 minutos a pie por el bosque o a 2 minutos en coche del pueblo.<\/p><p>Lejos de estar de moda y ser cool, Palas y Galicia en general atrajeron al fundador de Do Picho precisamente porque estaban un poco apartadas, eran eminentemente m\u00e1s asequibles, bellas de un modo m\u00e1s agreste, con una escena cultural floreciente pero a menudo oculta, impregnadas de tradici\u00f3n y al mismo tiempo deseosas de innovar, y llenas de gente maravillosa. En resumen, es un entorno estupendo para una residencia de artistas. <\/p>\t\t\t\t\t\t\t\t<\/div>\n\t\t\t\t<\/div>\n\t\t\t\t\t<\/div>\n\t\t<\/div>\n\t\t\t\t\t<\/div>\n\t\t<\/section>\n\t\t\t\t<section class=\"elementor-section elementor-top-section elementor-element elementor-element-b331d89 elementor-section-boxed elementor-section-height-default elementor-section-height-default\" data-id=\"b331d89\" data-element_type=\"section\" data-e-type=\"section\">\n\t\t\t\t\t\t<div class=\"elementor-container elementor-column-gap-extended\">\n\t\t\t\t\t<div class=\"elementor-column elementor-col-100 elementor-top-column elementor-element elementor-element-32d9ce6 sc_inner_width_none sc_content_align_inherit sc_layouts_column_icons_position_left\" data-id=\"32d9ce6\" data-element_type=\"column\" data-e-type=\"column\">\n\t\t\t<div class=\"elementor-widget-wrap elementor-element-populated\">\n\t\t\t\t\t\t<div class=\"elementor-element elementor-element-dada2d1 animation_type_block sc_fly_static elementor-widget elementor-widget-heading\" data-id=\"dada2d1\" data-element_type=\"widget\" data-e-type=\"widget\" data-widget_type=\"heading.default\">\n\t\t\t\t<div class=\"elementor-widget-container\">\n\t\t\t\t\t<h2 class=\"elementor-heading-title elementor-size-default\">LA RESIDENCIA<\/h2>\t\t\t\t<\/div>\n\t\t\t\t<\/div>\n\t\t\t\t\t<\/div>\n\t\t<\/div>\n\t\t\t\t\t<\/div>\n\t\t<\/section>\n\t\t\t\t<section class=\"elementor-section elementor-top-section elementor-element elementor-element-a92758f elementor-section-stretched elementor-section-boxed elementor-section-height-default elementor-section-height-default\" data-id=\"a92758f\" data-element_type=\"section\" data-e-type=\"section\" data-settings=\"{&quot;stretch_section&quot;:&quot;section-stretched&quot;,&quot;background_background&quot;:&quot;classic&quot;}\">\n\t\t\t\t\t\t<div class=\"elementor-container elementor-column-gap-extended\">\n\t\t\t\t\t<div class=\"elementor-column elementor-col-100 elementor-top-column elementor-element elementor-element-1791a59 sc_inner_width_none sc_content_align_inherit sc_layouts_column_icons_position_left\" data-id=\"1791a59\" data-element_type=\"column\" data-e-type=\"column\">\n\t\t\t<div class=\"elementor-widget-wrap elementor-element-populated\">\n\t\t\t\t\t\t<div class=\"elementor-element elementor-element-abfa657 animation_type_block sc_fly_static elementor-widget elementor-widget-image\" data-id=\"abfa657\" data-element_type=\"widget\" data-e-type=\"widget\" data-widget_type=\"image.default\">\n\t\t\t\t<div class=\"elementor-widget-container\">\n\t\t\t\t\t\t\t\t\t\t\t\t\t\t\t<img decoding=\"async\" width=\"1920\" height=\"1080\" src=\"https:\/\/dopicho.com\/wp-content\/uploads\/2025\/09\/environment-02.jpg\" class=\"attachment-full size-full wp-image-8049\" alt=\"\" srcset=\"https:\/\/dopicho.com\/wp-content\/uploads\/2025\/09\/environment-02.jpg 1920w, https:\/\/dopicho.com\/wp-content\/uploads\/2025\/09\/environment-02-300x169.jpg 300w, https:\/\/dopicho.com\/wp-content\/uploads\/2025\/09\/environment-02-1024x576.jpg 1024w, https:\/\/dopicho.com\/wp-content\/uploads\/2025\/09\/environment-02-768x432.jpg 768w, https:\/\/dopicho.com\/wp-content\/uploads\/2025\/09\/environment-02-1536x864.jpg 1536w, https:\/\/dopicho.com\/wp-content\/uploads\/2025\/09\/environment-02-370x208.jpg 370w, https:\/\/dopicho.com\/wp-content\/uploads\/2025\/09\/environment-02-1170x658.jpg 1170w, https:\/\/dopicho.com\/wp-content\/uploads\/2025\/09\/environment-02-770x433.jpg 770w, https:\/\/dopicho.com\/wp-content\/uploads\/2025\/09\/environment-02-270x152.jpg 270w\" sizes=\"(max-width: 1920px) 100vw, 1920px\" \/>\t\t\t\t\t\t\t\t\t\t\t\t\t\t\t<\/div>\n\t\t\t\t<\/div>\n\t\t\t\t<div class=\"elementor-element elementor-element-02f6ae4 animation_type_block sc_fly_static elementor-widget elementor-widget-text-editor\" data-id=\"02f6ae4\" data-element_type=\"widget\" data-e-type=\"widget\" data-widget_type=\"text-editor.default\">\n\t\t\t\t<div class=\"elementor-widget-container\">\n\t\t\t\t\t\t\t\t\t<p>La residencia de artistas Do Picho forma parte de la Finca Do Picho, reconstruida en la d\u00e9cada de 2000 por el renombrado arquitecto gallego Pedro de Llano. Incluye la residencia, un gran jard\u00edn, la casa en la que vive el fundador y presidente de Do Picho, y dos unidades de vivienda separadas y m\u00e1s peque\u00f1as. Estas unidades contienen cada una un dormitorio y un cuarto de ba\u00f1o, y se utilizan sobre todo como alojamiento para los voluntarios y becarios que forman parte importante del equipo de Do Picho, pero a veces se alquilan a peregrinos u otras personas que buscan alojamiento en Palas de Rei.  <\/p><p>La residencia en s\u00ed ofrece un entorno sereno y espacioso con una luz natural excepcional. Consta de tres dormitorios (uno de los cuales puede convertirse f\u00e1cilmente en un espacio adicional de taller), una cocina totalmente equipada, un cuarto de ba\u00f1o y un gran espacio com\u00fan ideal para proyectos art\u00edsticos de todo tipo. <\/p><p>Ofrece mucho espacio, luz y tranquilidad para los artistas que quieran venir solos. Al mismo tiempo, hay espacio suficiente para quienes quieran venir con un ser querido o incluso con su familia, o para dos o tres artistas que quieran presentar un proyecto en colaboraci\u00f3n y trabajar juntos en un espacio com\u00fan. Con amplio espacio para trabajar, relajarse y disfrutar, la residencia ofrece un entorno estupendo para la exploraci\u00f3n art\u00edstica y la colaboraci\u00f3n.  <\/p>\t\t\t\t\t\t\t\t<\/div>\n\t\t\t\t<\/div>\n\t\t\t\t\t<\/div>\n\t\t<\/div>\n\t\t\t\t\t<\/div>\n\t\t<\/section>\n\t\t\t\t<section class=\"elementor-section elementor-top-section elementor-element elementor-element-6d27f2c elementor-section-boxed elementor-section-height-default elementor-section-height-default\" data-id=\"6d27f2c\" data-element_type=\"section\" data-e-type=\"section\">\n\t\t\t\t\t\t<div class=\"elementor-container elementor-column-gap-extended\">\n\t\t\t\t\t<div class=\"elementor-column elementor-col-100 elementor-top-column elementor-element elementor-element-1064866 sc_inner_width_none sc_content_align_inherit sc_layouts_column_icons_position_left\" data-id=\"1064866\" data-element_type=\"column\" data-e-type=\"column\">\n\t\t\t<div class=\"elementor-widget-wrap elementor-element-populated\">\n\t\t\t\t\t\t<div class=\"elementor-element elementor-element-a81569c animation_type_block sc_fly_static elementor-widget elementor-widget-heading\" data-id=\"a81569c\" data-element_type=\"widget\" data-e-type=\"widget\" data-widget_type=\"heading.default\">\n\t\t\t\t<div class=\"elementor-widget-container\">\n\t\t\t\t\t<h2 class=\"elementor-heading-title elementor-size-default\">PALAS DE REI<\/h2>\t\t\t\t<\/div>\n\t\t\t\t<\/div>\n\t\t\t\t\t<\/div>\n\t\t<\/div>\n\t\t\t\t\t<\/div>\n\t\t<\/section>\n\t\t\t\t<section class=\"elementor-section elementor-top-section elementor-element elementor-element-8305e4c elementor-section-content-middle elementor-section-boxed elementor-section-height-default elementor-section-height-default\" data-id=\"8305e4c\" data-element_type=\"section\" data-e-type=\"section\">\n\t\t\t\t\t\t<div class=\"elementor-container elementor-column-gap-default\">\n\t\t\t\t\t<div class=\"elementor-column elementor-col-100 elementor-top-column elementor-element elementor-element-cf71bc5 sc_inner_width_none sc_content_align_inherit sc_layouts_column_icons_position_left\" data-id=\"cf71bc5\" data-element_type=\"column\" data-e-type=\"column\">\n\t\t\t<div class=\"elementor-widget-wrap elementor-element-populated\">\n\t\t\t\t\t\t<div class=\"elementor-element elementor-element-4d77277 animation_type_block sc_fly_static elementor-widget elementor-widget-image\" data-id=\"4d77277\" data-element_type=\"widget\" data-e-type=\"widget\" data-widget_type=\"image.default\">\n\t\t\t\t<div class=\"elementor-widget-container\">\n\t\t\t\t\t\t\t\t\t\t\t\t\t\t\t<img decoding=\"async\" width=\"1920\" height=\"1080\" src=\"https:\/\/dopicho.com\/wp-content\/uploads\/2025\/09\/environment-03.jpg\" class=\"attachment-full size-full wp-image-8048\" alt=\"\" srcset=\"https:\/\/dopicho.com\/wp-content\/uploads\/2025\/09\/environment-03.jpg 1920w, https:\/\/dopicho.com\/wp-content\/uploads\/2025\/09\/environment-03-300x169.jpg 300w, https:\/\/dopicho.com\/wp-content\/uploads\/2025\/09\/environment-03-1024x576.jpg 1024w, https:\/\/dopicho.com\/wp-content\/uploads\/2025\/09\/environment-03-768x432.jpg 768w, https:\/\/dopicho.com\/wp-content\/uploads\/2025\/09\/environment-03-1536x864.jpg 1536w, https:\/\/dopicho.com\/wp-content\/uploads\/2025\/09\/environment-03-370x208.jpg 370w, https:\/\/dopicho.com\/wp-content\/uploads\/2025\/09\/environment-03-1170x658.jpg 1170w, https:\/\/dopicho.com\/wp-content\/uploads\/2025\/09\/environment-03-770x433.jpg 770w, https:\/\/dopicho.com\/wp-content\/uploads\/2025\/09\/environment-03-270x152.jpg 270w\" sizes=\"(max-width: 1920px) 100vw, 1920px\" \/>\t\t\t\t\t\t\t\t\t\t\t\t\t\t\t<\/div>\n\t\t\t\t<\/div>\n\t\t\t\t<div class=\"elementor-element elementor-element-595a0e7 animation_type_block sc_fly_static elementor-widget elementor-widget-text-editor\" data-id=\"595a0e7\" data-element_type=\"widget\" data-e-type=\"widget\" data-widget_type=\"text-editor.default\">\n\t\t\t\t<div class=\"elementor-widget-container\">\n\t\t\t\t\t\t\t\t\t<p>Palas de Rei es una peque\u00f1a localidad de unos 3.350 habitantes, situada en la ruta m\u00e1s popular del Camino de Santiago, el Camino Franc\u00e9s, en la provincia de Lugo y a s\u00f3lo 4 d\u00edas a pie de Santiago. Desde finales de marzo hasta finales de octubre acoge a visitantes de todo el mundo que hacen parada aqu\u00ed en su camino a Santiago, mientras que en los meses restantes es un pueblo mucho m\u00e1s tranquilo, que sin embargo dispone de todos los servicios y se beneficia de su proximidad a Lugo, Santiago de Compostela (con su aeropuerto a s\u00f3lo 45 minutos en coche de la Finca do Picho) y algunas de las playas m\u00e1s hermosas de la costa gallega. <\/p>\t\t\t\t\t\t\t\t<\/div>\n\t\t\t\t<\/div>\n\t\t\t\t\t<\/div>\n\t\t<\/div>\n\t\t\t\t\t<\/div>\n\t\t<\/section>\n\t\t\t\t<section class=\"elementor-section elementor-top-section elementor-element elementor-element-a2d667a elementor-section-boxed elementor-section-height-default elementor-section-height-default\" data-id=\"a2d667a\" data-element_type=\"section\" data-e-type=\"section\">\n\t\t\t\t\t\t<div class=\"elementor-container elementor-column-gap-extended\">\n\t\t\t\t\t<div class=\"elementor-column elementor-col-100 elementor-top-column elementor-element elementor-element-2172cd3 sc_inner_width_none sc_content_align_inherit sc_layouts_column_icons_position_left\" data-id=\"2172cd3\" data-element_type=\"column\" data-e-type=\"column\">\n\t\t\t<div class=\"elementor-widget-wrap elementor-element-populated\">\n\t\t\t\t\t\t<div class=\"elementor-element elementor-element-aaf4485 animation_type_block sc_fly_static elementor-widget elementor-widget-heading\" data-id=\"aaf4485\" data-element_type=\"widget\" data-e-type=\"widget\" data-widget_type=\"heading.default\">\n\t\t\t\t<div class=\"elementor-widget-container\">\n\t\t\t\t\t<h2 class=\"elementor-heading-title elementor-size-default\">MEDIO AMBIENTE EN PELIGRO<\/h2>\t\t\t\t<\/div>\n\t\t\t\t<\/div>\n\t\t\t\t\t<\/div>\n\t\t<\/div>\n\t\t\t\t\t<\/div>\n\t\t<\/section>\n\t\t\t\t<section class=\"elementor-section elementor-top-section elementor-element elementor-element-a2911dd elementor-section-boxed elementor-section-height-default elementor-section-height-default\" data-id=\"a2911dd\" data-element_type=\"section\" data-e-type=\"section\">\n\t\t\t\t\t\t<div class=\"elementor-container elementor-column-gap-extended\">\n\t\t\t\t\t<div class=\"elementor-column elementor-col-100 elementor-top-column elementor-element elementor-element-1620909 sc_inner_width_none sc_content_align_inherit sc_layouts_column_icons_position_left\" data-id=\"1620909\" data-element_type=\"column\" data-e-type=\"column\">\n\t\t\t<div class=\"elementor-widget-wrap elementor-element-populated\">\n\t\t\t\t\t\t<div class=\"elementor-element elementor-element-813af90 animation_type_block sc_fly_static elementor-widget elementor-widget-image\" data-id=\"813af90\" data-element_type=\"widget\" data-e-type=\"widget\" data-widget_type=\"image.default\">\n\t\t\t\t<div class=\"elementor-widget-container\">\n\t\t\t\t\t\t\t\t\t\t\t\t\t\t\t<img loading=\"lazy\" decoding=\"async\" width=\"1920\" height=\"1080\" src=\"https:\/\/dopicho.com\/wp-content\/uploads\/2025\/09\/environment-04.jpg\" class=\"attachment-full size-full wp-image-8047\" alt=\"\" srcset=\"https:\/\/dopicho.com\/wp-content\/uploads\/2025\/09\/environment-04.jpg 1920w, https:\/\/dopicho.com\/wp-content\/uploads\/2025\/09\/environment-04-300x169.jpg 300w, https:\/\/dopicho.com\/wp-content\/uploads\/2025\/09\/environment-04-1024x576.jpg 1024w, https:\/\/dopicho.com\/wp-content\/uploads\/2025\/09\/environment-04-768x432.jpg 768w, https:\/\/dopicho.com\/wp-content\/uploads\/2025\/09\/environment-04-1536x864.jpg 1536w, https:\/\/dopicho.com\/wp-content\/uploads\/2025\/09\/environment-04-370x208.jpg 370w, https:\/\/dopicho.com\/wp-content\/uploads\/2025\/09\/environment-04-1170x658.jpg 1170w, https:\/\/dopicho.com\/wp-content\/uploads\/2025\/09\/environment-04-770x433.jpg 770w, https:\/\/dopicho.com\/wp-content\/uploads\/2025\/09\/environment-04-270x152.jpg 270w\" sizes=\"(max-width: 1920px) 100vw, 1920px\" \/>\t\t\t\t\t\t\t\t\t\t\t\t\t\t\t<\/div>\n\t\t\t\t<\/div>\n\t\t\t\t<div class=\"elementor-element elementor-element-9ae8725 animation_type_block sc_fly_static elementor-widget elementor-widget-text-editor\" data-id=\"9ae8725\" data-element_type=\"widget\" data-e-type=\"widget\" data-widget_type=\"text-editor.default\">\n\t\t\t\t<div class=\"elementor-widget-container\">\n\t\t\t\t\t\t\t\t\t<p>Palas de Rei is surrounded by beautiful lands and close to many attractions. Actualmente, sin embargo, la propia Palas y el centro de Galicia en su conjunto est\u00e1n amenazados por el proyecto de construcci\u00f3n de una megaf\u00e1brica de celulosa por parte de la multinacional papelera portuguesa Altri en la frontera de Palas y el municipio colindante de Melide. \u201cThe project is a monster that would cause total devastation in our region\u201d, according to the head of communications for the Ulloa Viva platform that brings together neighbours and environmental and other associations and stakeholders that are fighting against the project (for more information about the current stage of the fight against ALTRI, see the Facebook page of <a href=\"https:\/\/www.facebook.com\/ulloaviva\">Plataforma por unha Ulloa Viva<\/a>). Por eso Do Picho est\u00e1 tan comprometido con la protecci\u00f3n del medio ambiente, viendo el arte y la expresi\u00f3n art\u00edstica como una parte potencialmente muy importante de una lucha mucho m\u00e1s amplia por la vida, el medio ambiente y los derechos humanos.<\/p>\t\t\t\t\t\t\t\t<\/div>\n\t\t\t\t<\/div>\n\t\t\t\t\t<\/div>\n\t\t<\/div>\n\t\t\t\t\t<\/div>\n\t\t<\/section>\n\t\t\t\t<section class=\"elementor-section elementor-top-section elementor-element elementor-element-5911e20 elementor-section-boxed elementor-section-height-default elementor-section-height-default\" data-id=\"5911e20\" data-element_type=\"section\" data-e-type=\"section\">\n\t\t\t\t\t\t<div class=\"elementor-container elementor-column-gap-extended\">\n\t\t\t\t\t<div class=\"elementor-column elementor-col-50 elementor-top-column elementor-element elementor-element-08bf069 sc_inner_width_none sc_content_align_inherit sc_layouts_column_icons_position_left\" data-id=\"08bf069\" data-element_type=\"column\" data-e-type=\"column\">\n\t\t\t<div class=\"elementor-widget-wrap elementor-element-populated\">\n\t\t\t\t\t\t<div class=\"elementor-element elementor-element-d1e1210 elementor-align-left animation_type_block sc_fly_static elementor-widget elementor-widget-button\" data-id=\"d1e1210\" data-element_type=\"widget\" data-e-type=\"widget\" data-widget_type=\"button.default\">\n\t\t\t\t<div class=\"elementor-widget-container\">\n\t\t\t\t\t\t\t\t\t<div class=\"elementor-button-wrapper\">\n\t\t\t\t\t<a class=\"elementor-button elementor-button-link elementor-size-sm\" href=\"https:\/\/dopicho.com\/es\/mision\/\">\n\t\t\t\t\t\t<span class=\"elementor-button-content-wrapper\">\n\t\t\t\t\t\t<span class=\"elementor-button-icon\">\n\t\t\t\t<i aria-hidden=\"true\" class=\"fas fa-long-arrow-alt-left\"><\/i>\t\t\t<\/span>\n\t\t\t\t\t\t\t\t\t<span class=\"elementor-button-text\">Misi\u00f3n<\/span>\n\t\t\t\t\t<\/span>\n\t\t\t\t\t<\/a>\n\t\t\t\t<\/div>\n\t\t\t\t\t\t\t\t<\/div>\n\t\t\t\t<\/div>\n\t\t\t\t\t<\/div>\n\t\t<\/div>\n\t\t\t\t<div class=\"elementor-column elementor-col-50 elementor-top-column elementor-element elementor-element-b6428ad sc_inner_width_none sc_content_align_inherit sc_layouts_column_icons_position_left\" data-id=\"b6428ad\" data-element_type=\"column\" data-e-type=\"column\">\n\t\t\t<div class=\"elementor-widget-wrap elementor-element-populated\">\n\t\t\t\t\t\t<div class=\"elementor-element elementor-element-ccd36d5 elementor-align-right animation_type_block sc_fly_static elementor-widget elementor-widget-button\" data-id=\"ccd36d5\" data-element_type=\"widget\" data-e-type=\"widget\" data-widget_type=\"button.default\">\n\t\t\t\t<div class=\"elementor-widget-container\">\n\t\t\t\t\t\t\t\t\t<div class=\"elementor-button-wrapper\">\n\t\t\t\t\t<a class=\"elementor-button elementor-button-link elementor-size-sm\" href=\"https:\/\/dopicho.com\/es\/equipo\">\n\t\t\t\t\t\t<span class=\"elementor-button-content-wrapper\">\n\t\t\t\t\t\t<span class=\"elementor-button-icon\">\n\t\t\t\t<i aria-hidden=\"true\" class=\"fas fa-long-arrow-alt-right\"><\/i>\t\t\t<\/span>\n\t\t\t\t\t\t\t\t\t<span class=\"elementor-button-text\">Conoce a nuestro equipo<\/span>\n\t\t\t\t\t<\/span>\n\t\t\t\t\t<\/a>\n\t\t\t\t<\/div>\n\t\t\t\t\t\t\t\t<\/div>\n\t\t\t\t<\/div>\n\t\t\t\t\t<\/div>\n\t\t<\/div>\n\t\t\t\t\t<\/div>\n\t\t<\/section>\n\t\t\t\t<\/div>\n\t\t","protected":false},"excerpt":{"rendered":"<p>ENTORNO Do Picho est\u00e1 situado a las afueras de Palas de Rei, en el centro de Galicia, en un bello entorno, rodeado de campos, granjas y bosques, a 25 minutos a pie por el bosque o a 2 minutos en coche del pueblo. Lejos de&hellip;<\/p>\n","protected":false},"author":3,"featured_media":0,"parent":0,"menu_order":0,"comment_status":"closed","ping_status":"closed","template":"elementor_theme","meta":{"footnotes":""},"class_list":["post-8068","page","type-page","status-publish","hentry"],"jetpack_sharing_enabled":true,"_links":{"self":[{"href":"https:\/\/dopicho.com\/es\/wp-json\/wp\/v2\/pages\/8068","targetHints":{"allow":["GET"]}}],"collection":[{"href":"https:\/\/dopicho.com\/es\/wp-json\/wp\/v2\/pages"}],"about":[{"href":"https:\/\/dopicho.com\/es\/wp-json\/wp\/v2\/types\/page"}],"author":[{"embeddable":true,"href":"https:\/\/dopicho.com\/es\/wp-json\/wp\/v2\/users\/3"}],"replies":[{"embeddable":true,"href":"https:\/\/dopicho.com\/es\/wp-json\/wp\/v2\/comments?post=8068"}],"version-history":[{"count":23,"href":"https:\/\/dopicho.com\/es\/wp-json\/wp\/v2\/pages\/8068\/revisions"}],"predecessor-version":[{"id":10518,"href":"https:\/\/dopicho.com\/es\/wp-json\/wp\/v2\/pages\/8068\/revisions\/10518"}],"wp:attachment":[{"href":"https:\/\/dopicho.com\/es\/wp-json\/wp\/v2\/media?parent=8068"}],"curies":[{"name":"wp","href":"https:\/\/api.w.org\/{rel}","templated":true}]}}