{"id":8128,"date":"2025-10-01T11:23:57","date_gmt":"2025-10-01T11:23:57","guid":{"rendered":"https:\/\/dopicho.com\/objetivos-2\/"},"modified":"2026-01-10T15:02:22","modified_gmt":"2026-01-10T15:02:22","slug":"objetivos","status":"publish","type":"page","link":"https:\/\/dopicho.com\/es\/objetivos\/","title":{"rendered":"Objetivos"},"content":{"rendered":"\t\t<div data-elementor-type=\"wp-page\" data-elementor-id=\"8128\" class=\"elementor elementor-8128 elementor-8067\">\n\t\t\t\t\t\t<section class=\"elementor-section elementor-top-section elementor-element elementor-element-6ab27ae elementor-section-boxed elementor-section-height-default elementor-section-height-default\" data-id=\"6ab27ae\" data-element_type=\"section\" data-e-type=\"section\">\n\t\t\t\t\t\t<div class=\"elementor-container elementor-column-gap-extended\">\n\t\t\t\t\t<div class=\"elementor-column elementor-col-100 elementor-top-column elementor-element elementor-element-ca82c29 sc_inner_width_none sc_content_align_inherit sc_layouts_column_icons_position_left\" data-id=\"ca82c29\" data-element_type=\"column\" data-e-type=\"column\">\n\t\t\t<div class=\"elementor-widget-wrap elementor-element-populated\">\n\t\t\t\t\t\t<div class=\"elementor-element elementor-element-9c52693 animation_type_block sc_fly_static elementor-widget elementor-widget-heading\" data-id=\"9c52693\" data-element_type=\"widget\" data-e-type=\"widget\" data-widget_type=\"heading.default\">\n\t\t\t\t<div class=\"elementor-widget-container\">\n\t\t\t\t\t<h1 class=\"elementor-heading-title elementor-size-default\">OBJETIVOS<\/h1>\t\t\t\t<\/div>\n\t\t\t\t<\/div>\n\t\t\t\t<div class=\"elementor-element elementor-element-712526b animation_type_block sc_fly_static elementor-widget elementor-widget-text-editor\" data-id=\"712526b\" data-element_type=\"widget\" data-e-type=\"widget\" data-widget_type=\"text-editor.default\">\n\t\t\t\t<div class=\"elementor-widget-container\">\n\t\t\t\t\t\t\t\t\t<div class=\"wp-block-uagb-info-box uagb-block-06sb4zil uagb-infobox__content-wrap uagb-infobox-icon-above-title uagb-infobox-image-valign-top\">\n<div class=\"uagb-ifb-content\">\n\n<span style=\"color: ##808080;\">Do Picho es una residencia art\u00edstica sin \u00e1nimo de lucro dedicada al fomento de la libertad, la creatividad y la seguridad de los artistas, as\u00ed como a la promoci\u00f3n y protecci\u00f3n de los derechos humanos y el medio ambiente. Abri\u00f3 sus puertas en agosto de 2024.<\/span>\n\n<span style=\"color: ##808080;\">Los principales objetivos de Do Picho son:<\/span>\n<ul style=\"color: ##808080;\">\n \t<li><span style=\"color: ##808080;\">Apoyar a los artistas en su producci\u00f3n art\u00edstica, ofreci\u00e9ndoles un espacio y entorno seguros, conexiones y apoyo;<\/span><\/li>\n \t<li><span style=\"color: ##808080;\">construir una comunidad de artistas a los que se les proporcionar\u00e1n, antes, durante y despu\u00e9s de su estancia en Do Picho, oportunidades para interactuar, aprender unos de otros, inspirarse e inspirar, y potencialmente colaborar;<\/span><\/li>\n \t<li><span style=\"color: ##808080;\">Fomentar las conexiones entre los artistas en residencia en Do Picho y los artistas gallegos y la comunidad gallega en general;<\/span><\/li>\n \t<li><span style=\"color: ##808080;\">contribuir a la vida cultural de Palas de Rei, Lugo, Santiago y Galicia, y a la experiencia de los caminantes &#8211; las casi 500.000 personas que recorren anualmente el Camino de Santiago, muchas de las cuales pasan por Palas de Rei.<\/span><\/li>\n<\/ul>\n<span style=\"color: ##808080;\">En concreto, Do Picho apoya a artistas y proyectos que se comprometen con:<\/span>\n<ul style=\"color: ##808080;\">\n \t<li><span style=\"color: ##808080;\">Cuestiones medioambientales y su impacto en las personas, en todo el mundo y espec\u00edficamente en Galicia;<\/span><\/li>\n \t<li><span style=\"color: ##808080;\">cuestiones LGBTQI;<\/span><\/li>\n \t<li><span style=\"color: ##808080;\">derechos humanos en general.<\/span><\/li>\n<\/ul>\n<span style=\"color: ##808080;\">Para los m\u00fasicos, existe un inter\u00e9s adicional: apoyarles para que se comprometan con la m\u00fasica y los m\u00fasicos gallegos, y para que creen (e interpreten) m\u00fasica inspirada en ellos y\/o con ellos.<\/span>\n\n<\/div>\n<\/div>\t\t\t\t\t\t\t\t<\/div>\n\t\t\t\t<\/div>\n\t\t\t\t\t<\/div>\n\t\t<\/div>\n\t\t\t\t\t<\/div>\n\t\t<\/section>\n\t\t\t\t<section class=\"elementor-section elementor-top-section elementor-element elementor-element-296045a elementor-section-boxed elementor-section-height-default elementor-section-height-default\" data-id=\"296045a\" data-element_type=\"section\" data-e-type=\"section\">\n\t\t\t\t\t\t<div class=\"elementor-container elementor-column-gap-extended\">\n\t\t\t\t\t<div class=\"elementor-column elementor-col-50 elementor-top-column elementor-element elementor-element-4912039 sc_inner_width_none sc_content_align_inherit sc_layouts_column_icons_position_left\" data-id=\"4912039\" data-element_type=\"column\" data-e-type=\"column\">\n\t\t\t<div class=\"elementor-widget-wrap elementor-element-populated\">\n\t\t\t\t\t\t<div class=\"elementor-element elementor-element-208e648 elementor-align-left animation_type_block sc_fly_static elementor-widget elementor-widget-button\" data-id=\"208e648\" data-element_type=\"widget\" data-e-type=\"widget\" data-widget_type=\"button.default\">\n\t\t\t\t<div class=\"elementor-widget-container\">\n\t\t\t\t\t\t\t\t\t<div class=\"elementor-button-wrapper\">\n\t\t\t\t\t<a class=\"elementor-button elementor-button-link elementor-size-sm\" href=\"https:\/\/dopicho.com\/es\/convocatorias-abiertas\/\">\n\t\t\t\t\t\t<span class=\"elementor-button-content-wrapper\">\n\t\t\t\t\t\t<span class=\"elementor-button-icon\">\n\t\t\t\t<i aria-hidden=\"true\" class=\"fas fa-long-arrow-alt-left\"><\/i>\t\t\t<\/span>\n\t\t\t\t\t\t\t\t\t<span class=\"elementor-button-text\">Convocatorias abiertas<\/span>\n\t\t\t\t\t<\/span>\n\t\t\t\t\t<\/a>\n\t\t\t\t<\/div>\n\t\t\t\t\t\t\t\t<\/div>\n\t\t\t\t<\/div>\n\t\t\t\t\t<\/div>\n\t\t<\/div>\n\t\t\t\t<div class=\"elementor-column elementor-col-50 elementor-top-column elementor-element elementor-element-2f04288 sc_inner_width_none sc_content_align_inherit sc_layouts_column_icons_position_left\" data-id=\"2f04288\" data-element_type=\"column\" data-e-type=\"column\">\n\t\t\t<div class=\"elementor-widget-wrap elementor-element-populated\">\n\t\t\t\t\t\t<div class=\"elementor-element elementor-element-c354579 elementor-align-right animation_type_block sc_fly_static elementor-widget elementor-widget-button\" data-id=\"c354579\" data-element_type=\"widget\" data-e-type=\"widget\" data-widget_type=\"button.default\">\n\t\t\t\t<div class=\"elementor-widget-container\">\n\t\t\t\t\t\t\t\t\t<div class=\"elementor-button-wrapper\">\n\t\t\t\t\t<a class=\"elementor-button elementor-button-link elementor-size-sm\" href=\"https:\/\/dopicho.com\/es\/mision\/\">\n\t\t\t\t\t\t<span class=\"elementor-button-content-wrapper\">\n\t\t\t\t\t\t<span class=\"elementor-button-icon\">\n\t\t\t\t<i aria-hidden=\"true\" class=\"fas fa-long-arrow-alt-right\"><\/i>\t\t\t<\/span>\n\t\t\t\t\t\t\t\t\t<span class=\"elementor-button-text\">Misi\u00f3n<\/span>\n\t\t\t\t\t<\/span>\n\t\t\t\t\t<\/a>\n\t\t\t\t<\/div>\n\t\t\t\t\t\t\t\t<\/div>\n\t\t\t\t<\/div>\n\t\t\t\t\t<\/div>\n\t\t<\/div>\n\t\t\t\t\t<\/div>\n\t\t<\/section>\n\t\t\t\t<\/div>\n\t\t","protected":false},"excerpt":{"rendered":"<p>OBJETIVOS Do Picho es una residencia art\u00edstica sin \u00e1nimo de lucro dedicada al fomento de la libertad, la creatividad y la seguridad de los artistas, as\u00ed como a la promoci\u00f3n y protecci\u00f3n de los derechos humanos y el medio ambiente. Abri\u00f3 sus puertas en agosto&hellip;<\/p>\n","protected":false},"author":3,"featured_media":0,"parent":0,"menu_order":0,"comment_status":"closed","ping_status":"closed","template":"elementor_theme","meta":{"footnotes":""},"class_list":["post-8128","page","type-page","status-publish","hentry"],"jetpack_sharing_enabled":true,"_links":{"self":[{"href":"https:\/\/dopicho.com\/es\/wp-json\/wp\/v2\/pages\/8128","targetHints":{"allow":["GET"]}}],"collection":[{"href":"https:\/\/dopicho.com\/es\/wp-json\/wp\/v2\/pages"}],"about":[{"href":"https:\/\/dopicho.com\/es\/wp-json\/wp\/v2\/types\/page"}],"author":[{"embeddable":true,"href":"https:\/\/dopicho.com\/es\/wp-json\/wp\/v2\/users\/3"}],"replies":[{"embeddable":true,"href":"https:\/\/dopicho.com\/es\/wp-json\/wp\/v2\/comments?post=8128"}],"version-history":[{"count":19,"href":"https:\/\/dopicho.com\/es\/wp-json\/wp\/v2\/pages\/8128\/revisions"}],"predecessor-version":[{"id":10324,"href":"https:\/\/dopicho.com\/es\/wp-json\/wp\/v2\/pages\/8128\/revisions\/10324"}],"wp:attachment":[{"href":"https:\/\/dopicho.com\/es\/wp-json\/wp\/v2\/media?parent=8128"}],"curies":[{"name":"wp","href":"https:\/\/api.w.org\/{rel}","templated":true}]}}