{"id":8257,"date":"2025-10-01T14:24:29","date_gmt":"2025-10-01T14:24:29","guid":{"rendered":"https:\/\/dopicho.com\/celulosa-invasiva\/"},"modified":"2026-01-14T11:46:02","modified_gmt":"2026-01-14T11:46:02","slug":"celulosa-invasiva","status":"publish","type":"page","link":"https:\/\/dopicho.com\/es\/celulosa-invasiva\/","title":{"rendered":"Celulosa invasiva"},"content":{"rendered":"\t\t<div data-elementor-type=\"wp-page\" data-elementor-id=\"8257\" class=\"elementor elementor-8257 elementor-10529\">\n\t\t\t\t\t\t<section class=\"elementor-section elementor-top-section elementor-element elementor-element-1f3f643 elementor-section-boxed elementor-section-height-default elementor-section-height-default\" data-id=\"1f3f643\" data-element_type=\"section\" data-e-type=\"section\">\n\t\t\t\t\t\t<div class=\"elementor-container elementor-column-gap-extended\">\n\t\t\t\t\t<div class=\"elementor-column elementor-col-100 elementor-top-column elementor-element elementor-element-d99d3e9 sc_inner_width_none sc_content_align_inherit sc_layouts_column_icons_position_left\" data-id=\"d99d3e9\" data-element_type=\"column\" data-e-type=\"column\">\n\t\t\t<div class=\"elementor-widget-wrap elementor-element-populated\">\n\t\t\t\t\t\t<div class=\"elementor-element elementor-element-1c0149b animation_type_block sc_fly_static elementor-widget elementor-widget-text-editor\" data-id=\"1c0149b\" data-element_type=\"widget\" data-e-type=\"widget\" data-widget_type=\"text-editor.default\">\n\t\t\t\t<div class=\"elementor-widget-container\">\n\t\t\t\t\t\t\t\t\t<p><img fetchpriority=\"high\" decoding=\"async\" class=\"alignnone wp-image-3886 size-full\" src=\"https:\/\/dopicho.com\/wp-content\/uploads\/2024\/12\/Bildschirmfoto-2024-10-24-um-13.40.42-Kopie.jpg\" alt=\"\" width=\"2038\" height=\"1144\" srcset=\"https:\/\/dopicho.com\/wp-content\/uploads\/2024\/12\/Bildschirmfoto-2024-10-24-um-13.40.42-Kopie.jpg 2038w, https:\/\/dopicho.com\/wp-content\/uploads\/2024\/12\/Bildschirmfoto-2024-10-24-um-13.40.42-Kopie-300x168.jpg 300w, https:\/\/dopicho.com\/wp-content\/uploads\/2024\/12\/Bildschirmfoto-2024-10-24-um-13.40.42-Kopie-1024x575.jpg 1024w, https:\/\/dopicho.com\/wp-content\/uploads\/2024\/12\/Bildschirmfoto-2024-10-24-um-13.40.42-Kopie-768x431.jpg 768w, https:\/\/dopicho.com\/wp-content\/uploads\/2024\/12\/Bildschirmfoto-2024-10-24-um-13.40.42-Kopie-1536x862.jpg 1536w, https:\/\/dopicho.com\/wp-content\/uploads\/2024\/12\/Bildschirmfoto-2024-10-24-um-13.40.42-Kopie-370x208.jpg 370w, https:\/\/dopicho.com\/wp-content\/uploads\/2024\/12\/Bildschirmfoto-2024-10-24-um-13.40.42-Kopie-1170x658.jpg 1170w, https:\/\/dopicho.com\/wp-content\/uploads\/2024\/12\/Bildschirmfoto-2024-10-24-um-13.40.42-Kopie-770x432.jpg 770w, https:\/\/dopicho.com\/wp-content\/uploads\/2024\/12\/Bildschirmfoto-2024-10-24-um-13.40.42-Kopie-270x152.jpg 270w\" sizes=\"(max-width: 2038px) 100vw, 2038px\" \/><\/p>\t\t\t\t\t\t\t\t<\/div>\n\t\t\t\t<\/div>\n\t\t\t\t\t<\/div>\n\t\t<\/div>\n\t\t\t\t\t<\/div>\n\t\t<\/section>\n\t\t\t\t<section class=\"elementor-section elementor-top-section elementor-element elementor-element-dae1acd elementor-section-boxed elementor-section-height-default elementor-section-height-default\" data-id=\"dae1acd\" data-element_type=\"section\" data-e-type=\"section\">\n\t\t\t\t\t\t<div class=\"elementor-container elementor-column-gap-extended\">\n\t\t\t\t\t<div class=\"elementor-column elementor-col-100 elementor-top-column elementor-element elementor-element-c8cdd64 sc_inner_width_none sc_content_align_inherit sc_layouts_column_icons_position_left\" data-id=\"c8cdd64\" data-element_type=\"column\" data-e-type=\"column\">\n\t\t\t<div class=\"elementor-widget-wrap elementor-element-populated\">\n\t\t\t\t\t\t<div class=\"elementor-element elementor-element-e4652c5 animation_type_block sc_fly_static elementor-widget elementor-widget-text-editor\" data-id=\"e4652c5\" data-element_type=\"widget\" data-e-type=\"widget\" data-widget_type=\"text-editor.default\">\n\t\t\t\t<div class=\"elementor-widget-container\">\n\t\t\t\t\t\t\t\t\t<p><span style=\"color: #93938f; font-family: Metropolis, sans-serif; font-size: 14px; font-style: normal; font-weight: 500;\">Blog, 23\/12\/2024<\/span><\/p>\t\t\t\t\t\t\t\t<\/div>\n\t\t\t\t<\/div>\n\t\t\t\t\t<\/div>\n\t\t<\/div>\n\t\t\t\t\t<\/div>\n\t\t<\/section>\n\t\t\t\t<section class=\"elementor-section elementor-top-section elementor-element elementor-element-1ccc917 elementor-section-boxed elementor-section-height-default elementor-section-height-default\" data-id=\"1ccc917\" data-element_type=\"section\" data-e-type=\"section\">\n\t\t\t\t\t\t<div class=\"elementor-container elementor-column-gap-extended\">\n\t\t\t\t\t<div class=\"elementor-column elementor-col-100 elementor-top-column elementor-element elementor-element-401dad0 sc_inner_width_none sc_content_align_inherit sc_layouts_column_icons_position_left\" data-id=\"401dad0\" data-element_type=\"column\" data-e-type=\"column\">\n\t\t\t<div class=\"elementor-widget-wrap elementor-element-populated\">\n\t\t\t\t\t\t<div class=\"elementor-element elementor-element-01c118b animation_type_block sc_fly_static elementor-widget elementor-widget-heading\" data-id=\"01c118b\" data-element_type=\"widget\" data-e-type=\"widget\" data-widget_type=\"heading.default\">\n\t\t\t\t<div class=\"elementor-widget-container\">\n\t\t\t\t\t<h4 class=\"elementor-heading-title elementor-size-default\"><span style=\"font-family: Metropolis, sans-serif;font-size: 20px;font-style: normal;font-weight: 600\">CELULOSA INVASIVA<\/span><\/h4>\t\t\t\t<\/div>\n\t\t\t\t<\/div>\n\t\t\t\t\t<\/div>\n\t\t<\/div>\n\t\t\t\t\t<\/div>\n\t\t<\/section>\n\t\t\t\t<section class=\"elementor-section elementor-top-section elementor-element elementor-element-5f55e28 elementor-section-boxed elementor-section-height-default elementor-section-height-default\" data-id=\"5f55e28\" data-element_type=\"section\" data-e-type=\"section\">\n\t\t\t\t\t\t<div class=\"elementor-container elementor-column-gap-extended\">\n\t\t\t\t\t<div class=\"elementor-column elementor-col-100 elementor-top-column elementor-element elementor-element-e3cd55b sc_inner_width_none sc_content_align_inherit sc_layouts_column_icons_position_left\" data-id=\"e3cd55b\" data-element_type=\"column\" data-e-type=\"column\">\n\t\t\t<div class=\"elementor-widget-wrap elementor-element-populated\">\n\t\t\t\t\t\t<div class=\"elementor-element elementor-element-503833d animation_type_block sc_fly_static elementor-widget elementor-widget-text-editor\" data-id=\"503833d\" data-element_type=\"widget\" data-e-type=\"widget\" data-widget_type=\"text-editor.default\">\n\t\t\t\t<div class=\"elementor-widget-container\">\n\t\t\t\t\t\t\t\t\t<p>Llevo ya unos 20 a\u00f1os explorando cuestiones medioambientales en mi trabajo art\u00edstico. Por eso, durante mi residencia en <g id=\"gid_0\">Do<\/g> Picho me result\u00f3 muy emocionante investigar las consecuencias ecol\u00f3gicas que tendr\u00eda la construcci\u00f3n de una enorme f\u00e1brica de celulosa en Palas de Rei. Las conversaciones con los representantes locales del muy activo movimiento ecologista <g id=\"gid_1\">Altri<\/g> Non fueron tan importantes como los intercambios con todo el equipo de <g id=\"gid_2\">Do<\/g> Picho, que tambi\u00e9n me apoy\u00f3 con consejos y ayuda: Ralf y Jaime investigaron localizaciones interesantes, viajaron conmigo a muchos lugares de Galicia, invitaron a interlocutores interesantes, remaron en la canoa mientras yo grababa v\u00eddeos submarinos. \u00a1Jaime incluso result\u00f3 ser un operador de drones con mucho talento!   <\/p><p>A partir de lo que pude filmar en Galicia desarrollar\u00e9 una videoinstalaci\u00f3n que ya ha sido aceptada para su exposici\u00f3n en la Haus der Kunst de Munich en el verano de 2025, y que tenemos previsto exponer tambi\u00e9n en Galicia y Madrid.<\/p><p>Me alegr\u00f3 mucho comprobar que la cat\u00e1strofe ecol\u00f3gica (y otras graves consecuencias negativas para el futuro del centro de Galicia y de sus gentes) que acompa\u00f1ar\u00eda a la construcci\u00f3n de la f\u00e1brica han dado lugar a la creaci\u00f3n de un movimiento de resistencia muy fuerte y de amplia base y han desencadenado intensos procesos de construcci\u00f3n comunitaria.<\/p><p>Me gustar\u00eda basarme en esto en un paso m\u00e1s de mi trabajo: adem\u00e1s de la presentaci\u00f3n en museos, para m\u00ed es importante llevar la obra de arte al espacio p\u00fablico para llegar a un p\u00fablico m\u00e1s amplio. Con este fin, he desarrollado el formato de una plataforma de v\u00eddeo m\u00f3vil con la que me gustar\u00eda introducir CELULOSA INVASIVA en el \u00e1mbito p\u00fablico: La obra se mostrar\u00e1 en ciudades grandes y peque\u00f1as de Galicia en una especie de \u00abt\u00e1ctica de guerrilla del arte\u00bb, acompa\u00f1ada de conferencias, debates y acciones de protesta. <\/p><div class=\"wp-block-columns are-vertically-aligned-top\"><div class=\"wp-block-column is-vertically-aligned-top\" style=\"flex-basis: 100%;\"><p>Estoy muy impresionado por el compromiso de Ralf de crear esta residencia art\u00edstica y dirigirla con tanta energ\u00eda y dedicaci\u00f3n. En un espacio de tiempo relativamente corto, \u00e9l y su equipo ya han establecido muchas conexiones personales que estoy seguro seguir\u00e1n creciendo. Tambi\u00e9n me gustar\u00eda dar las gracias a todas las dem\u00e1s personas que apoyan a Do Picho en segundo plano, especialmente a Guille Tort y a Santiago Concheiro. Y estoy muy ilusionada con los eventos que Do Picho est\u00e1 planeando para el a\u00f1o que viene, que reunir\u00e1n a todos los artistas que ya han residido en Do Picho y a los que lo har\u00e1n en 2025, creando una red que ojal\u00e1 mueva monta\u00f1as, o al menos ayude a detener la invasi\u00f3n que supondr\u00eda la construcci\u00f3n de una enorme f\u00e1brica de papel.   <\/p><p><a href=\"https:\/\/dopicho.com\/es\/stefanie-zoche\/\" data-type=\"link\" data-id=\"https:\/\/dopicho.com\/team\/stefanie-zoche\/\">Stefanie Zoche<br>Artista residente en Do Picho (septiembre-octubre de 2024)<\/a><\/p><\/div><\/div>\t\t\t\t\t\t\t\t<\/div>\n\t\t\t\t<\/div>\n\t\t\t\t\t<\/div>\n\t\t<\/div>\n\t\t\t\t\t<\/div>\n\t\t<\/section>\n\t\t\t\t<section class=\"elementor-section elementor-top-section elementor-element elementor-element-4ecec4f elementor-section-boxed elementor-section-height-default elementor-section-height-default\" data-id=\"4ecec4f\" data-element_type=\"section\" data-e-type=\"section\">\n\t\t\t\t\t\t<div class=\"elementor-container elementor-column-gap-extended\">\n\t\t\t\t\t<div class=\"elementor-column elementor-col-100 elementor-top-column elementor-element elementor-element-93a9236 sc_inner_width_none sc_content_align_inherit sc_layouts_column_icons_position_left\" data-id=\"93a9236\" data-element_type=\"column\" data-e-type=\"column\">\n\t\t\t<div class=\"elementor-widget-wrap elementor-element-populated\">\n\t\t\t\t\t\t<div class=\"elementor-element elementor-element-9a09486 animation_type_block sc_fly_static elementor-widget elementor-widget-video\" data-id=\"9a09486\" data-element_type=\"widget\" data-e-type=\"widget\" data-settings=\"{&quot;youtube_url&quot;:&quot;https:\\\/\\\/www.youtube.com\\\/watch?v=w1M56OZKR-8&quot;,&quot;video_type&quot;:&quot;youtube&quot;,&quot;controls&quot;:&quot;yes&quot;}\" data-widget_type=\"video.default\">\n\t\t\t\t<div class=\"elementor-widget-container\">\n\t\t\t\t\t\t\t<div class=\"elementor-wrapper elementor-open-inline\">\n\t\t\t<div class=\"elementor-video\"><\/div>\t\t<\/div>\n\t\t\t\t\t\t<\/div>\n\t\t\t\t<\/div>\n\t\t\t\t\t<\/div>\n\t\t<\/div>\n\t\t\t\t\t<\/div>\n\t\t<\/section>\n\t\t\t\t<section class=\"elementor-section elementor-top-section elementor-element elementor-element-296045a elementor-section-boxed elementor-section-height-default elementor-section-height-default\" data-id=\"296045a\" data-element_type=\"section\" data-e-type=\"section\">\n\t\t\t\t\t\t<div class=\"elementor-container elementor-column-gap-extended\">\n\t\t\t\t\t<div class=\"elementor-column elementor-col-50 elementor-top-column elementor-element elementor-element-4912039 sc_inner_width_none sc_content_align_inherit sc_layouts_column_icons_position_left\" data-id=\"4912039\" data-element_type=\"column\" data-e-type=\"column\">\n\t\t\t<div class=\"elementor-widget-wrap elementor-element-populated\">\n\t\t\t\t\t\t<div class=\"elementor-element elementor-element-208e648 elementor-align-left animation_type_block sc_fly_static elementor-widget elementor-widget-button\" data-id=\"208e648\" data-element_type=\"widget\" data-e-type=\"widget\" data-widget_type=\"button.default\">\n\t\t\t\t<div class=\"elementor-widget-container\">\n\t\t\t\t\t\t\t\t\t<div class=\"elementor-button-wrapper\">\n\t\t\t\t\t<a class=\"elementor-button elementor-button-link elementor-size-sm\" href=\"https:\/\/dopicho.com\/es\/do-picho-en-2025\/\">\n\t\t\t\t\t\t<span class=\"elementor-button-content-wrapper\">\n\t\t\t\t\t\t<span class=\"elementor-button-icon\">\n\t\t\t\t<i aria-hidden=\"true\" class=\"fas fa-long-arrow-alt-left\"><\/i>\t\t\t<\/span>\n\t\t\t\t\t\t\t\t\t<span class=\"elementor-button-text\">Do Picho en 2025<\/span>\n\t\t\t\t\t<\/span>\n\t\t\t\t\t<\/a>\n\t\t\t\t<\/div>\n\t\t\t\t\t\t\t\t<\/div>\n\t\t\t\t<\/div>\n\t\t\t\t\t<\/div>\n\t\t<\/div>\n\t\t\t\t<div class=\"elementor-column elementor-col-50 elementor-top-column elementor-element elementor-element-2f04288 sc_inner_width_none sc_content_align_inherit sc_layouts_column_icons_position_left\" data-id=\"2f04288\" data-element_type=\"column\" data-e-type=\"column\">\n\t\t\t<div class=\"elementor-widget-wrap elementor-element-populated\">\n\t\t\t\t\t\t<div class=\"elementor-element elementor-element-c354579 elementor-align-right animation_type_block sc_fly_static elementor-widget elementor-widget-button\" data-id=\"c354579\" data-element_type=\"widget\" data-e-type=\"widget\" data-widget_type=\"button.default\">\n\t\t\t\t<div class=\"elementor-widget-container\">\n\t\t\t\t\t\t\t\t\t<div class=\"elementor-button-wrapper\">\n\t\t\t\t\t<a class=\"elementor-button elementor-button-link elementor-size-sm\" href=\"https:\/\/dopicho.com\/es\/do-picho-celebra\/\">\n\t\t\t\t\t\t<span class=\"elementor-button-content-wrapper\">\n\t\t\t\t\t\t<span class=\"elementor-button-icon\">\n\t\t\t\t<i aria-hidden=\"true\" class=\"fas fa-long-arrow-alt-right\"><\/i>\t\t\t<\/span>\n\t\t\t\t\t\t\t\t\t<span class=\"elementor-button-text\">Do Picho celebra<\/span>\n\t\t\t\t\t<\/span>\n\t\t\t\t\t<\/a>\n\t\t\t\t<\/div>\n\t\t\t\t\t\t\t\t<\/div>\n\t\t\t\t<\/div>\n\t\t\t\t\t<\/div>\n\t\t<\/div>\n\t\t\t\t\t<\/div>\n\t\t<\/section>\n\t\t\t\t<\/div>\n\t\t","protected":false},"excerpt":{"rendered":"<p>Blog, 23\/12\/2024 CELULOSA INVASIVA Llevo ya unos 20 a\u00f1os explorando cuestiones medioambientales en mi trabajo art\u00edstico. Por eso, durante mi residencia en Do Picho me result\u00f3 muy emocionante investigar las consecuencias ecol\u00f3gicas que tendr\u00eda la construcci\u00f3n de una enorme f\u00e1brica de celulosa en Palas de&hellip;<\/p>\n","protected":false},"author":3,"featured_media":0,"parent":0,"menu_order":0,"comment_status":"closed","ping_status":"closed","template":"","meta":{"footnotes":""},"class_list":["post-8257","page","type-page","status-publish","hentry"],"jetpack_sharing_enabled":true,"_links":{"self":[{"href":"https:\/\/dopicho.com\/es\/wp-json\/wp\/v2\/pages\/8257","targetHints":{"allow":["GET"]}}],"collection":[{"href":"https:\/\/dopicho.com\/es\/wp-json\/wp\/v2\/pages"}],"about":[{"href":"https:\/\/dopicho.com\/es\/wp-json\/wp\/v2\/types\/page"}],"author":[{"embeddable":true,"href":"https:\/\/dopicho.com\/es\/wp-json\/wp\/v2\/users\/3"}],"replies":[{"embeddable":true,"href":"https:\/\/dopicho.com\/es\/wp-json\/wp\/v2\/comments?post=8257"}],"version-history":[{"count":9,"href":"https:\/\/dopicho.com\/es\/wp-json\/wp\/v2\/pages\/8257\/revisions"}],"predecessor-version":[{"id":9579,"href":"https:\/\/dopicho.com\/es\/wp-json\/wp\/v2\/pages\/8257\/revisions\/9579"}],"wp:attachment":[{"href":"https:\/\/dopicho.com\/es\/wp-json\/wp\/v2\/media?parent=8257"}],"curies":[{"name":"wp","href":"https:\/\/api.w.org\/{rel}","templated":true}]}}