{"id":8263,"date":"2025-10-01T14:11:15","date_gmt":"2025-10-01T14:11:15","guid":{"rendered":"https:\/\/dopicho.com\/coming-back-to-do-picho\/"},"modified":"2025-11-22T07:22:17","modified_gmt":"2025-11-22T07:22:17","slug":"de-vuelta-a-do-picho","status":"publish","type":"page","link":"https:\/\/dopicho.com\/es\/de-vuelta-a-do-picho\/","title":{"rendered":"DE VUELTA A DO PICHO"},"content":{"rendered":"\t\t<div data-elementor-type=\"wp-page\" data-elementor-id=\"8263\" class=\"elementor elementor-8263 elementor-8216\">\n\t\t\t\t\t\t<section class=\"elementor-section elementor-top-section elementor-element elementor-element-1f3f643 elementor-section-boxed elementor-section-height-default elementor-section-height-default\" data-id=\"1f3f643\" data-element_type=\"section\" data-e-type=\"section\">\n\t\t\t\t\t\t<div class=\"elementor-container elementor-column-gap-extended\">\n\t\t\t\t\t<div class=\"elementor-column elementor-col-100 elementor-top-column elementor-element elementor-element-d99d3e9 sc_inner_width_none sc_content_align_inherit sc_layouts_column_icons_position_left\" data-id=\"d99d3e9\" data-element_type=\"column\" data-e-type=\"column\">\n\t\t\t<div class=\"elementor-widget-wrap elementor-element-populated\">\n\t\t\t\t\t\t<div class=\"elementor-element elementor-element-1c0149b animation_type_block sc_fly_static elementor-widget elementor-widget-text-editor\" data-id=\"1c0149b\" data-element_type=\"widget\" data-e-type=\"widget\" data-widget_type=\"text-editor.default\">\n\t\t\t\t<div class=\"elementor-widget-container\">\n\t\t\t\t\t\t\t\t\t<p><img fetchpriority=\"high\" decoding=\"async\" class=\"alignnone wp-image-6623 size-full\" src=\"https:\/\/dopicho.com\/wp-content\/uploads\/2025\/08\/JeanBundrit-UnsettledSpaces-6.jpg\" alt=\"\" width=\"1500\" height=\"1000\" srcset=\"https:\/\/dopicho.com\/wp-content\/uploads\/2025\/08\/JeanBundrit-UnsettledSpaces-6.jpg 1500w, https:\/\/dopicho.com\/wp-content\/uploads\/2025\/08\/JeanBundrit-UnsettledSpaces-6-300x200.jpg 300w, https:\/\/dopicho.com\/wp-content\/uploads\/2025\/08\/JeanBundrit-UnsettledSpaces-6-1024x683.jpg 1024w, https:\/\/dopicho.com\/wp-content\/uploads\/2025\/08\/JeanBundrit-UnsettledSpaces-6-768x512.jpg 768w, https:\/\/dopicho.com\/wp-content\/uploads\/2025\/08\/JeanBundrit-UnsettledSpaces-6-370x247.jpg 370w, https:\/\/dopicho.com\/wp-content\/uploads\/2025\/08\/JeanBundrit-UnsettledSpaces-6-770x513.jpg 770w\" sizes=\"(max-width: 1500px) 100vw, 1500px\" \/><\/p>\t\t\t\t\t\t\t\t<\/div>\n\t\t\t\t<\/div>\n\t\t\t\t\t<\/div>\n\t\t<\/div>\n\t\t\t\t\t<\/div>\n\t\t<\/section>\n\t\t\t\t<section class=\"elementor-section elementor-top-section elementor-element elementor-element-dae1acd elementor-section-boxed elementor-section-height-default elementor-section-height-default\" data-id=\"dae1acd\" data-element_type=\"section\" data-e-type=\"section\">\n\t\t\t\t\t\t<div class=\"elementor-container elementor-column-gap-extended\">\n\t\t\t\t\t<div class=\"elementor-column elementor-col-100 elementor-top-column elementor-element elementor-element-c8cdd64 sc_inner_width_none sc_content_align_inherit sc_layouts_column_icons_position_left\" data-id=\"c8cdd64\" data-element_type=\"column\" data-e-type=\"column\">\n\t\t\t<div class=\"elementor-widget-wrap elementor-element-populated\">\n\t\t\t\t\t\t<div class=\"elementor-element elementor-element-e4652c5 animation_type_block sc_fly_static elementor-widget elementor-widget-text-editor\" data-id=\"e4652c5\" data-element_type=\"widget\" data-e-type=\"widget\" data-widget_type=\"text-editor.default\">\n\t\t\t\t<div class=\"elementor-widget-container\">\n\t\t\t\t\t\t\t\t\t<p><span style=\"color: #93938f; font-family: Metropolis, sans-serif; font-size: 14px; font-style: normal; font-weight: 500;\">Blog, 01\/09\/2025<\/span><\/p>\t\t\t\t\t\t\t\t<\/div>\n\t\t\t\t<\/div>\n\t\t\t\t\t<\/div>\n\t\t<\/div>\n\t\t\t\t\t<\/div>\n\t\t<\/section>\n\t\t\t\t<section class=\"elementor-section elementor-top-section elementor-element elementor-element-1ccc917 elementor-section-boxed elementor-section-height-default elementor-section-height-default\" data-id=\"1ccc917\" data-element_type=\"section\" data-e-type=\"section\">\n\t\t\t\t\t\t<div class=\"elementor-container elementor-column-gap-extended\">\n\t\t\t\t\t<div class=\"elementor-column elementor-col-100 elementor-top-column elementor-element elementor-element-401dad0 sc_inner_width_none sc_content_align_inherit sc_layouts_column_icons_position_left\" data-id=\"401dad0\" data-element_type=\"column\" data-e-type=\"column\">\n\t\t\t<div class=\"elementor-widget-wrap elementor-element-populated\">\n\t\t\t\t\t\t<div class=\"elementor-element elementor-element-01c118b animation_type_block sc_fly_static elementor-widget elementor-widget-heading\" data-id=\"01c118b\" data-element_type=\"widget\" data-e-type=\"widget\" data-widget_type=\"heading.default\">\n\t\t\t\t<div class=\"elementor-widget-container\">\n\t\t\t\t\t<h4 class=\"elementor-heading-title elementor-size-default\">DE VUELTA A DO PICHO<\/h4>\t\t\t\t<\/div>\n\t\t\t\t<\/div>\n\t\t\t\t\t<\/div>\n\t\t<\/div>\n\t\t\t\t\t<\/div>\n\t\t<\/section>\n\t\t\t\t<section class=\"elementor-section elementor-top-section elementor-element elementor-element-5f55e28 elementor-section-boxed elementor-section-height-default elementor-section-height-default\" data-id=\"5f55e28\" data-element_type=\"section\" data-e-type=\"section\">\n\t\t\t\t\t\t<div class=\"elementor-container elementor-column-gap-extended\">\n\t\t\t\t\t<div class=\"elementor-column elementor-col-100 elementor-top-column elementor-element elementor-element-e3cd55b sc_inner_width_none sc_content_align_inherit sc_layouts_column_icons_position_left\" data-id=\"e3cd55b\" data-element_type=\"column\" data-e-type=\"column\">\n\t\t\t<div class=\"elementor-widget-wrap elementor-element-populated\">\n\t\t\t\t\t\t<div class=\"elementor-element elementor-element-503833d animation_type_block sc_fly_static elementor-widget elementor-widget-text-editor\" data-id=\"503833d\" data-element_type=\"widget\" data-e-type=\"widget\" data-widget_type=\"text-editor.default\">\n\t\t\t\t<div class=\"elementor-widget-container\">\n\t\t\t\t\t\t\t\t\t<p>En agosto\/septiembre de 2024, pas\u00e9 tres semanas como la primera artista residente de Do Picho. Esta fue tambi\u00e9n mi primera vez en Galicia. La residencia me brind\u00f3 la tranquilidad y el tiempo que tanto necesitaba para concentrarme en mi creaci\u00f3n art\u00edstica. La casa de la residencia es preciosa, con amplias mesas de trabajo y mucha luz, y da a un extenso jard\u00edn, tras el cual se extienden colinas boscosas: una vista magn\u00edfica para contemplar mientras se piensa creativamente. Sumado a las otras c\u00f3modas \u00e1reas de estar (dormitorios, cocina y ba\u00f1o) y las visitas ocasionales de los dos gatos de Ralf, esto cre\u00f3 un espacio propicio para trabajar con una sensaci\u00f3n de bienestar. Una gran ventaja: el espacio tambi\u00e9n fue acogedor para mi pareja, Ginny, quien pudo concentrarse en su trabajo de escritura.      <\/p><p>Como artista que trabaja con la fotograf\u00eda, necesitaba salir al mundo. El equipo de Do Picho lo hizo posible. Le present\u00e9 mi proyecto a Ralf antes de comenzar la residencia y hablamos del vertido de pellets de pl\u00e1stico ocurrido el diciembre anterior en la costa gallega. As\u00ed que plane\u00f3 una excursi\u00f3n de dos d\u00edas a la costa para que me familiarizara con la zona. Visitamos lugares hist\u00f3ricos del complejo pasado de Galicia, acantilados y playas, experimentamos una amplia gama de climas y pasamos la noche en una casa en la playa cerca de A Coru\u00f1a. El segundo d\u00eda comenz\u00f3 con un emocionante ba\u00f1o en el Atl\u00e1ntico Norte, \u00a1literalmente inmerso en mi \u00e1rea de investigaci\u00f3n! Las fotograf\u00edas que tom\u00e9 y las experiencias que viv\u00ed durante este viaje orientaron el rumbo de mi proyecto. Explor\u00e9 diferentes opciones, haciendo peque\u00f1as cianotipias e imprimiendo fotograf\u00edas digitales del viaje. Mi proyecto empez\u00f3 a llenar las mesas de la casa de la residencia.         <\/p><p>Durante la \u00faltima semana de mi estancia, se celebr\u00f3 un evento en Do Picho para presentar la residencia y mi proyecto. Fue una ocasi\u00f3n alegre y auspiciosa. Ralf habl\u00f3 sobre sus motivaciones para organizar <g id=\"gid_0\"> residencias<\/g>, y yo habl\u00e9 de mi proyecto. Los invitados hicieron comentarios y sugerencias; \u00a1hablamos de arte!   <\/p><p><span style=\"font-size: 15px;\">El entusiasmo y el compromiso de Ralf y de todo el equipo de Do Picho hicieron que mi residencia fuera productiva, enriquecedora y maravillosa. Agradezco profundamente la generosidad de todas y todo lo que hizo posible el trabajo que ahora regreso a Galicia para exponer en el Castelo de Pambre. Do Picho y la comunidad de activistas que luchan por el medio ambiente en Galicia Central y m\u00e1s all\u00e1 ya son como mi familia; espero con ilusi\u00f3n reencontrarme con ellos.  <\/span><\/p><p><a href=\"https:\/\/dopicho.com\/es\/jean-brundrit\/\">Jean Brundrit <\/a>&#8211; <span style=\"font-size: 15px;\">Artista residente en Do Picho (agosto\/septiembre de 2024 y septiembre de 2025)<\/span><\/p>\t\t\t\t\t\t\t\t<\/div>\n\t\t\t\t<\/div>\n\t\t\t\t\t<\/div>\n\t\t<\/div>\n\t\t\t\t\t<\/div>\n\t\t<\/section>\n\t\t\t\t<section class=\"elementor-section elementor-top-section elementor-element elementor-element-296045a elementor-section-boxed elementor-section-height-default elementor-section-height-default\" data-id=\"296045a\" data-element_type=\"section\" data-e-type=\"section\">\n\t\t\t\t\t\t<div class=\"elementor-container elementor-column-gap-extended\">\n\t\t\t\t\t<div class=\"elementor-column elementor-col-50 elementor-top-column elementor-element elementor-element-4912039 sc_inner_width_none sc_content_align_inherit sc_layouts_column_icons_position_left\" data-id=\"4912039\" data-element_type=\"column\" data-e-type=\"column\">\n\t\t\t<div class=\"elementor-widget-wrap elementor-element-populated\">\n\t\t\t\t\t\t<div class=\"elementor-element elementor-element-208e648 elementor-align-left animation_type_block sc_fly_static elementor-widget elementor-widget-button\" data-id=\"208e648\" data-element_type=\"widget\" data-e-type=\"widget\" data-widget_type=\"button.default\">\n\t\t\t\t<div class=\"elementor-widget-container\">\n\t\t\t\t\t\t\t\t\t<div class=\"elementor-button-wrapper\">\n\t\t\t\t\t<a class=\"elementor-button elementor-button-link elementor-size-sm\" href=\"https:\/\/dopicho.com\/es\/podcast-el-hombre-que-se-enamoro-de-la-luna\/\">\n\t\t\t\t\t\t<span class=\"elementor-button-content-wrapper\">\n\t\t\t\t\t\t<span class=\"elementor-button-icon\">\n\t\t\t\t<i aria-hidden=\"true\" class=\"fas fa-long-arrow-alt-left\"><\/i>\t\t\t<\/span>\n\t\t\t\t\t\t\t\t\t<span class=\"elementor-button-text\">Porque la Luna tenia a llegar a Do Picho<\/span>\n\t\t\t\t\t<\/span>\n\t\t\t\t\t<\/a>\n\t\t\t\t<\/div>\n\t\t\t\t\t\t\t\t<\/div>\n\t\t\t\t<\/div>\n\t\t\t\t\t<\/div>\n\t\t<\/div>\n\t\t\t\t<div class=\"elementor-column elementor-col-50 elementor-top-column elementor-element elementor-element-2f04288 sc_inner_width_none sc_content_align_inherit sc_layouts_column_icons_position_left\" data-id=\"2f04288\" data-element_type=\"column\" data-e-type=\"column\">\n\t\t\t<div class=\"elementor-widget-wrap elementor-element-populated\">\n\t\t\t\t\t\t<div class=\"elementor-element elementor-element-c354579 elementor-align-right animation_type_block sc_fly_static elementor-widget elementor-widget-button\" data-id=\"c354579\" data-element_type=\"widget\" data-e-type=\"widget\" data-widget_type=\"button.default\">\n\t\t\t\t<div class=\"elementor-widget-container\">\n\t\t\t\t\t\t\t\t\t<div class=\"elementor-button-wrapper\">\n\t\t\t\t\t<a class=\"elementor-button elementor-button-link elementor-size-sm\" href=\"https:\/\/dopicho.com\/es\/do-picho-in-2025\/\">\n\t\t\t\t\t\t<span class=\"elementor-button-content-wrapper\">\n\t\t\t\t\t\t<span class=\"elementor-button-icon\">\n\t\t\t\t<i aria-hidden=\"true\" class=\"fas fa-long-arrow-alt-right\"><\/i>\t\t\t<\/span>\n\t\t\t\t\t\t\t\t\t<span class=\"elementor-button-text\">Do Picho en 2025<\/span>\n\t\t\t\t\t<\/span>\n\t\t\t\t\t<\/a>\n\t\t\t\t<\/div>\n\t\t\t\t\t\t\t\t<\/div>\n\t\t\t\t<\/div>\n\t\t\t\t\t<\/div>\n\t\t<\/div>\n\t\t\t\t\t<\/div>\n\t\t<\/section>\n\t\t\t\t<\/div>\n\t\t","protected":false},"excerpt":{"rendered":"<p>Blog, 01\/09\/2025 DE VUELTA A DO PICHO En agosto\/septiembre de 2024, pas\u00e9 tres semanas como la primera artista residente de Do Picho. Esta fue tambi\u00e9n mi primera vez en Galicia. La residencia me brind\u00f3 la tranquilidad y el tiempo que tanto necesitaba para concentrarme en&hellip;<\/p>\n","protected":false},"author":3,"featured_media":0,"parent":0,"menu_order":0,"comment_status":"closed","ping_status":"closed","template":"","meta":{"footnotes":""},"class_list":["post-8263","page","type-page","status-publish","hentry"],"jetpack_sharing_enabled":true,"_links":{"self":[{"href":"https:\/\/dopicho.com\/es\/wp-json\/wp\/v2\/pages\/8263","targetHints":{"allow":["GET"]}}],"collection":[{"href":"https:\/\/dopicho.com\/es\/wp-json\/wp\/v2\/pages"}],"about":[{"href":"https:\/\/dopicho.com\/es\/wp-json\/wp\/v2\/types\/page"}],"author":[{"embeddable":true,"href":"https:\/\/dopicho.com\/es\/wp-json\/wp\/v2\/users\/3"}],"replies":[{"embeddable":true,"href":"https:\/\/dopicho.com\/es\/wp-json\/wp\/v2\/comments?post=8263"}],"version-history":[{"count":12,"href":"https:\/\/dopicho.com\/es\/wp-json\/wp\/v2\/pages\/8263\/revisions"}],"predecessor-version":[{"id":9668,"href":"https:\/\/dopicho.com\/es\/wp-json\/wp\/v2\/pages\/8263\/revisions\/9668"}],"wp:attachment":[{"href":"https:\/\/dopicho.com\/es\/wp-json\/wp\/v2\/media?parent=8263"}],"curies":[{"name":"wp","href":"https:\/\/api.w.org\/{rel}","templated":true}]}}