{"id":8269,"date":"2025-10-01T14:19:16","date_gmt":"2025-10-01T14:19:16","guid":{"rendered":"https:\/\/dopicho.com\/do-picho-in-2025\/"},"modified":"2025-11-21T19:01:57","modified_gmt":"2025-11-21T19:01:57","slug":"do-picho-en-2025","status":"publish","type":"page","link":"https:\/\/dopicho.com\/es\/do-picho-en-2025\/","title":{"rendered":"Do Picho en 2025"},"content":{"rendered":"\t\t<div data-elementor-type=\"wp-page\" data-elementor-id=\"8269\" class=\"elementor elementor-8269 elementor-8230\">\n\t\t\t\t\t\t<section class=\"elementor-section elementor-top-section elementor-element elementor-element-1f3f643 elementor-section-boxed elementor-section-height-default elementor-section-height-default\" data-id=\"1f3f643\" data-element_type=\"section\" data-e-type=\"section\">\n\t\t\t\t\t\t<div class=\"elementor-container elementor-column-gap-extended\">\n\t\t\t\t\t<div class=\"elementor-column elementor-col-100 elementor-top-column elementor-element elementor-element-d99d3e9 sc_inner_width_none sc_content_align_inherit sc_layouts_column_icons_position_left\" data-id=\"d99d3e9\" data-element_type=\"column\" data-e-type=\"column\">\n\t\t\t<div class=\"elementor-widget-wrap elementor-element-populated\">\n\t\t\t\t\t\t<div class=\"elementor-element elementor-element-1c0149b animation_type_block sc_fly_static elementor-widget elementor-widget-text-editor\" data-id=\"1c0149b\" data-element_type=\"widget\" data-e-type=\"widget\" data-widget_type=\"text-editor.default\">\n\t\t\t\t<div class=\"elementor-widget-container\">\n\t\t\t\t\t\t\t\t\t<p><img fetchpriority=\"high\" decoding=\"async\" class=\"alignnone wp-image-5208 size-full\" src=\"https:\/\/dopicho.com\/wp-content\/uploads\/2025\/03\/FOTO6.jpg\" alt=\"\" width=\"2500\" height=\"1618\" srcset=\"https:\/\/dopicho.com\/wp-content\/uploads\/2025\/03\/FOTO6.jpg 2500w, https:\/\/dopicho.com\/wp-content\/uploads\/2025\/03\/FOTO6-300x194.jpg 300w, https:\/\/dopicho.com\/wp-content\/uploads\/2025\/03\/FOTO6-1024x663.jpg 1024w, https:\/\/dopicho.com\/wp-content\/uploads\/2025\/03\/FOTO6-768x497.jpg 768w, https:\/\/dopicho.com\/wp-content\/uploads\/2025\/03\/FOTO6-1536x994.jpg 1536w, https:\/\/dopicho.com\/wp-content\/uploads\/2025\/03\/FOTO6-2048x1325.jpg 2048w, https:\/\/dopicho.com\/wp-content\/uploads\/2025\/03\/FOTO6-370x239.jpg 370w, https:\/\/dopicho.com\/wp-content\/uploads\/2025\/03\/FOTO6-770x498.jpg 770w\" sizes=\"(max-width: 2500px) 100vw, 2500px\" \/><\/p>\t\t\t\t\t\t\t\t<\/div>\n\t\t\t\t<\/div>\n\t\t\t\t\t<\/div>\n\t\t<\/div>\n\t\t\t\t\t<\/div>\n\t\t<\/section>\n\t\t\t\t<section class=\"elementor-section elementor-top-section elementor-element elementor-element-dae1acd elementor-section-boxed elementor-section-height-default elementor-section-height-default\" data-id=\"dae1acd\" data-element_type=\"section\" data-e-type=\"section\">\n\t\t\t\t\t\t<div class=\"elementor-container elementor-column-gap-extended\">\n\t\t\t\t\t<div class=\"elementor-column elementor-col-100 elementor-top-column elementor-element elementor-element-c8cdd64 sc_inner_width_none sc_content_align_inherit sc_layouts_column_icons_position_left\" data-id=\"c8cdd64\" data-element_type=\"column\" data-e-type=\"column\">\n\t\t\t<div class=\"elementor-widget-wrap elementor-element-populated\">\n\t\t\t\t\t\t<div class=\"elementor-element elementor-element-e4652c5 animation_type_block sc_fly_static elementor-widget elementor-widget-text-editor\" data-id=\"e4652c5\" data-element_type=\"widget\" data-e-type=\"widget\" data-widget_type=\"text-editor.default\">\n\t\t\t\t<div class=\"elementor-widget-container\">\n\t\t\t\t\t\t\t\t\t<p><span style=\"color: #93938f; font-family: Metropolis, sans-serif; font-size: 14px; font-style: normal; font-weight: 500;\">Blog, 20\/03\/2025<\/span><\/p>\t\t\t\t\t\t\t\t<\/div>\n\t\t\t\t<\/div>\n\t\t\t\t\t<\/div>\n\t\t<\/div>\n\t\t\t\t\t<\/div>\n\t\t<\/section>\n\t\t\t\t<section class=\"elementor-section elementor-top-section elementor-element elementor-element-b6ceb16 elementor-section-boxed elementor-section-height-default elementor-section-height-default\" data-id=\"b6ceb16\" data-element_type=\"section\" data-e-type=\"section\">\n\t\t\t\t\t\t<div class=\"elementor-container elementor-column-gap-default\">\n\t\t\t\t\t<div class=\"elementor-column elementor-col-100 elementor-top-column elementor-element elementor-element-c88e3e8 sc_inner_width_none sc_content_align_inherit sc_layouts_column_icons_position_left\" data-id=\"c88e3e8\" data-element_type=\"column\" data-e-type=\"column\">\n\t\t\t<div class=\"elementor-widget-wrap elementor-element-populated\">\n\t\t\t\t\t\t<div class=\"elementor-element elementor-element-2618eab animation_type_block sc_fly_static elementor-widget elementor-widget-heading\" data-id=\"2618eab\" data-element_type=\"widget\" data-e-type=\"widget\" data-widget_type=\"heading.default\">\n\t\t\t\t<div class=\"elementor-widget-container\">\n\t\t\t\t\t<h4 class=\"elementor-heading-title elementor-size-default\">DO PICHO en 2025\n<\/h4>\t\t\t\t<\/div>\n\t\t\t\t<\/div>\n\t\t\t\t\t<\/div>\n\t\t<\/div>\n\t\t\t\t\t<\/div>\n\t\t<\/section>\n\t\t\t\t<section class=\"elementor-section elementor-top-section elementor-element elementor-element-e80dc65 elementor-section-boxed elementor-section-height-default elementor-section-height-default\" data-id=\"e80dc65\" data-element_type=\"section\" data-e-type=\"section\">\n\t\t\t\t\t\t<div class=\"elementor-container elementor-column-gap-default\">\n\t\t\t\t\t<div class=\"elementor-column elementor-col-100 elementor-top-column elementor-element elementor-element-6b88412 sc_inner_width_none sc_content_align_inherit sc_layouts_column_icons_position_left\" data-id=\"6b88412\" data-element_type=\"column\" data-e-type=\"column\">\n\t\t\t<div class=\"elementor-widget-wrap elementor-element-populated\">\n\t\t\t\t\t\t<div class=\"elementor-element elementor-element-a634624 animation_type_block sc_fly_static elementor-widget elementor-widget-text-editor\" data-id=\"a634624\" data-element_type=\"widget\" data-e-type=\"widget\" data-widget_type=\"text-editor.default\">\n\t\t\t\t<div class=\"elementor-widget-container\">\n\t\t\t\t\t\t\t\t\t<p>Dimos la bienvenida a nuestra primera artista residente, Jean Brundrit, de Ciudad del Cabo (Sud\u00e1frica), en agosto del a\u00f1o pasado, y celebramos nuestro primer acto en la residencia de artistas poco despu\u00e9s, el 11 de septiembre. Desde entonces han ocurrido muchas cosas. Lo m\u00e1s importante es que Jean y los artistas residentes que le siguieron, Stefanie Zoche, Julia Venske y Luis Antonio S\u00e1nchez Le\u00f3n, se enamoraron de Galicia y de su gente. Trabajaron estrechamente con la gente de la comunidad para crear arte que expresara lo profundamente que siente la gente de aqu\u00ed la necesidad de proteger el medio ambiente, y lo mucho que anhelan y luchan por un futuro mejor y m\u00e1s sostenible.   <\/p>\n<p><span style=\"font-size: 15px;\">Ahora, tras un breve descanso, estamos preparados para dar la bienvenida al primero de muchos artistas residentes de 2025, <\/span><a style=\"font-size: 15px; background-color: #ffffff;\" href=\"https:\/\/dopicho.com\/es\/victor-tenorio-fuertes\/\">V\u00edctor Tenorio Fuertes, de M\u00e9xico<\/a>.&nbsp;<span style=\"font-size: 15px;\">Le seguir\u00e1n en mayo <\/span><a style=\"font-size: 15px; background-color: #ffffff;\" href=\"https:\/\/dopicho.com\/es\/lisa-tognon\/\">Lisa Tognon<\/a><span style=\"font-size: 15px;\"> y <\/span><a style=\"font-size: 15px; background-color: #ffffff;\" href=\"https:\/\/dopicho.com\/es\/?page_id=7524\">Claire Varin<\/a><span style=\"font-size: 15px;\"> de Quebec, Canad\u00e1; <\/span> <g id=\"gid_6\">Ari Bayuaj<\/g><g id=\"gid_7\"> de Indonesia, en junio y julio; <\/g><g id=\"gid_8\">Alex Chowaniec<\/g><g id=\"gid_9\">en agosto; y m\u00e1s artistas y activistas en septiembre y octubre, que se anunciar\u00e1n pr\u00f3ximamente. Stefanie Zoche volver\u00e1 en junio, con <\/g> <a style=\"font-size: 15px; background-color: #ffffff;\" href=\"https:\/\/dopicho.com\/es\/celulosa-invasiva\/\"> Celulosa Invasiva<\/a><span style=\"font-size: 15px;\"> y otros proyectos, y Jean Brundrit, con quien comenz\u00f3 nuestro viaje, tambi\u00e9n volver\u00e1 en septiembre, con una exposici\u00f3n de su obra nueva y de algunas obras antiguas en Castelo de Pambre. Cada mes, abriremos nuestras puertas para charlas de artistas, para crear arte con miembros de la comunidad, para proyectos de colaboraci\u00f3n y, s\u00ed, para m\u00fasica y danza. <\/span>   <\/p>\n<p><span style=\"font-size: 15px;\">En un mundo que cada d\u00eda da m\u00e1s miedo, Do Picho seguir\u00e1 hablando alto y claro contra la codicia y la corrupci\u00f3n de las empresas; sobre la necesidad de proteger y promover los derechos humanos de todos y salvaguardar el medio ambiente; y sobre por qu\u00e9 es tan importante apoyar la libertad y la creatividad de los artistas. Esperamos ofrecer un espacio seguro y un lugar en el que todos puedan prosperar. <\/span><\/p>\n<p>Ralf J\u00fcrgens<\/p>\n<p>Fundador y Presidente del Consejo, Do Picho<\/p>\t\t\t\t\t\t\t\t<\/div>\n\t\t\t\t<\/div>\n\t\t\t\t\t<\/div>\n\t\t<\/div>\n\t\t\t\t\t<\/div>\n\t\t<\/section>\n\t\t\t\t<section class=\"elementor-section elementor-top-section elementor-element elementor-element-296045a elementor-section-boxed elementor-section-height-default elementor-section-height-default\" data-id=\"296045a\" data-element_type=\"section\" data-e-type=\"section\">\n\t\t\t\t\t\t<div class=\"elementor-container elementor-column-gap-extended\">\n\t\t\t\t\t<div class=\"elementor-column elementor-col-50 elementor-top-column elementor-element elementor-element-4912039 sc_inner_width_none sc_content_align_inherit sc_layouts_column_icons_position_left\" data-id=\"4912039\" data-element_type=\"column\" data-e-type=\"column\">\n\t\t\t<div class=\"elementor-widget-wrap elementor-element-populated\">\n\t\t\t\t\t\t<div class=\"elementor-element elementor-element-208e648 elementor-align-left animation_type_block sc_fly_static elementor-widget elementor-widget-button\" data-id=\"208e648\" data-element_type=\"widget\" data-e-type=\"widget\" data-widget_type=\"button.default\">\n\t\t\t\t<div class=\"elementor-widget-container\">\n\t\t\t\t\t\t\t\t\t<div class=\"elementor-button-wrapper\">\n\t\t\t\t\t<a class=\"elementor-button elementor-button-link elementor-size-sm\" href=\"https:\/\/dopicho.com\/es\/de-vuelta-a-do-picho\/\">\n\t\t\t\t\t\t<span class=\"elementor-button-content-wrapper\">\n\t\t\t\t\t\t<span class=\"elementor-button-icon\">\n\t\t\t\t<i aria-hidden=\"true\" class=\"fas fa-long-arrow-alt-left\"><\/i>\t\t\t<\/span>\n\t\t\t\t\t\t\t\t\t<span class=\"elementor-button-text\">De vuelta a Do Picho<\/span>\n\t\t\t\t\t<\/span>\n\t\t\t\t\t<\/a>\n\t\t\t\t<\/div>\n\t\t\t\t\t\t\t\t<\/div>\n\t\t\t\t<\/div>\n\t\t\t\t\t<\/div>\n\t\t<\/div>\n\t\t\t\t<div class=\"elementor-column elementor-col-50 elementor-top-column elementor-element elementor-element-2f04288 sc_inner_width_none sc_content_align_inherit sc_layouts_column_icons_position_left\" data-id=\"2f04288\" data-element_type=\"column\" data-e-type=\"column\">\n\t\t\t<div class=\"elementor-widget-wrap elementor-element-populated\">\n\t\t\t\t\t\t<div class=\"elementor-element elementor-element-c354579 elementor-align-right animation_type_block sc_fly_static elementor-widget elementor-widget-button\" data-id=\"c354579\" data-element_type=\"widget\" data-e-type=\"widget\" data-widget_type=\"button.default\">\n\t\t\t\t<div class=\"elementor-widget-container\">\n\t\t\t\t\t\t\t\t\t<div class=\"elementor-button-wrapper\">\n\t\t\t\t\t<a class=\"elementor-button elementor-button-link elementor-size-sm\" href=\"https:\/\/dopicho.com\/es\/celulosa-invasiva\/\">\n\t\t\t\t\t\t<span class=\"elementor-button-content-wrapper\">\n\t\t\t\t\t\t<span class=\"elementor-button-icon\">\n\t\t\t\t<i aria-hidden=\"true\" class=\"fas fa-long-arrow-alt-right\"><\/i>\t\t\t<\/span>\n\t\t\t\t\t\t\t\t\t<span class=\"elementor-button-text\">Celulosa invasiva<\/span>\n\t\t\t\t\t<\/span>\n\t\t\t\t\t<\/a>\n\t\t\t\t<\/div>\n\t\t\t\t\t\t\t\t<\/div>\n\t\t\t\t<\/div>\n\t\t\t\t\t<\/div>\n\t\t<\/div>\n\t\t\t\t\t<\/div>\n\t\t<\/section>\n\t\t\t\t<\/div>\n\t\t","protected":false},"excerpt":{"rendered":"<p>Blog, 20\/03\/2025 DO PICHO en 2025 Dimos la bienvenida a nuestra primera artista residente, Jean Brundrit, de Ciudad del Cabo (Sud\u00e1frica), en agosto del a\u00f1o pasado, y celebramos nuestro primer acto en la residencia de artistas poco despu\u00e9s, el 11 de septiembre. Desde entonces han&hellip;<\/p>\n","protected":false},"author":3,"featured_media":0,"parent":0,"menu_order":0,"comment_status":"closed","ping_status":"closed","template":"","meta":{"footnotes":""},"class_list":["post-8269","page","type-page","status-publish","hentry"],"jetpack_sharing_enabled":true,"_links":{"self":[{"href":"https:\/\/dopicho.com\/es\/wp-json\/wp\/v2\/pages\/8269","targetHints":{"allow":["GET"]}}],"collection":[{"href":"https:\/\/dopicho.com\/es\/wp-json\/wp\/v2\/pages"}],"about":[{"href":"https:\/\/dopicho.com\/es\/wp-json\/wp\/v2\/types\/page"}],"author":[{"embeddable":true,"href":"https:\/\/dopicho.com\/es\/wp-json\/wp\/v2\/users\/3"}],"replies":[{"embeddable":true,"href":"https:\/\/dopicho.com\/es\/wp-json\/wp\/v2\/comments?post=8269"}],"version-history":[{"count":12,"href":"https:\/\/dopicho.com\/es\/wp-json\/wp\/v2\/pages\/8269\/revisions"}],"predecessor-version":[{"id":9573,"href":"https:\/\/dopicho.com\/es\/wp-json\/wp\/v2\/pages\/8269\/revisions\/9573"}],"wp:attachment":[{"href":"https:\/\/dopicho.com\/es\/wp-json\/wp\/v2\/media?parent=8269"}],"curies":[{"name":"wp","href":"https:\/\/api.w.org\/{rel}","templated":true}]}}