{"id":8296,"date":"2025-10-01T15:40:06","date_gmt":"2025-10-01T15:40:06","guid":{"rendered":"https:\/\/dopicho.com\/do-picho-celebra\/"},"modified":"2026-03-14T10:18:56","modified_gmt":"2026-03-14T10:18:56","slug":"do-picho-celebra","status":"publish","type":"page","link":"https:\/\/dopicho.com\/es\/do-picho-celebra\/","title":{"rendered":"Do Picho celebra"},"content":{"rendered":"\t\t<div data-elementor-type=\"wp-page\" data-elementor-id=\"8296\" class=\"elementor elementor-8296 elementor-8271\">\n\t\t\t\t\t\t<section class=\"elementor-section elementor-top-section elementor-element elementor-element-1f3f643 elementor-section-boxed elementor-section-height-default elementor-section-height-default\" data-id=\"1f3f643\" data-element_type=\"section\" data-e-type=\"section\">\n\t\t\t\t\t\t<div class=\"elementor-container elementor-column-gap-extended\">\n\t\t\t\t\t<div class=\"elementor-column elementor-col-100 elementor-top-column elementor-element elementor-element-d99d3e9 sc_inner_width_none sc_content_align_inherit sc_layouts_column_icons_position_left\" data-id=\"d99d3e9\" data-element_type=\"column\" data-e-type=\"column\">\n\t\t\t<div class=\"elementor-widget-wrap elementor-element-populated\">\n\t\t\t\t\t\t<div class=\"elementor-element elementor-element-1c0149b animation_type_block sc_fly_static elementor-widget elementor-widget-text-editor\" data-id=\"1c0149b\" data-element_type=\"widget\" data-e-type=\"widget\" data-widget_type=\"text-editor.default\">\n\t\t\t\t<div class=\"elementor-widget-container\">\n\t\t\t\t\t\t\t\t\t<p><img fetchpriority=\"high\" decoding=\"async\" class=\"alignnone wp-image-1789 size-full\" src=\"https:\/\/dopicho.com\/wp-content\/uploads\/2024\/09\/ralf-jean.jpg\" alt=\"\" width=\"1080\" height=\"720\" srcset=\"https:\/\/dopicho.com\/wp-content\/uploads\/2024\/09\/ralf-jean.jpg 1080w, https:\/\/dopicho.com\/wp-content\/uploads\/2024\/09\/ralf-jean-300x200.jpg 300w, https:\/\/dopicho.com\/wp-content\/uploads\/2024\/09\/ralf-jean-1024x683.jpg 1024w, https:\/\/dopicho.com\/wp-content\/uploads\/2024\/09\/ralf-jean-768x512.jpg 768w\" sizes=\"(max-width: 1080px) 100vw, 1080px\" \/><\/p>\t\t\t\t\t\t\t\t<\/div>\n\t\t\t\t<\/div>\n\t\t\t\t\t<\/div>\n\t\t<\/div>\n\t\t\t\t\t<\/div>\n\t\t<\/section>\n\t\t\t\t<section class=\"elementor-section elementor-top-section elementor-element elementor-element-dae1acd elementor-section-boxed elementor-section-height-default elementor-section-height-default\" data-id=\"dae1acd\" data-element_type=\"section\" data-e-type=\"section\">\n\t\t\t\t\t\t<div class=\"elementor-container elementor-column-gap-extended\">\n\t\t\t\t\t<div class=\"elementor-column elementor-col-100 elementor-top-column elementor-element elementor-element-c8cdd64 sc_inner_width_none sc_content_align_inherit sc_layouts_column_icons_position_left\" data-id=\"c8cdd64\" data-element_type=\"column\" data-e-type=\"column\">\n\t\t\t<div class=\"elementor-widget-wrap elementor-element-populated\">\n\t\t\t\t\t\t<div class=\"elementor-element elementor-element-e4652c5 animation_type_block sc_fly_static elementor-widget elementor-widget-text-editor\" data-id=\"e4652c5\" data-element_type=\"widget\" data-e-type=\"widget\" data-widget_type=\"text-editor.default\">\n\t\t\t\t<div class=\"elementor-widget-container\">\n\t\t\t\t\t\t\t\t\t<p><span style=\"color: #93938f; font-family: Metropolis, sans-serif; font-size: 14px; font-style: normal; font-weight: 500;\">Blog, 11\/09\/2024<\/span><\/p>\t\t\t\t\t\t\t\t<\/div>\n\t\t\t\t<\/div>\n\t\t\t\t\t<\/div>\n\t\t<\/div>\n\t\t\t\t\t<\/div>\n\t\t<\/section>\n\t\t\t\t<section class=\"elementor-section elementor-top-section elementor-element elementor-element-1ccc917 elementor-section-boxed elementor-section-height-default elementor-section-height-default\" data-id=\"1ccc917\" data-element_type=\"section\" data-e-type=\"section\">\n\t\t\t\t\t\t<div class=\"elementor-container elementor-column-gap-extended\">\n\t\t\t\t\t<div class=\"elementor-column elementor-col-100 elementor-top-column elementor-element elementor-element-401dad0 sc_inner_width_none sc_content_align_inherit sc_layouts_column_icons_position_left\" data-id=\"401dad0\" data-element_type=\"column\" data-e-type=\"column\">\n\t\t\t<div class=\"elementor-widget-wrap elementor-element-populated\">\n\t\t\t\t\t\t<div class=\"elementor-element elementor-element-01c118b animation_type_block sc_fly_static elementor-widget elementor-widget-heading\" data-id=\"01c118b\" data-element_type=\"widget\" data-e-type=\"widget\" data-widget_type=\"heading.default\">\n\t\t\t\t<div class=\"elementor-widget-container\">\n\t\t\t\t\t<h4 class=\"elementor-heading-title elementor-size-default\">DO PICHO Celebra<\/h4>\t\t\t\t<\/div>\n\t\t\t\t<\/div>\n\t\t\t\t\t<\/div>\n\t\t<\/div>\n\t\t\t\t\t<\/div>\n\t\t<\/section>\n\t\t\t\t<section class=\"elementor-section elementor-top-section elementor-element elementor-element-a101d96 elementor-section-boxed elementor-section-height-default elementor-section-height-default\" data-id=\"a101d96\" data-element_type=\"section\" data-e-type=\"section\">\n\t\t\t\t\t\t<div class=\"elementor-container elementor-column-gap-extended\">\n\t\t\t\t\t<div class=\"elementor-column elementor-col-100 elementor-top-column elementor-element elementor-element-5895b93 sc_inner_width_none sc_content_align_inherit sc_layouts_column_icons_position_left\" data-id=\"5895b93\" data-element_type=\"column\" data-e-type=\"column\">\n\t\t\t<div class=\"elementor-widget-wrap elementor-element-populated\">\n\t\t\t\t\t\t<div class=\"elementor-element elementor-element-e8f0e78 animation_type_block sc_fly_static elementor-widget elementor-widget-text-editor\" data-id=\"e8f0e78\" data-element_type=\"widget\" data-e-type=\"widget\" data-widget_type=\"text-editor.default\">\n\t\t\t\t<div class=\"elementor-widget-container\">\n\t\t\t\t\t\t\t\t\t<p>Hoy, 11 de septiembre de 2024, lanzamos la p\u00e1gina web y la presencia en Instagram y Facebook de Do Picho, y celebramos el primer acto en la residencia de artistas, una charla del artista residente Jean Brundrit, de Ciudad del Cabo (Sud\u00e1frica). Hoy es tambi\u00e9n el primer aniversario de la muerte de mi padre, as\u00ed que es un d\u00eda lleno de emociones. Mi padre habr\u00eda querido que fuera un d\u00eda de celebraci\u00f3n, as\u00ed que lo celebraremos.  <\/p><ul><li>La vida de mi padre, ante todo, fue la vida de un hombre de negocios totalmente entregado a su trabajo y familia, y que encontraba sus momentos de mayor placer, calma y serenidad en su taller, despu\u00e9s de jubilarse, pintando. <\/li><li>La apertura de Do Picho en mi nueva ciudad natal, Palas de Rei, Galicia, en un edificio justo al lado de mi nuevo hogar. Representa la realizaci\u00f3n de mi sue\u00f1o de combinar mis dos mayores pasiones, por los derechos humanos y por las artes, en un proyecto que espero que marque la diferencia para la comunidad de artistas que crearemos, para el medio ambiente en el centro de Galicia, amenazado por un proyecto de construcci\u00f3n de una mega f\u00e1brica de celulosa que beneficiar\u00eda a unos pocos mientras pone en peligro el futuro de la regi\u00f3n y de su gente, y para los derechos humanos, en particular de las personas LGBTIQ+. <\/li><\/ul><p>He tenido el inmenso privilegio de conocer y hacerme amiga de artistas en todos los lugares en los que he vivido, en Montreal primero y luego en Nueva York, Ginebra, M\u00fanich y Galicia. Se trata de artistas y activistas de los derechos humanos y del medio ambiente que, con su trabajo, contribuyen a la promoci\u00f3n y protecci\u00f3n de los derechos humanos y del medio ambiente que a menudo se pasa tan por alto.  <\/p><p>Abrir Do Picho es un compromiso para crear una comunidad de artistas por los derechos humanos y el medio ambiente, para apoyar a los artistas j\u00f3venes (y mayores) que necesitan un espacio seguro y algo de apoyo para su trabajo; para fomentar el maravilloso equipo de Do Picho que ha empezado a trabajar unido en pos de los objetivos de Do Picho; y para Palas de Rei, la provincia de Lugo y Galicia, el nuevo hogar que encontr\u00e9 por casualidad y del que me he enamorado. Es un compromiso de atenci\u00f3n, apoyo y escucha. <\/p><p>Estoy deseando daros la bienvenida aqu\u00ed, artistas y viejos y nuevos amigos, y embarcarme con vosotros en esta aventura.<\/p><p>Ralf J\u00fcrgens<br>Fundador y Presidente del Consejo, Do Picho<\/p>\t\t\t\t\t\t\t\t<\/div>\n\t\t\t\t<\/div>\n\t\t\t\t\t<\/div>\n\t\t<\/div>\n\t\t\t\t\t<\/div>\n\t\t<\/section>\n\t\t\t\t<section class=\"elementor-section elementor-top-section elementor-element elementor-element-296045a elementor-section-boxed elementor-section-height-default elementor-section-height-default\" data-id=\"296045a\" data-element_type=\"section\" data-e-type=\"section\">\n\t\t\t\t\t\t<div class=\"elementor-container elementor-column-gap-extended\">\n\t\t\t\t\t<div class=\"elementor-column elementor-col-50 elementor-top-column elementor-element elementor-element-4912039 sc_inner_width_none sc_content_align_inherit sc_layouts_column_icons_position_left\" data-id=\"4912039\" data-element_type=\"column\" data-e-type=\"column\">\n\t\t\t<div class=\"elementor-widget-wrap elementor-element-populated\">\n\t\t\t\t\t\t<div class=\"elementor-element elementor-element-208e648 elementor-align-left animation_type_block sc_fly_static elementor-widget elementor-widget-button\" data-id=\"208e648\" data-element_type=\"widget\" data-e-type=\"widget\" data-widget_type=\"button.default\">\n\t\t\t\t<div class=\"elementor-widget-container\">\n\t\t\t\t\t\t\t\t\t<div class=\"elementor-button-wrapper\">\n\t\t\t\t\t<a class=\"elementor-button elementor-button-link elementor-size-sm\" href=\"https:\/\/dopicho.com\/es\/celulosa-invasiva\/\">\n\t\t\t\t\t\t<span class=\"elementor-button-content-wrapper\">\n\t\t\t\t\t\t<span class=\"elementor-button-icon\">\n\t\t\t\t<i aria-hidden=\"true\" class=\"fas fa-long-arrow-alt-left\"><\/i>\t\t\t<\/span>\n\t\t\t\t\t\t\t\t\t<span class=\"elementor-button-text\">Celulosa invasiva<\/span>\n\t\t\t\t\t<\/span>\n\t\t\t\t\t<\/a>\n\t\t\t\t<\/div>\n\t\t\t\t\t\t\t\t<\/div>\n\t\t\t\t<\/div>\n\t\t\t\t\t<\/div>\n\t\t<\/div>\n\t\t\t\t<div class=\"elementor-column elementor-col-50 elementor-top-column elementor-element elementor-element-2f04288 sc_inner_width_none sc_content_align_inherit sc_layouts_column_icons_position_left\" data-id=\"2f04288\" data-element_type=\"column\" data-e-type=\"column\">\n\t\t\t<div class=\"elementor-widget-wrap elementor-element-populated\">\n\t\t\t\t\t\t<div class=\"elementor-element elementor-element-c354579 elementor-align-right animation_type_block sc_fly_static elementor-widget elementor-widget-button\" data-id=\"c354579\" data-element_type=\"widget\" data-e-type=\"widget\" data-widget_type=\"button.default\">\n\t\t\t\t<div class=\"elementor-widget-container\">\n\t\t\t\t\t\t\t\t\t<div class=\"elementor-button-wrapper\">\n\t\t\t\t\t<a class=\"elementor-button elementor-button-link elementor-size-sm\" href=\"https:\/\/dopicho.com\/es\/lizarraldea-a-ulloa-blog\/\">\n\t\t\t\t\t\t<span class=\"elementor-button-content-wrapper\">\n\t\t\t\t\t\t<span class=\"elementor-button-icon\">\n\t\t\t\t<i aria-hidden=\"true\" class=\"fas fa-long-arrow-alt-right\"><\/i>\t\t\t<\/span>\n\t\t\t\t\t\t\t\t\t<span class=\"elementor-button-text\">Lizarraldea A Ulloa<\/span>\n\t\t\t\t\t<\/span>\n\t\t\t\t\t<\/a>\n\t\t\t\t<\/div>\n\t\t\t\t\t\t\t\t<\/div>\n\t\t\t\t<\/div>\n\t\t\t\t\t<\/div>\n\t\t<\/div>\n\t\t\t\t\t<\/div>\n\t\t<\/section>\n\t\t\t\t<\/div>\n\t\t","protected":false},"excerpt":{"rendered":"<p>Blog, 11\/09\/2024 DO PICHO Celebra Hoy, 11 de septiembre de 2024, lanzamos la p\u00e1gina web y la presencia en Instagram y Facebook de Do Picho, y celebramos el primer acto en la residencia de artistas, una charla del artista residente Jean Brundrit, de Ciudad del&hellip;<\/p>\n","protected":false},"author":3,"featured_media":0,"parent":0,"menu_order":0,"comment_status":"closed","ping_status":"closed","template":"","meta":{"footnotes":""},"class_list":["post-8296","page","type-page","status-publish","hentry"],"jetpack_sharing_enabled":true,"_links":{"self":[{"href":"https:\/\/dopicho.com\/es\/wp-json\/wp\/v2\/pages\/8296","targetHints":{"allow":["GET"]}}],"collection":[{"href":"https:\/\/dopicho.com\/es\/wp-json\/wp\/v2\/pages"}],"about":[{"href":"https:\/\/dopicho.com\/es\/wp-json\/wp\/v2\/types\/page"}],"author":[{"embeddable":true,"href":"https:\/\/dopicho.com\/es\/wp-json\/wp\/v2\/users\/3"}],"replies":[{"embeddable":true,"href":"https:\/\/dopicho.com\/es\/wp-json\/wp\/v2\/comments?post=8296"}],"version-history":[{"count":10,"href":"https:\/\/dopicho.com\/es\/wp-json\/wp\/v2\/pages\/8296\/revisions"}],"predecessor-version":[{"id":11420,"href":"https:\/\/dopicho.com\/es\/wp-json\/wp\/v2\/pages\/8296\/revisions\/11420"}],"wp:attachment":[{"href":"https:\/\/dopicho.com\/es\/wp-json\/wp\/v2\/media?parent=8296"}],"curies":[{"name":"wp","href":"https:\/\/api.w.org\/{rel}","templated":true}]}}