{"id":9386,"date":"2025-11-20T15:52:31","date_gmt":"2025-11-20T15:52:31","guid":{"rendered":"https:\/\/dopicho.com\/?page_id=9386"},"modified":"2025-11-20T15:56:04","modified_gmt":"2025-11-20T15:56:04","slug":"stefanie-zoche-info","status":"publish","type":"page","link":"https:\/\/dopicho.com\/es\/stefanie-zoche-info\/","title":{"rendered":"Stefanie Zoche Info"},"content":{"rendered":"\t\t<div data-elementor-type=\"wp-page\" data-elementor-id=\"9386\" class=\"elementor elementor-9386 elementor-9399\">\n\t\t\t\t\t\t<section class=\"elementor-section elementor-top-section elementor-element elementor-element-310155a elementor-section-stretched elementor-section-boxed elementor-section-height-default elementor-section-height-default\" data-id=\"310155a\" data-element_type=\"section\" data-e-type=\"section\" data-settings=\"{&quot;stretch_section&quot;:&quot;section-stretched&quot;}\">\n\t\t\t\t\t\t<div class=\"elementor-container elementor-column-gap-extended\">\n\t\t\t\t\t<div class=\"elementor-column elementor-col-100 elementor-top-column elementor-element elementor-element-d6e3f60 sc_inner_width_none sc_content_align_inherit sc_layouts_column_icons_position_left\" data-id=\"d6e3f60\" data-element_type=\"column\" data-e-type=\"column\">\n\t\t\t<div class=\"elementor-widget-wrap elementor-element-populated\">\n\t\t\t\t\t\t<div class=\"elementor-element elementor-element-3dceb60 animation_type_block sc_fly_static elementor-widget elementor-widget-heading\" data-id=\"3dceb60\" data-element_type=\"widget\" data-e-type=\"widget\" data-widget_type=\"heading.default\">\n\t\t\t\t<div class=\"elementor-widget-container\">\n\t\t\t\t\t<h1 class=\"elementor-heading-title elementor-size-default\">STEFANIE ZOCHE<\/h1>\t\t\t\t<\/div>\n\t\t\t\t<\/div>\n\t\t\t\t<div class=\"elementor-element elementor-element-c296134 scheme_default animation_type_block sc_fly_static elementor-widget elementor-widget-html\" data-id=\"c296134\" data-element_type=\"widget\" data-e-type=\"widget\" data-widget_type=\"html.default\">\n\t\t\t\t<div class=\"elementor-widget-container\">\n\t\t\t\t\t<a href=\"https:\/\/dopicho.com\/es\/stefanie-zoche\/\"><b><font color=\"#000000\"><span style=\"font-color: #000000;\">Obras<\/span><\/font><\/b><\/a>\r\n&nbsp;&nbsp;&nbsp;&nbsp;&nbsp;&nbsp;&nbsp;&nbsp;&nbsp;\r\n<a href=\"https:\/\/dopicho.com\/es\/stefanie-zoche-info\/\"><b>Info<\/b><\/a>\r\n&nbsp;&nbsp;&nbsp;&nbsp;&nbsp;&nbsp;&nbsp;&nbsp;&nbsp;\r\n<a href=\"https:\/\/dopicho.com\/es\/stefanie-zoche-do-picho\/\"><b><font color=\"#000000\"><span style=\"font-color: #000000;\">El trabajo de Stefanie en Do Picho<\/span><\/font><\/b><\/a>\t\t\t\t<\/div>\n\t\t\t\t<\/div>\n\t\t\t\t<div class=\"elementor-element elementor-element-b2cd3fc animation_type_block sc_fly_static elementor-widget elementor-widget-text-editor\" data-id=\"b2cd3fc\" data-element_type=\"widget\" data-e-type=\"widget\" data-widget_type=\"text-editor.default\">\n\t\t\t\t<div class=\"elementor-widget-container\">\n\t\t\t\t\t\t\t\t\t<p><img fetchpriority=\"high\" decoding=\"async\" class=\"alignnone size-medium wp-image-6158\" src=\"https:\/\/dopicho.com\/wp-content\/uploads\/2025\/08\/stephaniezoche-300x169.jpg\" alt=\"Stefanie Zoche\" width=\"1920\" height=\"1080\" srcset=\"https:\/\/dopicho.com\/wp-content\/uploads\/2025\/08\/stephaniezoche-300x169.jpg 300w, https:\/\/dopicho.com\/wp-content\/uploads\/2025\/08\/stephaniezoche-1024x576.jpg 1024w, https:\/\/dopicho.com\/wp-content\/uploads\/2025\/08\/stephaniezoche-768x432.jpg 768w, https:\/\/dopicho.com\/wp-content\/uploads\/2025\/08\/stephaniezoche-1536x864.jpg 1536w, https:\/\/dopicho.com\/wp-content\/uploads\/2025\/08\/stephaniezoche-370x208.jpg 370w, https:\/\/dopicho.com\/wp-content\/uploads\/2025\/08\/stephaniezoche-1170x658.jpg 1170w, https:\/\/dopicho.com\/wp-content\/uploads\/2025\/08\/stephaniezoche-770x433.jpg 770w, https:\/\/dopicho.com\/wp-content\/uploads\/2025\/08\/stephaniezoche-270x152.jpg 270w, https:\/\/dopicho.com\/wp-content\/uploads\/2025\/08\/stephaniezoche.jpg 1920w\" sizes=\"(max-width: 1920px) 100vw, 1920px\" \/><\/p><h4>ANTECEDENTES<\/h4><p>En mi trabajo art\u00edstico, llevo unos 20 a\u00f1os abordando cuestiones ecol\u00f3gicas, en particular la crisis clim\u00e1tica, la disminuci\u00f3n de los recursos y la relaci\u00f3n entre el ser humano y la naturaleza. Los medios que utilizo van desde instalaciones espaciales y esculturas hasta videoinstalaciones y fotograf\u00eda.\u00a0<\/p><p><span style=\"font-size: 15px;\">Para m\u00e1s informaci\u00f3n, incluida una biograf\u00eda completa, consulta <\/span><a style=\"font-size: 15px; background-color: #ffffff;\" href=\"https:\/\/www.haubitz-zoche.de\/\">https:\/\/www.haubitz-zoche.de\/.<\/a><\/p><h4>PROYECTOS DO PICHO DE STEFANIE<\/h4><p>En septiembre de 2024, Stefanie describi\u00f3 su primer Proyecto Do Picho de la siguiente manera: \u00abDurante mi primera residencia art\u00edstica en Palas del Rei, me gustar\u00eda profundizar en mi compromiso con el ecosistema forestal: Me enter\u00e9 de que en esta zona de Galicia se va a construir una gran f\u00e1brica de papel, que tendr\u00eda un impacto devastador en el medio ambiente: Ocupar\u00eda una superficie de 366 hect\u00e1reas, consumir\u00eda tanta agua como toda la provincia de Lugo y amenazar\u00eda la biodiversidad de toda la regi\u00f3n.<\/p><p><span style=\"font-size: 16px;\">Viv\u00ed alg\u00fan tiempo en Portugal y vi la destrucci\u00f3n ecol\u00f3gica causada por las f\u00e1bricas de papel: A menudo se talan bosques intactos para hacer sitio a monocultivos de plantaciones de eucalipto. Esta especie arb\u00f3rea no aut\u00f3ctona desplaza a casi todas las dem\u00e1s plantas debido a su secreci\u00f3n de aceites esenciales y suele provocar un descenso del nivel fre\u00e1tico, ya que tiene ra\u00edces muy profundas. Esto tiene consecuencias muy graves para las zonas agr\u00edcolas circundantes y puede provocar la formaci\u00f3n de desiertos a largo plazo. <\/span><\/p><p><span style=\"font-size: 16px;\">Durante mi residencia art\u00edstica en Palas, me gustar\u00eda comprometerme art\u00edsticamente con los bosques existentes en el lugar, documentar su rica biodiversidad y desarrollar obras instalativas a partir de mis observaciones. Me interesa comunicarme con los activistas locales y averiguar m\u00e1s informaci\u00f3n de fondo. <\/span><span style=\"font-size: 16px;\">Estas reflexiones forman un marco en el que me gustar\u00eda participar con la mayor apertura posible sobre lo que encuentro durante mi investigaci\u00f3n in situ.<\/span><\/p><p><span style=\"font-size: 16px;\">Finalmente, Stefanie realiz\u00f3 grabaciones de v\u00eddeo y proyect\u00f3 una primera versi\u00f3n de su v\u00eddeo <\/span><a style=\"font-size: 16px; background-color: #ffffff;\" href=\"https:\/\/www.youtube.com\/watch?v=w1M56OZKR-8\">CELULOSA INVASIVA<\/a><span style=\"font-size: 16px;\"> en un acto en Do Picho antes de regresar a Alemania (para m\u00e1s informaci\u00f3n, consulta la obra de Stefanie en Do Picho).<\/span><\/p><p><span style=\"font-size: 16px;\">En junio de 2025, Stefanie volvi\u00f3 a Do Picho para una segunda residencia, con el fin de centrarse en dos proyectos distintos, pero relacionados entre s\u00ed, que ella describe del siguiente modo: \u00abEn primer lugar, quiero preparar proyecciones del v\u00eddeo <\/span><a style=\"font-size: 16px; background-color: #ffffff;\" href=\"https:\/\/www.youtube.com\/watch?v=w1M56OZKR-8\">CELULOSA INVASIVA<\/a><span style=\"font-size: 16px;\"> en espacios p\u00fablicos de Galicia en la primavera de 2026. Voy a convertir un remolque de coche en una escultura m\u00f3vil con una pantalla de proyecci\u00f3n desplegable. Este \u00abvideom\u00f3vil\u00bb me permitir\u00e1 mostrar <\/span><a style=\"font-weight: 400; font-size: 15px; background-color: #ffffff;\" href=\"https:\/\/www.youtube.com\/watch?v=w1M56OZKR-8\">CELULOSA INVASIVA<\/a><span style=\"font-size: 16px;\"> en espacios p\u00fablicos de toda Galicia. Me gustar\u00eda colaborar con organizaciones ecologistas, activistas y particulares para organizar actos que acompa\u00f1en a las presentaciones en distintas ciudades. <\/span><\/p><p><span style=\"font-size: 16px;\">Estos actos tambi\u00e9n abordar\u00e1n el concepto de Derechos de la Naturaleza. Este concepto se basa en el bestseller de 1974 de Christopher Stone \u00ab\u00bfDeben los \u00e1rboles tener derechos?\u00bb, que revolucion\u00f3 el pensamiento medioambiental en el Occidente industrializado. El libro trata de los derechos de los bosques, monta\u00f1as, lagos y r\u00edos, independientemente de los beneficios que obtengamos de ellos. El movimiento mundial por los derechos de la naturaleza tuvo como resultado que el r\u00edo Whanganui, sagrado para el pueblo maor\u00ed, se convirtiera en 2017 en la primera masa de agua del mundo reconocida como entidad jur\u00eddica por el gobierno neozeland\u00e9s. El r\u00edo y los Derechos de la Naturaleza se definieron casi simult\u00e1neamente en otros lugares del mundo. <\/span><\/p><p><span style=\"font-size: 16px;\">Mi esperanza es que las proyecciones de <\/span><a style=\"font-size: 16px; background-color: #ffffff;\" href=\"https:\/\/www.youtube.com\/watch?v=w1M56OZKR-8\">CELULOSA INVASIVA<\/a><span style=\"font-size: 16px;\"> en espacios p\u00fablicos y actos relacionados ayudar\u00e1n a concienciar sobre los derechos inherentes a la naturaleza y suscitar\u00e1n el debate sobre si se debe luchar por estos derechos en el ecosistema del Ulla. Me gustar\u00eda proporcionar un folleto impreso sobre los Derechos de la Naturaleza en los actos con fines informativos. <\/span><\/p><p><span style=\"font-size: 16px;\">En segundo lugar, en estrecha colaboraci\u00f3n con V\u00edctor Tenorio Fuertes, mantendr\u00e9 conversaciones con personas que viven cerca del r\u00edo Ulla y las grabar\u00e9 en v\u00eddeo. La atenci\u00f3n se centrar\u00e1 en las relaciones personales de cada persona con el r\u00edo. Utilizar\u00e9 este material para una exposici\u00f3n en M\u00fanich, en la Haus der Kunst, que se exhibir\u00e1 del 26 de julio al 7 de septiembre de 2025, y tengo previsto presentarla tambi\u00e9n en Galicia y en Espa\u00f1a m\u00e1s ampliamente en 2026&#8243;. <\/span><\/p>\t\t\t\t\t\t\t\t<\/div>\n\t\t\t\t<\/div>\n\t\t\t\t\t<\/div>\n\t\t<\/div>\n\t\t\t\t\t<\/div>\n\t\t<\/section>\n\t\t\t\t<\/div>\n\t\t","protected":false},"excerpt":{"rendered":"<p>STEFANIE ZOCHE Obras &nbsp;&nbsp;&nbsp;&nbsp;&nbsp;&nbsp;&nbsp;&nbsp;&nbsp; Info &nbsp;&nbsp;&nbsp;&nbsp;&nbsp;&nbsp;&nbsp;&nbsp;&nbsp; El trabajo de Stefanie en Do Picho ANTECEDENTES En mi trabajo art\u00edstico, llevo unos 20 a\u00f1os abordando cuestiones ecol\u00f3gicas, en particular la crisis clim\u00e1tica, la disminuci\u00f3n de los recursos y la relaci\u00f3n entre el ser humano y la naturaleza.&hellip;<\/p>\n","protected":false},"author":3,"featured_media":0,"parent":0,"menu_order":0,"comment_status":"closed","ping_status":"closed","template":"","meta":{"footnotes":""},"class_list":["post-9386","page","type-page","status-publish","hentry"],"jetpack_sharing_enabled":true,"_links":{"self":[{"href":"https:\/\/dopicho.com\/es\/wp-json\/wp\/v2\/pages\/9386","targetHints":{"allow":["GET"]}}],"collection":[{"href":"https:\/\/dopicho.com\/es\/wp-json\/wp\/v2\/pages"}],"about":[{"href":"https:\/\/dopicho.com\/es\/wp-json\/wp\/v2\/types\/page"}],"author":[{"embeddable":true,"href":"https:\/\/dopicho.com\/es\/wp-json\/wp\/v2\/users\/3"}],"replies":[{"embeddable":true,"href":"https:\/\/dopicho.com\/es\/wp-json\/wp\/v2\/comments?post=9386"}],"version-history":[{"count":4,"href":"https:\/\/dopicho.com\/es\/wp-json\/wp\/v2\/pages\/9386\/revisions"}],"predecessor-version":[{"id":9391,"href":"https:\/\/dopicho.com\/es\/wp-json\/wp\/v2\/pages\/9386\/revisions\/9391"}],"wp:attachment":[{"href":"https:\/\/dopicho.com\/es\/wp-json\/wp\/v2\/media?parent=9386"}],"curies":[{"name":"wp","href":"https:\/\/api.w.org\/{rel}","templated":true}]}}