{"id":9461,"date":"2025-11-21T13:31:09","date_gmt":"2025-11-21T13:31:09","guid":{"rendered":"https:\/\/dopicho.com\/?page_id=9461"},"modified":"2025-11-21T13:35:57","modified_gmt":"2025-11-21T13:35:57","slug":"alex-chowaniec-info","status":"publish","type":"page","link":"https:\/\/dopicho.com\/es\/alex-chowaniec-info\/","title":{"rendered":"Alex Chowaniec Info"},"content":{"rendered":"\t\t<div data-elementor-type=\"wp-page\" data-elementor-id=\"9461\" class=\"elementor elementor-9461 elementor-9449\">\n\t\t\t\t\t\t<section class=\"elementor-section elementor-top-section elementor-element elementor-element-5dc4f4a elementor-section-boxed elementor-section-height-default elementor-section-height-default\" data-id=\"5dc4f4a\" data-element_type=\"section\" data-e-type=\"section\">\n\t\t\t\t\t\t<div class=\"elementor-container elementor-column-gap-extended\">\n\t\t\t\t\t<div class=\"elementor-column elementor-col-100 elementor-top-column elementor-element elementor-element-9bb421e sc_inner_width_none sc_content_align_inherit sc_layouts_column_icons_position_left\" data-id=\"9bb421e\" data-element_type=\"column\" data-e-type=\"column\">\n\t\t\t<div class=\"elementor-widget-wrap elementor-element-populated\">\n\t\t\t\t\t\t<div class=\"elementor-element elementor-element-4fb3494 animation_type_block sc_fly_static elementor-widget elementor-widget-heading\" data-id=\"4fb3494\" data-element_type=\"widget\" data-e-type=\"widget\" data-widget_type=\"heading.default\">\n\t\t\t\t<div class=\"elementor-widget-container\">\n\t\t\t\t\t<h1 class=\"elementor-heading-title elementor-size-default\">ALEX CHOWANIEC<\/h1>\t\t\t\t<\/div>\n\t\t\t\t<\/div>\n\t\t\t\t<div class=\"elementor-element elementor-element-3972d5a animation_type_block sc_fly_static elementor-widget elementor-widget-html\" data-id=\"3972d5a\" data-element_type=\"widget\" data-e-type=\"widget\" data-widget_type=\"html.default\">\n\t\t\t\t<div class=\"elementor-widget-container\">\n\t\t\t\t\t<a href=\"https:\/\/dopicho.com\/es\/alex-chowaniec\"><b><font color=\"#000000\"><span style=\"font-color: #000000;\">Obras<\/span><\/font><\/b><\/a>\r\n&nbsp;&nbsp;&nbsp;&nbsp;&nbsp;&nbsp;&nbsp;&nbsp;&nbsp;\r\n<a href=\"https:\/\/dopicho.com\/es\/alex-chowaniec-info\/\"><b>Info<\/b><\/a>\t\t\t\t<\/div>\n\t\t\t\t<\/div>\n\t\t\t\t<div class=\"elementor-element elementor-element-df2282d animation_type_block sc_fly_static elementor-widget elementor-widget-text-editor\" data-id=\"df2282d\" data-element_type=\"widget\" data-e-type=\"widget\" data-widget_type=\"text-editor.default\">\n\t\t\t\t<div class=\"elementor-widget-container\">\n\t\t\t\t\t\t\t\t\t<p><img fetchpriority=\"high\" decoding=\"async\" class=\"alignnone size-medium wp-image-6029\" src=\"https:\/\/dopicho.com\/wp-content\/uploads\/2025\/08\/alex-300x169.jpg\" alt=\"ALEX CHOWANIEC\" width=\"1920\" height=\"1080\" srcset=\"https:\/\/dopicho.com\/wp-content\/uploads\/2025\/08\/alex-300x169.jpg 300w, https:\/\/dopicho.com\/wp-content\/uploads\/2025\/08\/alex-1024x576.jpg 1024w, https:\/\/dopicho.com\/wp-content\/uploads\/2025\/08\/alex-768x432.jpg 768w, https:\/\/dopicho.com\/wp-content\/uploads\/2025\/08\/alex-1536x864.jpg 1536w, https:\/\/dopicho.com\/wp-content\/uploads\/2025\/08\/alex-370x208.jpg 370w, https:\/\/dopicho.com\/wp-content\/uploads\/2025\/08\/alex-1170x658.jpg 1170w, https:\/\/dopicho.com\/wp-content\/uploads\/2025\/08\/alex-770x433.jpg 770w, https:\/\/dopicho.com\/wp-content\/uploads\/2025\/08\/alex-270x152.jpg 270w, https:\/\/dopicho.com\/wp-content\/uploads\/2025\/08\/alex.jpg 1920w\" sizes=\"(max-width: 1920px) 100vw, 1920px\" \/><\/p>\n<h4 style=\"text-align: left;\"><span style=\"font-family: Metropolis, sans-serif; font-size: 20px; font-style: normal; font-weight: 600; letter-spacing: 0px;\"><span style=\"vertical-align: inherit;\"><span style=\"vertical-align: inherit;\">ANTECEDENTES<\/span><\/span><\/span><\/h4>\n<p>Chowaniec ha expuesto internacionalmente, entre otros lugares, en el Barbican Centre de Londres, la Galer\u00eda Olga Korper, Art Toronto, la Galer\u00eda de Arte Jean-Claude Bergeron y el Centro de Arte Agnes Etherington de Canad\u00e1; Knockdown Center, National Academy of Design, Georges Berg\u00e8s Gallery, Ortega y Gasset Projects, lorimoto, Grace Exhibition Space, SPRING\/BREAK y Kleinert\/James Center for the Arts de Nueva York; Villa Terrace Decorative Arts Museum de Milwaukee, WI; y SOMArts Cultural Center y The Lab de San Francisco.&nbsp;<\/p><p><span style=\"font-size: 15px;\">Est\u00e1 representada en Canad\u00e1 por la Galer\u00eda Wall Space y sus obras est\u00e1n disponibles a trav\u00e9s de Beaux-arts des Am\u00e9riques, Montreal. Chowaniec es licenciada en Bellas Artes por el Instituto de Arte de San Francisco, donde se gradu\u00f3 con el Premio de Pintura Irene Pijoan Memorial, y fue nominada por la Fundaci\u00f3n Joan Mitchell, el Centro de las Artes Headlands y el Premio SECA (SFMOMA). Se licenci\u00f3 con matr\u00edcula de honor en la Queen&#8217;s University de Canad\u00e1.<\/span><\/p>\n<p>La democratizaci\u00f3n del acceso al arte es fundamental. El objetivo de Chowaniec es ampliar la forma de conseguirlo, trabajando en medios h\u00edbridos (tradicionales y nuevos) con el objetivo consciente de crear m\u00faltiples puntos de acceso para la participaci\u00f3n del espectador. Chowaniec colabora con Brooklyn Rail.<\/p>\n<p><a style=\"font-family: Metropolis, sans-serif; font-size: 15px; font-weight: 400; font-style: normal; background-color: #ffffff;\" href=\"https:\/\/www.alexchowaniec.com\/\">https:\/\/www.alexchowaniec.com\/<\/a><\/p>\n<p><span style=\"color: #292929; font-family: Metropolis, sans-serif; font-size: 20px; font-style: normal; font-weight: 600; letter-spacing: 0px;\">PROYECTO \u00abALEX\u00bb DO PICHO<\/span><\/p>\n<p><b><i>Recuerda que debes vivir <\/i><\/b><\/p>\n<p><span style=\"font-weight: 400;\">\u00bfY si una naturaleza muerta pudiera ser una llamada a la acci\u00f3n para salvar lo animado?<\/span><\/p>\n<p><i style=\"font-family: inherit; font-weight: inherit;\"><span style=\"font-weight: 400;\">Un bodeg\u00f3n, nature morte o naturaleza muerta de stilleven (holand\u00e9s).<\/span><\/i><\/p>\n<p><span style=\"font-weight: 400;\">Las pinturas de naturalezas muertas m\u00e1s antiguas que se conocen datan del antiguo Egipto, del siglo XV a.C. Las pinturas funerarias de la Tumba de Menna representan ofrendas que incluyen peces que gui\u00f1an el ojo, carne fresca, perfectos montones de frutos secos y cerveza para el consumo del alma en la otra vida. En la Edad Media, las naturalezas muertas simb\u00f3licas surgieron de los bordes de los manuscritos iluminados, donde conflu\u00edan lo religioso y lo aleg\u00f3rico. Los mejillones de las Horas de Catalina de Cleves son \u00f3rganos en su lecho de muerte de conchas abiertas. El Renacimiento septentrional floreci\u00f3 con el arte floral y trajo recordatorios de nuestra vanidad (vanitas) como variaci\u00f3n del g\u00e9nero memento mori (\u00abrecuerda que debes morir\u00bb). El pintor espa\u00f1ol Juan S\u00e1nchez Cot\u00e1n realiz\u00f3 tiernas pinturas de vegetales tambale\u00e1ndose al borde del vac\u00edo. <\/span><\/p>\n<p><span style=\"font-weight: 400;\">Hago arte sobre nuestros viajes dentro y fuera de este mundo. Creo que las flores y los hongos son radicales, y la naturaleza es un tema poderoso para explorar estos viajes. Empiezo caminando por el entorno natural y comprometi\u00e9ndome con el proverbial y literal suelo del bosque. <\/span><\/p>\n<p><span style=\"font-weight: 400;\">Durante mi residencia en Do Picho, quiero explorar las plantas, animales y hongos de los bosques, riberas y costas de Galicia y crear un recordatorio visual de la vida de este ecosistema \u00fanico y de lo que est\u00e1 en juego cuando se pone en peligro. La amenaza espec\u00edfica de la lluvia \u00e1cida procedente de la industria humana es especialmente grave para las aguas costeras y los r\u00edos, donde todos los peces morir\u00e1n por tener un pH de 4,2 o menos. Quiero caminar y hablar con sus administradores para comprender el impacto en este ecosistema vulnerable; c\u00f3mo debemos protegerlo y conservarlo. A trav\u00e9s de estas conversaciones espero tambi\u00e9n conocer y compartir las tradiciones inextricablemente ligadas a este entorno. Concretamente, las formas de las recetas locales, la terap\u00e9utica, la cer\u00e1mica, la m\u00fasica y los tejidos: los rituales y las pr\u00e1cticas de su tapiz cultural enraizado en la naturaleza. <\/span><\/p>\n<p><span style=\"font-weight: 400;\">Con todos estos materiales (por ejemplo, hojas ca\u00eddas, plumas mudadas, huesos, canciones, textos, vasijas, conchas y rocas) planeo crear instalaciones ef\u00edmeras de naturaleza muerta in situ (en la naturaleza) y documentarlas mediante la fotograf\u00eda, el dibujo y la pintura en plein air. En \u00faltima instancia, esta documentaci\u00f3n se convertir\u00e1 en \u00f3leos empastados a escala de retablo dom\u00e9stico que representar\u00e1n santuarios o tumbas vivientes. Una naturaleza muerta puede ser una llamada a la acci\u00f3n. <\/span><\/p>\t\t\t\t\t\t\t\t<\/div>\n\t\t\t\t<\/div>\n\t\t\t\t\t<\/div>\n\t\t<\/div>\n\t\t\t\t\t<\/div>\n\t\t<\/section>\n\t\t\t\t<\/div>\n\t\t","protected":false},"excerpt":{"rendered":"<p>ALEX CHOWANIEC Obras &nbsp;&nbsp;&nbsp;&nbsp;&nbsp;&nbsp;&nbsp;&nbsp;&nbsp; Info ANTECEDENTES Chowaniec ha expuesto internacionalmente, entre otros lugares, en el Barbican Centre de Londres, la Galer\u00eda Olga Korper, Art Toronto, la Galer\u00eda de Arte Jean-Claude Bergeron y el Centro de Arte Agnes Etherington de Canad\u00e1; Knockdown Center, National Academy of&hellip;<\/p>\n","protected":false},"author":3,"featured_media":0,"parent":0,"menu_order":0,"comment_status":"closed","ping_status":"closed","template":"","meta":{"footnotes":""},"class_list":["post-9461","page","type-page","status-publish","hentry"],"jetpack_sharing_enabled":true,"_links":{"self":[{"href":"https:\/\/dopicho.com\/es\/wp-json\/wp\/v2\/pages\/9461","targetHints":{"allow":["GET"]}}],"collection":[{"href":"https:\/\/dopicho.com\/es\/wp-json\/wp\/v2\/pages"}],"about":[{"href":"https:\/\/dopicho.com\/es\/wp-json\/wp\/v2\/types\/page"}],"author":[{"embeddable":true,"href":"https:\/\/dopicho.com\/es\/wp-json\/wp\/v2\/users\/3"}],"replies":[{"embeddable":true,"href":"https:\/\/dopicho.com\/es\/wp-json\/wp\/v2\/comments?post=9461"}],"version-history":[{"count":5,"href":"https:\/\/dopicho.com\/es\/wp-json\/wp\/v2\/pages\/9461\/revisions"}],"predecessor-version":[{"id":9469,"href":"https:\/\/dopicho.com\/es\/wp-json\/wp\/v2\/pages\/9461\/revisions\/9469"}],"wp:attachment":[{"href":"https:\/\/dopicho.com\/es\/wp-json\/wp\/v2\/media?parent=9461"}],"curies":[{"name":"wp","href":"https:\/\/api.w.org\/{rel}","templated":true}]}}