{"id":9502,"date":"2025-11-21T14:14:09","date_gmt":"2025-11-21T14:14:09","guid":{"rendered":"https:\/\/dopicho.com\/?page_id=9502"},"modified":"2025-11-21T14:24:18","modified_gmt":"2025-11-21T14:24:18","slug":"jean-brundrit-info","status":"publish","type":"page","link":"https:\/\/dopicho.com\/es\/jean-brundrit-info\/","title":{"rendered":"Jean Brundrit Info"},"content":{"rendered":"\t\t<div data-elementor-type=\"wp-page\" data-elementor-id=\"9502\" class=\"elementor elementor-9502 elementor-9487\">\n\t\t\t\t\t\t<section class=\"elementor-section elementor-top-section elementor-element elementor-element-7d9e88f elementor-section-boxed elementor-section-height-default elementor-section-height-default\" data-id=\"7d9e88f\" data-element_type=\"section\" data-e-type=\"section\">\n\t\t\t\t\t\t<div class=\"elementor-container elementor-column-gap-extended\">\n\t\t\t\t\t<div class=\"elementor-column elementor-col-100 elementor-top-column elementor-element elementor-element-f2807fa sc_inner_width_none sc_content_align_inherit sc_layouts_column_icons_position_left\" data-id=\"f2807fa\" data-element_type=\"column\" data-e-type=\"column\">\n\t\t\t<div class=\"elementor-widget-wrap elementor-element-populated\">\n\t\t\t\t\t\t<div class=\"elementor-element elementor-element-d24e1ff animation_type_block sc_fly_static elementor-widget elementor-widget-heading\" data-id=\"d24e1ff\" data-element_type=\"widget\" data-e-type=\"widget\" data-widget_type=\"heading.default\">\n\t\t\t\t<div class=\"elementor-widget-container\">\n\t\t\t\t\t<h1 class=\"elementor-heading-title elementor-size-default\">JEAN BRUNDRIT<\/h1>\t\t\t\t<\/div>\n\t\t\t\t<\/div>\n\t\t\t\t<div class=\"elementor-element elementor-element-0e14b87 animation_type_block sc_fly_static elementor-widget elementor-widget-html\" data-id=\"0e14b87\" data-element_type=\"widget\" data-e-type=\"widget\" data-widget_type=\"html.default\">\n\t\t\t\t<div class=\"elementor-widget-container\">\n\t\t\t\t\t<a href=\"https:\/\/dopicho.com\/es\/jean-brundrit\"><b><font color=\"#000000\"><span style=\"font-color: #000000;\">Obras<\/span><\/font><\/b><\/a>\r\n&nbsp;&nbsp;&nbsp;&nbsp;&nbsp;&nbsp;&nbsp;&nbsp;&nbsp;\r\n<a href=\"https:\/\/dopicho.com\/es\/jean-brundrit-info\"><b>Info<\/b><\/a>\r\n&nbsp;&nbsp;&nbsp;&nbsp;&nbsp;&nbsp;&nbsp;&nbsp;&nbsp;\r\n<a href=\"https:\/\/dopicho.com\/es\/jean-brundrit-do-picho\/\"><b><font color=\"#000000\"><span style=\"font-color: #000000;\">Trabajo de Jean en Do Picho<\/span><\/font><\/b><\/a>\t\t\t\t<\/div>\n\t\t\t\t<\/div>\n\t\t\t\t<div class=\"elementor-element elementor-element-47fb0cd animation_type_block sc_fly_static elementor-widget elementor-widget-text-editor\" data-id=\"47fb0cd\" data-element_type=\"widget\" data-e-type=\"widget\" data-widget_type=\"text-editor.default\">\n\t\t\t\t<div class=\"elementor-widget-container\">\n\t\t\t\t\t\t\t\t\t<p><img fetchpriority=\"high\" decoding=\"async\" style=\"outline: 0px;\" src=\"https:\/\/dopicho.com\/wp-content\/uploads\/2025\/08\/JeanBundrit.jpg\" alt=\"Jean Bundrit\" width=\"1920\" height=\"1080\" \/><\/p><h4 style=\"text-align: left;\"><span style=\"font-family: Metropolis, sans-serif; font-size: 20px; font-style: normal; font-weight: 600; letter-spacing: 0px;\"><span style=\"vertical-align: inherit;\"><span style=\"vertical-align: inherit;\">ANTECEDENTES<\/span><\/span><\/span><\/h4><p>Jean Brundrit es una artista visual sudafricana que trabaja fotogr\u00e1ficamente. Ha realizado numerosas exposiciones en Sud\u00e1frica y ha participado en varias exposiciones internacionales. Ense\u00f1a fotograf\u00eda en la Escuela Michaelis de Bellas Artes de la Universidad de Ciudad del Cabo (Sud\u00e1frica).\u00a0<\/p><p><span style=\"font-size: 15px;\">Su pr\u00e1ctica art\u00edstica se centra en el medio ambiente, el impacto del cambio clim\u00e1tico y c\u00f3mo se representa en el arte, as\u00ed como la interconexi\u00f3n de los seres humanos y su relaci\u00f3n con el mundo natural. A Jean le interesan los avances de la tecnolog\u00eda de visualizaci\u00f3n, incluida la fotograf\u00eda -en su definici\u00f3n m\u00e1s amplia-, y la oportunidad que esto supone para hacer visibles cosas nunca antes observadas. Para uno de sus proyectos recientes, \u00abSobre el horizonte\u00bb, fotografiado en la Ant\u00e1rtida, Jean sustituy\u00f3 su objetivo de cristal por uno de hielo. Le interesaba saber si el hielo pod\u00eda formar una imagen y, en caso afirmativo, c\u00f3mo ver\u00eda el hielo el mundo.<\/span><\/p><p>Para obtener m\u00e1s informaci\u00f3n, consulte: <a style=\"font-size: 15px; background-color: #ffffff;\" href=\"https:\/\/humanities.uct.ac.za\/michaelis\/contacts\/jean-brundrit\">https:\/\/humanities.uct.ac.za\/michaelis\/contacts\/jean-brundrit<\/a> e <a style=\"font-size: 15px; background-color: #ffffff;\" href=\"https:\/\/www.instagram.com\/jean_brundrit\" target=\"_blank\" rel=\"noopener\">Instagram<\/a><\/p><p><iframe title=\"Over The Horizon. Ice Lens photography in Antarctica.\" width=\"1000\" height=\"563\" src=\"https:\/\/www.youtube.com\/embed\/6L5NnJAi1ik?feature=oembed\" frameborder=\"0\" allow=\"accelerometer; autoplay; clipboard-write; encrypted-media; gyroscope; picture-in-picture; web-share\" referrerpolicy=\"strict-origin-when-cross-origin\" allowfullscreen><\/iframe><\/p><p><iframe title=\"No Place - an exhibition by Jean Brundrit\" width=\"1000\" height=\"563\" src=\"https:\/\/www.youtube.com\/embed\/LrRWIJ847No?feature=oembed\" frameborder=\"0\" allow=\"accelerometer; autoplay; clipboard-write; encrypted-media; gyroscope; picture-in-picture; web-share\" referrerpolicy=\"strict-origin-when-cross-origin\" allowfullscreen><\/iframe><\/p><h4 style=\"letter-spacing: normal;\"><span style=\"font-size: 20px; vertical-align: inherit;\">PROYECTO DE JEAN EN DO PICHO<\/span><\/h4><p>La propuesta para mi residencia en Do Picho ten\u00eda un enfoque ambiental. Antes de mi llegada, Ralf Jurgens, fundador de Do Picho, me hab\u00eda hablado de millones de granulados de pl\u00e1stico que hab\u00edan llegado a las playas de Galicia. Decid\u00ed centrarme en este desastre ambiental. Los oc\u00e9anos del mundo est\u00e1n conectados. Lo que ocurre en Galicia \u2014un barco que derrama contenedores\u2014 inevitablemente afectar\u00e1 a lugares mucho m\u00e1s all\u00e1 de la costa local. Esos granulados de pl\u00e1stico se dispersan por las corrientes oce\u00e1nicas y los sistemas de circulaci\u00f3n.<\/p><p>Intent\u00e9 establecer una analog\u00eda po\u00e9tica entre las rutas de peregrinaci\u00f3n a Santiago de Compostela, recorridas durante siglos, y el paso del agua en el oc\u00e9ano. Antes de mi residencia en Do Picho, particip\u00e9 en una conferencia sobre investigaci\u00f3n ant\u00e1rtica. La Ant\u00e1rtida es un importante motor de la circulaci\u00f3n oce\u00e1nica. Por lo tanto, me pareci\u00f3 l\u00f3gico destacar la conexi\u00f3n oce\u00e1nica entre la costa gallega, mi ciudad natal, Ciudad del Cabo, y la Ant\u00e1rtida. Pensaba en los tres espacios. Si bien quer\u00eda reconocer la especificidad de Galicia, tambi\u00e9n pensaba en su posici\u00f3n a nivel global.<\/p><p>Estas fueron las reflexiones que traje a Do Picho. La obra de la residencia tom\u00f3 forma durante mi estancia all\u00ed, influenciada por las visitas a la costa, la experiencia de sumergirme en el entorno y mis reflexiones sobre esos encuentros y descubrimientos.<\/p><p>Escuch\u00e9 una entrevista de radio con el autor Alfredo Conde, quien hablaba sobre la magia de Galicia y el poder transformador de los elementos para cambiar lo que creemos ver. La tecnolog\u00eda fotogr\u00e1fica favorece la descripci\u00f3n. Su idea de que, en determinadas condiciones, un objeto puede comprenderse como m\u00e1s de una cosa, me intrig\u00f3. Explor\u00e9 esta y otras ideas mediante la creaci\u00f3n de fotograf\u00edas, peque\u00f1as cianotipias y la experimentaci\u00f3n visual para encontrar el camino a seguir para mi proyecto.<\/p><p>Tras la residencia, continu\u00e9 desarrollando mi proyecto. Volv\u00ed al n\u00facleo de mi investigaci\u00f3n: la contaminaci\u00f3n por pl\u00e1stico en los oc\u00e9anos y su propagaci\u00f3n global, transportada por las corrientes oce\u00e1nicas. Establec\u00ed conexiones conceptuales y visuales entre fotograf\u00edas que tom\u00e9 con una lente de hielo en la Ant\u00e1rtida, fotograf\u00edas de nubes tomadas en Ciudad del Cabo e im\u00e1genes de la costa gallega.<\/p>\t\t\t\t\t\t\t\t<\/div>\n\t\t\t\t<\/div>\n\t\t\t\t\t<\/div>\n\t\t<\/div>\n\t\t\t\t\t<\/div>\n\t\t<\/section>\n\t\t\t\t<\/div>\n\t\t","protected":false},"excerpt":{"rendered":"<p>JEAN BRUNDRIT Obras &nbsp;&nbsp;&nbsp;&nbsp;&nbsp;&nbsp;&nbsp;&nbsp;&nbsp; Info &nbsp;&nbsp;&nbsp;&nbsp;&nbsp;&nbsp;&nbsp;&nbsp;&nbsp; Trabajo de Jean en Do Picho ANTECEDENTES Jean Brundrit es una artista visual sudafricana que trabaja fotogr\u00e1ficamente. Ha realizado numerosas exposiciones en Sud\u00e1frica y ha participado en varias exposiciones internacionales. Ense\u00f1a fotograf\u00eda en la Escuela Michaelis de Bellas Artes&hellip;<\/p>\n","protected":false},"author":3,"featured_media":0,"parent":0,"menu_order":0,"comment_status":"closed","ping_status":"closed","template":"","meta":{"footnotes":""},"class_list":["post-9502","page","type-page","status-publish","hentry"],"jetpack_sharing_enabled":true,"_links":{"self":[{"href":"https:\/\/dopicho.com\/es\/wp-json\/wp\/v2\/pages\/9502","targetHints":{"allow":["GET"]}}],"collection":[{"href":"https:\/\/dopicho.com\/es\/wp-json\/wp\/v2\/pages"}],"about":[{"href":"https:\/\/dopicho.com\/es\/wp-json\/wp\/v2\/types\/page"}],"author":[{"embeddable":true,"href":"https:\/\/dopicho.com\/es\/wp-json\/wp\/v2\/users\/3"}],"replies":[{"embeddable":true,"href":"https:\/\/dopicho.com\/es\/wp-json\/wp\/v2\/comments?post=9502"}],"version-history":[{"count":7,"href":"https:\/\/dopicho.com\/es\/wp-json\/wp\/v2\/pages\/9502\/revisions"}],"predecessor-version":[{"id":9523,"href":"https:\/\/dopicho.com\/es\/wp-json\/wp\/v2\/pages\/9502\/revisions\/9523"}],"wp:attachment":[{"href":"https:\/\/dopicho.com\/es\/wp-json\/wp\/v2\/media?parent=9502"}],"curies":[{"name":"wp","href":"https:\/\/api.w.org\/{rel}","templated":true}]}}