{"id":9547,"date":"2025-11-21T18:47:13","date_gmt":"2025-11-21T18:47:13","guid":{"rendered":"https:\/\/dopicho.com\/?page_id=9547"},"modified":"2026-03-14T10:17:46","modified_gmt":"2026-03-14T10:17:46","slug":"podcast-el-hombre-que-se-enamoro-de-la-luna","status":"publish","type":"page","link":"https:\/\/dopicho.com\/es\/podcast-el-hombre-que-se-enamoro-de-la-luna\/","title":{"rendered":"Podcast El hombre que se enamor\u00f3 de la Luna"},"content":{"rendered":"\t\t<div data-elementor-type=\"wp-page\" data-elementor-id=\"9547\" class=\"elementor elementor-9547 elementor-9534\">\n\t\t\t\t\t\t<section class=\"elementor-section elementor-top-section elementor-element elementor-element-1f3f643 elementor-section-boxed elementor-section-height-default elementor-section-height-default\" data-id=\"1f3f643\" data-element_type=\"section\" data-e-type=\"section\">\n\t\t\t\t\t\t<div class=\"elementor-container elementor-column-gap-extended\">\n\t\t\t\t\t<div class=\"elementor-column elementor-col-100 elementor-top-column elementor-element elementor-element-d99d3e9 sc_inner_width_none sc_content_align_inherit sc_layouts_column_icons_position_left\" data-id=\"d99d3e9\" data-element_type=\"column\" data-e-type=\"column\">\n\t\t\t<div class=\"elementor-widget-wrap elementor-element-populated\">\n\t\t\t\t\t\t<div class=\"elementor-element elementor-element-1c0149b animation_type_block sc_fly_static elementor-widget elementor-widget-text-editor\" data-id=\"1c0149b\" data-element_type=\"widget\" data-e-type=\"widget\" data-widget_type=\"text-editor.default\">\n\t\t\t\t<div class=\"elementor-widget-container\">\n\t\t\t\t\t\t\t\t\t<h6 style=\"text-align: right;\"><img fetchpriority=\"high\" decoding=\"async\" class=\"wp-image-9549 size-full\" src=\"https:\/\/dopicho.com\/wp-content\/uploads\/2025\/11\/Podcast-blog-2.jpg\" alt=\"Podcast Blog\" width=\"1500\" height=\"1000\" srcset=\"https:\/\/dopicho.com\/wp-content\/uploads\/2025\/11\/Podcast-blog-2.jpg 1500w, https:\/\/dopicho.com\/wp-content\/uploads\/2025\/11\/Podcast-blog-2-300x200.jpg 300w, https:\/\/dopicho.com\/wp-content\/uploads\/2025\/11\/Podcast-blog-2-1024x683.jpg 1024w, https:\/\/dopicho.com\/wp-content\/uploads\/2025\/11\/Podcast-blog-2-768x512.jpg 768w, https:\/\/dopicho.com\/wp-content\/uploads\/2025\/11\/Podcast-blog-2-370x247.jpg 370w, https:\/\/dopicho.com\/wp-content\/uploads\/2025\/11\/Podcast-blog-2-770x513.jpg 770w\" sizes=\"(max-width: 1500px) 100vw, 1500px\" \/> <em>Foto \u00a9 Makeda<\/em><\/h6>\t\t\t\t\t\t\t\t<\/div>\n\t\t\t\t<\/div>\n\t\t\t\t\t<\/div>\n\t\t<\/div>\n\t\t\t\t\t<\/div>\n\t\t<\/section>\n\t\t\t\t<section class=\"elementor-section elementor-top-section elementor-element elementor-element-dae1acd elementor-section-boxed elementor-section-height-default elementor-section-height-default\" data-id=\"dae1acd\" data-element_type=\"section\" data-e-type=\"section\">\n\t\t\t\t\t\t<div class=\"elementor-container elementor-column-gap-extended\">\n\t\t\t\t\t<div class=\"elementor-column elementor-col-100 elementor-top-column elementor-element elementor-element-c8cdd64 sc_inner_width_none sc_content_align_inherit sc_layouts_column_icons_position_left\" data-id=\"c8cdd64\" data-element_type=\"column\" data-e-type=\"column\">\n\t\t\t<div class=\"elementor-widget-wrap elementor-element-populated\">\n\t\t\t\t\t\t<div class=\"elementor-element elementor-element-e4652c5 animation_type_block sc_fly_static elementor-widget elementor-widget-text-editor\" data-id=\"e4652c5\" data-element_type=\"widget\" data-e-type=\"widget\" data-widget_type=\"text-editor.default\">\n\t\t\t\t<div class=\"elementor-widget-container\">\n\t\t\t\t\t\t\t\t\t<p><span style=\"color: #93938f; font-family: Metropolis, sans-serif; font-size: 14px; font-style: normal; font-weight: 500;\">Blog, 21\/11\/2025<\/span><\/p>\t\t\t\t\t\t\t\t<\/div>\n\t\t\t\t<\/div>\n\t\t\t\t\t<\/div>\n\t\t<\/div>\n\t\t\t\t\t<\/div>\n\t\t<\/section>\n\t\t\t\t<section class=\"elementor-section elementor-top-section elementor-element elementor-element-1ccc917 elementor-section-boxed elementor-section-height-default elementor-section-height-default\" data-id=\"1ccc917\" data-element_type=\"section\" data-e-type=\"section\">\n\t\t\t\t\t\t<div class=\"elementor-container elementor-column-gap-extended\">\n\t\t\t\t\t<div class=\"elementor-column elementor-col-100 elementor-top-column elementor-element elementor-element-401dad0 sc_inner_width_none sc_content_align_inherit sc_layouts_column_icons_position_left\" data-id=\"401dad0\" data-element_type=\"column\" data-e-type=\"column\">\n\t\t\t<div class=\"elementor-widget-wrap elementor-element-populated\">\n\t\t\t\t\t\t<div class=\"elementor-element elementor-element-01c118b animation_type_block sc_fly_static elementor-widget elementor-widget-heading\" data-id=\"01c118b\" data-element_type=\"widget\" data-e-type=\"widget\" data-widget_type=\"heading.default\">\n\t\t\t\t<div class=\"elementor-widget-container\">\n\t\t\t\t\t<h4 class=\"elementor-heading-title elementor-size-default\">Porque la Luna tenia a llegar a Do Picho<\/h4>\t\t\t\t<\/div>\n\t\t\t\t<\/div>\n\t\t\t\t\t<\/div>\n\t\t<\/div>\n\t\t\t\t\t<\/div>\n\t\t<\/section>\n\t\t\t\t<section class=\"elementor-section elementor-top-section elementor-element elementor-element-5f55e28 elementor-section-boxed elementor-section-height-default elementor-section-height-default\" data-id=\"5f55e28\" data-element_type=\"section\" data-e-type=\"section\">\n\t\t\t\t\t\t<div class=\"elementor-container elementor-column-gap-extended\">\n\t\t\t\t\t<div class=\"elementor-column elementor-col-100 elementor-top-column elementor-element elementor-element-e3cd55b sc_inner_width_none sc_content_align_inherit sc_layouts_column_icons_position_left\" data-id=\"e3cd55b\" data-element_type=\"column\" data-e-type=\"column\">\n\t\t\t<div class=\"elementor-widget-wrap elementor-element-populated\">\n\t\t\t\t\t\t<div class=\"elementor-element elementor-element-503833d animation_type_block sc_fly_static elementor-widget elementor-widget-text-editor\" data-id=\"503833d\" data-element_type=\"widget\" data-e-type=\"widget\" data-widget_type=\"text-editor.default\">\n\t\t\t\t<div class=\"elementor-widget-container\">\n\t\t\t\t\t\t\t\t\t<p>La primera vez que escuchamos hablar de <b>Do Picho<\/b> nos hicimos una imagen ut\u00f3pica de lo que pod\u00eda suponer este lugar. La historia ten\u00eda un punto irreal que lo convert\u00eda en irresistible. Era un relato que ten\u00eda algo de <i>Quijotesco<\/i> que nos provocaba una enorme curiosidad. Esa misma noche pudimos visitar la residencia. Fue entonces cuando nos dimos cuenta que las primeras sensaciones se quedaban cortas. Do Picho de pronto se te presenta ante ti como un acto de rebeld\u00eda. Y ya son pocos los rebeldes. Apostar por lo rural poniendo el coraz\u00f3n en la creaci\u00f3n art\u00edstica. Huir de las grandes ciudades, de los espacios de relumbr\u00f3n para habitar en la Ulloa. Construir de cero un proyecto desde lo local con vocaci\u00f3n de abrirse al mundo.<\/p><p>Pero Do Picho es mucho m\u00e1s. Es un espacio que se posiciona, que da un paso adelante. En definitiva, aqu\u00ed no se convive con la neutralidad. Do Picho se rebela para abrazar las causas justas. Las mismas que hoy est\u00e1n en decadencia. Sus banderas son las que nos identifican, las causas que alg\u00fan d\u00eda volver\u00e1n a ser reconocidas como los faros de la sociedad. Aqu\u00ed se defiende al pueblo de Palestina, se reivindican los derechos LGTB+, se llaman a los fascistas lo que son, fascistas. Aqu\u00ed te hacen sentir que el feminismo nos hace mejores a todos y a todas. Aqu\u00ed se homenajean a mujeres con personalidad. En Do Picho, es decir, en Palas de Rei, se dice alto y claro que Altri Non, haciendo de la defensa del medio ambiente el latido que impulsa cada paso.<\/p><p>Por eso <b>El hombre que se enamor\u00f3 de la Luna<\/b> ten\u00eda que hacerse querer y llegar a Do Picho. Sus causas son las nuestras. Sus valores son los nuestros. Nos sent\u00edamos capaces de trasladar todos estos valores en un programa lleno de voces distintas, de testimonios que completasen este puzle tan diverso y verdadero que es Do Picho. Por eso ten\u00edamos que estar en Filgueira. Para asumir ese reto y hacerlo realidad. Para dejarnos llevar por esa familia que habita en la Ulloa que se sienten capaces de todo.<\/p><p>Muchas gracias a <b>Catuxa Salom, L\u00faa Naviera, M\u00f3nica Cea, Jean Brundit, Guille Tort, Ant\u00f3n Lopo, Braulio Vilari\u00f1o, Maria Maquieira, Peru Saiz Prez<\/b>, y, sobre todo, a <b>Ralf J\u00fcrgens<\/b> por acompa\u00f1arnos en esta aventura. Si Do Picho fue creado con el mandato de hacer algo <i>loco<\/i> esta edici\u00f3n de El hombre que se enamor\u00f3 de la Luna ha estado a la altura. Un honor ser parte de esta familia, de estar en el lado correcto de la historia.<\/p><p>De que la Luna habite para siempre en Do Picho.<\/p><p><span style=\"font-size: 15px;\">Pablo Loriente, Director y Presentador de\u00a0El hombre que se enamor\u00f3 de la Luna (<\/span><span style=\"font-size: 15px;\">Madrid, 21 noviembre 2025)<\/span><\/p>\t\t\t\t\t\t\t\t<\/div>\n\t\t\t\t<\/div>\n\t\t\t\t\t<\/div>\n\t\t<\/div>\n\t\t\t\t\t<\/div>\n\t\t<\/section>\n\t\t\t\t<section class=\"elementor-section elementor-top-section elementor-element elementor-element-296045a elementor-section-boxed elementor-section-height-default elementor-section-height-default\" data-id=\"296045a\" data-element_type=\"section\" data-e-type=\"section\">\n\t\t\t\t\t\t<div class=\"elementor-container elementor-column-gap-extended\">\n\t\t\t\t\t<div class=\"elementor-column elementor-col-50 elementor-top-column elementor-element elementor-element-4912039 sc_inner_width_none sc_content_align_inherit sc_layouts_column_icons_position_left\" data-id=\"4912039\" data-element_type=\"column\" data-e-type=\"column\">\n\t\t\t<div class=\"elementor-widget-wrap elementor-element-populated\">\n\t\t\t\t\t\t<div class=\"elementor-element elementor-element-208e648 elementor-align-left animation_type_block sc_fly_static elementor-widget elementor-widget-button\" data-id=\"208e648\" data-element_type=\"widget\" data-e-type=\"widget\" data-widget_type=\"button.default\">\n\t\t\t\t<div class=\"elementor-widget-container\">\n\t\t\t\t\t\t\t\t\t<div class=\"elementor-button-wrapper\">\n\t\t\t\t\t<a class=\"elementor-button elementor-button-link elementor-size-sm\" href=\"https:\/\/dopicho.com\/es\/lizarraldea-a-ulloa-blog\/\">\n\t\t\t\t\t\t<span class=\"elementor-button-content-wrapper\">\n\t\t\t\t\t\t<span class=\"elementor-button-icon\">\n\t\t\t\t<i aria-hidden=\"true\" class=\"fas fa-long-arrow-alt-left\"><\/i>\t\t\t<\/span>\n\t\t\t\t\t\t\t\t\t<span class=\"elementor-button-text\">Lizarraldea A Ulloa<\/span>\n\t\t\t\t\t<\/span>\n\t\t\t\t\t<\/a>\n\t\t\t\t<\/div>\n\t\t\t\t\t\t\t\t<\/div>\n\t\t\t\t<\/div>\n\t\t\t\t\t<\/div>\n\t\t<\/div>\n\t\t\t\t<div class=\"elementor-column elementor-col-50 elementor-top-column elementor-element elementor-element-2f04288 sc_inner_width_none sc_content_align_inherit sc_layouts_column_icons_position_left\" data-id=\"2f04288\" data-element_type=\"column\" data-e-type=\"column\">\n\t\t\t<div class=\"elementor-widget-wrap elementor-element-populated\">\n\t\t\t\t\t\t<div class=\"elementor-element elementor-element-c354579 elementor-align-right animation_type_block sc_fly_static elementor-widget elementor-widget-button\" data-id=\"c354579\" data-element_type=\"widget\" data-e-type=\"widget\" data-widget_type=\"button.default\">\n\t\t\t\t<div class=\"elementor-widget-container\">\n\t\t\t\t\t\t\t\t\t<div class=\"elementor-button-wrapper\">\n\t\t\t\t\t<a class=\"elementor-button elementor-button-link elementor-size-sm\" href=\"https:\/\/dopicho.com\/es\/de-vuelta-a-do-picho\/\">\n\t\t\t\t\t\t<span class=\"elementor-button-content-wrapper\">\n\t\t\t\t\t\t<span class=\"elementor-button-icon\">\n\t\t\t\t<i aria-hidden=\"true\" class=\"fas fa-long-arrow-alt-right\"><\/i>\t\t\t<\/span>\n\t\t\t\t\t\t\t\t\t<span class=\"elementor-button-text\">De vuelta a DO PICHO<\/span>\n\t\t\t\t\t<\/span>\n\t\t\t\t\t<\/a>\n\t\t\t\t<\/div>\n\t\t\t\t\t\t\t\t<\/div>\n\t\t\t\t<\/div>\n\t\t\t\t\t<\/div>\n\t\t<\/div>\n\t\t\t\t\t<\/div>\n\t\t<\/section>\n\t\t\t\t<\/div>\n\t\t","protected":false},"excerpt":{"rendered":"<p>Foto \u00a9 Makeda Blog, 21\/11\/2025 Porque la Luna tenia a llegar a Do Picho La primera vez que escuchamos hablar de Do Picho nos hicimos una imagen ut\u00f3pica de lo que pod\u00eda suponer este lugar. La historia ten\u00eda un punto irreal que lo convert\u00eda en&hellip;<\/p>\n","protected":false},"author":3,"featured_media":0,"parent":0,"menu_order":0,"comment_status":"closed","ping_status":"closed","template":"","meta":{"footnotes":""},"class_list":["post-9547","page","type-page","status-publish","hentry"],"jetpack_sharing_enabled":true,"_links":{"self":[{"href":"https:\/\/dopicho.com\/es\/wp-json\/wp\/v2\/pages\/9547","targetHints":{"allow":["GET"]}}],"collection":[{"href":"https:\/\/dopicho.com\/es\/wp-json\/wp\/v2\/pages"}],"about":[{"href":"https:\/\/dopicho.com\/es\/wp-json\/wp\/v2\/types\/page"}],"author":[{"embeddable":true,"href":"https:\/\/dopicho.com\/es\/wp-json\/wp\/v2\/users\/3"}],"replies":[{"embeddable":true,"href":"https:\/\/dopicho.com\/es\/wp-json\/wp\/v2\/comments?post=9547"}],"version-history":[{"count":11,"href":"https:\/\/dopicho.com\/es\/wp-json\/wp\/v2\/pages\/9547\/revisions"}],"predecessor-version":[{"id":11417,"href":"https:\/\/dopicho.com\/es\/wp-json\/wp\/v2\/pages\/9547\/revisions\/11417"}],"wp:attachment":[{"href":"https:\/\/dopicho.com\/es\/wp-json\/wp\/v2\/media?parent=9547"}],"curies":[{"name":"wp","href":"https:\/\/api.w.org\/{rel}","templated":true}]}}