{"id":10587,"date":"2026-01-15T15:41:08","date_gmt":"2026-01-15T15:41:08","guid":{"rendered":"https:\/\/dopicho.com\/?page_id=10587"},"modified":"2026-01-15T15:58:24","modified_gmt":"2026-01-15T15:58:24","slug":"julia-venske-info","status":"publish","type":"page","link":"https:\/\/dopicho.com\/gl\/julia-venske-info\/","title":{"rendered":"Julia Venske Info"},"content":{"rendered":"\t\t<div data-elementor-type=\"wp-page\" data-elementor-id=\"10587\" class=\"elementor elementor-10587 elementor-10556\">\n\t\t\t\t\t\t<section class=\"elementor-section elementor-top-section elementor-element elementor-element-9f857e1 elementor-section-stretched elementor-section-boxed elementor-section-height-default elementor-section-height-default\" data-id=\"9f857e1\" data-element_type=\"section\" data-e-type=\"section\" data-settings=\"{&quot;stretch_section&quot;:&quot;section-stretched&quot;}\">\n\t\t\t\t\t\t<div class=\"elementor-container elementor-column-gap-extended\">\n\t\t\t\t\t<div class=\"elementor-column elementor-col-100 elementor-top-column elementor-element elementor-element-d52ca65 sc_inner_width_none sc_content_align_inherit sc_layouts_column_icons_position_left\" data-id=\"d52ca65\" data-element_type=\"column\" data-e-type=\"column\">\n\t\t\t<div class=\"elementor-widget-wrap elementor-element-populated\">\n\t\t\t\t\t\t<div class=\"elementor-element elementor-element-bd398bf animation_type_block sc_fly_static elementor-widget elementor-widget-heading\" data-id=\"bd398bf\" data-element_type=\"widget\" data-e-type=\"widget\" data-widget_type=\"heading.default\">\n\t\t\t\t<div class=\"elementor-widget-container\">\n\t\t\t\t\t<h1 class=\"elementor-heading-title elementor-size-default\">JULIA VENSKE<\/h1>\t\t\t\t<\/div>\n\t\t\t\t<\/div>\n\t\t\t\t<div class=\"elementor-element elementor-element-e350360 animation_type_block sc_fly_static elementor-widget elementor-widget-html\" data-id=\"e350360\" data-element_type=\"widget\" data-e-type=\"widget\" data-widget_type=\"html.default\">\n\t\t\t\t<div class=\"elementor-widget-container\">\n\t\t\t\t\t<a href=\"https:\/\/dopicho.com\/gl\/julia-venske\"><font color=\"#000000\"><span style=\"font-color: #000000;\"><b>Obras<\/b><\/a>\r\n&nbsp;&nbsp;&nbsp;&nbsp;&nbsp;&nbsp;&nbsp;&nbsp;&nbsp;\r\n<a href=\"https:\/\/dopicho.com\/gl\/julia-venske-info\/\"><b>Info<\/span><\/font><\/b><\/a>\r\n&nbsp;&nbsp;&nbsp;&nbsp;&nbsp;&nbsp;&nbsp;&nbsp;&nbsp;\r\n<a href=\"https:\/\/dopicho.com\/gl\/julia-venske-do-picho\/\"><b><font color=\"#000000\"><span style=\"font-color: #000000;\">O traballo de Julia en Do Picho<\/span><\/font><\/b><\/a>\t\t\t\t<\/div>\n\t\t\t\t<\/div>\n\t\t\t\t<div class=\"elementor-element elementor-element-49d5162 animation_type_block sc_fly_static elementor-widget elementor-widget-text-editor\" data-id=\"49d5162\" data-element_type=\"widget\" data-e-type=\"widget\" data-widget_type=\"text-editor.default\">\n\t\t\t\t<div class=\"elementor-widget-container\">\n\t\t\t\t\t\t\t\t\t<p><img fetchpriority=\"high\" decoding=\"async\" class=\"alignnone wp-image-10590 size-full\" src=\"https:\/\/dopicho.com\/wp-content\/uploads\/2026\/01\/Julia-Venske-1.jpg\" alt=\"Julia Venske\" width=\"1920\" height=\"1080\" srcset=\"https:\/\/dopicho.com\/wp-content\/uploads\/2026\/01\/Julia-Venske-1.jpg 1920w, https:\/\/dopicho.com\/wp-content\/uploads\/2026\/01\/Julia-Venske-1-300x169.jpg 300w, https:\/\/dopicho.com\/wp-content\/uploads\/2026\/01\/Julia-Venske-1-1024x576.jpg 1024w, https:\/\/dopicho.com\/wp-content\/uploads\/2026\/01\/Julia-Venske-1-768x432.jpg 768w, https:\/\/dopicho.com\/wp-content\/uploads\/2026\/01\/Julia-Venske-1-1536x864.jpg 1536w, https:\/\/dopicho.com\/wp-content\/uploads\/2026\/01\/Julia-Venske-1-370x208.jpg 370w, https:\/\/dopicho.com\/wp-content\/uploads\/2026\/01\/Julia-Venske-1-1170x658.jpg 1170w, https:\/\/dopicho.com\/wp-content\/uploads\/2026\/01\/Julia-Venske-1-770x433.jpg 770w, https:\/\/dopicho.com\/wp-content\/uploads\/2026\/01\/Julia-Venske-1-270x152.jpg 270w\" sizes=\"(max-width: 1920px) 100vw, 1920px\" \/><\/p><h4>ANTECEDENTES<\/h4><p>Como parte do d\u00fao de artistas venske &amp; sp\u00e4nle, levo 20 anos traballando de xeito cl\u00e1sico e escult\u00f3rico coa pedra, principalmente con m\u00e1rmore branco de Lasa. No noso traballo exploramos a interacci\u00f3n entre as persoas, o espazo e a escultura.<\/p><p>Os nosos traballos caracter\u00edzanse por formas org\u00e1nicas e estruturas flu\u00eddas que adoitan lembrar fen\u00f3menos naturais. Estas formas simbolizan tanto o crecemento e transformaci\u00f3n da natureza como a destruci\u00f3n e as influencias negativas causadas pola intervenci\u00f3n humana.<\/p><p>Utilizamos obxectos coti\u00e1ns, como os Tetrapaks, que dan testemu\u00f1o do Antropoceno no que vivimos. En 2017, desenvolvemos o AUTOEATER, un bloque de m\u00e1rmore de 10 toneladas que parece tragar un coche. O AUTOEATER viaxou como unha inspiradora escultura a gran escala de Atlanta a M\u00fanic e agora a Hannover e \u00e9 discutido pol\u00e9micamente como un s\u00edmbolo de cambio, afastado do CO2 cara a enerx\u00edas alternativas e repensar a planificaci\u00f3n urbana.<\/p><h4>PROXECTO DE JULIA EN DO PICHO<\/h4><p>Fixen a mi\u00f1a residencia ao mesmo tempo que a mi\u00f1a amiga e compa\u00f1eira artista de M\u00fanic Stefanie Zoche, \u00e1s veces compartindo o espazo da residencia con ela mentres que outras veces traballaba e colaboraba a distancia. Aproveitei a residencia para desenvolver un novo ciclo de obras que empregan modelos de arxila, bosquexos, fotograf\u00eda e Photoshop para explorar criticamente a paisaxe da zona e suscitar preguntas sobre o desenvolvemento econ\u00f3mico posterior da rexi\u00f3n. O meu obxectivo era animar o espectador a reflexionar m\u00e1is profundamente sobre o seu propio impacto no medio ambiente. Creo que a arte ten o poder de espertar emoci\u00f3ns e pensamentos que poden levar a unha actitude m\u00e1is responsable co noso planeta.<\/p>\t\t\t\t\t\t\t\t<\/div>\n\t\t\t\t<\/div>\n\t\t\t\t\t<\/div>\n\t\t<\/div>\n\t\t\t\t\t<\/div>\n\t\t<\/section>\n\t\t\t\t<\/div>\n\t\t","protected":false},"excerpt":{"rendered":"<p>JULIA VENSKE Obras &nbsp;&nbsp;&nbsp;&nbsp;&nbsp;&nbsp;&nbsp;&nbsp;&nbsp; Info &nbsp;&nbsp;&nbsp;&nbsp;&nbsp;&nbsp;&nbsp;&nbsp;&nbsp; O traballo de Julia en Do Picho ANTECEDENTES Como parte do d\u00fao de artistas venske &amp; sp\u00e4nle, levo 20 anos traballando de xeito cl\u00e1sico e escult\u00f3rico coa pedra, principalmente con m\u00e1rmore branco de Lasa. No noso traballo exploramos a&hellip;<\/p>\n","protected":false},"author":3,"featured_media":0,"parent":0,"menu_order":0,"comment_status":"closed","ping_status":"closed","template":"","meta":{"footnotes":""},"class_list":["post-10587","page","type-page","status-publish","hentry"],"jetpack_sharing_enabled":true,"_links":{"self":[{"href":"https:\/\/dopicho.com\/gl\/wp-json\/wp\/v2\/pages\/10587","targetHints":{"allow":["GET"]}}],"collection":[{"href":"https:\/\/dopicho.com\/gl\/wp-json\/wp\/v2\/pages"}],"about":[{"href":"https:\/\/dopicho.com\/gl\/wp-json\/wp\/v2\/types\/page"}],"author":[{"embeddable":true,"href":"https:\/\/dopicho.com\/gl\/wp-json\/wp\/v2\/users\/3"}],"replies":[{"embeddable":true,"href":"https:\/\/dopicho.com\/gl\/wp-json\/wp\/v2\/comments?post=10587"}],"version-history":[{"count":4,"href":"https:\/\/dopicho.com\/gl\/wp-json\/wp\/v2\/pages\/10587\/revisions"}],"predecessor-version":[{"id":10593,"href":"https:\/\/dopicho.com\/gl\/wp-json\/wp\/v2\/pages\/10587\/revisions\/10593"}],"wp:attachment":[{"href":"https:\/\/dopicho.com\/gl\/wp-json\/wp\/v2\/media?parent=10587"}],"curies":[{"name":"wp","href":"https:\/\/api.w.org\/{rel}","templated":true}]}}