{"id":10690,"date":"2026-01-16T14:15:45","date_gmt":"2026-01-16T14:15:45","guid":{"rendered":"https:\/\/dopicho.com\/?page_id=10690"},"modified":"2026-01-16T15:09:47","modified_gmt":"2026-01-16T15:09:47","slug":"pat-o-hare-info","status":"publish","type":"page","link":"https:\/\/dopicho.com\/gl\/pat-o-hare-info\/","title":{"rendered":"Pat O&#8217;Hare Info"},"content":{"rendered":"\t\t<div data-elementor-type=\"wp-page\" data-elementor-id=\"10690\" class=\"elementor elementor-10690 elementor-10627\">\n\t\t\t\t\t\t<section class=\"elementor-section elementor-top-section elementor-element elementor-element-904f866 elementor-section-boxed elementor-section-height-default elementor-section-height-default\" data-id=\"904f866\" data-element_type=\"section\" data-e-type=\"section\">\n\t\t\t\t\t\t<div class=\"elementor-container elementor-column-gap-extended\">\n\t\t\t\t\t<div class=\"elementor-column elementor-col-100 elementor-top-column elementor-element elementor-element-a5073ec sc_inner_width_none sc_content_align_inherit sc_layouts_column_icons_position_left\" data-id=\"a5073ec\" data-element_type=\"column\" data-e-type=\"column\">\n\t\t\t<div class=\"elementor-widget-wrap elementor-element-populated\">\n\t\t\t\t\t\t<div class=\"elementor-element elementor-element-ee7fa1d elementor-widget__width-initial animation_type_block sc_fly_static elementor-widget elementor-widget-heading\" data-id=\"ee7fa1d\" data-element_type=\"widget\" data-e-type=\"widget\" data-widget_type=\"heading.default\">\n\t\t\t\t<div class=\"elementor-widget-container\">\n\t\t\t\t\t<h1 class=\"elementor-heading-title elementor-size-default\">PAT O'HARE<\/h1>\t\t\t\t<\/div>\n\t\t\t\t<\/div>\n\t\t\t\t<div class=\"elementor-element elementor-element-47aece0 scheme_default animation_type_block sc_fly_static elementor-widget elementor-widget-html\" data-id=\"47aece0\" data-element_type=\"widget\" data-e-type=\"widget\" data-widget_type=\"html.default\">\n\t\t\t\t<div class=\"elementor-widget-container\">\n\t\t\t\t\t<a href=\"https:\/\/dopicho.com\/gl\/pat-o-hare\/\"><b><font color=\"#000000\"><span style=\"font-color: #000000;\">Obras<\/span><\/font><\/b><\/a>\n&nbsp;&nbsp;&nbsp;&nbsp;&nbsp;&nbsp;&nbsp;&nbsp;&nbsp;\n<a href=\"https:\/\/dopicho.com\/gl\/pat-o-hare-info\/\"><b>Info<\/span><\/font><\/b><\/a>\n&nbsp;&nbsp;&nbsp;&nbsp;&nbsp;&nbsp;&nbsp;&nbsp;&nbsp;\n<a href=\"https:\/\/dopicho.com\/gl\/equipo-do-proxecto\"><b><font color=\"#000000\"><span style=\"font-color: #000000;\">O Equipo do Proxecto<\/b><\/a>\t\t\t\t<\/div>\n\t\t\t\t<\/div>\n\t\t\t\t<div class=\"elementor-element elementor-element-8b8ec35 animation_type_block sc_fly_static elementor-widget elementor-widget-text-editor\" data-id=\"8b8ec35\" data-element_type=\"widget\" data-e-type=\"widget\" data-widget_type=\"text-editor.default\">\n\t\t\t\t<div class=\"elementor-widget-container\">\n\t\t\t\t\t\t\t\t\t<h4><img fetchpriority=\"high\" decoding=\"async\" src=\"https:\/\/dopicho.com\/wp-content\/uploads\/2025\/09\/patohare.jpg\" alt=\"Pat O'Hare\" width=\"1920\" height=\"1080\" \/><\/h4><h4><span style=\"color: #5a5959;\">ANTECEDENTES<\/span><\/h4><p><span style=\"color: #808080;\">Pat O\u2019Hare naceu en Liverpool, Inglaterra. \u00c9 co\u00f1ecido polo seu traballo pioneiro en pol\u00edticas de drogas e reduci\u00f3n de danos, pero tam\u00e9n \u00e9 un artista consumado: un fot\u00f3grafo cuxo traballo foi exposto en Espa\u00f1a, Reino Unido, Francia, Estados Unidos, Pa\u00edses Baixos e Su\u00edza, e m\u00fasico en bandas con sede en Liverpool e Xenebra. \u00c9 activista e artista, e foi diagnosticado con Alzheimer en 2023.<\/span><\/p><p><span style=\"color: #808080;\">Pat comezou a traballar no campo das drogas a mediados da d\u00e9cada de 1980, cando se converteu en coordinador de educaci\u00f3n sobre drogas para Sefton, Merseyside, e m\u00e1is tarde en director do Centro de Informaci\u00f3n e Formaci\u00f3n sobre Drogas de Mersey en Liverpool. En 1989, fundou o International Journal of Drug Policy e foi o seu editor de 1990 a 2000. En resposta ao interese no innovador Modelo de Reduci\u00f3n de Danos de Mersey, Pat iniciou a Primeira Conferencia Internacional sobre Reduci\u00f3n de Danos das Drogas en 1990. Foi director executivo de Harm Reduction International (https:\/\/hri.global\/) desde a s\u00faa fundaci\u00f3n en 1996 ata 2004.<\/span><\/p><p><span style=\"color: #808080;\">Pat foi fundamental para axudar aos gobernos de todo o mundo a cambiar a s\u00faa maneira de abordar os problemas do consumo de drogas, especialmente os causados polo uso compartido de equipamentos de inxecci\u00f3n. \u00c9 coeditor de tres libros sobre a reduci\u00f3n de danos relacionados coas drogas, publicou extensamente sobre prevenci\u00f3n do VIH, educaci\u00f3n e pol\u00edtica de drogas, e falou en numerosas conferencias internacionais nos \u00faltimos trinta e cinco anos.<\/span><\/p><p><span style=\"color: #808080;\">En 1990, Pat recibiu o Premio Norman E. Zinberg por Logros no Campo da Medicina e o Tratamento da Fundaci\u00f3n para a Pol\u00edtica de Drogas de Washington, e no ano 2000, recibiu o premio m\u00e1is prestixioso de Harm Reduction International: o Premio Internacional Rolleston. En febreiro de 2009, foi nomeado profesor visitante de Consumo e Adicci\u00f3n a Drogas na Universidade John Moores de Liverpool.<\/span><\/p><p><span style=\"color: #808080;\">Durante a s\u00faa residencia en Do Picho, Pat est\u00e1 acompa\u00f1ado pola s\u00faa esposa, Annette naceu en \u00c1msterdam, Pa\u00edses Baixos. \u00c9 antrop\u00f3loga social e traballou nas \u00e1reas do VIH, outras enfermidades infecciosas e a reforma das pol\u00edticas de drogas. Foi a primeira coordinadora de SIDA da cidade de \u00c1msterdam e apoiou a implementaci\u00f3n de varias respostas innovadoras de sa\u00fade p\u00fablica, como o primeiro programa de intercambio de xiringas. En 2006, comezou a traballar coa Organizaci\u00f3n Mundial da Sa\u00fade (OMS) en cuesti\u00f3ns relacionadas coa sa\u00fade das persoas que consumen drogas e outras poboaci\u00f3ns \u201cclave\u201d que a mi\u00fado est\u00e1n marxinalizadas e corren o risco de VIH, como homes gais, traballadores sexuais, persoas trans e de x\u00e9nero diverso e persoas en prisi\u00f3n. Annette desenvolveu numerosas ferramentas e directrices da OMS e \u00e9 unha firme defensora dunha abordaxe de sa\u00fade p\u00fablica para o consumo de drogas e a reforma das pol\u00edticas de drogas. Liderou o traballo da OMS sobre o VIH, a hepatite viral e as ITS en poboaci\u00f3ns clave ata a s\u00faa xubilaci\u00f3n en agosto de 2025. Agora, en Galicia e m\u00e1is al\u00e1, Annette espera dedicarse \u00e1s s\u00faas outras paix\u00f3ns, como a cer\u00e1mica e a s\u00faa defensa da natureza e o medio ambiente.<\/span><\/p><h4><span style=\"color: #5a5959;\">O PROXECTO DE PAT<\/span><\/h4><p><span style=\"color: #808080;\">Pat chega a Palas de Rei cun proxecto similar ao que emprendeu hai 10 anos en Casarabonela (Andaluc\u00eda), onde fotografou \u201cas caras e os lugares\u201d, unha instant\u00e1nea da vila e da s\u00faa xente. Traballar\u00e1 cun equipo de artistas locais e internacionais que traballan coa fotograf\u00eda e outros medios (ver O Equipo do Proxecto). Xuntos, mergullarse na comunidade e convivir\u00e1n cos seus residentes, fotografando Palas de Rei e a xente que vive nela, para unha exposici\u00f3n e un folleto previstos para a primavera\/ver\u00e1n de 2026.<\/span><\/p><p><span style=\"color: #808080;\">Palas de Rei recibiu moita atenci\u00f3n recentemente debido ao proxecto da multinacional portuguesa ALTRI de constru\u00edr unha megaf\u00e1brica de celulosa dentro das s\u00faas fronteiras, preto doutro concello, Melide. O proxecto ALTRI levou a moitos a botarlle unha nova ollada a Palas de Rei, redescubrindoa e recuper\u00e1ndoa, como un lugar con tradici\u00f3ns, unha pr\u00f3spera industria tur\u00edstica ligada ao Cami\u00f1o de Santiago, outras industrias con visi\u00f3n de futuro, unha escena cultural viva e diversa e un futuro brillante polo que moitos loitan. Capturar isto, a trav\u00e9s dos ollos de fot\u00f3grafos locais e internacionais, e coas achegas da xente de Palas sobre o que queren ver capturado en exposici\u00f3ns e nun fotolibro, \u00e9 un gran reto e unha gran oportunidade.<\/span><\/p><p>\u00a0<\/p>\t\t\t\t\t\t\t\t<\/div>\n\t\t\t\t<\/div>\n\t\t\t\t\t<\/div>\n\t\t<\/div>\n\t\t\t\t\t<\/div>\n\t\t<\/section>\n\t\t\t\t<\/div>\n\t\t","protected":false},"excerpt":{"rendered":"<p>PAT O&#8217;HARE Obras &nbsp;&nbsp;&nbsp;&nbsp;&nbsp;&nbsp;&nbsp;&nbsp;&nbsp; Info &nbsp;&nbsp;&nbsp;&nbsp;&nbsp;&nbsp;&nbsp;&nbsp;&nbsp; O Equipo do Proxecto ANTECEDENTES Pat O\u2019Hare naceu en Liverpool, Inglaterra. \u00c9 co\u00f1ecido polo seu traballo pioneiro en pol\u00edticas de drogas e reduci\u00f3n de danos, pero tam\u00e9n \u00e9 un artista consumado: un fot\u00f3grafo cuxo traballo foi exposto en Espa\u00f1a,&hellip;<\/p>\n","protected":false},"author":3,"featured_media":0,"parent":0,"menu_order":0,"comment_status":"closed","ping_status":"closed","template":"","meta":{"footnotes":""},"class_list":["post-10690","page","type-page","status-publish","hentry"],"jetpack_sharing_enabled":true,"_links":{"self":[{"href":"https:\/\/dopicho.com\/gl\/wp-json\/wp\/v2\/pages\/10690","targetHints":{"allow":["GET"]}}],"collection":[{"href":"https:\/\/dopicho.com\/gl\/wp-json\/wp\/v2\/pages"}],"about":[{"href":"https:\/\/dopicho.com\/gl\/wp-json\/wp\/v2\/types\/page"}],"author":[{"embeddable":true,"href":"https:\/\/dopicho.com\/gl\/wp-json\/wp\/v2\/users\/3"}],"replies":[{"embeddable":true,"href":"https:\/\/dopicho.com\/gl\/wp-json\/wp\/v2\/comments?post=10690"}],"version-history":[{"count":13,"href":"https:\/\/dopicho.com\/gl\/wp-json\/wp\/v2\/pages\/10690\/revisions"}],"predecessor-version":[{"id":10788,"href":"https:\/\/dopicho.com\/gl\/wp-json\/wp\/v2\/pages\/10690\/revisions\/10788"}],"wp:attachment":[{"href":"https:\/\/dopicho.com\/gl\/wp-json\/wp\/v2\/media?parent=10690"}],"curies":[{"name":"wp","href":"https:\/\/api.w.org\/{rel}","templated":true}]}}