{"id":10827,"date":"2026-01-17T12:12:41","date_gmt":"2026-01-17T12:12:41","guid":{"rendered":"https:\/\/dopicho.com\/?page_id=10827"},"modified":"2026-01-17T12:25:12","modified_gmt":"2026-01-17T12:25:12","slug":"lisa-tognon-info","status":"publish","type":"page","link":"https:\/\/dopicho.com\/gl\/lisa-tognon-info\/","title":{"rendered":"Lisa Tognon Info"},"content":{"rendered":"\t\t<div data-elementor-type=\"wp-page\" data-elementor-id=\"10827\" class=\"elementor elementor-10827 elementor-10808\">\n\t\t\t\t\t\t<section class=\"elementor-section elementor-top-section elementor-element elementor-element-3f4fcfd elementor-section-stretched elementor-section-boxed elementor-section-height-default elementor-section-height-default\" data-id=\"3f4fcfd\" data-element_type=\"section\" data-e-type=\"section\" data-settings=\"{&quot;stretch_section&quot;:&quot;section-stretched&quot;}\">\n\t\t\t\t\t\t<div class=\"elementor-container elementor-column-gap-extended\">\n\t\t\t\t\t<div class=\"elementor-column elementor-col-100 elementor-top-column elementor-element elementor-element-e98f41e sc_inner_width_none sc_content_align_inherit sc_layouts_column_icons_position_left\" data-id=\"e98f41e\" data-element_type=\"column\" data-e-type=\"column\">\n\t\t\t<div class=\"elementor-widget-wrap elementor-element-populated\">\n\t\t\t\t\t\t<div class=\"elementor-element elementor-element-0e9eb08 animation_type_block sc_fly_static elementor-widget elementor-widget-heading\" data-id=\"0e9eb08\" data-element_type=\"widget\" data-e-type=\"widget\" data-widget_type=\"heading.default\">\n\t\t\t\t<div class=\"elementor-widget-container\">\n\t\t\t\t\t<h1 class=\"elementor-heading-title elementor-size-default\">LISA TOGNON<\/h1>\t\t\t\t<\/div>\n\t\t\t\t<\/div>\n\t\t\t\t<div class=\"elementor-element elementor-element-69c5fd6 animation_type_block sc_fly_static elementor-widget elementor-widget-html\" data-id=\"69c5fd6\" data-element_type=\"widget\" data-e-type=\"widget\" data-widget_type=\"html.default\">\n\t\t\t\t<div class=\"elementor-widget-container\">\n\t\t\t\t\t<a href=\"https:\/\/dopicho.com\/gl\/lisa-tognon\"><b><font color=\"#000000\"><span style=\"font-color: #000000;\">Obras<\/b><\/a>\r\n&nbsp;&nbsp;&nbsp;&nbsp;&nbsp;&nbsp;&nbsp;&nbsp;&nbsp;\r\n<a href=\"https:\/\/dopicho.com\/gl\/lisa-tognon-info\/\"><b>Info<\/span><\/b><\/a>\t\t\t\t<\/div>\n\t\t\t\t<\/div>\n\t\t\t\t<div class=\"elementor-element elementor-element-9e09a18 animation_type_block sc_fly_static elementor-widget elementor-widget-text-editor\" data-id=\"9e09a18\" data-element_type=\"widget\" data-e-type=\"widget\" data-widget_type=\"text-editor.default\">\n\t\t\t\t<div class=\"elementor-widget-container\">\n\t\t\t\t\t\t\t\t\t<p><img fetchpriority=\"high\" decoding=\"async\" class=\"alignnone size-medium wp-image-7135\" src=\"https:\/\/dopicho.com\/wp-content\/uploads\/2025\/09\/lisa-300x169.jpg\" alt=\"Lisa Tognon\" width=\"1920\" height=\"1080\" srcset=\"https:\/\/dopicho.com\/wp-content\/uploads\/2025\/09\/lisa-300x169.jpg 300w, https:\/\/dopicho.com\/wp-content\/uploads\/2025\/09\/lisa-1024x576.jpg 1024w, https:\/\/dopicho.com\/wp-content\/uploads\/2025\/09\/lisa-768x432.jpg 768w, https:\/\/dopicho.com\/wp-content\/uploads\/2025\/09\/lisa-1536x864.jpg 1536w, https:\/\/dopicho.com\/wp-content\/uploads\/2025\/09\/lisa-370x208.jpg 370w, https:\/\/dopicho.com\/wp-content\/uploads\/2025\/09\/lisa-1170x658.jpg 1170w, https:\/\/dopicho.com\/wp-content\/uploads\/2025\/09\/lisa-770x433.jpg 770w, https:\/\/dopicho.com\/wp-content\/uploads\/2025\/09\/lisa-270x152.jpg 270w, https:\/\/dopicho.com\/wp-content\/uploads\/2025\/09\/lisa.jpg 1920w\" sizes=\"(max-width: 1920px) 100vw, 1920px\" \/><\/p><h4><span style=\"color: #5a5959;\">ANTECEDENTES<\/span><\/h4><p><span style=\"color: #808080;\">Como artista de Quebec, levo m\u00e1is de 30 anos traballando con materiais, principalmente con papel e tintas que uso de moitas maneiras. Expux\u00edn en Quebec, Canad\u00e1 e Europa, en moitas galer\u00edas e museos. O meu traballo p\u00f3dese atopar en moitas colecci\u00f3ns de arte p\u00fablicas e privadas. Recib\u00edn varios premios, entre eles &#8220;Artiste montr\u00e9alaise&#8221; para os Entretiens Jacques Cartier, concedido pola cidade de Lyon, e m\u00e1is recentemente nomeado en 2023 como artista do ano polo Conseil des arts et des lettres du Qu\u00e9bec. Creo composici\u00f3ns abstractas que evocan arquetipos, facendo referencia a mi\u00fado a fen\u00f3menos naturais como as erupci\u00f3ns volc\u00e1nicas, o vento, a auga, o vento do lume, a auga, o lume, a neve, as mareas, etc.) as\u00ed como as pegadas da nosa civilizaci\u00f3n escritas, signos, s\u00edmbolos, emblemas, etc. Estou desexando colaborar coa escritora Claire Varin, que se inspira nos animais.<\/span><\/p><h4><span style=\"color: #5a5959; sans-serif; font-size: 20px; font-style: normal; font-weight: 600; letter-spacing: 0px;\">O PROXECTO DO PICHO DE LISA<\/span><\/h4><p><span style=\"color: #808080;\">Estes \u00faltimos anos fun achegando \u00e1 arte como unha forma de contribu\u00edr ao esforzo de salvagarda da humanidade en relaci\u00f3n aos nosos ecosistemas naturais, humidais e bosques, e insp\u00edrome nas acci\u00f3ns protectoras realizadas no seu nome por cidad\u00e1ns conscientes desta riqueza. Quero destacar o traballo das organizaci\u00f3ns que loitan polo medio ambiente de Palace Del Rei, especialmente no caso da papeleira Altri, mediante a creaci\u00f3n dunha obra de arte feita a man en papel de morera inspirada na natureza desta zona e na cidadan\u00eda que o desexen.\u00a0<\/span><\/p><p><span style=\"font-size: 16px; color: #808080;\">A fachada acristalada da residencia do Picho \u00e9 unha superficie onde a suspensi\u00f3n de grandes obras de papel de moreira, a contraluz, magnificar\u00e1 a finalidade da obra. A noite ser\u00e1 a aliada destas proxecci\u00f3ns luminosas.<\/span><\/p><p><span style=\"color: #808080;\">A fauna e a flora da contorna estar\u00e1n presentes nesta creaci\u00f3n, sobre todo a trav\u00e9s das impresi\u00f3ns realizadas nas superficies de papel de moreira por escolares ou cami\u00f1antes do Cami\u00f1o de Santiago de Compostela que ser\u00e1n convidados a participar. Un bi\u00f3logo, ecoloxista ou algu\u00e9n familiarizado co impacto nocivo da construci\u00f3n da f\u00e1brica de pasta e papel nesta zona ofrecer\u00e1 un paseo durante o cal os participantes tomar\u00e1n conciencia da beleza e da necesidade cient\u00edfica de protexer o lugar.<\/span><\/p><p><span style=\"color: #808080;\">Coa mi\u00f1a axuda, crear\u00e1n pequenos amuletos de protecci\u00f3n como se atopan en moitas civilizaci\u00f3ns antigas, para plantas, animais ou insectos que poidan verse ameazados por tales proxectos. O traballo dos participantes servir\u00e1 para crear amuletos m\u00e1is grandes, que farei inspir\u00e1ndome tanto no descubrimento do medio natural que rodea a residencia dos fitos culturais de Galicia, como en encontros coa cidadan\u00eda local.<\/span><\/p>\t\t\t\t\t\t\t\t<\/div>\n\t\t\t\t<\/div>\n\t\t\t\t\t<\/div>\n\t\t<\/div>\n\t\t\t\t\t<\/div>\n\t\t<\/section>\n\t\t\t\t<\/div>\n\t\t","protected":false},"excerpt":{"rendered":"<p>LISA TOGNON Obras &nbsp;&nbsp;&nbsp;&nbsp;&nbsp;&nbsp;&nbsp;&nbsp;&nbsp; Info ANTECEDENTES Como artista de Quebec, levo m\u00e1is de 30 anos traballando con materiais, principalmente con papel e tintas que uso de moitas maneiras. Expux\u00edn en Quebec, Canad\u00e1 e Europa, en moitas galer\u00edas e museos. O meu traballo p\u00f3dese atopar en&hellip;<\/p>\n","protected":false},"author":3,"featured_media":0,"parent":0,"menu_order":0,"comment_status":"closed","ping_status":"closed","template":"","meta":{"footnotes":""},"class_list":["post-10827","page","type-page","status-publish","hentry"],"jetpack_sharing_enabled":true,"_links":{"self":[{"href":"https:\/\/dopicho.com\/gl\/wp-json\/wp\/v2\/pages\/10827","targetHints":{"allow":["GET"]}}],"collection":[{"href":"https:\/\/dopicho.com\/gl\/wp-json\/wp\/v2\/pages"}],"about":[{"href":"https:\/\/dopicho.com\/gl\/wp-json\/wp\/v2\/types\/page"}],"author":[{"embeddable":true,"href":"https:\/\/dopicho.com\/gl\/wp-json\/wp\/v2\/users\/3"}],"replies":[{"embeddable":true,"href":"https:\/\/dopicho.com\/gl\/wp-json\/wp\/v2\/comments?post=10827"}],"version-history":[{"count":16,"href":"https:\/\/dopicho.com\/gl\/wp-json\/wp\/v2\/pages\/10827\/revisions"}],"predecessor-version":[{"id":10847,"href":"https:\/\/dopicho.com\/gl\/wp-json\/wp\/v2\/pages\/10827\/revisions\/10847"}],"wp:attachment":[{"href":"https:\/\/dopicho.com\/gl\/wp-json\/wp\/v2\/media?parent=10827"}],"curies":[{"name":"wp","href":"https:\/\/api.w.org\/{rel}","templated":true}]}}