{"id":11812,"date":"2026-03-31T18:36:19","date_gmt":"2026-03-31T18:36:19","guid":{"rendered":"https:\/\/dopicho.com\/?page_id=11812"},"modified":"2026-03-31T18:41:08","modified_gmt":"2026-03-31T18:41:08","slug":"bea-saians-do-picho","status":"publish","type":"page","link":"https:\/\/dopicho.com\/gl\/bea-saians-do-picho\/","title":{"rendered":"Bea Sai\u00e1ns Do Picho"},"content":{"rendered":"\t\t<div data-elementor-type=\"wp-page\" data-elementor-id=\"11812\" class=\"elementor elementor-11812 elementor-11791\">\n\t\t\t\t\t\t<section class=\"elementor-section elementor-top-section elementor-element elementor-element-9acc404 elementor-section-boxed elementor-section-height-default elementor-section-height-default\" data-id=\"9acc404\" data-element_type=\"section\" data-e-type=\"section\">\n\t\t\t\t\t\t<div class=\"elementor-container elementor-column-gap-extended\">\n\t\t\t\t\t<div class=\"elementor-column elementor-col-100 elementor-top-column elementor-element elementor-element-2e4e670 sc_inner_width_none sc_content_align_inherit sc_layouts_column_icons_position_left\" data-id=\"2e4e670\" data-element_type=\"column\" data-e-type=\"column\">\n\t\t\t<div class=\"elementor-widget-wrap elementor-element-populated\">\n\t\t\t\t\t\t<div class=\"elementor-element elementor-element-6e78d00 animation_type_block sc_fly_static elementor-widget elementor-widget-heading\" data-id=\"6e78d00\" data-element_type=\"widget\" data-e-type=\"widget\" data-widget_type=\"heading.default\">\n\t\t\t\t<div class=\"elementor-widget-container\">\n\t\t\t\t\t<h1 class=\"elementor-heading-title elementor-size-default\">BEA SAI\u00c1NS<\/h1>\t\t\t\t<\/div>\n\t\t\t\t<\/div>\n\t\t\t\t<div class=\"elementor-element elementor-element-1398b21 scheme_default animation_type_block sc_fly_static elementor-widget elementor-widget-html\" data-id=\"1398b21\" data-element_type=\"widget\" data-e-type=\"widget\" data-widget_type=\"html.default\">\n\t\t\t\t<div class=\"elementor-widget-container\">\n\t\t\t\t\t<a href=\"https:\/\/dopicho.com\/gl\/bea-saians\/\/\"><b><font color=\"#000000\"><span style=\"font-color: #000000;\">Obras<\/span><\/font><\/b><\/a>\r\n&nbsp;&nbsp;&nbsp;&nbsp;&nbsp;&nbsp;&nbsp;&nbsp;&nbsp;\r\n<a href=\"https:\/\/dopicho.com\/gl\/bea-saians-info\/\"><b><font color=\"#000000\"><span style=\"font-color: #000000;\">Info<\/span><\/font><\/b><\/a>\r\n&nbsp;&nbsp;&nbsp;&nbsp;&nbsp;&nbsp;&nbsp;&nbsp;&nbsp;\r\n<a href=\"https:\/\/dopicho.com\/gl\/bea-saians-do-picho\/\"><b>Traballo de Bea en Do Picho<\/b><\/a>\r\n\t\t\t\t<\/div>\n\t\t\t\t<\/div>\n\t\t\t\t<div class=\"elementor-element elementor-element-7470e9a animation_type_block sc_fly_static elementor-widget elementor-widget-text-editor\" data-id=\"7470e9a\" data-element_type=\"widget\" data-e-type=\"widget\" data-widget_type=\"text-editor.default\">\n\t\t\t\t<div class=\"elementor-widget-container\">\n\t\t\t\t\t\t\t\t\t<p>As\u00ed describe Bea o que fixo durante a s\u00faa residencia: \u201cDurante a mi\u00f1a estancia en Do Picho dediquei tempo \u00e1 investigaci\u00f3n, ao encontro coa comunidade local e ao desenvolvemento da mi\u00f1a pr\u00e1ctica art\u00edstica. Ao longo dese per\u00edodo tiven a oportunidade de conversar con persoas do entorno de Palas de Rei como M\u00f3nica Cea ou zOe iriARTE, participar en distintos encontros e eventos comunitarios como un acto de celebraci\u00f3n da vida e m\u00fasica de Catuxa Salom, no que se inaugurou a Sala Catuxa Salom dentro da residencia, e compartir o meu traballo nun encontro aberto.<\/p><p>Nese encontro falei tanto de traballos anteriores como dalgunhas das li\u00f1as de investigaci\u00f3n que acompa\u00f1an o meu traballo actualmente. A residencia permitiume dedicar tempo \u00e1 reflexi\u00f3n, preparar o European Film Market (EFM) da Berlinale ao que viaxaba despois, mesturarme co entorno natural e social e comezar a imaxinar proxectos que seguir\u00e1n medrando nos pr\u00f3ximos anos.\u201d<\/p>\t\t\t\t\t\t\t\t<\/div>\n\t\t\t\t<\/div>\n\t\t\t\t\t<\/div>\n\t\t<\/div>\n\t\t\t\t\t<\/div>\n\t\t<\/section>\n\t\t\t\t<\/div>\n\t\t","protected":false},"excerpt":{"rendered":"<p>BEA SAI\u00c1NS Obras &nbsp;&nbsp;&nbsp;&nbsp;&nbsp;&nbsp;&nbsp;&nbsp;&nbsp; Info &nbsp;&nbsp;&nbsp;&nbsp;&nbsp;&nbsp;&nbsp;&nbsp;&nbsp; Traballo de Bea en Do Picho As\u00ed describe Bea o que fixo durante a s\u00faa residencia: \u201cDurante a mi\u00f1a estancia en Do Picho dediquei tempo \u00e1 investigaci\u00f3n, ao encontro coa comunidade local e ao desenvolvemento da mi\u00f1a pr\u00e1ctica art\u00edstica.&hellip;<\/p>\n","protected":false},"author":3,"featured_media":0,"parent":0,"menu_order":0,"comment_status":"closed","ping_status":"closed","template":"","meta":{"footnotes":""},"class_list":["post-11812","page","type-page","status-publish","hentry"],"jetpack_sharing_enabled":true,"_links":{"self":[{"href":"https:\/\/dopicho.com\/gl\/wp-json\/wp\/v2\/pages\/11812","targetHints":{"allow":["GET"]}}],"collection":[{"href":"https:\/\/dopicho.com\/gl\/wp-json\/wp\/v2\/pages"}],"about":[{"href":"https:\/\/dopicho.com\/gl\/wp-json\/wp\/v2\/types\/page"}],"author":[{"embeddable":true,"href":"https:\/\/dopicho.com\/gl\/wp-json\/wp\/v2\/users\/3"}],"replies":[{"embeddable":true,"href":"https:\/\/dopicho.com\/gl\/wp-json\/wp\/v2\/comments?post=11812"}],"version-history":[{"count":7,"href":"https:\/\/dopicho.com\/gl\/wp-json\/wp\/v2\/pages\/11812\/revisions"}],"predecessor-version":[{"id":11822,"href":"https:\/\/dopicho.com\/gl\/wp-json\/wp\/v2\/pages\/11812\/revisions\/11822"}],"wp:attachment":[{"href":"https:\/\/dopicho.com\/gl\/wp-json\/wp\/v2\/media?parent=11812"}],"curies":[{"name":"wp","href":"https:\/\/api.w.org\/{rel}","templated":true}]}}