{"id":12062,"date":"2026-04-24T15:51:13","date_gmt":"2026-04-24T15:51:13","guid":{"rendered":"https:\/\/dopicho.com\/?page_id=12062"},"modified":"2026-04-29T15:54:30","modified_gmt":"2026-04-29T15:54:30","slug":"jolie-holland","status":"publish","type":"page","link":"https:\/\/dopicho.com\/gl\/jolie-holland\/","title":{"rendered":"Jolie Holland"},"content":{"rendered":"\t\t<div data-elementor-type=\"wp-page\" data-elementor-id=\"12062\" class=\"elementor elementor-12062 elementor-12040\">\n\t\t\t\t\t\t<section class=\"elementor-section elementor-top-section elementor-element elementor-element-a29686b elementor-section-boxed elementor-section-height-default elementor-section-height-default\" data-id=\"a29686b\" data-element_type=\"section\" data-e-type=\"section\">\n\t\t\t\t\t\t<div class=\"elementor-container elementor-column-gap-extended\">\n\t\t\t\t\t<div class=\"elementor-column elementor-col-100 elementor-top-column elementor-element elementor-element-5b349b7 sc_inner_width_none sc_content_align_inherit sc_layouts_column_icons_position_left\" data-id=\"5b349b7\" data-element_type=\"column\" data-e-type=\"column\">\n\t\t\t<div class=\"elementor-widget-wrap elementor-element-populated\">\n\t\t\t\t\t\t<div class=\"elementor-element elementor-element-6701606 animation_type_block sc_fly_static elementor-widget elementor-widget-heading\" data-id=\"6701606\" data-element_type=\"widget\" data-e-type=\"widget\" data-widget_type=\"heading.default\">\n\t\t\t\t<div class=\"elementor-widget-container\">\n\t\t\t\t\t<h1 class=\"elementor-heading-title elementor-size-default\">JOLIE HOLLAND<\/h1>\t\t\t\t<\/div>\n\t\t\t\t<\/div>\n\t\t\t\t<div class=\"elementor-element elementor-element-a1495c6 animation_type_block sc_fly_static elementor-widget elementor-widget-html\" data-id=\"a1495c6\" data-element_type=\"widget\" data-e-type=\"widget\" data-widget_type=\"html.default\">\n\t\t\t\t<div class=\"elementor-widget-container\">\n\t\t\t\t\t<a href=\"https:\/\/dopicho.com\/gl\/jolie-holland\"><b>Works<\/b><\/a>\r\n&nbsp;&nbsp;&nbsp;&nbsp;&nbsp;&nbsp;&nbsp;&nbsp;&nbsp;\r\n<a href=\"https:\/\/dopicho.com\/gl\/jolie-holland-info\/\"><b><font color=\"#000000\"><span style=\"font-color: #000000;\">Info<\/span><\/font><\/b><\/a>\r\n\t\t\t\t<\/div>\n\t\t\t\t<\/div>\n\t\t\t\t<div class=\"elementor-element elementor-element-2635742 animation_type_block sc_fly_static elementor-widget elementor-widget-text-editor\" data-id=\"2635742\" data-element_type=\"widget\" data-e-type=\"widget\" data-widget_type=\"text-editor.default\">\n\t\t\t\t<div class=\"elementor-widget-container\">\n\t\t\t\t\t\t\t\t\t<p style=\"text-align: left;\"><style type=\"text\/css\">a.eg-henryharrison-element-1,a.eg-henryharrison-element-2{-webkit-transition:all .4s linear;-moz-transition:all .4s linear;-o-transition:all .4s linear;-ms-transition:all .4s linear;transition:all .4s linear}.eg-jimmy-carter-element-11 i:before{margin-left:0px;margin-right:0px}.eg-harding-element-17{letter-spacing:1px}.eg-harding-wrapper .esg-entry-media{overflow:hidden;box-sizing:border-box;-webkit-box-sizing:border-box;-moz-box-sizing:border-box;padding:30px 30px 0px 30px}.eg-harding-wrapper .esg-media-poster{overflow:hidden;border-radius:50%;-webkit-border-radius:50%;-moz-border-radius:50%}.eg-ulysses-s-grant-wrapper .esg-entry-media{overflow:hidden;box-sizing:border-box;-webkit-box-sizing:border-box;-moz-box-sizing:border-box;padding:30px 30px 0px 30px}.eg-ulysses-s-grant-wrapper .esg-media-poster{overflow:hidden;border-radius:50%;-webkit-border-radius:50%;-moz-border-radius:50%}.eg-richard-nixon-wrapper .esg-entry-media{overflow:hidden;box-sizing:border-box;-webkit-box-sizing:border-box;-moz-box-sizing:border-box;padding:30px 30px 0px 30px}.eg-richard-nixon-wrapper .esg-media-poster{overflow:hidden;border-radius:50%;-webkit-border-radius:50%;-moz-border-radius:50%}.eg-herbert-hoover-wrapper .esg-media-poster{filter:url(\"data:image\/svg+xml;utf8,<svg xmlns='http:\/\/www.w3.org\/2000\/svg'><filter id='grayscale'><feColorMatrix type='matrix' values='0.3333 0.3333 0.3333 0 0 0.3333 0.3333 0.3333 0 0 0.3333 0.3333 0.3333 0 0 0 0 0 1 0'\/><\/filter><\/svg>#grayscale\");filter:gray;-webkit-filter:grayscale(100%)}.eg-herbert-hoover-wrapper:hover .esg-media-poster{filter:url(\"data:image\/svg+xml;utf8,<svg xmlns='http:\/\/www.w3.org\/2000\/svg'><filter id='grayscale'><feColorMatrix type='matrix' values='1 0 0 0 0,0 1 0 0 0,0 0 1 0 0,0 0 0 1 0'\/><\/filter><\/svg>#grayscale\");-webkit-filter:grayscale(0%)}.eg-lyndon-johnson-wrapper .esg-media-poster{filter:url(\"data:image\/svg+xml;utf8,<svg xmlns='http:\/\/www.w3.org\/2000\/svg'><filter id='grayscale'><feColorMatrix type='matrix' values='0.3333 0.3333 0.3333 0 0 0.3333 0.3333 0.3333 0 0 0.3333 0.3333 0.3333 0 0 0 0 0 1 0'\/><\/filter><\/svg>#grayscale\");filter:gray;-webkit-filter:grayscale(100%)}.eg-lyndon-johnson-wrapper:hover .esg-media-poster{filter:url(\"data:image\/svg+xml;utf8,<svg xmlns='http:\/\/www.w3.org\/2000\/svg'><filter id='grayscale'><feColorMatrix type='matrix' values='1 0 0 0 0,0 1 0 0 0,0 0 1 0 0,0 0 0 1 0'\/><\/filter><\/svg>#grayscale\");-webkit-filter:grayscale(0%)}.esg-overlay.eg-ronald-reagan-container {background:-moz-linear-gradient(top,rgba(0,0,0,0) 50%,rgba(0,0,0,0.83) 99%,rgba(0,0,0,0.85) 100%);background:-webkit-gradient(linear,left top,left bottom,color-stop(50%,rgba(0,0,0,0)),color-stop(99%,rgba(0,0,0,0.83)),color-stop(100%,rgba(0,0,0,0.85)));background:-webkit-linear-gradient(top,rgba(0,0,0,0) 50%,rgba(0,0,0,0.83) 99%,rgba(0,0,0,0.85) 100%);background:-o-linear-gradient(top,rgba(0,0,0,0) 50%,rgba(0,0,0,0.83) 99%,rgba(0,0,0,0.85) 100%);background:-ms-linear-gradient(top,rgba(0,0,0,0) 50%,rgba(0,0,0,0.83) 99%,rgba(0,0,0,0.85) 100%);background:linear-gradient(to bottom,rgba(0,0,0,0) 50%,rgba(0,0,0,0.83) 99%,rgba(0,0,0,0.85) 100%);filter:progid:DXImageTransform.Microsoft.gradient( startColorstr='#00000000',endColorstr='#d9000000',GradientType=0 )}.eg-georgebush-wrapper .esg-entry-cover {background:-moz-linear-gradient(top,rgba(0,0,0,0) 50%,rgba(0,0,0,0.83) 99%,rgba(0,0,0,0.85) 100%);background:-webkit-gradient(linear,left top,left bottom,color-stop(50%,rgba(0,0,0,0)),color-stop(99%,rgba(0,0,0,0.83)),color-stop(100%,rgba(0,0,0,0.85)));background:-webkit-linear-gradient(top,rgba(0,0,0,0) 50%,rgba(0,0,0,0.83) 99%,rgba(0,0,0,0.85) 100%);background:-o-linear-gradient(top,rgba(0,0,0,0) 50%,rgba(0,0,0,0.83) 99%,rgba(0,0,0,0.85) 100%);background:-ms-linear-gradient(top,rgba(0,0,0,0) 50%,rgba(0,0,0,0.83) 99%,rgba(0,0,0,0.85) 100%);background:linear-gradient(to bottom,rgba(0,0,0,0) 50%,rgba(0,0,0,0.83) 99%,rgba(0,0,0,0.85) 100%);filter:progid:DXImageTransform.Microsoft.gradient( startColorstr='#00000000',endColorstr='#d9000000',GradientType=0 )}.eg-jefferson-wrapper{border-radius:5px !important}.eg-monroe-element-1{text-shadow:0px 1px 3px rgba(0,0,0,0.1)}.eg-lyndon-johnson-wrapper .esg-entry-cover{background:-moz-radial-gradient(center,ellipse cover,rgba(0,0,0,0.35) 0%,rgba(18,18,18,0) 96%,rgba(19,19,19,0) 100%);background:-webkit-gradient(radial,center center,0px,center center,100%,color-stop(0%,rgba(0,0,0,0.35)),color-stop(96%,rgba(18,18,18,0)),color-stop(100%,rgba(19,19,19,0)));background:-webkit-radial-gradient(center,ellipse cover,rgba(0,0,0,0.35) 0%,rgba(18,18,18,0) 96%,rgba(19,19,19,0) 100%);background:-o-radial-gradient(center,ellipse cover,rgba(0,0,0,0.35) 0%,rgba(18,18,18,0) 96%,rgba(19,19,19,0) 100%);background:-ms-radial-gradient(center,ellipse cover,rgba(0,0,0,0.35) 0%,rgba(18,18,18,0) 96%,rgba(19,19,19,0) 100%);background:radial-gradient(ellipse at center,rgba(0,0,0,0.35) 0%,rgba(18,18,18,0) 96%,rgba(19,19,19,0) 100%);filter:progid:DXImageTransform.Microsoft.gradient( startColorstr='#59000000',endColorstr='#00131313',GradientType=1 )}.eg-wilbert-wrapper .esg-entry-cover{background:-moz-radial-gradient(center,ellipse cover,rgba(0,0,0,0.35) 0%,rgba(18,18,18,0) 96%,rgba(19,19,19,0) 100%);background:-webkit-gradient(radial,center center,0px,center center,100%,color-stop(0%,rgba(0,0,0,0.35)),color-stop(96%,rgba(18,18,18,0)),color-stop(100%,rgba(19,19,19,0)));background:-webkit-radial-gradient(center,ellipse cover,rgba(0,0,0,0.35) 0%,rgba(18,18,18,0) 96%,rgba(19,19,19,0) 100%);background:-o-radial-gradient(center,ellipse cover,rgba(0,0,0,0.35) 0%,rgba(18,18,18,0) 96%,rgba(19,19,19,0) 100%);background:-ms-radial-gradient(center,ellipse cover,rgba(0,0,0,0.35) 0%,rgba(18,18,18,0) 96%,rgba(19,19,19,0) 100%);background:radial-gradient(ellipse at center,rgba(0,0,0,0.35) 0%,rgba(18,18,18,0) 96%,rgba(19,19,19,0) 100%);filter:progid:DXImageTransform.Microsoft.gradient( startColorstr='#59000000',endColorstr='#00131313',GradientType=1 )}.eg-wilbert-wrapper .esg-media-poster{-webkit-transition:0.4s ease-in-out;-moz-transition:0.4s ease-in-out;-o-transition:0.4s ease-in-out;transition:0.4s ease-in-out;filter:url(\"data:image\/svg+xml;utf8,<svg xmlns='http:\/\/www.w3.org\/2000\/svg'><filter id='grayscale'><feColorMatrix type='matrix' values='0.3333 0.3333 0.3333 0 0 0.3333 0.3333 0.3333 0 0 0.3333 0.3333 0.3333 0 0 0 0 0 1 0'\/><\/filter><\/svg>#grayscale\");filter:gray;-webkit-filter:grayscale(100%)}.eg-wilbert-wrapper:hover .esg-media-poster{filter:url(\"data:image\/svg+xml;utf8,<svg xmlns='http:\/\/www.w3.org\/2000\/svg'><filter id='grayscale'><feColorMatrix type='matrix' values='1 0 0 0 0,0 1 0 0 0,0 0 1 0 0,0 0 0 1 0'\/><\/filter><\/svg>#grayscale\");-webkit-filter:grayscale(0%)}.eg-phillie-element-3:after{content:\" \";width:0px;height:0px;border-style:solid;border-width:5px 5px 0 5px;border-color:#000 transparent transparent transparent;left:50%;margin-left:-5px;bottom:-5px;position:absolute}.eg-howardtaft-wrapper .esg-media-poster{filter:url(\"data:image\/svg+xml;utf8,<svg xmlns='http:\/\/www.w3.org\/2000\/svg'><filter id='grayscale'><feColorMatrix type='matrix' values='1 0 0 0 0,0 1 0 0 0,0 0 1 0 0,0 0 0 1 0'\/><\/filter><\/svg>#grayscale\");-webkit-filter:grayscale(0%)}.eg-howardtaft-wrapper:hover .esg-media-poster{filter:url(\"data:image\/svg+xml;utf8,<svg xmlns='http:\/\/www.w3.org\/2000\/svg'><filter id='grayscale'><feColorMatrix type='matrix' values='0.3333 0.3333 0.3333 0 0 0.3333 0.3333 0.3333 0 0 0.3333 0.3333 0.3333 0 0 0 0 0 1 0'\/><\/filter><\/svg>#grayscale\");filter:gray;-webkit-filter:grayscale(100%)}.myportfolio-container .added_to_cart.wc-forward{font-family:\"Open Sans\";font-size:13px;color:#fff;margin-top:10px}.esgbox-title.esgbox-title-outside-wrap{font-size:15px;font-weight:700;text-align:center}.esgbox-title.esgbox-title-inside-wrap{padding-bottom:10px;font-size:15px;font-weight:700;text-align:center}<\/style>\n<style type=\"text\/css\">@import url(\"https:\/\/fonts.googleapis.com\/css2?family=Arvo:wght@400;700&display=swap\");@import url(\"https:\/\/fonts.googleapis.com\/icon?family=Material+Icons\");.test .esg-overflowtrick{margin:50px 0}.test .navigationbuttons,.test .esg-pagination,.test .esg-filters{text-align:center}.test .esg-filter-wrapper.dropdownstyle>.esg-selected-filterbutton,.test input.eg-search-input,.test .esg-filterbutton,.test .esg-navigationbutton,.test .esg-sortbutton,.test .esg-cartbutton,.test .esg-sortbutton-order,.test .esg-cartbutton-order,.test .esg-filter-wrapper.eg-search-wrapper  .eg-search-clean,.test .esg-filter-wrapper.eg-search-wrapper  .eg-search-submit{color:#6a666b;letter-spacing:1px;margin-right:5px;cursor:pointer;padding:0px 15px;line-height:40px;font-size:13px;font-weight:400;font-family:\"Arvo\",serif;display:inline-block;background:rgba(255,255,255,0.65);margin-bottom:5px;white-space:nowrap;min-height:40px;vertical-align:middle;min-width:40px;border-radius:12px}.test .esg-cartbutton a{color:#000}.test input.eg-search-input::placeholder{line-height:30px;vertical-align:middle;color:#6a666b}.test input.eg-search-input:focus::placeholder{opacity:0}.test .esg-navigationbutton.esg-right,.test .esg-navigationbutton.esg-left{background:#b0a5b4}.test .esg-navigationbutton.esg-left{border-radius:0 12px 12px 0px}.test .esg-navigationbutton.esg-right{border-radius:12px 0px 0px 12px}.test .esg-navigationbutton *{color:#000}.test .esg-left,.test .esg-right{color:#000;padding:0px 7px}.test .esg-pagination-button:last-child{margin-right:0}.test .esg-sortbutton-wrapper,.test .esg-cartbutton-wrapper{display:inline-block;vertical-align:top}.test .esg-sortbutton-order,.test .esg-cartbutton-order{padding:0px;width:29px;font-size:9px}.test .esg-cartbutton{color:#757176;cursor:default !important}.test .esg-cartbutton .esgicon-basket{color:#757176;font-size:15px;line-height:15px;margin-right:10px}.test .esg-cartbutton .ess-cart-content{color:#757176}.test .esg-cartbutton-wrapper{cursor:default !important}.test .esg-sortbutton,.test .esg-cartbutton{display:inline-block;position:relative;cursor:pointer;margin-right:5px}.test input.eg-search-input.hovered,.test input.eg-search-input:focus,.test .esg-navigationbutton.hovered,.test .esg-filterbutton.hovered,.test .esg-sortbutton.hovered,.test .esg-sortbutton-order.hovered,.test .esg-cartbutton.hovered,.test .esg-filterbutton.selected,.test .esg-filter-wrapper.dropdownstyle>.esg-selected-filterbutton.hovered,.test .esg-filter-wrapper.dropdownstyle>.esg-selected-filterbutton.hoveredfilter,.test .esg-filter-wrapper.eg-search-wrapper  .eg-search-clean.hovered,.test .esg-filter-wrapper.eg-search-wrapper  .eg-search-submit.hovered{background-color:#fff;color:#333}.test .esg-cartbutton.hovered a{color:#000}.test .esg-navigationbutton.hovered *{color:#333}.test .esg-sortbutton-order.hovered .tp-desc{border-color:#bbb;color:#333;box-shadow:0px -3px 5px 0px rgba(0,0,0,0.13) !important}.test .esg-filter-checked{color:#b0a5b4;background:transparent;border:1px solid #b0a5b4;margin-left:10px;font-size:9px;font-weight:400;line-height:12px;min-width:12px;vertical-align:middle;display:inline-block;transform:translateY(-1px)}.test .esg-filterbutton.selected .esg-filter-checked,.test .esg-filterbutton.hovered .esg-filter-checked{color:#fff;background:#000;border:1px solid #000}.test .esg-filter-wrapper.eg-search-wrapper{line-height:30px;white-space:nowrap}.test .esg-filter-wrapper.eg-search-wrapper .eg-search-submit{margin-left:5px}.test .esg-filter-wrapper.eg-search-wrapper .eg-search-clean,.test .esg-filter-wrapper.eg-search-wrapper .eg-search-submit{width:29px;padding:0px;margin-left:5px;margin-right:0px}.test .esg-filter-wrapper.eg-search-wrapper .eg-search-input{width:auto;border-radius:12px 0px 0px 12px;border:none}.test .esg-filter-wrapper.eg-search-wrapper .eg-search-submit{border-radius:0px 12px 12px 0px;margin-left:0}.test .esg-filter-wrapper.eg-search-wrapper .eg-search-submit.hovered,.test .esg-filter-wrapper.eg-search-wrapper .eg-search-clean{background:#b0a5b4;color:#fff}.test .esg-dropdown-wrapper{left:0px;background:#fff}.test .esg-dropdown-wrapper .esg-filterbutton{position:relative;text-align:left;background:transparent;padding:0px;border:none;box-shadow:none}.test .esg-selected-filterbutton .eg-icon-down-open{margin-right:-10px;font-size:9px;color:#000}.test .esg-selected-filterbutton.hovered .eg-icon-down-open,.test .esg-selected-filterbutton.hoveredfilter .eg-icon-down-open{color:#333}.test .esg-sortbutton-order.eg-icon-down-open{background:#b0a5b4;color:#fff}.test .esg-sortbutton-order.eg-icon-down-open:before{content:\"arrow_downward\";font-family:\"Material Icons\";font-size:19px;vertical-align:middle}<\/style>\n<style>.eg-test-container{background:rgba(0,0,0,0.65)}<\/style>\n<style>.eg-test-content{background:#ffffff;padding:0px 0px 0px 0px;border-width:0px 0px 0px 0px;border-radius:0px 0px 0px 0px;border-color:transparent;border-style:double;text-align:left}<\/style>\n<style>.esg-grid .mainul li.eg-test-wrapper{background:#3f424a;padding:0px 0px 0px 0px;border-width:0px 0px 0px 0px;border-radius:0px 0px 0px 0px;border-color:transparent;border-style:none}<\/style>\n<style>.esg-grid .mainul li.eg-test-wrapper .esg-media-poster{background-size:cover;background-position:center center;background-repeat:no-repeat}<\/style>\n<article id=\"esg-grid-43-1-wrap\" class=\"myportfolio-container esg-grid-wrap-container test esg-entry-skin-test source_type_custom\" data-alias=\"jolieholland\" data-version=\"3.1.10\" data-source=\"custom\">\n\n   <div id=\"esg-grid-43-1\" class=\"esg-grid\" style=\"background: transparent;padding: 0px 0px 0px 0px ; box-sizing:border-box; -moz-box-sizing:border-box; -webkit-box-sizing:border-box; display:none\">\n<ul>\n<li id=\"eg-43-post-id-0_7322\" class=\"filterall eg-test-wrapper eg-post-id-0\" data-skin=\"test\" data-date=\"1777822274\" >\n    <div class=\"esg-media-cover-wrapper\">\n<div class=\"esg-entry-media\" ><img fetchpriority=\"high\" decoding=\"async\" class=\"esg-entry-media-img\"  src=\"https:\/\/dopicho.com\/wp-content\/uploads\/2026\/04\/jh-01.jpg\" data-no-lazy=\"1\" alt=\"\" title=\"jh-01\" width=\"700\" height=\"700\"><\/div>\n\n                <div class=\"esg-overlay eg-test-container  esg-transition\" data-duration=\"default\" data-transition=\"esg-fade\"><\/div>\n\n   <\/div>\n\n<\/li>\n<li id=\"eg-43-post-id-1_3949\" class=\"filterall eg-test-wrapper eg-post-id-1\" data-skin=\"test\" data-date=\"1777822274\" >\n    <div class=\"esg-media-cover-wrapper\">\n<div class=\"esg-entry-media\" ><img decoding=\"async\" class=\"esg-entry-media-img\"  src=\"https:\/\/dopicho.com\/wp-content\/uploads\/2026\/04\/jh-02.jpg\" data-no-lazy=\"1\" alt=\"\" title=\"jh-02\" width=\"700\" height=\"700\"><\/div>\n\n                <div class=\"esg-overlay eg-test-container  esg-transition\" data-duration=\"default\" data-transition=\"esg-fade\"><\/div>\n\n   <\/div>\n\n<\/li>\n<li id=\"eg-43-post-id-2_7833\" class=\"filterall eg-test-wrapper eg-post-id-2\" data-skin=\"test\" data-date=\"1777822274\" >\n    <div class=\"esg-media-cover-wrapper\">\n<div class=\"esg-entry-media\" ><img decoding=\"async\" class=\"esg-entry-media-img\"  src=\"https:\/\/dopicho.com\/wp-content\/uploads\/2026\/04\/jh-03.jpg\" data-no-lazy=\"1\" alt=\"\" title=\"jh-03\" width=\"700\" height=\"700\"><\/div>\n\n                <div class=\"esg-overlay eg-test-container  esg-transition\" data-duration=\"default\" data-transition=\"esg-fade\"><\/div>\n\n   <\/div>\n\n<\/li>\n<li id=\"eg-43-post-id-3_6200\" class=\"filterall eg-test-wrapper eg-post-id-3\" data-skin=\"test\" data-date=\"1777822274\" >\n    <div class=\"esg-media-cover-wrapper\">\n<div class=\"esg-entry-media\" ><img loading=\"lazy\" decoding=\"async\" class=\"esg-entry-media-img\"  src=\"https:\/\/dopicho.com\/wp-content\/uploads\/2026\/04\/jh-04.jpg\" data-no-lazy=\"1\" alt=\"\" title=\"jh-04\" width=\"700\" height=\"626\"><\/div>\n\n                <div class=\"esg-overlay eg-test-container  esg-transition\" data-duration=\"default\" data-transition=\"esg-fade\"><\/div>\n\n   <\/div>\n\n<\/li>\n<li id=\"eg-43-post-id-4_2427\" class=\"filterall eg-test-wrapper eg-post-id-4\" data-skin=\"test\" data-date=\"1777822274\" >\n    <div class=\"esg-media-cover-wrapper\">\n<div class=\"esg-entry-media\" ><img loading=\"lazy\" decoding=\"async\" class=\"esg-entry-media-img\"  src=\"https:\/\/dopicho.com\/wp-content\/uploads\/2026\/04\/jh-05.jpg\" data-no-lazy=\"1\" alt=\"\" title=\"jh-05\" width=\"700\" height=\"700\"><\/div>\n\n                <div class=\"esg-overlay eg-test-container  esg-transition\" data-duration=\"default\" data-transition=\"esg-fade\"><\/div>\n\n   <\/div>\n\n<\/li>\n<li id=\"eg-43-post-id-5_570\" class=\"filterall eg-test-wrapper eg-post-id-5\" data-skin=\"test\" data-date=\"1777822274\" >\n    <div class=\"esg-media-cover-wrapper\">\n<div class=\"esg-entry-media\" ><img loading=\"lazy\" decoding=\"async\" class=\"esg-entry-media-img\"  src=\"https:\/\/dopicho.com\/wp-content\/uploads\/2026\/04\/jh-06.jpg\" data-no-lazy=\"1\" alt=\"\" title=\"jh-06\" width=\"700\" height=\"700\"><\/div>\n\n                <div class=\"esg-overlay eg-test-container  esg-transition\" data-duration=\"default\" data-transition=\"esg-fade\"><\/div>\n\n   <\/div>\n\n<\/li>\n<li id=\"eg-43-post-id-6_4341\" class=\"filterall eg-test-wrapper eg-post-id-6\" data-skin=\"test\" data-date=\"1777822274\" >\n    <div class=\"esg-media-cover-wrapper\">\n<div class=\"esg-entry-media\" ><img loading=\"lazy\" decoding=\"async\" class=\"esg-entry-media-img\"  src=\"https:\/\/dopicho.com\/wp-content\/uploads\/2026\/04\/jh-07.jpg\" data-no-lazy=\"1\" alt=\"\" title=\"jh-07\" width=\"1425\" height=\"1425\"><\/div>\n\n                <div class=\"esg-overlay eg-test-container  esg-transition\" data-duration=\"default\" data-transition=\"esg-fade\"><\/div>\n\n   <\/div>\n\n<\/li>\n<\/ul>\n    <\/div>\n\n<\/article>\n<div class=\"clear\"><\/div>\n<script type=\"text\/javascript\">var essapi_43_1;window.ESG ??={};window.ESG.E ??={};window.ESG.E.plugin_url=\"https:\/\/dopicho.com\/wp-content\/plugins\/essential-grid\/\";window.ESG.E.crossorigin=false;window.ESG.inits ??={};window.ESG.inits.v43_1 ??={state:false};window.ESG.inits.v43_1.checkResources=() =>{if (window.ESG.inits.v43_1.state) return;if (typeof jQuery==='undefined' ||!jQuery?.fn?.tpessential) return setTimeout(window.ESG.inits.v43_1.checkResources,29);window.ESG.inits.v43_1.state=true;window.ESG.inits.v43_1.call();};window.ESG.inits.v43_1.call=() =>{jQuery(document).ready(function(){var lightboxOptions={margin:[0,0,0,0],buttons:[\"share\",\"thumbs\",\"close\"],infobar:true,loop:true,slideShow:{\"autoStart\":false,\"speed\":3000},videoAutoPlay:true,animationEffect:\"fade\",animationDuration:500,beforeShow:function(a,c){var i=0,multiple=false;a=a.slides;for(var b in a){i++;if (i > 1){multiple=true;break;}};if (!multiple) jQuery(\"body\").addClass(\"esgbox-single\");if (c.type ===\"image\") jQuery(\".esgbox-button--zoom\").show();if (c.contentType ===\"html\") c.$slide.addClass(\"esgbox-slide--overflow-\" + c.opts.overflow);},beforeLoad:function(a,b){jQuery(\"body\").removeClass(\"esg-four-by-three\");if (b.opts.$orig.data(\"ratio\") ===\"4:3\") jQuery(\"body\").addClass(\"esg-four-by-three\");},afterLoad:function() {jQuery(window).trigger(\"resize.esglb\");},afterClose:function() {jQuery(\"body\").removeClass(\"esgbox-hidearrows esgbox-single\");},transitionEffect:\"fade\",transitionDuration:500,hash:\"group\",arrows:true,wheel:false,touch:{vertical:true,momentum:true },baseClass:\"esgbox-container-43\",captionPosition:\"bottom\",overflow:\"auto\",};jQuery(\"#esg-grid-43-1\").data(\"lightboxsettings\",lightboxOptions);essapi_43_1=jQuery(\"#esg-grid-43-1\").tpessential({gridID:43,layout:\"even\",waitForViewport:\"off\",lazyLoad:\"off\",loadMoreType:\"scroll\",loadMoreAmount:12,loadMoreTxt:\"Load More\",loadMoreNr:\"on\",loadMoreEndTxt:\"All Items Loaded\",loadMoreItems:[],row:9999,apiName:\"essapi_43_1\",loadMoreAjaxToken:\"66f507d4ff\",loadMoreAjaxUrl:\"https:\/\/dopicho.com\/wp-admin\/admin-ajax.php\",loadMoreAjaxAction:\"Essential_Grid_Front_request_ajax\",ajaxContentTarget:\"ess-grid-ajax-container-\",ajaxScrollToOffset:\"0\",ajaxCloseButton:\"off\",ajaxContentSliding:\"on\",ajaxScrollToOnLoad:\"on\",ajaxCallbackArgument:\"off\",ajaxNavButton:\"off\",ajaxCloseType:\"type1\",ajaxCloseInner:\"false\",ajaxCloseStyle:\"light\",ajaxClosePosition:\"tr\",space:20,pageAnimation:\"fade\",videoPlaybackInGrid:\"on\",videoLoopInGrid:\"off\",videoPlaybackOnHover:\"off\",videoInlineMute:\"on\",videoInlineControls:\"off\",keepLayersInline:\"off\",startAnimation:\"none\",startAnimationSpeed:1000,startAnimationDelay:100,startAnimationType:\"item\",animationType:\"item\",paginationScrollToTop:\"off\",paginationAutoplay:\"off\",spinner:\"spinner0\",minVisibleItems:12,evenGridMasonrySkinPusher:\"off\",lightBoxMode:\"contentgroup\",lightboxHash:\"group\",lightboxPostMinWid:\"75%\",lightboxPostMaxWid:\"75%\",lightboxSpinner:\"off\",lightBoxFeaturedImg:\"off\",lightBoxPostTitle:\"off\",lightBoxPostTitleTag:\"h2\",lightboxMargin:\"0|0|0|0\",lbContentPadding:\"0|0|0|0\",lbContentOverflow:\"auto\",animSpeed:1000,delayBasic:1,mainhoverdelay:1,filterType:\"single\",showDropFilter:\"hover\",filterGroupClass:\"esg-fgc-43\",filterNoMatch:\"No Items for the Selected Filter\",filterDeepLink:\"off\",hideMarkups:\"on\",youtubeNoCookie:\"false\",convertFilterMobile:false,convertFilterMobileWidth:768,paginationSwipe:\"off\",paginationDragVer:\"off\",pageSwipeThrottle:30,aspectratio:\"1:1\",hideBlankItemsAt:\"none\",responsiveEntries:[{width:1900,amount:3,mmheight:0},{width:1400,amount:3,mmheight:0},{width:1170,amount:3,mmheight:0},{width:1024,amount:3,mmheight:0},{width:960,amount:3,mmheight:0},{width:778,amount:3,mmheight:0},{width:640,amount:3,mmheight:0},{width:480,amount:1,mmheight:0},]  });});};if (document.readyState ===\"loading\")document.addEventListener('readystatechange',function(){if (document.readyState ===\"interactive\" ||document.readyState ===\"complete\") window.ESG.inits.v43_1.checkResources();});else window.ESG.inits.v43_1.checkResources();<\/script>\n<\/p><p>Algunhas das obras de Jolie e outros artigos interesantes p\u00f3dense mercar directamente a trav\u00e9s da tenda do seu<a href=\"https:\/\/joliehollandmusic.com\/shop\/.\" target=\"_blank\" rel=\"noopener\"> sitio web<\/a>:\u00a0 Ademais, a s\u00faa m\u00fasica est\u00e1 dispo\u00f1ible nas principais plataformas.<\/p><p><iframe title=\"Jolie Holland - Full Performance (Live on KEXP)\" width=\"1000\" height=\"563\" src=\"https:\/\/www.youtube.com\/embed\/pIhdRcikIrM?feature=oembed\" frameborder=\"0\" allow=\"accelerometer; autoplay; clipboard-write; encrypted-media; gyroscope; picture-in-picture; web-share\" referrerpolicy=\"strict-origin-when-cross-origin\" allowfullscreen><\/iframe><\/p><p><iframe title=\"Jolie Holland - &quot;Dark Days&quot;\" width=\"1000\" height=\"563\" src=\"https:\/\/www.youtube.com\/embed\/4AOJbhgct8w?feature=oembed\" frameborder=\"0\" allow=\"accelerometer; autoplay; clipboard-write; encrypted-media; gyroscope; picture-in-picture; web-share\" referrerpolicy=\"strict-origin-when-cross-origin\" allowfullscreen><\/iframe><\/p>\t\t\t\t\t\t\t\t<\/div>\n\t\t\t\t<\/div>\n\t\t\t\t\t<\/div>\n\t\t<\/div>\n\t\t\t\t\t<\/div>\n\t\t<\/section>\n\t\t\t\t<\/div>\n\t\t","protected":false},"excerpt":{"rendered":"<p>JOLIE HOLLAND Works &nbsp;&nbsp;&nbsp;&nbsp;&nbsp;&nbsp;&nbsp;&nbsp;&nbsp; Info Algunhas das obras de Jolie e outros artigos interesantes p\u00f3dense mercar directamente a trav\u00e9s da tenda do seu sitio web:\u00a0 Ademais, a s\u00faa m\u00fasica est\u00e1 dispo\u00f1ible nas principais plataformas.<\/p>\n","protected":false},"author":3,"featured_media":0,"parent":0,"menu_order":0,"comment_status":"closed","ping_status":"closed","template":"","meta":{"footnotes":""},"class_list":["post-12062","page","type-page","status-publish","hentry"],"jetpack_sharing_enabled":true,"_links":{"self":[{"href":"https:\/\/dopicho.com\/gl\/wp-json\/wp\/v2\/pages\/12062","targetHints":{"allow":["GET"]}}],"collection":[{"href":"https:\/\/dopicho.com\/gl\/wp-json\/wp\/v2\/pages"}],"about":[{"href":"https:\/\/dopicho.com\/gl\/wp-json\/wp\/v2\/types\/page"}],"author":[{"embeddable":true,"href":"https:\/\/dopicho.com\/gl\/wp-json\/wp\/v2\/users\/3"}],"replies":[{"embeddable":true,"href":"https:\/\/dopicho.com\/gl\/wp-json\/wp\/v2\/comments?post=12062"}],"version-history":[{"count":15,"href":"https:\/\/dopicho.com\/gl\/wp-json\/wp\/v2\/pages\/12062\/revisions"}],"predecessor-version":[{"id":12186,"href":"https:\/\/dopicho.com\/gl\/wp-json\/wp\/v2\/pages\/12062\/revisions\/12186"}],"wp:attachment":[{"href":"https:\/\/dopicho.com\/gl\/wp-json\/wp\/v2\/media?parent=12062"}],"curies":[{"name":"wp","href":"https:\/\/api.w.org\/{rel}","templated":true}]}}