{"id":12165,"date":"2026-04-29T15:34:12","date_gmt":"2026-04-29T15:34:12","guid":{"rendered":"https:\/\/dopicho.com\/?page_id=12165"},"modified":"2026-05-01T08:39:59","modified_gmt":"2026-05-01T08:39:59","slug":"jolie-holland-info","status":"publish","type":"page","link":"https:\/\/dopicho.com\/gl\/jolie-holland-info\/","title":{"rendered":"Jolie Holland Info"},"content":{"rendered":"\t\t<div data-elementor-type=\"wp-page\" data-elementor-id=\"12165\" class=\"elementor elementor-12165 elementor-12159\">\n\t\t\t\t\t\t<section class=\"elementor-section elementor-top-section elementor-element elementor-element-171dc0a elementor-section-boxed elementor-section-height-default elementor-section-height-default\" data-id=\"171dc0a\" data-element_type=\"section\" data-e-type=\"section\">\n\t\t\t\t\t\t<div class=\"elementor-container elementor-column-gap-extended\">\n\t\t\t\t\t<div class=\"elementor-column elementor-col-100 elementor-top-column elementor-element elementor-element-b2dc874 sc_inner_width_none sc_content_align_inherit sc_layouts_column_icons_position_left\" data-id=\"b2dc874\" data-element_type=\"column\" data-e-type=\"column\">\n\t\t\t<div class=\"elementor-widget-wrap elementor-element-populated\">\n\t\t\t\t\t\t<div class=\"elementor-element elementor-element-0f69bee animation_type_block sc_fly_static elementor-widget elementor-widget-heading\" data-id=\"0f69bee\" data-element_type=\"widget\" data-e-type=\"widget\" data-widget_type=\"heading.default\">\n\t\t\t\t<div class=\"elementor-widget-container\">\n\t\t\t\t\t<h1 class=\"elementor-heading-title elementor-size-default\">JOLIE HOLLAND con BEN BOYE<\/h1>\t\t\t\t<\/div>\n\t\t\t\t<\/div>\n\t\t\t\t<div class=\"elementor-element elementor-element-8dab11d scheme_default animation_type_block sc_fly_static elementor-widget elementor-widget-html\" data-id=\"8dab11d\" data-element_type=\"widget\" data-e-type=\"widget\" data-widget_type=\"html.default\">\n\t\t\t\t<div class=\"elementor-widget-container\">\n\t\t\t\t\t<a href=\"https:\/\/dopicho.com\/gl\/jolie-holland\/\"><b><font color=\"#000000\"><span style=\"font-color: #000000;\">Works<\/span><\/font><\/b><\/a>\r\n&nbsp;&nbsp;&nbsp;&nbsp;&nbsp;&nbsp;&nbsp;&nbsp;&nbsp;\r\n<a href=\"https:\/\/dopicho.com\/gl\/jolie-holland-info\/\"><b>Info<\/b><\/a>\r\n&nbsp;&nbsp;&nbsp;&nbsp;&nbsp;&nbsp;&nbsp;&nbsp;&nbsp;\r\n\t\t\t\t<\/div>\n\t\t\t\t<\/div>\n\t\t\t\t<div class=\"elementor-element elementor-element-9f249dc animation_type_block sc_fly_static elementor-widget elementor-widget-text-editor\" data-id=\"9f249dc\" data-element_type=\"widget\" data-e-type=\"widget\" data-widget_type=\"text-editor.default\">\n\t\t\t\t<div class=\"elementor-widget-container\">\n\t\t\t\t\t\t\t\t\t<p><img fetchpriority=\"high\" decoding=\"async\" class=\"alignnone wp-image-12161 size-full\" src=\"https:\/\/dopicho.com\/wp-content\/uploads\/2026\/04\/Jolie-Ben-info.jpg\" alt=\"Jolie &amp; Ben\" width=\"1920\" height=\"1080\" srcset=\"https:\/\/dopicho.com\/wp-content\/uploads\/2026\/04\/Jolie-Ben-info.jpg 1920w, https:\/\/dopicho.com\/wp-content\/uploads\/2026\/04\/Jolie-Ben-info-300x169.jpg 300w, https:\/\/dopicho.com\/wp-content\/uploads\/2026\/04\/Jolie-Ben-info-1024x576.jpg 1024w, https:\/\/dopicho.com\/wp-content\/uploads\/2026\/04\/Jolie-Ben-info-768x432.jpg 768w, https:\/\/dopicho.com\/wp-content\/uploads\/2026\/04\/Jolie-Ben-info-1536x864.jpg 1536w, https:\/\/dopicho.com\/wp-content\/uploads\/2026\/04\/Jolie-Ben-info-370x208.jpg 370w, https:\/\/dopicho.com\/wp-content\/uploads\/2026\/04\/Jolie-Ben-info-1170x658.jpg 1170w, https:\/\/dopicho.com\/wp-content\/uploads\/2026\/04\/Jolie-Ben-info-770x433.jpg 770w, https:\/\/dopicho.com\/wp-content\/uploads\/2026\/04\/Jolie-Ben-info-270x152.jpg 270w\" sizes=\"(max-width: 1920px) 100vw, 1920px\" \/><\/p><h4 style=\"text-align: left;\">ANTECEDENTES<\/h4><p>A multiinstrumentista, l\u00edder da banda, produtora e cantautora estadounidense <b>Jolie Holland<\/b>, cofundadora da banda canadense The Be Good Tanyas, leva de xira desde principios dos anos 2000. Lanzou oito \u00e1lbums en solitario e colaborou en innumerables produci\u00f3ns. O seu traballo foi descrito como unha fusi\u00f3n de m\u00fasica roots americana con elementos de rock e m\u00fasica experimental. Gravou no estudio con Booker T, Lucinda Williams, TV On The Radio e Thor Harris, e compartiu escenario con Big Thief, St. Vincent, Elbow e Mavis Staples. Entre os seus colaboradores est\u00e1n Hal Willner, Kronos Quartet e Boots Riley. Lou Reed d\u00edxolle unha vez: &#8220;Poder\u00eda escoitarte toda a noite&#8221;.<\/p><p><b>Ben Boye<\/b> \u00e9 un m\u00fasico experimental que busca experiencias musicais novas e interesantes tanto dentro como f\u00f3ra do escenario. No escenario, sempre est\u00e1 interesado en encontros de improvisaci\u00f3n con outros m\u00fasicos, xa sexa en contextos explicitamente experimentais ou nas profundidades das canci\u00f3ns. F\u00f3ra do escenario, dese\u00f1a e constr\u00fae instrumentos e efectos que priorizan a aleatoriedade e a interacci\u00f3n co mundo natural. Por exemplo, o seu m\u00f3dulo sintetizador Almanac converte as posici\u00f3ns do sol, a l\u00faa e os planetas en voltaxes de control que se poden usar para modular par\u00e1metros en sintetizadores e outros instrumentos electr\u00f3nicos. Tocou teclados e unha arpa de boca feita \u00e1 medida e altamente modificada con moitos artistas de todo o mundo en diversos contextos. As persoas interesadas na s\u00faa discograf\u00eda poden atopar unha lista parcial aqu\u00ed:\u00a0<a style=\"font-family: inherit; font-size: 16px; background-color: #ffffff;\" href=\"https:\/\/www.discogs.com\/artist\/238747-Ben-Boye\" target=\"_blank\" rel=\"noopener\">https:\/\/www.discogs.com\/artist\/238747-Ben-Boye<\/a><\/p><h4 style=\"letter-spacing: normal;\"><b>O PROXECTO &#8220;ECLIPSE SOLAR TOTAL&#8221; EN DO PICHO<\/b><\/h4><div><div>Durante a s\u00faa residencia art\u00edstica &#8220;Total Eclipse&#8221; en Do Picho,\u00a0<span class=\"il\">Jolie<\/span>\u00a0Holland e Ben Boye crear\u00e1n material para o seu proxecto musical &#8220;Parade Gloss&#8221;, unha idea que se orixinou na canci\u00f3n de\u00a0<span class=\"il\">Jolie<\/span> &#8220;Feet on the Ground&#8221;, do seu \u00e1lbum de 2023, &#8220;Haunted Mountain&#8221;. O concepto aberto de &#8220;Parade Gloss&#8221; \u00e9 m\u00fasica de baile antipatriarcal, con letras que exploran xeitos de estar f\u00f3ra do patriarcado. A produci\u00f3n musical, en forma de colaxe, incorpora alg\u00fans elementos reco\u00f1ecibles da m\u00fasica dance, como sintetizadores, caixas de ritmos e baixo, empregando t\u00e9cnicas de produci\u00f3n experimentais e sons atopados. <span class=\"il\">Jolie<\/span>\u00a0e Ben colaborar\u00e1n con m\u00fasicos galegos para engadir elementos \u00e1s canci\u00f3ns e aos ritmos de baile, e para compor letras sobre temas culturais que transcendan as limitaci\u00f3ns da suposta supremac\u00eda masculina.<\/div><div>\u00a0<\/div><div>Boye e Holland interpretar\u00e1n unha peza composta e improvisada durante a eclipse solar (que Galicia experimentar\u00e1 o 12 de agosto ao solpor, entre as 19:30 e as 21:30, con aproximadamente 50 minutos de eclipse total), facendo fincap\u00e9 no son minimalista para centrar a atenci\u00f3n na experiencia do p\u00fablico. A actuaci\u00f3n incorporar\u00e1 dron, viola, voces, sintetizadores e unha arpa el\u00e9ctrica modificada, mediada por The Almanac, un m\u00f3dulo sintetizador dese\u00f1ado por Boye que converte as posici\u00f3ns en tempo real do sol, a l\u00faa e os planetas en par\u00e1metros sonoros. Ser\u00e1 unha expresi\u00f3n musical e tecnol\u00f3xica para contemplar con asombro os momentos clave da eclipse.<\/div><\/div>\t\t\t\t\t\t\t\t<\/div>\n\t\t\t\t<\/div>\n\t\t\t\t\t<\/div>\n\t\t<\/div>\n\t\t\t\t\t<\/div>\n\t\t<\/section>\n\t\t\t\t<\/div>\n\t\t","protected":false},"excerpt":{"rendered":"<p>JOLIE HOLLAND con BEN BOYE Works &nbsp;&nbsp;&nbsp;&nbsp;&nbsp;&nbsp;&nbsp;&nbsp;&nbsp; Info &nbsp;&nbsp;&nbsp;&nbsp;&nbsp;&nbsp;&nbsp;&nbsp;&nbsp; ANTECEDENTES A multiinstrumentista, l\u00edder da banda, produtora e cantautora estadounidense Jolie Holland, cofundadora da banda canadense The Be Good Tanyas, leva de xira desde principios dos anos 2000. Lanzou oito \u00e1lbums en solitario e colaborou en&hellip;<\/p>\n","protected":false},"author":3,"featured_media":0,"parent":0,"menu_order":0,"comment_status":"closed","ping_status":"closed","template":"","meta":{"footnotes":""},"class_list":["post-12165","page","type-page","status-publish","hentry"],"jetpack_sharing_enabled":true,"_links":{"self":[{"href":"https:\/\/dopicho.com\/gl\/wp-json\/wp\/v2\/pages\/12165","targetHints":{"allow":["GET"]}}],"collection":[{"href":"https:\/\/dopicho.com\/gl\/wp-json\/wp\/v2\/pages"}],"about":[{"href":"https:\/\/dopicho.com\/gl\/wp-json\/wp\/v2\/types\/page"}],"author":[{"embeddable":true,"href":"https:\/\/dopicho.com\/gl\/wp-json\/wp\/v2\/users\/3"}],"replies":[{"embeddable":true,"href":"https:\/\/dopicho.com\/gl\/wp-json\/wp\/v2\/comments?post=12165"}],"version-history":[{"count":13,"href":"https:\/\/dopicho.com\/gl\/wp-json\/wp\/v2\/pages\/12165\/revisions"}],"predecessor-version":[{"id":12233,"href":"https:\/\/dopicho.com\/gl\/wp-json\/wp\/v2\/pages\/12165\/revisions\/12233"}],"wp:attachment":[{"href":"https:\/\/dopicho.com\/gl\/wp-json\/wp\/v2\/media?parent=12165"}],"curies":[{"name":"wp","href":"https:\/\/api.w.org\/{rel}","templated":true}]}}