{"id":4257,"date":"2024-12-03T12:09:01","date_gmt":"2024-12-03T12:09:01","guid":{"rendered":"https:\/\/dopicho.com\/preguntas-frecuentes\/"},"modified":"2026-01-10T15:07:02","modified_gmt":"2026-01-10T15:07:02","slug":"preguntas-frecuentes","status":"publish","type":"page","link":"https:\/\/dopicho.com\/gl\/preguntas-frecuentes\/","title":{"rendered":"Preguntas frecuentes"},"content":{"rendered":"\t\t<div data-elementor-type=\"wp-page\" data-elementor-id=\"4257\" class=\"elementor elementor-4257 elementor-2427\">\n\t\t\t\t\t\t<section class=\"elementor-section elementor-top-section elementor-element elementor-element-b997528 elementor-section-boxed elementor-section-height-default elementor-section-height-default\" data-id=\"b997528\" data-element_type=\"section\" data-e-type=\"section\">\n\t\t\t\t\t\t<div class=\"elementor-container elementor-column-gap-extended\">\n\t\t\t\t\t<div class=\"elementor-column elementor-col-100 elementor-top-column elementor-element elementor-element-7579cb9 sc_inner_width_none sc_content_align_inherit sc_layouts_column_icons_position_left\" data-id=\"7579cb9\" data-element_type=\"column\" data-e-type=\"column\">\n\t\t\t<div class=\"elementor-widget-wrap elementor-element-populated\">\n\t\t\t\t\t\t<div class=\"elementor-element elementor-element-3e32076 animation_type_block sc_fly_static elementor-widget elementor-widget-heading\" data-id=\"3e32076\" data-element_type=\"widget\" data-e-type=\"widget\" data-widget_type=\"heading.default\">\n\t\t\t\t<div class=\"elementor-widget-container\">\n\t\t\t\t\t<h1 class=\"elementor-heading-title elementor-size-default\">PREGUNTAS FRECUENTES<\/h1>\t\t\t\t<\/div>\n\t\t\t\t<\/div>\n\t\t\t\t<div class=\"elementor-element elementor-element-d1dcd88 animation_type_block sc_fly_static elementor-widget elementor-widget-text-editor\" data-id=\"d1dcd88\" data-element_type=\"widget\" data-e-type=\"widget\" data-widget_type=\"text-editor.default\">\n\t\t\t\t<div class=\"elementor-widget-container\">\n\t\t\t\t\t\t\t\t\t<p><b>Como podo ser artista residente?<\/b><\/p>\n<div>A primeira convocatoria de solicitudes de residencias lanzarase a principios de 2026, guiada por un comit\u00e9 de selecci\u00f3n. <span style=\"font-weight: 400;\">Mentres tanto, os artistas interesados poden contactar con Do Picho para expresar o seu interese informalmente, especialmente se desexan levar a cabo proxectos, s\u00f3s ou en colaboraci\u00f3n con ata dous artistas m\u00e1is, que traten sobre cuesti\u00f3ns ambientais e o seu impacto nas persoas, cuesti\u00f3ns LGBTQI ou dereitos humanos en xeral. <\/span><\/div><div><span style=\"font-weight: 400;\"><br><\/span><\/div>\n<p><b>Como foron seleccionados os primeiros artistas residentes?<\/b><\/p>\n<p><span style=\"font-weight: 400;\">Do Picho at\u00f3pase actualmente nunha fase piloto que comezou en febreiro de 2024 coa redacci\u00f3n e distribuci\u00f3n dunha nota conceptual sobre Do Picho,<\/span> e que continuou en 2025.<span style=\"font-weight: 400;\">. Desde que se distribu\u00edu por primeira vez a nota conceptual para obter comentarios e achegas, varios artistas contactaron co fundador de Do Picho, Ralf J\u00fcrgens, porque estaban interesados no seu enfoque no medio ambiente e nos dereitos humanos. En particular, varios deles estaban interesados en facer unha contribuci\u00f3n a trav\u00e9s da s\u00faa arte e activismo \u00e1 loita pola protecci\u00f3n do medio ambiente na Galicia central. Finalmente, foron seleccionados porque os proxectos que desenvolveron para as s\u00faas residencias encaixaban ben cos obxectivos de Do Picho e porque estaban interesados en axudar a dar forma a un novo programa de residencias. <\/span><\/p>\n<p><b>Canto dura a residencia?<\/b><\/p>\n<p><span style=\"font-weight: 400;\">As residencias ter\u00e1n normalmente unha duraci\u00f3n de 4 a 6 semanas; excepcionalmente, poden ser m\u00e1is curtos ou m\u00e1is longos. En xeral, cada ano o programa de residencias desenvolverase normalmente desde abril ata finais de novembro. Durante o resto do ano, a vivenda de residencia empregarase como espazo de retiro e tam\u00e9n estar\u00e1 dispo\u00f1ible para alugueres individuais ou colectivos. <\/span><\/p>\n<p><b>Como \u00e9 o aloxamento na residencia?<\/b><\/p>\n<p><span style=\"font-weight: 400;\">Os artistas viven e traballan na residencia, situada nunha casa anexa \u00e1 casa do fundador de Do Picho, Ralf, con xard\u00edn compartido. A residencia ten 3 dormitorios (un dos cales se pode converter facilmente nun pequeno taller), un espazo principal moi grande, alto e luminoso, unha coci\u00f1a totalmente equipada e un ba\u00f1o. As instalaci\u00f3ns de lavander\u00eda est\u00e1n dispo\u00f1ibles na casa de Ralf. A conexi\u00f3n a Internet \u00e9 boa. Ofr\u00e9cese un piano de Rodas (el\u00e9ctrico). Os artistas poden vir s\u00f3s ou solicitar vir cos seus seres queridos (e fillos) ou solicitar xunto con un ou dous artistas como m\u00e1ximo para levar a cabo un proxecto colaborativo. <\/span><\/p>\n<p><b>Como chegar a Do Picho?<\/b><\/p>\n<p><span style=\"font-weight: 400;\">Os residentes ser\u00e1n recollidos nun aeroporto ou estaci\u00f3n de tren pr\u00f3ximo en Galicia e trasladados de volta ao aeroporto ou estaci\u00f3n de tren ao final da residencia. As bicicletas est\u00e1n dispo\u00f1ibles para os residentes, pero non hai carril bici que leve \u00e1 Finca Do Picho. Desde a Finca, hai un paseo de 25 a 30 minutos ata Palas de Rei a trav\u00e9s do bosque. P\u00f3dese po\u00f1er un coche a disposici\u00f3n dos residentes, cun custo (ver abaixo, baixo custo).<\/span><\/p>\n<p><b>Hai oportunidades de exposici\u00f3n?<\/b><\/p>\n<p><span style=\"font-weight: 400;\">Sempre haber\u00e1 polo menos un evento vinculado a cada residencia, e idealmente tam\u00e9n unha exposici\u00f3n ou performance(s). Os residentes tam\u00e9n poden dar unha charla nunha universidade ou organizaci\u00f3n art\u00edstica durante a s\u00faa residencia; e\/ou buscaranse oportunidades para mostrar o seu traballo no propio Palas de Rei. Para cada residente organizarase unha recepci\u00f3n.<\/span><\/p>\n<p><b>Cal \u00e9 o custo da residencia?<\/b><\/p>\n<p><span style=\"font-weight: 400;\">En definitiva, o obxectivo \u00e9 proporcionar non s\u00f3 o espazo e as oportunidades aos artistas de balde, sen\u00f3n tam\u00e9n os gastos de viaxe. Isto depender\u00e1, sen embargo, da medida en que se poidan conseguir varias fontes de financiamento para Do Picho. Durante a fase piloto (e\/ou ata que se aseguren os recursos para facelo posible), esp\u00e9rase que os residentes cobren o seu transporte e contribuyan aos gastos b\u00e1sicos de residencia e ao uso do coche, se os artistas est\u00e1n interesados en utilizalo. Os residentes determinan eles mesmos o importe da s\u00faa contribuci\u00f3n en funci\u00f3n da s\u00faa capacidade de pago e doutros factores relevantes*. Normalmente, cada residente achega entre un m\u00ednimo de 50 euros\/semana e un m\u00e1ximo de 500 euros\/semana. Todo o di\u00f1eiro recadado desta forma, como calquera outro ingreso que recada o Programa, dest\u00ednase ao propio programa de residencia. Se queren utilizar o coche, prevese que os veci\u00f1os acheguen entre 50 e 100 euros adicionais\/semana. <\/span><span style=\"font-weight: 400;\"><br><\/span><span style=\"font-weight: 400;\"><br><\/span><span style=\"font-weight: 400;\">*\u00abParticipaci\u00f3n libre e consciente\u00bb: A participaci\u00f3n libre e consciente \u00e9 outra forma de considerar a remuneraci\u00f3n dunha actividade como un obradoiro ou un seminario residencial. \u00c9 un modo de valorizaci\u00f3n participativo, transparente e solidario. En todos os casos, esta contribuci\u00f3n consciente debe ser proporcional \u00e1 capacidade financeira de cada persoa. <\/span><\/p>\n<p><b>Que m\u00e1is aportan os artistas ao programa?<\/b><\/p>\n<p><span style=\"font-weight: 400;\">Esp\u00e9rase que os artistas visuais doaran unha obra de arte para a s\u00faa exposici\u00f3n na casa de residencia e traian cat\u00e1logos de proxectos anteriores para contribu\u00edr a unha biblioteca en crecemento na casa de residencia e como rexistro de participantes. As obras de arte e os cat\u00e1logos estar\u00e1n expostos durante as xornadas de portas abertas. <\/span><\/p>\t\t\t\t\t\t\t\t<\/div>\n\t\t\t\t<\/div>\n\t\t\t\t\t<\/div>\n\t\t<\/div>\n\t\t\t\t\t<\/div>\n\t\t<\/section>\n\t\t\t\t<section class=\"elementor-section elementor-top-section elementor-element elementor-element-71bf96d elementor-section-boxed elementor-section-height-default elementor-section-height-default\" data-id=\"71bf96d\" data-element_type=\"section\" data-e-type=\"section\">\n\t\t\t\t\t\t<div class=\"elementor-container elementor-column-gap-extended\">\n\t\t\t\t\t<div class=\"elementor-column elementor-col-50 elementor-top-column elementor-element elementor-element-f8ad99f sc_inner_width_none sc_content_align_inherit sc_layouts_column_icons_position_left\" data-id=\"f8ad99f\" data-element_type=\"column\" data-e-type=\"column\">\n\t\t\t<div class=\"elementor-widget-wrap elementor-element-populated\">\n\t\t\t\t\t\t<div class=\"elementor-element elementor-element-af63324 elementor-align-left animation_type_block sc_fly_static elementor-widget elementor-widget-button\" data-id=\"af63324\" data-element_type=\"widget\" data-e-type=\"widget\" data-widget_type=\"button.default\">\n\t\t\t\t<div class=\"elementor-widget-container\">\n\t\t\t\t\t\t\t\t\t<div class=\"elementor-button-wrapper\">\n\t\t\t\t\t<a class=\"elementor-button elementor-button-link elementor-size-sm\" href=\"https:\/\/dopicho.com\/gl\/obxectivos\/\">\n\t\t\t\t\t\t<span class=\"elementor-button-content-wrapper\">\n\t\t\t\t\t\t<span class=\"elementor-button-icon\">\n\t\t\t\t<i aria-hidden=\"true\" class=\"fas fa-long-arrow-alt-left\"><\/i>\t\t\t<\/span>\n\t\t\t\t\t\t\t\t\t<span class=\"elementor-button-text\">Co\u00f1ece o noso equipo<\/span>\n\t\t\t\t\t<\/span>\n\t\t\t\t\t<\/a>\n\t\t\t\t<\/div>\n\t\t\t\t\t\t\t\t<\/div>\n\t\t\t\t<\/div>\n\t\t\t\t\t<\/div>\n\t\t<\/div>\n\t\t\t\t<div class=\"elementor-column elementor-col-50 elementor-top-column elementor-element elementor-element-200c40e sc_inner_width_none sc_content_align_inherit sc_layouts_column_icons_position_left\" data-id=\"200c40e\" data-element_type=\"column\" data-e-type=\"column\">\n\t\t\t<div class=\"elementor-widget-wrap elementor-element-populated\">\n\t\t\t\t\t\t<div class=\"elementor-element elementor-element-3562037 elementor-align-right animation_type_block sc_fly_static elementor-widget elementor-widget-button\" data-id=\"3562037\" data-element_type=\"widget\" data-e-type=\"widget\" data-widget_type=\"button.default\">\n\t\t\t\t<div class=\"elementor-widget-container\">\n\t\t\t\t\t\t\t\t\t<div class=\"elementor-button-wrapper\">\n\t\t\t\t\t<a class=\"elementor-button elementor-button-link elementor-size-sm\" href=\"https:\/\/dopicho.com\/gl\/convocatorias-abertas\/\">\n\t\t\t\t\t\t<span class=\"elementor-button-content-wrapper\">\n\t\t\t\t\t\t<span class=\"elementor-button-icon\">\n\t\t\t\t<i aria-hidden=\"true\" class=\"fas fa-long-arrow-alt-right\"><\/i>\t\t\t<\/span>\n\t\t\t\t\t\t\t\t\t<span class=\"elementor-button-text\">Convocatorias abertas<\/span>\n\t\t\t\t\t<\/span>\n\t\t\t\t\t<\/a>\n\t\t\t\t<\/div>\n\t\t\t\t\t\t\t\t<\/div>\n\t\t\t\t<\/div>\n\t\t\t\t\t<\/div>\n\t\t<\/div>\n\t\t\t\t\t<\/div>\n\t\t<\/section>\n\t\t\t\t<\/div>\n\t\t","protected":false},"excerpt":{"rendered":"<p>PREGUNTAS FRECUENTES Como podo ser artista residente? A primeira convocatoria de solicitudes de residencias lanzarase a principios de 2026, guiada por un comit\u00e9 de selecci\u00f3n. Mentres tanto, os artistas interesados poden contactar con Do Picho para expresar o seu interese informalmente, especialmente se desexan levar&hellip;<\/p>\n","protected":false},"author":3,"featured_media":0,"parent":0,"menu_order":0,"comment_status":"closed","ping_status":"closed","template":"","meta":{"footnotes":""},"class_list":["post-4257","page","type-page","status-publish","hentry"],"jetpack_sharing_enabled":true,"_links":{"self":[{"href":"https:\/\/dopicho.com\/gl\/wp-json\/wp\/v2\/pages\/4257","targetHints":{"allow":["GET"]}}],"collection":[{"href":"https:\/\/dopicho.com\/gl\/wp-json\/wp\/v2\/pages"}],"about":[{"href":"https:\/\/dopicho.com\/gl\/wp-json\/wp\/v2\/types\/page"}],"author":[{"embeddable":true,"href":"https:\/\/dopicho.com\/gl\/wp-json\/wp\/v2\/users\/3"}],"replies":[{"embeddable":true,"href":"https:\/\/dopicho.com\/gl\/wp-json\/wp\/v2\/comments?post=4257"}],"version-history":[{"count":20,"href":"https:\/\/dopicho.com\/gl\/wp-json\/wp\/v2\/pages\/4257\/revisions"}],"predecessor-version":[{"id":10358,"href":"https:\/\/dopicho.com\/gl\/wp-json\/wp\/v2\/pages\/4257\/revisions\/10358"}],"wp:attachment":[{"href":"https:\/\/dopicho.com\/gl\/wp-json\/wp\/v2\/media?parent=4257"}],"curies":[{"name":"wp","href":"https:\/\/api.w.org\/{rel}","templated":true}]}}