{"id":8065,"date":"2025-10-01T10:24:04","date_gmt":"2025-10-01T10:24:04","guid":{"rendered":"https:\/\/dopicho.com\/contorna\/"},"modified":"2026-01-12T10:15:35","modified_gmt":"2026-01-12T10:15:35","slug":"contorna","status":"publish","type":"page","link":"https:\/\/dopicho.com\/gl\/contorna\/","title":{"rendered":"Contorna"},"content":{"rendered":"\t\t<div data-elementor-type=\"wp-page\" data-elementor-id=\"8065\" class=\"elementor elementor-8065 elementor-8052\">\n\t\t\t\t\t\t<section class=\"elementor-section elementor-top-section elementor-element elementor-element-6ab27ae elementor-section-boxed elementor-section-height-default elementor-section-height-default\" data-id=\"6ab27ae\" data-element_type=\"section\" data-e-type=\"section\">\n\t\t\t\t\t\t<div class=\"elementor-container elementor-column-gap-extended\">\n\t\t\t\t\t<div class=\"elementor-column elementor-col-100 elementor-top-column elementor-element elementor-element-ca82c29 sc_inner_width_none sc_content_align_inherit sc_layouts_column_icons_position_left\" data-id=\"ca82c29\" data-element_type=\"column\" data-e-type=\"column\">\n\t\t\t<div class=\"elementor-widget-wrap elementor-element-populated\">\n\t\t\t\t\t\t<div class=\"elementor-element elementor-element-9c52693 animation_type_block sc_fly_static elementor-widget elementor-widget-heading\" data-id=\"9c52693\" data-element_type=\"widget\" data-e-type=\"widget\" data-widget_type=\"heading.default\">\n\t\t\t\t<div class=\"elementor-widget-container\">\n\t\t\t\t\t<h1 class=\"elementor-heading-title elementor-size-default\">CONTORNA<\/h1>\t\t\t\t<\/div>\n\t\t\t\t<\/div>\n\t\t\t\t\t<\/div>\n\t\t<\/div>\n\t\t\t\t\t<\/div>\n\t\t<\/section>\n\t\t\t\t<section class=\"elementor-section elementor-top-section elementor-element elementor-element-a11425d elementor-section-boxed elementor-section-height-default elementor-section-height-default\" data-id=\"a11425d\" data-element_type=\"section\" data-e-type=\"section\">\n\t\t\t\t\t\t<div class=\"elementor-container elementor-column-gap-extended\">\n\t\t\t\t\t<div class=\"elementor-column elementor-col-100 elementor-top-column elementor-element elementor-element-3720fe0 sc_inner_width_none sc_content_align_inherit sc_layouts_column_icons_position_left\" data-id=\"3720fe0\" data-element_type=\"column\" data-e-type=\"column\">\n\t\t\t<div class=\"elementor-widget-wrap elementor-element-populated\">\n\t\t\t\t\t\t<div class=\"elementor-element elementor-element-3ea68e5 animation_type_block sc_fly_static elementor-widget elementor-widget-image\" data-id=\"3ea68e5\" data-element_type=\"widget\" data-e-type=\"widget\" data-widget_type=\"image.default\">\n\t\t\t\t<div class=\"elementor-widget-container\">\n\t\t\t\t\t\t\t\t\t\t\t\t\t\t\t<img fetchpriority=\"high\" decoding=\"async\" width=\"1920\" height=\"1080\" src=\"https:\/\/dopicho.com\/wp-content\/uploads\/2025\/09\/environment-01.jpg\" class=\"attachment-full size-full wp-image-8050\" alt=\"\" srcset=\"https:\/\/dopicho.com\/wp-content\/uploads\/2025\/09\/environment-01.jpg 1920w, https:\/\/dopicho.com\/wp-content\/uploads\/2025\/09\/environment-01-300x169.jpg 300w, https:\/\/dopicho.com\/wp-content\/uploads\/2025\/09\/environment-01-1024x576.jpg 1024w, https:\/\/dopicho.com\/wp-content\/uploads\/2025\/09\/environment-01-768x432.jpg 768w, https:\/\/dopicho.com\/wp-content\/uploads\/2025\/09\/environment-01-1536x864.jpg 1536w, https:\/\/dopicho.com\/wp-content\/uploads\/2025\/09\/environment-01-370x208.jpg 370w, https:\/\/dopicho.com\/wp-content\/uploads\/2025\/09\/environment-01-1170x658.jpg 1170w, https:\/\/dopicho.com\/wp-content\/uploads\/2025\/09\/environment-01-770x433.jpg 770w, https:\/\/dopicho.com\/wp-content\/uploads\/2025\/09\/environment-01-270x152.jpg 270w\" sizes=\"(max-width: 1920px) 100vw, 1920px\" \/>\t\t\t\t\t\t\t\t\t\t\t\t\t\t\t<\/div>\n\t\t\t\t<\/div>\n\t\t\t\t<div class=\"elementor-element elementor-element-5b6bab9 animation_type_block sc_fly_static elementor-widget elementor-widget-text-editor\" data-id=\"5b6bab9\" data-element_type=\"widget\" data-e-type=\"widget\" data-widget_type=\"text-editor.default\">\n\t\t\t\t<div class=\"elementor-widget-container\">\n\t\t\t\t\t\t\t\t\t<p>Do Picho est\u00e1 moi ben situado \u00e1s aforas de Palas de Rei, no centro de Galicia, rodeado de campos, granxas e bosques, a 25 minutos a p\u00e9 polo bosque ou a 2 minutos en coche da vila.<\/p><p>Lonxe de ser elegantes e modernas, a propia Palas e Galicia en xeral atraeron ao fundador de Do Picho precisamente porque estaban un pouco apartadas, eran moito m\u00e1is accesibles, fermosas dun xeito m\u00e1is agreste, cunha escena cultural pr\u00f3spera pero a mi\u00fado agochada, impregnada de tradici\u00f3n pero con ganas de innovar e chea de xente marabillosa. En resumo, este \u00e9 un ambiente estupendo para unha residencia art\u00edstica. <\/p>\t\t\t\t\t\t\t\t<\/div>\n\t\t\t\t<\/div>\n\t\t\t\t\t<\/div>\n\t\t<\/div>\n\t\t\t\t\t<\/div>\n\t\t<\/section>\n\t\t\t\t<section class=\"elementor-section elementor-top-section elementor-element elementor-element-b331d89 elementor-section-boxed elementor-section-height-default elementor-section-height-default\" data-id=\"b331d89\" data-element_type=\"section\" data-e-type=\"section\">\n\t\t\t\t\t\t<div class=\"elementor-container elementor-column-gap-extended\">\n\t\t\t\t\t<div class=\"elementor-column elementor-col-100 elementor-top-column elementor-element elementor-element-32d9ce6 sc_inner_width_none sc_content_align_inherit sc_layouts_column_icons_position_left\" data-id=\"32d9ce6\" data-element_type=\"column\" data-e-type=\"column\">\n\t\t\t<div class=\"elementor-widget-wrap elementor-element-populated\">\n\t\t\t\t\t\t<div class=\"elementor-element elementor-element-dada2d1 animation_type_block sc_fly_static elementor-widget elementor-widget-heading\" data-id=\"dada2d1\" data-element_type=\"widget\" data-e-type=\"widget\" data-widget_type=\"heading.default\">\n\t\t\t\t<div class=\"elementor-widget-container\">\n\t\t\t\t\t<h2 class=\"elementor-heading-title elementor-size-default\">A RESIDENCIA<\/h2>\t\t\t\t<\/div>\n\t\t\t\t<\/div>\n\t\t\t\t\t<\/div>\n\t\t<\/div>\n\t\t\t\t\t<\/div>\n\t\t<\/section>\n\t\t\t\t<section class=\"elementor-section elementor-top-section elementor-element elementor-element-a92758f elementor-section-stretched elementor-section-boxed elementor-section-height-default elementor-section-height-default\" data-id=\"a92758f\" data-element_type=\"section\" data-e-type=\"section\" data-settings=\"{&quot;stretch_section&quot;:&quot;section-stretched&quot;,&quot;background_background&quot;:&quot;classic&quot;}\">\n\t\t\t\t\t\t<div class=\"elementor-container elementor-column-gap-extended\">\n\t\t\t\t\t<div class=\"elementor-column elementor-col-100 elementor-top-column elementor-element elementor-element-1791a59 sc_inner_width_none sc_content_align_inherit sc_layouts_column_icons_position_left\" data-id=\"1791a59\" data-element_type=\"column\" data-e-type=\"column\">\n\t\t\t<div class=\"elementor-widget-wrap elementor-element-populated\">\n\t\t\t\t\t\t<div class=\"elementor-element elementor-element-abfa657 animation_type_block sc_fly_static elementor-widget elementor-widget-image\" data-id=\"abfa657\" data-element_type=\"widget\" data-e-type=\"widget\" data-widget_type=\"image.default\">\n\t\t\t\t<div class=\"elementor-widget-container\">\n\t\t\t\t\t\t\t\t\t\t\t\t\t\t\t<img decoding=\"async\" width=\"1920\" height=\"1080\" src=\"https:\/\/dopicho.com\/wp-content\/uploads\/2025\/09\/environment-02.jpg\" class=\"attachment-full size-full wp-image-8049\" alt=\"\" srcset=\"https:\/\/dopicho.com\/wp-content\/uploads\/2025\/09\/environment-02.jpg 1920w, https:\/\/dopicho.com\/wp-content\/uploads\/2025\/09\/environment-02-300x169.jpg 300w, https:\/\/dopicho.com\/wp-content\/uploads\/2025\/09\/environment-02-1024x576.jpg 1024w, https:\/\/dopicho.com\/wp-content\/uploads\/2025\/09\/environment-02-768x432.jpg 768w, https:\/\/dopicho.com\/wp-content\/uploads\/2025\/09\/environment-02-1536x864.jpg 1536w, https:\/\/dopicho.com\/wp-content\/uploads\/2025\/09\/environment-02-370x208.jpg 370w, https:\/\/dopicho.com\/wp-content\/uploads\/2025\/09\/environment-02-1170x658.jpg 1170w, https:\/\/dopicho.com\/wp-content\/uploads\/2025\/09\/environment-02-770x433.jpg 770w, https:\/\/dopicho.com\/wp-content\/uploads\/2025\/09\/environment-02-270x152.jpg 270w\" sizes=\"(max-width: 1920px) 100vw, 1920px\" \/>\t\t\t\t\t\t\t\t\t\t\t\t\t\t\t<\/div>\n\t\t\t\t<\/div>\n\t\t\t\t<div class=\"elementor-element elementor-element-02f6ae4 animation_type_block sc_fly_static elementor-widget elementor-widget-text-editor\" data-id=\"02f6ae4\" data-element_type=\"widget\" data-e-type=\"widget\" data-widget_type=\"text-editor.default\">\n\t\t\t\t<div class=\"elementor-widget-container\">\n\t\t\t\t\t\t\t\t\t<p>A residencia art\u00edstica Do Picho forma parte da Finca Do Picho, que foi reconstru\u00edda na d\u00e9cada de 2000 polo reco\u00f1ecido arquitecto galego Pedro de Llano. Incl\u00fae a residencia, un amplo xard\u00edn, a casa na que vive o fundador e presidente de Do Picho e d\u00faas unidades habitables separadas e m\u00e1is pequenas. Estas unidades conte\u00f1en cada unha un dormitorio e un ba\u00f1o e adoitan usarse como aloxamento para os voluntarios e os becarios, que son unha parte importante do equipo de Do Picho, pero \u00e1s veces al\u00faganse a peregrinos ou outras persoas que buscan aloxamento en Palas de Rei.  <\/p><p>A residencia en si ofrece un ambiente sereno e espazoso con luz natural excepcional. Consta de tres dormitorios (un dos cales p\u00f3dese converter facilmente nun espazo de taller adicional), unha coci\u00f1a totalmente equipada, un ba\u00f1o e un amplo espazo com\u00fan ideal para proxectos art\u00edsticos de todo tipo. <\/p><p>Ofrece moito espazo, luz e tranquilidade para os artistas que queiran vir s\u00f3s. Ao mesmo tempo, hai espazo dabondo para aqueles que queiran vir cun ser querido ou mesmo coa s\u00faa familia, ou para dous ou tres artistas que queiran presentar un proxecto colaborativo e traballar xuntos nun espazo com\u00fan. Con amplo espazo para traballar, relaxarse \u200b\u200be gozar, a residencia proporciona un escenario ideal para a exploraci\u00f3n e a colaboraci\u00f3n art\u00edstica.  <\/p>\t\t\t\t\t\t\t\t<\/div>\n\t\t\t\t<\/div>\n\t\t\t\t\t<\/div>\n\t\t<\/div>\n\t\t\t\t\t<\/div>\n\t\t<\/section>\n\t\t\t\t<section class=\"elementor-section elementor-top-section elementor-element elementor-element-6d27f2c elementor-section-boxed elementor-section-height-default elementor-section-height-default\" data-id=\"6d27f2c\" data-element_type=\"section\" data-e-type=\"section\">\n\t\t\t\t\t\t<div class=\"elementor-container elementor-column-gap-extended\">\n\t\t\t\t\t<div class=\"elementor-column elementor-col-100 elementor-top-column elementor-element elementor-element-1064866 sc_inner_width_none sc_content_align_inherit sc_layouts_column_icons_position_left\" data-id=\"1064866\" data-element_type=\"column\" data-e-type=\"column\">\n\t\t\t<div class=\"elementor-widget-wrap elementor-element-populated\">\n\t\t\t\t\t\t<div class=\"elementor-element elementor-element-a81569c animation_type_block sc_fly_static elementor-widget elementor-widget-heading\" data-id=\"a81569c\" data-element_type=\"widget\" data-e-type=\"widget\" data-widget_type=\"heading.default\">\n\t\t\t\t<div class=\"elementor-widget-container\">\n\t\t\t\t\t<h2 class=\"elementor-heading-title elementor-size-default\">PALACIO DO REI<\/h2>\t\t\t\t<\/div>\n\t\t\t\t<\/div>\n\t\t\t\t\t<\/div>\n\t\t<\/div>\n\t\t\t\t\t<\/div>\n\t\t<\/section>\n\t\t\t\t<section class=\"elementor-section elementor-top-section elementor-element elementor-element-8305e4c elementor-section-content-middle elementor-section-boxed elementor-section-height-default elementor-section-height-default\" data-id=\"8305e4c\" data-element_type=\"section\" data-e-type=\"section\">\n\t\t\t\t\t\t<div class=\"elementor-container elementor-column-gap-default\">\n\t\t\t\t\t<div class=\"elementor-column elementor-col-100 elementor-top-column elementor-element elementor-element-cf71bc5 sc_inner_width_none sc_content_align_inherit sc_layouts_column_icons_position_left\" data-id=\"cf71bc5\" data-element_type=\"column\" data-e-type=\"column\">\n\t\t\t<div class=\"elementor-widget-wrap elementor-element-populated\">\n\t\t\t\t\t\t<div class=\"elementor-element elementor-element-4d77277 animation_type_block sc_fly_static elementor-widget elementor-widget-image\" data-id=\"4d77277\" data-element_type=\"widget\" data-e-type=\"widget\" data-widget_type=\"image.default\">\n\t\t\t\t<div class=\"elementor-widget-container\">\n\t\t\t\t\t\t\t\t\t\t\t\t\t\t\t<img decoding=\"async\" width=\"1920\" height=\"1080\" src=\"https:\/\/dopicho.com\/wp-content\/uploads\/2025\/09\/environment-03.jpg\" class=\"attachment-full size-full wp-image-8048\" alt=\"\" srcset=\"https:\/\/dopicho.com\/wp-content\/uploads\/2025\/09\/environment-03.jpg 1920w, https:\/\/dopicho.com\/wp-content\/uploads\/2025\/09\/environment-03-300x169.jpg 300w, https:\/\/dopicho.com\/wp-content\/uploads\/2025\/09\/environment-03-1024x576.jpg 1024w, https:\/\/dopicho.com\/wp-content\/uploads\/2025\/09\/environment-03-768x432.jpg 768w, https:\/\/dopicho.com\/wp-content\/uploads\/2025\/09\/environment-03-1536x864.jpg 1536w, https:\/\/dopicho.com\/wp-content\/uploads\/2025\/09\/environment-03-370x208.jpg 370w, https:\/\/dopicho.com\/wp-content\/uploads\/2025\/09\/environment-03-1170x658.jpg 1170w, https:\/\/dopicho.com\/wp-content\/uploads\/2025\/09\/environment-03-770x433.jpg 770w, https:\/\/dopicho.com\/wp-content\/uploads\/2025\/09\/environment-03-270x152.jpg 270w\" sizes=\"(max-width: 1920px) 100vw, 1920px\" \/>\t\t\t\t\t\t\t\t\t\t\t\t\t\t\t<\/div>\n\t\t\t\t<\/div>\n\t\t\t\t<div class=\"elementor-element elementor-element-595a0e7 animation_type_block sc_fly_static elementor-widget elementor-widget-text-editor\" data-id=\"595a0e7\" data-element_type=\"widget\" data-e-type=\"widget\" data-widget_type=\"text-editor.default\">\n\t\t\t\t<div class=\"elementor-widget-container\">\n\t\t\t\t\t\t\t\t\t<p>Palas de Rei \u00e9 unha pequena localidade dunhas 3.350 habitantes, situada na ruta m\u00e1is popular do Cami\u00f1o de Santiago, o Cami\u00f1o Franc\u00e9s, na Provincia de Lugo e a tan s\u00f3 4 d\u00edas a p\u00e9 de Santiago. Desde finais de marzo ata finais de outubro recibe visitantes de todo o mundo que paran aqu\u00ed de cami\u00f1o a Santiago, mentres que nos restantes meses \u00e9 unha vila moito m\u00e1is tranquila, pero ofrece todos os servizos e se beneficia da s\u00faa proximidade a Lugo, Santiago de Compostela (co seu aeroporto a tan s\u00f3 45 minutos en coche da Finca do Picho), e algunhas das praias m\u00e1is fermosas da costa galega. <\/p>\t\t\t\t\t\t\t\t<\/div>\n\t\t\t\t<\/div>\n\t\t\t\t\t<\/div>\n\t\t<\/div>\n\t\t\t\t\t<\/div>\n\t\t<\/section>\n\t\t\t\t<section class=\"elementor-section elementor-top-section elementor-element elementor-element-a2d667a elementor-section-boxed elementor-section-height-default elementor-section-height-default\" data-id=\"a2d667a\" data-element_type=\"section\" data-e-type=\"section\">\n\t\t\t\t\t\t<div class=\"elementor-container elementor-column-gap-extended\">\n\t\t\t\t\t<div class=\"elementor-column elementor-col-100 elementor-top-column elementor-element elementor-element-2172cd3 sc_inner_width_none sc_content_align_inherit sc_layouts_column_icons_position_left\" data-id=\"2172cd3\" data-element_type=\"column\" data-e-type=\"column\">\n\t\t\t<div class=\"elementor-widget-wrap elementor-element-populated\">\n\t\t\t\t\t\t<div class=\"elementor-element elementor-element-aaf4485 animation_type_block sc_fly_static elementor-widget elementor-widget-heading\" data-id=\"aaf4485\" data-element_type=\"widget\" data-e-type=\"widget\" data-widget_type=\"heading.default\">\n\t\t\t\t<div class=\"elementor-widget-container\">\n\t\t\t\t\t<h3 class=\"elementor-heading-title elementor-size-default\">MEDIO AMBIENTE EN PERIGO<\/h3>\t\t\t\t<\/div>\n\t\t\t\t<\/div>\n\t\t\t\t\t<\/div>\n\t\t<\/div>\n\t\t\t\t\t<\/div>\n\t\t<\/section>\n\t\t\t\t<section class=\"elementor-section elementor-top-section elementor-element elementor-element-a2911dd elementor-section-boxed elementor-section-height-default elementor-section-height-default\" data-id=\"a2911dd\" data-element_type=\"section\" data-e-type=\"section\">\n\t\t\t\t\t\t<div class=\"elementor-container elementor-column-gap-extended\">\n\t\t\t\t\t<div class=\"elementor-column elementor-col-100 elementor-top-column elementor-element elementor-element-1620909 sc_inner_width_none sc_content_align_inherit sc_layouts_column_icons_position_left\" data-id=\"1620909\" data-element_type=\"column\" data-e-type=\"column\">\n\t\t\t<div class=\"elementor-widget-wrap elementor-element-populated\">\n\t\t\t\t\t\t<div class=\"elementor-element elementor-element-813af90 animation_type_block sc_fly_static elementor-widget elementor-widget-image\" data-id=\"813af90\" data-element_type=\"widget\" data-e-type=\"widget\" data-widget_type=\"image.default\">\n\t\t\t\t<div class=\"elementor-widget-container\">\n\t\t\t\t\t\t\t\t\t\t\t\t\t\t\t<img loading=\"lazy\" decoding=\"async\" width=\"1920\" height=\"1080\" src=\"https:\/\/dopicho.com\/wp-content\/uploads\/2025\/09\/environment-04.jpg\" class=\"attachment-full size-full wp-image-8047\" alt=\"\" srcset=\"https:\/\/dopicho.com\/wp-content\/uploads\/2025\/09\/environment-04.jpg 1920w, https:\/\/dopicho.com\/wp-content\/uploads\/2025\/09\/environment-04-300x169.jpg 300w, https:\/\/dopicho.com\/wp-content\/uploads\/2025\/09\/environment-04-1024x576.jpg 1024w, https:\/\/dopicho.com\/wp-content\/uploads\/2025\/09\/environment-04-768x432.jpg 768w, https:\/\/dopicho.com\/wp-content\/uploads\/2025\/09\/environment-04-1536x864.jpg 1536w, https:\/\/dopicho.com\/wp-content\/uploads\/2025\/09\/environment-04-370x208.jpg 370w, https:\/\/dopicho.com\/wp-content\/uploads\/2025\/09\/environment-04-1170x658.jpg 1170w, https:\/\/dopicho.com\/wp-content\/uploads\/2025\/09\/environment-04-770x433.jpg 770w, https:\/\/dopicho.com\/wp-content\/uploads\/2025\/09\/environment-04-270x152.jpg 270w\" sizes=\"(max-width: 1920px) 100vw, 1920px\" \/>\t\t\t\t\t\t\t\t\t\t\t\t\t\t\t<\/div>\n\t\t\t\t<\/div>\n\t\t\t\t<div class=\"elementor-element elementor-element-9ae8725 animation_type_block sc_fly_static elementor-widget elementor-widget-text-editor\" data-id=\"9ae8725\" data-element_type=\"widget\" data-e-type=\"widget\" data-widget_type=\"text-editor.default\">\n\t\t\t\t<div class=\"elementor-widget-container\">\n\t\t\t\t\t\t\t\t\t<p>Palas de Rei est\u00e1 rodeada de fermosas terras e preto de moitos lugares de interese. Non obstante, na actualidade, a propia Palas e o centro de Galicia no seu conxunto est\u00e1n ameazados polo proxecto de construci\u00f3n dunha megaf\u00e1brica de pasta de papel por parte da multinacional papeleira portuguesa Altri na fronteira entre Palas e o concello veci\u00f1o de Melide. \u00abO proxecto \u00e9 un monstro que causar\u00eda unha devastaci\u00f3n total na nosa rexi\u00f3n\u00bb, segundo o xefe de comunicaci\u00f3n da plataforma Ulloa Viva, que re\u00fane a veci\u00f1os, asociaci\u00f3ns ecoloxistas e outras entidades e partes interesadas que loitan contra o proxecto (para obter m\u00e1is informaci\u00f3n sobre a fase actual da loita contra ALTRI, consulta a p\u00e1xina de Facebook da <g id=\"gid_0\">Plataforma por unha Ulloa Viva<\/g> ). Por iso, Do Picho est\u00e1 tan comprometido coa protecci\u00f3n do medio ambiente, xa que considera a arte e a expresi\u00f3n art\u00edstica como unha parte potencialmente moi importante dunha loita moito m\u00e1is ampla pola vida, o medio ambiente e os dereitos humanos.   <\/p>\t\t\t\t\t\t\t\t<\/div>\n\t\t\t\t<\/div>\n\t\t\t\t\t<\/div>\n\t\t<\/div>\n\t\t\t\t\t<\/div>\n\t\t<\/section>\n\t\t\t\t<section class=\"elementor-section elementor-top-section elementor-element elementor-element-5911e20 elementor-section-boxed elementor-section-height-default elementor-section-height-default\" data-id=\"5911e20\" data-element_type=\"section\" data-e-type=\"section\">\n\t\t\t\t\t\t<div class=\"elementor-container elementor-column-gap-extended\">\n\t\t\t\t\t<div class=\"elementor-column elementor-col-50 elementor-top-column elementor-element elementor-element-08bf069 sc_inner_width_none sc_content_align_inherit sc_layouts_column_icons_position_left\" data-id=\"08bf069\" data-element_type=\"column\" data-e-type=\"column\">\n\t\t\t<div class=\"elementor-widget-wrap elementor-element-populated\">\n\t\t\t\t\t\t<div class=\"elementor-element elementor-element-d1e1210 elementor-align-left animation_type_block sc_fly_static elementor-widget elementor-widget-button\" data-id=\"d1e1210\" data-element_type=\"widget\" data-e-type=\"widget\" data-widget_type=\"button.default\">\n\t\t\t\t<div class=\"elementor-widget-container\">\n\t\t\t\t\t\t\t\t\t<div class=\"elementor-button-wrapper\">\n\t\t\t\t\t<a class=\"elementor-button elementor-button-link elementor-size-sm\" href=\"https:\/\/dopicho.com\/gl\/mision\/\">\n\t\t\t\t\t\t<span class=\"elementor-button-content-wrapper\">\n\t\t\t\t\t\t<span class=\"elementor-button-icon\">\n\t\t\t\t<i aria-hidden=\"true\" class=\"fas fa-long-arrow-alt-left\"><\/i>\t\t\t<\/span>\n\t\t\t\t\t\t\t\t\t<span class=\"elementor-button-text\">Misi\u00f3n<\/span>\n\t\t\t\t\t<\/span>\n\t\t\t\t\t<\/a>\n\t\t\t\t<\/div>\n\t\t\t\t\t\t\t\t<\/div>\n\t\t\t\t<\/div>\n\t\t\t\t\t<\/div>\n\t\t<\/div>\n\t\t\t\t<div class=\"elementor-column elementor-col-50 elementor-top-column elementor-element elementor-element-b6428ad sc_inner_width_none sc_content_align_inherit sc_layouts_column_icons_position_left\" data-id=\"b6428ad\" data-element_type=\"column\" data-e-type=\"column\">\n\t\t\t<div class=\"elementor-widget-wrap elementor-element-populated\">\n\t\t\t\t\t\t<div class=\"elementor-element elementor-element-ccd36d5 elementor-align-right animation_type_block sc_fly_static elementor-widget elementor-widget-button\" data-id=\"ccd36d5\" data-element_type=\"widget\" data-e-type=\"widget\" data-widget_type=\"button.default\">\n\t\t\t\t<div class=\"elementor-widget-container\">\n\t\t\t\t\t\t\t\t\t<div class=\"elementor-button-wrapper\">\n\t\t\t\t\t<a class=\"elementor-button elementor-button-link elementor-size-sm\" href=\"https:\/\/dopicho.com\/gl\/equipo\">\n\t\t\t\t\t\t<span class=\"elementor-button-content-wrapper\">\n\t\t\t\t\t\t<span class=\"elementor-button-icon\">\n\t\t\t\t<i aria-hidden=\"true\" class=\"fas fa-long-arrow-alt-right\"><\/i>\t\t\t<\/span>\n\t\t\t\t\t\t\t\t\t<span class=\"elementor-button-text\">Co\u00f1ece o noso equipo<\/span>\n\t\t\t\t\t<\/span>\n\t\t\t\t\t<\/a>\n\t\t\t\t<\/div>\n\t\t\t\t\t\t\t\t<\/div>\n\t\t\t\t<\/div>\n\t\t\t\t\t<\/div>\n\t\t<\/div>\n\t\t\t\t\t<\/div>\n\t\t<\/section>\n\t\t\t\t<\/div>\n\t\t","protected":false},"excerpt":{"rendered":"<p>CONTORNA Do Picho est\u00e1 moi ben situado \u00e1s aforas de Palas de Rei, no centro de Galicia, rodeado de campos, granxas e bosques, a 25 minutos a p\u00e9 polo bosque ou a 2 minutos en coche da vila. Lonxe de ser elegantes e modernas, a&hellip;<\/p>\n","protected":false},"author":3,"featured_media":0,"parent":0,"menu_order":0,"comment_status":"closed","ping_status":"closed","template":"elementor_theme","meta":{"footnotes":""},"class_list":["post-8065","page","type-page","status-publish","hentry"],"jetpack_sharing_enabled":true,"_links":{"self":[{"href":"https:\/\/dopicho.com\/gl\/wp-json\/wp\/v2\/pages\/8065","targetHints":{"allow":["GET"]}}],"collection":[{"href":"https:\/\/dopicho.com\/gl\/wp-json\/wp\/v2\/pages"}],"about":[{"href":"https:\/\/dopicho.com\/gl\/wp-json\/wp\/v2\/types\/page"}],"author":[{"embeddable":true,"href":"https:\/\/dopicho.com\/gl\/wp-json\/wp\/v2\/users\/3"}],"replies":[{"embeddable":true,"href":"https:\/\/dopicho.com\/gl\/wp-json\/wp\/v2\/comments?post=8065"}],"version-history":[{"count":16,"href":"https:\/\/dopicho.com\/gl\/wp-json\/wp\/v2\/pages\/8065\/revisions"}],"predecessor-version":[{"id":10494,"href":"https:\/\/dopicho.com\/gl\/wp-json\/wp\/v2\/pages\/8065\/revisions\/10494"}],"wp:attachment":[{"href":"https:\/\/dopicho.com\/gl\/wp-json\/wp\/v2\/media?parent=8065"}],"curies":[{"name":"wp","href":"https:\/\/api.w.org\/{rel}","templated":true}]}}