{"id":8126,"date":"2025-10-01T11:23:57","date_gmt":"2025-10-01T11:23:57","guid":{"rendered":"https:\/\/dopicho.com\/obxectivos-2\/"},"modified":"2026-01-10T15:09:48","modified_gmt":"2026-01-10T15:09:48","slug":"obxectivos","status":"publish","type":"page","link":"https:\/\/dopicho.com\/gl\/obxectivos\/","title":{"rendered":"Obxectivos"},"content":{"rendered":"\t\t<div data-elementor-type=\"wp-page\" data-elementor-id=\"8126\" class=\"elementor elementor-8126 elementor-8067\">\n\t\t\t\t\t\t<section class=\"elementor-section elementor-top-section elementor-element elementor-element-6ab27ae elementor-section-boxed elementor-section-height-default elementor-section-height-default\" data-id=\"6ab27ae\" data-element_type=\"section\" data-e-type=\"section\">\n\t\t\t\t\t\t<div class=\"elementor-container elementor-column-gap-extended\">\n\t\t\t\t\t<div class=\"elementor-column elementor-col-100 elementor-top-column elementor-element elementor-element-ca82c29 sc_inner_width_none sc_content_align_inherit sc_layouts_column_icons_position_left\" data-id=\"ca82c29\" data-element_type=\"column\" data-e-type=\"column\">\n\t\t\t<div class=\"elementor-widget-wrap elementor-element-populated\">\n\t\t\t\t\t\t<div class=\"elementor-element elementor-element-9c52693 animation_type_block sc_fly_static elementor-widget elementor-widget-heading\" data-id=\"9c52693\" data-element_type=\"widget\" data-e-type=\"widget\" data-widget_type=\"heading.default\">\n\t\t\t\t<div class=\"elementor-widget-container\">\n\t\t\t\t\t<h1 class=\"elementor-heading-title elementor-size-default\">OBXECTIVOS<\/h1>\t\t\t\t<\/div>\n\t\t\t\t<\/div>\n\t\t\t\t<div class=\"elementor-element elementor-element-712526b animation_type_block sc_fly_static elementor-widget elementor-widget-text-editor\" data-id=\"712526b\" data-element_type=\"widget\" data-e-type=\"widget\" data-widget_type=\"text-editor.default\">\n\t\t\t\t<div class=\"elementor-widget-container\">\n\t\t\t\t\t\t\t\t\t<div class=\"wp-block-uagb-info-box uagb-block-06sb4zil uagb-infobox__content-wrap uagb-infobox-icon-above-title uagb-infobox-image-valign-top\">\n<div class=\"uagb-ifb-content\">\n\n<span style=\"color: #808080\n;\">Do Picho \u00e9 unha residencia art\u00edstica sen \u00e1nimo de lucro dedicada \u00e1 promoci\u00f3n da liberdade, a creatividade e a seguridade dos artistas, as\u00ed como \u00e1 promoci\u00f3n e protecci\u00f3n dos dereitos humanos e o medio ambiente. Abriu as s\u00faas portas en agosto de 2024.<\/span>\n\n<span style=\"color: #808080;\">Os principais obxectivos de Do Picho son:<\/span>\n<ul style=\"color: #808080;\">\n \t<li><span style=\"color: #808080;\">Apoiar aos artistas na s\u00faa produci\u00f3n art\u00edstica, ofrec\u00e9ndolles un espazo, un ambiente seguro, conexi\u00f3ns e apoio;<\/span><\/li>\n \t<li><span style=\"color: #808080;\">constru\u00edr unha comunidade de artistas \u00e1 que se lles proporcionar\u00e1, antes, durante e despois da s\u00faa estad\u00eda en Do Picho, oportunidades para interactuar, aprender uns dos outros, inspirarse e inspirar, e potencialmente colaborar;<\/span><\/li>\n \t<li><span style=\"color: #808080;\">o fomento das conexi\u00f3ns entre os artistas que residir\u00e1n en Do Picho e os artistas galegos e a comunidade m\u00e1is ampla de Galicia;<\/span><\/li>\n \t<li><span style=\"color: #808080;\">contribuir \u00e1 vida cultural de Palas de Rei, Lugo, Santiago e Galicia, e \u00e1 experiencia dos caminantes, os preto de 500.000 persoas que percorren ao ano o Cami\u00f1o de Santiago, moitos dos cales pasan por Palas de Rei.<\/span><\/li>\n<\/ul>\n<span style=\"color: #808080;\">En concreto, Do Picho apoia a artistas e proxectos que se relacionan con:<\/span>\n<ul style=\"color: #808080;\">\n \t<li><span style=\"color: #808080;\">Os problemas ambientais e o seu impacto nas persoas, a nivel mundial e concretamente en Galicia;<\/span><\/li>\n \t<li><span style=\"color: #808080;\">cuesti\u00f3ns LGBTQI;<\/span><\/li>\n \t<li><span style=\"color: #808080;\">os dereitos humanos de forma m\u00e1is ampla.<\/span><\/li>\n<\/ul>\n<span style=\"color: #808080;\">Para os m\u00fasicos, hai un interese adicional: apoialos para relacionarse coa m\u00fasica e os m\u00fasicos galegos, e para crear (e interpretar) m\u00fasica inspirada en\/ou con eles.<\/span>\n\n<\/div>\n<\/div>\t\t\t\t\t\t\t\t<\/div>\n\t\t\t\t<\/div>\n\t\t\t\t\t<\/div>\n\t\t<\/div>\n\t\t\t\t\t<\/div>\n\t\t<\/section>\n\t\t\t\t<section class=\"elementor-section elementor-top-section elementor-element elementor-element-296045a elementor-section-boxed elementor-section-height-default elementor-section-height-default\" data-id=\"296045a\" data-element_type=\"section\" data-e-type=\"section\">\n\t\t\t\t\t\t<div class=\"elementor-container elementor-column-gap-extended\">\n\t\t\t\t\t<div class=\"elementor-column elementor-col-50 elementor-top-column elementor-element elementor-element-4912039 sc_inner_width_none sc_content_align_inherit sc_layouts_column_icons_position_left\" data-id=\"4912039\" data-element_type=\"column\" data-e-type=\"column\">\n\t\t\t<div class=\"elementor-widget-wrap elementor-element-populated\">\n\t\t\t\t\t\t<div class=\"elementor-element elementor-element-208e648 elementor-align-left animation_type_block sc_fly_static elementor-widget elementor-widget-button\" data-id=\"208e648\" data-element_type=\"widget\" data-e-type=\"widget\" data-widget_type=\"button.default\">\n\t\t\t\t<div class=\"elementor-widget-container\">\n\t\t\t\t\t\t\t\t\t<div class=\"elementor-button-wrapper\">\n\t\t\t\t\t<a class=\"elementor-button elementor-button-link elementor-size-sm\" href=\"https:\/\/dopicho.com\/gl\/convocatorias-abertas\/\">\n\t\t\t\t\t\t<span class=\"elementor-button-content-wrapper\">\n\t\t\t\t\t\t<span class=\"elementor-button-icon\">\n\t\t\t\t<i aria-hidden=\"true\" class=\"fas fa-long-arrow-alt-left\"><\/i>\t\t\t<\/span>\n\t\t\t\t\t\t\t\t\t<span class=\"elementor-button-text\">Convocatorias abertas<\/span>\n\t\t\t\t\t<\/span>\n\t\t\t\t\t<\/a>\n\t\t\t\t<\/div>\n\t\t\t\t\t\t\t\t<\/div>\n\t\t\t\t<\/div>\n\t\t\t\t\t<\/div>\n\t\t<\/div>\n\t\t\t\t<div class=\"elementor-column elementor-col-50 elementor-top-column elementor-element elementor-element-2f04288 sc_inner_width_none sc_content_align_inherit sc_layouts_column_icons_position_left\" data-id=\"2f04288\" data-element_type=\"column\" data-e-type=\"column\">\n\t\t\t<div class=\"elementor-widget-wrap elementor-element-populated\">\n\t\t\t\t\t\t<div class=\"elementor-element elementor-element-c354579 elementor-align-right animation_type_block sc_fly_static elementor-widget elementor-widget-button\" data-id=\"c354579\" data-element_type=\"widget\" data-e-type=\"widget\" data-widget_type=\"button.default\">\n\t\t\t\t<div class=\"elementor-widget-container\">\n\t\t\t\t\t\t\t\t\t<div class=\"elementor-button-wrapper\">\n\t\t\t\t\t<a class=\"elementor-button elementor-button-link elementor-size-sm\" href=\"https:\/\/dopicho.com\/gl\/mision\/\">\n\t\t\t\t\t\t<span class=\"elementor-button-content-wrapper\">\n\t\t\t\t\t\t<span class=\"elementor-button-icon\">\n\t\t\t\t<i aria-hidden=\"true\" class=\"fas fa-long-arrow-alt-right\"><\/i>\t\t\t<\/span>\n\t\t\t\t\t\t\t\t\t<span class=\"elementor-button-text\">Misi\u00f3n<\/span>\n\t\t\t\t\t<\/span>\n\t\t\t\t\t<\/a>\n\t\t\t\t<\/div>\n\t\t\t\t\t\t\t\t<\/div>\n\t\t\t\t<\/div>\n\t\t\t\t\t<\/div>\n\t\t<\/div>\n\t\t\t\t\t<\/div>\n\t\t<\/section>\n\t\t\t\t<\/div>\n\t\t","protected":false},"excerpt":{"rendered":"<p>OBXECTIVOS Do Picho \u00e9 unha residencia art\u00edstica sen \u00e1nimo de lucro dedicada \u00e1 promoci\u00f3n da liberdade, a creatividade e a seguridade dos artistas, as\u00ed como \u00e1 promoci\u00f3n e protecci\u00f3n dos dereitos humanos e o medio ambiente. Abriu as s\u00faas portas en agosto de 2024. Os&hellip;<\/p>\n","protected":false},"author":3,"featured_media":0,"parent":0,"menu_order":0,"comment_status":"closed","ping_status":"closed","template":"elementor_theme","meta":{"footnotes":""},"class_list":["post-8126","page","type-page","status-publish","hentry"],"jetpack_sharing_enabled":true,"_links":{"self":[{"href":"https:\/\/dopicho.com\/gl\/wp-json\/wp\/v2\/pages\/8126","targetHints":{"allow":["GET"]}}],"collection":[{"href":"https:\/\/dopicho.com\/gl\/wp-json\/wp\/v2\/pages"}],"about":[{"href":"https:\/\/dopicho.com\/gl\/wp-json\/wp\/v2\/types\/page"}],"author":[{"embeddable":true,"href":"https:\/\/dopicho.com\/gl\/wp-json\/wp\/v2\/users\/3"}],"replies":[{"embeddable":true,"href":"https:\/\/dopicho.com\/gl\/wp-json\/wp\/v2\/comments?post=8126"}],"version-history":[{"count":10,"href":"https:\/\/dopicho.com\/gl\/wp-json\/wp\/v2\/pages\/8126\/revisions"}],"predecessor-version":[{"id":10235,"href":"https:\/\/dopicho.com\/gl\/wp-json\/wp\/v2\/pages\/8126\/revisions\/10235"}],"wp:attachment":[{"href":"https:\/\/dopicho.com\/gl\/wp-json\/wp\/v2\/media?parent=8126"}],"curies":[{"name":"wp","href":"https:\/\/api.w.org\/{rel}","templated":true}]}}