{"id":8932,"date":"2025-10-27T14:05:13","date_gmt":"2025-10-27T14:05:13","guid":{"rendered":"https:\/\/dopicho.com\/?page_id=8932"},"modified":"2026-01-14T11:39:31","modified_gmt":"2026-01-14T11:39:31","slug":"privacy-policy","status":"publish","type":"page","link":"https:\/\/dopicho.com\/gl\/privacy-policy\/","title":{"rendered":"\u00a0Privacy Policy"},"content":{"rendered":"\n<div style=\"height:100px\" aria-hidden=\"true\" class=\"wp-block-spacer\"><\/div>\n\n\n<h2>PRIVACY POLICY<\/h2>\n<p>In compliance with the provisions of Ley Org\u00e1nica 15\/1999, of December 13, on the Protection of Personal Data, we inform you that by completing this form, your personal data will be incorporated and processed in a file owned by DO PICHO, created for the purpose of processing your request. Likewise, unless you expressly state otherwise, DO PICHO may use your personal data to keep you informed of future activities. Likewise, we inform you that you may exercise your rights of access, rectification, erasure, and objection under the terms established in current regulations by sending an email to info@dopicho.com, or by writing, along with your ID,\u00a0to: DO PICHO, Lugar Filgueira, 30, 27200 Palas de Rei, Galicia.<\/p>\n<h2>POL\u00cdTICA DE PRIVACIDADE<\/h2>\n<p>En cumprimento do establecido na Ley Org\u00e1nica 15\/1999, de 13 de diciembre, de Protecci\u00f3n de Datos de Car\u00e1cter Personal, inform\u00e1moslle que mediante a cumprimentaci\u00f3n do presente formulario, os seus datos persoais quedar\u00e1n incorporados e ser\u00e1n tratados nun ficheiro de titularidade da DO PICHO, creado co fin de procesar a s\u00faa solicitude. Asimesmo, salvo que Vostede manifeste expresamente o contrario, DO PICHO poder\u00e1 utilizar os seus datos personais para mantelo informado de futuras actividades. Do mesmo xeito, inform\u00e1moslle que Vostede\u00a0pode exercitar os dereitos de acceso, rectificaci\u00f3n, cancelaci\u00f3n e oposici\u00f3n nos termos establecidos na normativa vixente mediante correo electr\u00f3nico a info@dopicho.com ou ben mediante escrito xunto ao seu documento de identidade, dirixido a: DO PICHO. Lugar Filgueira, 30. 27200 Palas de Rei, Galicia.<\/p>\n<h2>POL\u00cdTICA DE PRIVACIDAD<\/h2>\n<p>En cumplimiento de lo establecido en la Ley Org\u00e1nica 15\/1999, de 13 de diciembre, de Protecci\u00f3n de Datos de Car\u00e1cter Personal, le informamos que mediante la cumplimentaci\u00f3n del presente formulario, sus datos personales quedar\u00e1n incorporados y ser\u00e1n tratados en un fichero titularidad DO PICHO, creado con la finalidad de procesar su solicitud. Asimismo, salvo que usted manifieste expresamente lo contrario, DO PICHO podr\u00e1 utilizar sus datos personales para mantenerle informado de futuras actividades. De la misma forma, le informamos que usted puede ejercitar los derechos acceso, rectificaci\u00f3n, cancelaci\u00f3n y oposici\u00f3n en los t\u00e9rminos establecidos en la normativa vigente mediante un correo electr\u00f3nico dirigido a info@dopicho.com, o bien mediante escrito, junto con su DNI, dirigido a: DO PICHO. Lugar Filgueira, 30. 27200 Palas de Rei, Galicia.<\/p>","protected":false},"excerpt":{"rendered":"<p>PRIVACY POLICY In compliance with the provisions of Ley Org\u00e1nica 15\/1999, of December 13, on the Protection of Personal Data, we inform you that by completing this form, your personal data will be incorporated and processed in a file owned by DO PICHO, created for&hellip;<\/p>\n","protected":false},"author":3,"featured_media":0,"parent":0,"menu_order":0,"comment_status":"closed","ping_status":"closed","template":"","meta":{"footnotes":""},"class_list":["post-8932","page","type-page","status-publish","hentry"],"jetpack_sharing_enabled":true,"_links":{"self":[{"href":"https:\/\/dopicho.com\/gl\/wp-json\/wp\/v2\/pages\/8932","targetHints":{"allow":["GET"]}}],"collection":[{"href":"https:\/\/dopicho.com\/gl\/wp-json\/wp\/v2\/pages"}],"about":[{"href":"https:\/\/dopicho.com\/gl\/wp-json\/wp\/v2\/types\/page"}],"author":[{"embeddable":true,"href":"https:\/\/dopicho.com\/gl\/wp-json\/wp\/v2\/users\/3"}],"replies":[{"embeddable":true,"href":"https:\/\/dopicho.com\/gl\/wp-json\/wp\/v2\/comments?post=8932"}],"version-history":[{"count":11,"href":"https:\/\/dopicho.com\/gl\/wp-json\/wp\/v2\/pages\/8932\/revisions"}],"predecessor-version":[{"id":10527,"href":"https:\/\/dopicho.com\/gl\/wp-json\/wp\/v2\/pages\/8932\/revisions\/10527"}],"wp:attachment":[{"href":"https:\/\/dopicho.com\/gl\/wp-json\/wp\/v2\/media?parent=8932"}],"curies":[{"name":"wp","href":"https:\/\/api.w.org\/{rel}","templated":true}]}}