{"id":9449,"date":"2025-11-21T13:23:46","date_gmt":"2025-11-21T13:23:46","guid":{"rendered":"https:\/\/dopicho.com\/?page_id=9449"},"modified":"2025-11-23T14:32:16","modified_gmt":"2025-11-23T14:32:16","slug":"alex-chowaniec-info","status":"publish","type":"page","link":"https:\/\/dopicho.com\/gl\/alex-chowaniec-info\/","title":{"rendered":"Alex Chowaniec Info"},"content":{"rendered":"\t\t<div data-elementor-type=\"wp-page\" data-elementor-id=\"9449\" class=\"elementor elementor-9449\">\n\t\t\t\t\t\t<section class=\"elementor-section elementor-top-section elementor-element elementor-element-5dc4f4a elementor-section-boxed elementor-section-height-default elementor-section-height-default\" data-id=\"5dc4f4a\" data-element_type=\"section\" data-e-type=\"section\">\n\t\t\t\t\t\t<div class=\"elementor-container elementor-column-gap-extended\">\n\t\t\t\t\t<div class=\"elementor-column elementor-col-100 elementor-top-column elementor-element elementor-element-9bb421e sc_inner_width_none sc_content_align_inherit sc_layouts_column_icons_position_left\" data-id=\"9bb421e\" data-element_type=\"column\" data-e-type=\"column\">\n\t\t\t<div class=\"elementor-widget-wrap elementor-element-populated\">\n\t\t\t\t\t\t<div class=\"elementor-element elementor-element-4fb3494 animation_type_block sc_fly_static elementor-widget elementor-widget-heading\" data-id=\"4fb3494\" data-element_type=\"widget\" data-e-type=\"widget\" data-widget_type=\"heading.default\">\n\t\t\t\t<div class=\"elementor-widget-container\">\n\t\t\t\t\t<h1 class=\"elementor-heading-title elementor-size-default\">ALEX CHOWANIEC<\/h1>\t\t\t\t<\/div>\n\t\t\t\t<\/div>\n\t\t\t\t<div class=\"elementor-element elementor-element-ad37221 scheme_default animation_type_block sc_fly_static elementor-widget elementor-widget-html\" data-id=\"ad37221\" data-element_type=\"widget\" data-e-type=\"widget\" data-widget_type=\"html.default\">\n\t\t\t\t<div class=\"elementor-widget-container\">\n\t\t\t\t\t<a href=\"https:\/\/dopicho.com\/gl\/alex-chowaniec\"><b><font color=\"#000000\"><span style=\"font-color: #000000;\">Obras<\/span><\/font><\/b><\/a>\r\n&nbsp;&nbsp;&nbsp;&nbsp;&nbsp;&nbsp;&nbsp;&nbsp;&nbsp;\r\n<a href=\"https:\/\/dopicho.com\/gl\/alex-chowaniec-info\/\"><b>Info<\/b><\/a>\t\t\t\t<\/div>\n\t\t\t\t<\/div>\n\t\t\t\t<div class=\"elementor-element elementor-element-8382b3d animation_type_block sc_fly_static elementor-widget elementor-widget-text-editor\" data-id=\"8382b3d\" data-element_type=\"widget\" data-e-type=\"widget\" data-widget_type=\"text-editor.default\">\n\t\t\t\t<div class=\"elementor-widget-container\">\n\t\t\t\t\t\t\t\t\t<p><img fetchpriority=\"high\" decoding=\"async\" class=\"alignnone size-medium wp-image-6029\" src=\"https:\/\/dopicho.com\/wp-content\/uploads\/2025\/08\/alex-300x169.jpg\" alt=\"ALEX CHOWANIEC\" width=\"1920\" height=\"1080\" srcset=\"https:\/\/dopicho.com\/wp-content\/uploads\/2025\/08\/alex-300x169.jpg 300w, https:\/\/dopicho.com\/wp-content\/uploads\/2025\/08\/alex-1024x576.jpg 1024w, https:\/\/dopicho.com\/wp-content\/uploads\/2025\/08\/alex-768x432.jpg 768w, https:\/\/dopicho.com\/wp-content\/uploads\/2025\/08\/alex-1536x864.jpg 1536w, https:\/\/dopicho.com\/wp-content\/uploads\/2025\/08\/alex-370x208.jpg 370w, https:\/\/dopicho.com\/wp-content\/uploads\/2025\/08\/alex-1170x658.jpg 1170w, https:\/\/dopicho.com\/wp-content\/uploads\/2025\/08\/alex-770x433.jpg 770w, https:\/\/dopicho.com\/wp-content\/uploads\/2025\/08\/alex-270x152.jpg 270w, https:\/\/dopicho.com\/wp-content\/uploads\/2025\/08\/alex.jpg 1920w\" sizes=\"(max-width: 1920px) 100vw, 1920px\" \/><\/p>\n<h4 style=\"text-align: left;\"><span style=\"font-family: Metropolis, sans-serif; font-size: 20px; font-style: normal; font-weight: 600; letter-spacing: 0px;\"><span style=\"vertical-align: inherit;\"><span style=\"vertical-align: inherit;\">ANTECEDENTES<\/span><\/span><\/span><\/h4>\n<p>Chowaniec expuxo internacionalmente, entre outras cousas no Barbican Centre de Londres; Olga Korper Gallery, Art Toronto, Galerie d&#8217;Art Jean-Claude Bergeron e Agnes Etherington Art Centre no Canad\u00e1; Knockdown Center, National Academy of Design, Georges Berg\u00e8s Gallery, Ortega y Gasset Projects, Lorimoto, Grace Exhibition Space, SPRING\/BREAK e Kleinert\/James Center for the Arts en Nova York; Villa Terrace Decorative Arts Museum en Milwaukee, Wisconsin; e SOMArts Cultural Center e The Lab en San Francisco.&nbsp;<\/p><p><span style=\"font-size: 15px;\">No Canad\u00e1 est\u00e1 representada pola Wall Space Gallery e as s\u00faas obras est\u00e1n dispo\u00f1ibles a trav\u00e9s de Beaux-arts des Am\u00e9riques, Montreal. Chowaniec ten un mestrado en Belas Artes do San Francisco Art Institute, onde se graduou co premio de pintura Irene Pijoan Memorial, e foi nomeada para o Joan Mitchell Foundation, o Headlands Centre for the Arts e para o premio SECA (SFMOMA). Obtivo a s\u00faa licenciatura en Belas Artes con honores na Queen&#8217;s University, no Canad\u00e1.<\/span><\/p>\n<p>A democratizaci\u00f3n do acceso \u00e1 arte \u00e9 fundamental. O obxectivo de Chowaniec \u00e9 ampliar como conseguimos isto; traballando en medios h\u00edbridos (tradicionais e novos) co obxectivo consciente de crear m\u00faltiples puntos de acceso para a participaci\u00f3n dos espectadores. Chowaniec \u00e9 escritor colaborador do Brooklyn Rail.<\/p>\n<p><a style=\"font-family: Metropolis, sans-serif; font-size: 15px; font-weight: 400; font-style: normal; background-color: #ffffff;\" href=\"https:\/\/www.alexchowaniec.com\/\">https:\/\/www.alexchowaniec.com\/<\/a><\/p>\n<p><span style=\"color: #292929; font-family: Metropolis, sans-serif; font-size: 20px; font-style: normal; font-weight: 600; letter-spacing: 0px;\">PROXECTO DE ALEX DO PICHO<\/span><\/p>\n<p><b><i>Lembra que debes vivir <\/i><\/b><\/p>\n<p><span style=\"font-weight: 400;\">E se unha natureza morta puidese ser unha chamada \u00e1 acci\u00f3n para salvar o animal?<\/span><\/p>\n<p><i style=\"font-family: inherit; font-weight: inherit;\"><span style=\"font-weight: 400;\">Un bodeg\u00f3n, natureza morta ou natureza morta de stilleven (neerland\u00e9s).<\/span><\/i><\/p>\n<p><span style=\"font-weight: 400;\">As primeiras pinturas de bodeg\u00f3ns que se co\u00f1ecen rem\u00f3ntanse ao antigo Exipto, s\u00e9culo XV a.C. As pinturas funerarias da Tumba de Menna representan ofrendas que incl\u00faen peixes chiscando o ollo, carne fresca, mont\u00edculos perfectos de froitos secos e cervexa para o consumo da alma no al\u00e9n. Na Idade Media, o bodeg\u00f3n simb\u00f3lico xurdiu das fronteiras dos manuscritos iluminados, onde se reun\u00edan o relixioso e o aleg\u00f3rico. Os mexill\u00f3ns das Horas de Catalina de Cleves son \u00f3rganos nos seus leitos de morte de cunchas abertas. O Renacemento do Norte floreceu coa arte floral e trouxo recordatorios da nosa vaidade (vanitas) como unha variaci\u00f3n do x\u00e9nero memento mori (&#8220;lembra que debes morrer&#8221;). O pintor espa\u00f1ol Juan S\u00e1nchez Cot\u00e1n realizou tenros cadros de vexetais tambale\u00e1ndose ao bordo do baleiro. <\/span><\/p>\n<p><span style=\"font-weight: 400;\">Fago arte sobre as nosas pasaxes dentro e f\u00f3ra deste mundo. Creo que as flores e os fungos son radicais, e a natureza \u00e9 un tema poderoso para explorar estas viaxes. Cami\u00f1ar polo medio natural e comprometerme co proverbial e literal chan do bosque \u00e9 onde comezo. <\/span><\/p>\n<p><span style=\"font-weight: 400;\">Durante a mi\u00f1a residencia en Do Picho, quero explorar as plantas, animais e fungos dos bosques, ribeiras e marxes de Galicia e crear un recordatorio visual da vida deste ecosistema \u00fanico e do que est\u00e1 en xogo cando est\u00e1 en perigo de extinci\u00f3n. A ameaza espec\u00edfica da choiva \u00e1cida procedente da industria humana \u00e9 particularmente aguda para as augas costeiras e os r\u00edos onde todos os peixes morrer\u00e1n por un pH de 4,2 ou menos. Quero cami\u00f1ar e falar cos seus administradores para comprender o impacto neste ecosistema vulnerable; como debemos protexelo e preservalo. A trav\u00e9s destas conversas tam\u00e9n espero co\u00f1ecer e compartir as tradici\u00f3ns inextricablemente ligadas a este entorno. En concreto, as formas das receitas locais, a terap\u00e9utica, a cer\u00e1mica, a m\u00fasica e os t\u00e9xtiles: os rituais e as pr\u00e1cticas do seu tapiz cultural enraizado na natureza. <\/span><\/p>\n<p><span style=\"font-weight: 400;\">Con todos estes materiais (por exemplo, follas ca\u00eddas, plumas mudadas, \u00f3sos, canci\u00f3ns, texto, vasos, cunchas e rochas) penso crear instalaci\u00f3ns de bodeg\u00f3ns ef\u00e9meros in situ (na natureza) e documentalos a trav\u00e9s da fotograf\u00eda, o debuxo e a pintura ao aire libre. En definitiva, esta documentaci\u00f3n converterase en pinturas ao \u00f3leo de impasto a escala do retablo dom\u00e9stico que representan santuarios ou t\u00famulos vivos. Un bodeg\u00f3n pode ser unha chamada \u00e1 acci\u00f3n. <\/span><\/p>\t\t\t\t\t\t\t\t<\/div>\n\t\t\t\t<\/div>\n\t\t\t\t\t<\/div>\n\t\t<\/div>\n\t\t\t\t\t<\/div>\n\t\t<\/section>\n\t\t\t\t<\/div>\n\t\t","protected":false},"excerpt":{"rendered":"<p>ALEX CHOWANIEC Obras &nbsp;&nbsp;&nbsp;&nbsp;&nbsp;&nbsp;&nbsp;&nbsp;&nbsp; Info ANTECEDENTES Chowaniec expuxo internacionalmente, entre outras cousas no Barbican Centre de Londres; Olga Korper Gallery, Art Toronto, Galerie d&#8217;Art Jean-Claude Bergeron e Agnes Etherington Art Centre no Canad\u00e1; Knockdown Center, National Academy of Design, Georges Berg\u00e8s Gallery, Ortega y Gasset&hellip;<\/p>\n","protected":false},"author":3,"featured_media":0,"parent":0,"menu_order":0,"comment_status":"closed","ping_status":"closed","template":"","meta":{"footnotes":""},"class_list":["post-9449","page","type-page","status-publish","hentry"],"jetpack_sharing_enabled":true,"_links":{"self":[{"href":"https:\/\/dopicho.com\/gl\/wp-json\/wp\/v2\/pages\/9449","targetHints":{"allow":["GET"]}}],"collection":[{"href":"https:\/\/dopicho.com\/gl\/wp-json\/wp\/v2\/pages"}],"about":[{"href":"https:\/\/dopicho.com\/gl\/wp-json\/wp\/v2\/types\/page"}],"author":[{"embeddable":true,"href":"https:\/\/dopicho.com\/gl\/wp-json\/wp\/v2\/users\/3"}],"replies":[{"embeddable":true,"href":"https:\/\/dopicho.com\/gl\/wp-json\/wp\/v2\/comments?post=9449"}],"version-history":[{"count":7,"href":"https:\/\/dopicho.com\/gl\/wp-json\/wp\/v2\/pages\/9449\/revisions"}],"predecessor-version":[{"id":9769,"href":"https:\/\/dopicho.com\/gl\/wp-json\/wp\/v2\/pages\/9449\/revisions\/9769"}],"wp:attachment":[{"href":"https:\/\/dopicho.com\/gl\/wp-json\/wp\/v2\/media?parent=9449"}],"curies":[{"name":"wp","href":"https:\/\/api.w.org\/{rel}","templated":true}]}}