{"id":9487,"date":"2025-11-21T14:02:56","date_gmt":"2025-11-21T14:02:56","guid":{"rendered":"https:\/\/dopicho.com\/?page_id=9487"},"modified":"2025-11-21T14:25:10","modified_gmt":"2025-11-21T14:25:10","slug":"jean-brundrit-info","status":"publish","type":"page","link":"https:\/\/dopicho.com\/gl\/jean-brundrit-info\/","title":{"rendered":"Jean Brundrit Info"},"content":{"rendered":"\t\t<div data-elementor-type=\"wp-page\" data-elementor-id=\"9487\" class=\"elementor elementor-9487\">\n\t\t\t\t\t\t<section class=\"elementor-section elementor-top-section elementor-element elementor-element-7d9e88f elementor-section-boxed elementor-section-height-default elementor-section-height-default\" data-id=\"7d9e88f\" data-element_type=\"section\" data-e-type=\"section\">\n\t\t\t\t\t\t<div class=\"elementor-container elementor-column-gap-extended\">\n\t\t\t\t\t<div class=\"elementor-column elementor-col-100 elementor-top-column elementor-element elementor-element-f2807fa sc_inner_width_none sc_content_align_inherit sc_layouts_column_icons_position_left\" data-id=\"f2807fa\" data-element_type=\"column\" data-e-type=\"column\">\n\t\t\t<div class=\"elementor-widget-wrap elementor-element-populated\">\n\t\t\t\t\t\t<div class=\"elementor-element elementor-element-d24e1ff animation_type_block sc_fly_static elementor-widget elementor-widget-heading\" data-id=\"d24e1ff\" data-element_type=\"widget\" data-e-type=\"widget\" data-widget_type=\"heading.default\">\n\t\t\t\t<div class=\"elementor-widget-container\">\n\t\t\t\t\t<h1 class=\"elementor-heading-title elementor-size-default\">JEAN BRUNDRIT<\/h1>\t\t\t\t<\/div>\n\t\t\t\t<\/div>\n\t\t\t\t<div class=\"elementor-element elementor-element-ae1d8ee scheme_default animation_type_block sc_fly_static elementor-widget elementor-widget-html\" data-id=\"ae1d8ee\" data-element_type=\"widget\" data-e-type=\"widget\" data-widget_type=\"html.default\">\n\t\t\t\t<div class=\"elementor-widget-container\">\n\t\t\t\t\t<a href=\"https:\/\/dopicho.com\/gl\/jean-brundrit\/\/\"><b><font color=\"#000000\"><span style=\"font-color: #000000;\">Obras<\/span><\/font><\/b><\/a>\r\n&nbsp;&nbsp;&nbsp;&nbsp;&nbsp;&nbsp;&nbsp;&nbsp;&nbsp;\r\n<a href=\"https:\/\/dopicho.com\/gl\/jean-brundrit-info\/\"><b>Info<\/b><\/a>\r\n&nbsp;&nbsp;&nbsp;&nbsp;&nbsp;&nbsp;&nbsp;&nbsp;&nbsp;\r\n<a href=\"https:\/\/dopicho.com\/gl\/jean-brundrit-do-picho\/\"><b><font color=\"#000000\"><span style=\"font-color: #000000;\">Traballo de Jean en Do Picho<\/span><\/font><\/b><\/a>\t\t\t\t<\/div>\n\t\t\t\t<\/div>\n\t\t\t\t<div class=\"elementor-element elementor-element-cb56f17 animation_type_block sc_fly_static elementor-widget elementor-widget-text-editor\" data-id=\"cb56f17\" data-element_type=\"widget\" data-e-type=\"widget\" data-widget_type=\"text-editor.default\">\n\t\t\t\t<div class=\"elementor-widget-container\">\n\t\t\t\t\t\t\t\t\t<p><img fetchpriority=\"high\" decoding=\"async\" style=\"outline: 0px;\" src=\"https:\/\/dopicho.com\/wp-content\/uploads\/2025\/08\/JeanBundrit.jpg\" alt=\"Jean Bundrit\" width=\"1920\" height=\"1080\" \/><\/p><h4 style=\"text-align: left;\"><span style=\"font-family: Metropolis, sans-serif; font-size: 20px; font-style: normal; font-weight: 600; letter-spacing: 0px;\"><span style=\"vertical-align: inherit;\"><span style=\"vertical-align: inherit;\">ANTECEDENTES<\/span><\/span><\/span><\/h4><p>Jean Brundrit \u00e9 un artista visual de Sud\u00e1frica que traballa fotogr\u00e1ficamente. Ela expuxo extensamente en Sud\u00e1frica e contribu\u00edu a varias exposici\u00f3ns internacionais. Ensina fotograf\u00eda na Michaelis School of Fine Art, University of Cape Town, Sud\u00e1frica.\u00a0<\/p><p><span style=\"font-size: 15px;\">A s\u00faa pr\u00e1ctica art\u00edstica c\u00e9ntrase no medio ambiente, o impacto do cambio clim\u00e1tico e como este se representa na arte, as\u00ed como a interconexi\u00f3n dos humanos e a s\u00faa relaci\u00f3n co mundo natural. Jean est\u00e1 interesado nos avances da tecnolox\u00eda de visualizaci\u00f3n, inclu\u00edndo a fotograf\u00eda -na s\u00faa definici\u00f3n m\u00e1is ampla- e a oportunidade que isto sup\u00f3n de facer visibles cousas nunca antes observadas. Para un dos seus proxectos recentes, \u201cOver the Horizon\u201d, fotografado na Ant\u00e1rtida, Jean substitu\u00edu a s\u00faa lente de vidro por outra feita de xeo. Estaba interesada en ver se o xeo pod\u00eda formar unha imaxe e, se \u00e9 as\u00ed, como ver\u00eda o mundo o xeo.<\/span><\/p><p>Para obter m\u00e1is informaci\u00f3n, consulte: <a style=\"font-size: 15px; background-color: #ffffff;\" href=\"https:\/\/humanities.uct.ac.za\/michaelis\/contacts\/jean-brundrit\">https:\/\/humanities.uct.ac.za\/michaelis\/contacts\/jean-brundrit<\/a> e <a style=\"font-size: 15px; background-color: #ffffff;\" href=\"https:\/\/www.instagram.com\/jean_brundrit\" target=\"_blank\" rel=\"noopener\">Instagram<\/a><\/p><p><iframe title=\"Over The Horizon. Ice Lens photography in Antarctica.\" width=\"1000\" height=\"563\" src=\"https:\/\/www.youtube.com\/embed\/6L5NnJAi1ik?feature=oembed\" frameborder=\"0\" allow=\"accelerometer; autoplay; clipboard-write; encrypted-media; gyroscope; picture-in-picture; web-share\" referrerpolicy=\"strict-origin-when-cross-origin\" allowfullscreen><\/iframe><\/p><p><iframe title=\"No Place - an exhibition by Jean Brundrit\" width=\"1000\" height=\"563\" src=\"https:\/\/www.youtube.com\/embed\/LrRWIJ847No?feature=oembed\" frameborder=\"0\" allow=\"accelerometer; autoplay; clipboard-write; encrypted-media; gyroscope; picture-in-picture; web-share\" referrerpolicy=\"strict-origin-when-cross-origin\" allowfullscreen><\/iframe><\/p><h4 style=\"letter-spacing: normal;\"><span style=\"font-size: 20px; vertical-align: inherit;\">O PROXECTO DE JEAN EN DO PICHO<\/span><\/h4><p>A proposta para a mi\u00f1a residencia en Do Picho ti\u00f1a un enfoque ambiental. Antes da mi\u00f1a chegada, Ralf Jurgens, fundador de Do Picho, fal\u00e1rame de mill\u00f3ns de boli\u00f1as de pl\u00e1stico que chegaran \u00e1s praias de Galicia. Decid\u00edn centrarme neste desastre ambiental. Os oc\u00e9anos do mundo est\u00e1n conectados. O que aconteza en Galicia (un barco derramando contedores) inevitablemente afectar\u00e1 a lugares moito m\u00e1is al\u00e1 da costa local. Esas boli\u00f1as de pl\u00e1stico son dispersadas polas correntes oce\u00e1nicas e os sistemas de circulaci\u00f3n.<\/p><p>Intentei debuxar unha analox\u00eda po\u00e9tica entre as rutas de peregrinaci\u00f3n a Santiago de Compostela, percorridas durante s\u00e9culos, e a pasaxe da auga no oc\u00e9ano. Antes da mi\u00f1a residencia en Do Picho, participei nunha conferencia sobre investigaci\u00f3n ant\u00e1rtica. A Ant\u00e1rtida \u00e9 un dos principais motores da circulaci\u00f3n oce\u00e1nica. Polo tanto, parec\u00eda l\u00f3xico destacar a conexi\u00f3n oce\u00e1nica entre a costa gallega, a mi\u00f1a cidade natal, Cidade do Cabo, e a Ant\u00e1rtida. Estaba a pensar nos tres espazos. A\u00ednda que quer\u00eda reco\u00f1ecer a especificidade de Galicia, tam\u00e9n estaba a pensar na s\u00faa posici\u00f3n a nivel mundial.<\/p><p>Estas foron as reflexi\u00f3ns que levei de volta a Do Picho. O traballo da residencia tomou forma durante a mi\u00f1a estad\u00eda al\u00ed, influenciado polas visitas \u00e1 costa, a experiencia de mergullarme no ambiente e as mi\u00f1as reflexi\u00f3ns sobre eses encontros e descubrimentos.<\/p><p>Escoitei unha entrevista radiof\u00f3nica co autor Alfredo Conde, que falou sobre a maxia de Galicia e o poder transformador dos elementos para cambiar o que cremos ver. A tecnolox\u00eda fotogr\u00e1fica facilita a descrici\u00f3n. A s\u00faa idea de que, baixo certas condici\u00f3ns, un obxecto pode entenderse como m\u00e1is dunha cousa intrigoume. Explorei esta e outras ideas a trav\u00e9s da creaci\u00f3n de fotograf\u00edas, pequenas cianotipos e experimentaci\u00f3n visual para atopar o cami\u00f1o a seguir para o meu proxecto.<\/p><p>Despois da residencia, continuei desenvolvendo o meu proxecto. Volv\u00edn ao n\u00facleo da mi\u00f1a investigaci\u00f3n: a contaminaci\u00f3n pl\u00e1stica nos oc\u00e9anos e a s\u00faa propagaci\u00f3n global, transportada polas correntes oce\u00e1nicas. Establec\u00edn conexi\u00f3ns conceptuais e visuais entre fotograf\u00edas que tomei cunha lente de xeo na Ant\u00e1rtida, fotograf\u00edas de nubes tomadas en Cidade do Cabo e imaxes da costa gallega.<\/p>\t\t\t\t\t\t\t\t<\/div>\n\t\t\t\t<\/div>\n\t\t\t\t\t<\/div>\n\t\t<\/div>\n\t\t\t\t\t<\/div>\n\t\t<\/section>\n\t\t\t\t<\/div>\n\t\t","protected":false},"excerpt":{"rendered":"<p>JEAN BRUNDRIT Obras &nbsp;&nbsp;&nbsp;&nbsp;&nbsp;&nbsp;&nbsp;&nbsp;&nbsp; Info &nbsp;&nbsp;&nbsp;&nbsp;&nbsp;&nbsp;&nbsp;&nbsp;&nbsp; Traballo de Jean en Do Picho ANTECEDENTES Jean Brundrit \u00e9 un artista visual de Sud\u00e1frica que traballa fotogr\u00e1ficamente. Ela expuxo extensamente en Sud\u00e1frica e contribu\u00edu a varias exposici\u00f3ns internacionais. Ensina fotograf\u00eda na Michaelis School of Fine Art, University of&hellip;<\/p>\n","protected":false},"author":3,"featured_media":0,"parent":0,"menu_order":0,"comment_status":"closed","ping_status":"closed","template":"","meta":{"footnotes":""},"class_list":["post-9487","page","type-page","status-publish","hentry"],"jetpack_sharing_enabled":true,"_links":{"self":[{"href":"https:\/\/dopicho.com\/gl\/wp-json\/wp\/v2\/pages\/9487","targetHints":{"allow":["GET"]}}],"collection":[{"href":"https:\/\/dopicho.com\/gl\/wp-json\/wp\/v2\/pages"}],"about":[{"href":"https:\/\/dopicho.com\/gl\/wp-json\/wp\/v2\/types\/page"}],"author":[{"embeddable":true,"href":"https:\/\/dopicho.com\/gl\/wp-json\/wp\/v2\/users\/3"}],"replies":[{"embeddable":true,"href":"https:\/\/dopicho.com\/gl\/wp-json\/wp\/v2\/comments?post=9487"}],"version-history":[{"count":4,"href":"https:\/\/dopicho.com\/gl\/wp-json\/wp\/v2\/pages\/9487\/revisions"}],"predecessor-version":[{"id":9492,"href":"https:\/\/dopicho.com\/gl\/wp-json\/wp\/v2\/pages\/9487\/revisions\/9492"}],"wp:attachment":[{"href":"https:\/\/dopicho.com\/gl\/wp-json\/wp\/v2\/media?parent=9487"}],"curies":[{"name":"wp","href":"https:\/\/api.w.org\/{rel}","templated":true}]}}