{"id":9534,"date":"2025-11-21T18:42:53","date_gmt":"2025-11-21T18:42:53","guid":{"rendered":"https:\/\/dopicho.com\/?page_id=9534"},"modified":"2026-03-15T09:35:45","modified_gmt":"2026-03-15T09:35:45","slug":"podcast-el-hombre-que-se-enamoro-de-la-luna","status":"publish","type":"page","link":"https:\/\/dopicho.com\/gl\/podcast-el-hombre-que-se-enamoro-de-la-luna\/","title":{"rendered":"Podcast El hombre que se enamor\u00f3 de la Luna"},"content":{"rendered":"\t\t<div data-elementor-type=\"wp-page\" data-elementor-id=\"9534\" class=\"elementor elementor-9534\">\n\t\t\t\t\t\t<section class=\"elementor-section elementor-top-section elementor-element elementor-element-1f3f643 elementor-section-boxed elementor-section-height-default elementor-section-height-default\" data-id=\"1f3f643\" data-element_type=\"section\" data-e-type=\"section\">\n\t\t\t\t\t\t<div class=\"elementor-container elementor-column-gap-extended\">\n\t\t\t\t\t<div class=\"elementor-column elementor-col-100 elementor-top-column elementor-element elementor-element-d99d3e9 sc_inner_width_none sc_content_align_inherit sc_layouts_column_icons_position_left\" data-id=\"d99d3e9\" data-element_type=\"column\" data-e-type=\"column\">\n\t\t\t<div class=\"elementor-widget-wrap elementor-element-populated\">\n\t\t\t\t\t\t<div class=\"elementor-element elementor-element-1c0149b animation_type_block sc_fly_static elementor-widget elementor-widget-text-editor\" data-id=\"1c0149b\" data-element_type=\"widget\" data-e-type=\"widget\" data-widget_type=\"text-editor.default\">\n\t\t\t\t<div class=\"elementor-widget-container\">\n\t\t\t\t\t\t\t\t\t<h6 style=\"text-align: right;\"><img fetchpriority=\"high\" decoding=\"async\" class=\"wp-image-9536 size-full\" src=\"https:\/\/dopicho.com\/wp-content\/uploads\/2025\/11\/Podcast-blog-1.jpg\" alt=\"Podcast Blog\" width=\"1500\" height=\"1000\" srcset=\"https:\/\/dopicho.com\/wp-content\/uploads\/2025\/11\/Podcast-blog-1.jpg 1500w, https:\/\/dopicho.com\/wp-content\/uploads\/2025\/11\/Podcast-blog-1-300x200.jpg 300w, https:\/\/dopicho.com\/wp-content\/uploads\/2025\/11\/Podcast-blog-1-1024x683.jpg 1024w, https:\/\/dopicho.com\/wp-content\/uploads\/2025\/11\/Podcast-blog-1-768x512.jpg 768w, https:\/\/dopicho.com\/wp-content\/uploads\/2025\/11\/Podcast-blog-1-370x247.jpg 370w, https:\/\/dopicho.com\/wp-content\/uploads\/2025\/11\/Podcast-blog-1-770x513.jpg 770w\" sizes=\"(max-width: 1500px) 100vw, 1500px\" \/> <em>foto \u00a9 Makeda<\/em><\/h6>\t\t\t\t\t\t\t\t<\/div>\n\t\t\t\t<\/div>\n\t\t\t\t\t<\/div>\n\t\t<\/div>\n\t\t\t\t\t<\/div>\n\t\t<\/section>\n\t\t\t\t<section class=\"elementor-section elementor-top-section elementor-element elementor-element-dae1acd elementor-section-boxed elementor-section-height-default elementor-section-height-default\" data-id=\"dae1acd\" data-element_type=\"section\" data-e-type=\"section\">\n\t\t\t\t\t\t<div class=\"elementor-container elementor-column-gap-extended\">\n\t\t\t\t\t<div class=\"elementor-column elementor-col-100 elementor-top-column elementor-element elementor-element-c8cdd64 sc_inner_width_none sc_content_align_inherit sc_layouts_column_icons_position_left\" data-id=\"c8cdd64\" data-element_type=\"column\" data-e-type=\"column\">\n\t\t\t<div class=\"elementor-widget-wrap elementor-element-populated\">\n\t\t\t\t\t\t<div class=\"elementor-element elementor-element-e4652c5 animation_type_block sc_fly_static elementor-widget elementor-widget-text-editor\" data-id=\"e4652c5\" data-element_type=\"widget\" data-e-type=\"widget\" data-widget_type=\"text-editor.default\">\n\t\t\t\t<div class=\"elementor-widget-container\">\n\t\t\t\t\t\t\t\t\t<p><span style=\"color: #93938f; font-family: Metropolis, sans-serif; font-size: 14px; font-style: normal; font-weight: 500;\">Blog, 21\/11\/2025<\/span><\/p>\t\t\t\t\t\t\t\t<\/div>\n\t\t\t\t<\/div>\n\t\t\t\t\t<\/div>\n\t\t<\/div>\n\t\t\t\t\t<\/div>\n\t\t<\/section>\n\t\t\t\t<section class=\"elementor-section elementor-top-section elementor-element elementor-element-1ccc917 elementor-section-boxed elementor-section-height-default elementor-section-height-default\" data-id=\"1ccc917\" data-element_type=\"section\" data-e-type=\"section\">\n\t\t\t\t\t\t<div class=\"elementor-container elementor-column-gap-extended\">\n\t\t\t\t\t<div class=\"elementor-column elementor-col-100 elementor-top-column elementor-element elementor-element-401dad0 sc_inner_width_none sc_content_align_inherit sc_layouts_column_icons_position_left\" data-id=\"401dad0\" data-element_type=\"column\" data-e-type=\"column\">\n\t\t\t<div class=\"elementor-widget-wrap elementor-element-populated\">\n\t\t\t\t\t\t<div class=\"elementor-element elementor-element-01c118b animation_type_block sc_fly_static elementor-widget elementor-widget-heading\" data-id=\"01c118b\" data-element_type=\"widget\" data-e-type=\"widget\" data-widget_type=\"heading.default\">\n\t\t\t\t<div class=\"elementor-widget-container\">\n\t\t\t\t\t<h4 class=\"elementor-heading-title elementor-size-default\">Porque a L\u00faa estaba a piques de chegar a Do Picho<\/h4>\t\t\t\t<\/div>\n\t\t\t\t<\/div>\n\t\t\t\t\t<\/div>\n\t\t<\/div>\n\t\t\t\t\t<\/div>\n\t\t<\/section>\n\t\t\t\t<section class=\"elementor-section elementor-top-section elementor-element elementor-element-5f55e28 elementor-section-boxed elementor-section-height-default elementor-section-height-default\" data-id=\"5f55e28\" data-element_type=\"section\" data-e-type=\"section\">\n\t\t\t\t\t\t<div class=\"elementor-container elementor-column-gap-extended\">\n\t\t\t\t\t<div class=\"elementor-column elementor-col-100 elementor-top-column elementor-element elementor-element-e3cd55b sc_inner_width_none sc_content_align_inherit sc_layouts_column_icons_position_left\" data-id=\"e3cd55b\" data-element_type=\"column\" data-e-type=\"column\">\n\t\t\t<div class=\"elementor-widget-wrap elementor-element-populated\">\n\t\t\t\t\t\t<div class=\"elementor-element elementor-element-503833d animation_type_block sc_fly_static elementor-widget elementor-widget-text-editor\" data-id=\"503833d\" data-element_type=\"widget\" data-e-type=\"widget\" data-widget_type=\"text-editor.default\">\n\t\t\t\t<div class=\"elementor-widget-container\">\n\t\t\t\t\t\t\t\t\t<p>A primeira vez que escoitamos falar de Do Picho, evocamos unha imaxe ut\u00f3pica do que poder\u00eda ser este lugar. A historia ti\u00f1a unha calidade case irreal que a fac\u00eda irresistible. Era un conto cun toque de quixotismo que espertou a nosa inmensa curiosidade. Esa mesma noite, puidemos visitar a residencia. Foi ent\u00f3n cando nos decatamos de que as nosas impresi\u00f3ns iniciais quedaronse curtas. Do Picho pres\u00e9ntase de s\u00fapeto como un acto de rebeli\u00f3n. E os rebeldes son poucos hoxe en d\u00eda. Apostar pola vida rural, entregar o coraz\u00f3n \u00e1 creaci\u00f3n art\u00edstica. Fuxir das grandes cidades, do brillo e do glamour, para vivir na Ulloa. Constru\u00edr un proxecto desde cero, arraigado na comunidade local, coa ambici\u00f3n de chegar ao mundo.<\/p>\n<p>Pero Do Picho \u00e9 moito m\u00e1is. \u00c9 un espazo que se posiciona, que d\u00e1 un paso adiante. En definitiva, a neutralidade non \u00e9 unha opci\u00f3n aqu\u00ed. Do Picho reb\u00e9lase para abrazar causas xustas. As mesmas causas que hoxe est\u00e1n en declive. As s\u00faas bandeiras son as que nos definen, as causas que alg\u00fan d\u00eda ser\u00e1n reco\u00f1ecidas de novo como as luces que gu\u00edan a sociedade. Aqu\u00ed, def\u00e9ndese o pobo palestino, def\u00e9ndense os dereitos LGBTQ+ e ch\u00e1mase aos fascistas o que son: fascistas. Aqu\u00ed, s\u00e9ntese que o feminismo nos fai mellores a todos. Aqu\u00ed, cel\u00e9brase \u00e1s mulleres con car\u00e1cter. En Do Picho, \u00e9 dicir, en Palas de Rei, Altri Non \u00e9 alto e claro, facendo da protecci\u00f3n ambiental a forza motriz detr\u00e1s de cada paso.<\/p>\n<p>Por iso <b>El hombre que se enamor\u00f3 de la Luna<\/b> ti\u00f1a que ga\u00f1ar coraz\u00f3ns e chegar a Do Picho. As s\u00faas causas son as nosas causas. Os seus valores son os nosos valores. Sent\u00edmonos capaces de transmitir todos estes valores nun programa cheo de voces diversas, de testemu\u00f1os que completasen este crebacabezas diverso e aut\u00e9ntico que \u00e9 Do Picho. Por iso ti\u00f1amos que estar en Filgueira. Asumir este reto e facelo realidade. Deixarnos guiar por esta familia que vive na Ulloa e que se sente capaz de calquera cousa.<\/p>\n<p>Moitas grazas a <b>Catuxa Salom<\/b>, <b>L\u00faa Naviera<\/b>, <b>M\u00f3nica Cea<\/b>, <b>Jean Brundit<\/b>, <b>Guille Tort<\/b>, <b>Ant\u00f3n Lopo<\/b>, <b>Braulio Vilari\u00f1o<\/b>, <b>Maria Maquieira<\/b>, <b>Peru Saiz Prez<\/b> e, sobre todo, a <b>Ralf J\u00fcrgens<\/b> por acompa\u00f1arnos nesta aventura. Se Do Picho foi creado co mandato de facer algo tolo, esta edici\u00f3n de <b>El hombre que se enamor\u00f3 de la Luna<\/b> estivo \u00e1 altura. Unha honra formar parte desta familia, estar no lado correcto da historia.<\/p>\n<p>Que a L\u00faa resida para sempre en Do Picho.<\/p>\n<p>Pablo Loriente, Director e Presentador de El hombre que se enamor\u00f3 de la Luna (Madrid, 21 novembro 2025)<\/p>\t\t\t\t\t\t\t\t<\/div>\n\t\t\t\t<\/div>\n\t\t\t\t\t<\/div>\n\t\t<\/div>\n\t\t\t\t\t<\/div>\n\t\t<\/section>\n\t\t\t\t<section class=\"elementor-section elementor-top-section elementor-element elementor-element-296045a elementor-section-boxed elementor-section-height-default elementor-section-height-default\" data-id=\"296045a\" data-element_type=\"section\" data-e-type=\"section\">\n\t\t\t\t\t\t<div class=\"elementor-container elementor-column-gap-extended\">\n\t\t\t\t\t<div class=\"elementor-column elementor-col-50 elementor-top-column elementor-element elementor-element-4912039 sc_inner_width_none sc_content_align_inherit sc_layouts_column_icons_position_left\" data-id=\"4912039\" data-element_type=\"column\" data-e-type=\"column\">\n\t\t\t<div class=\"elementor-widget-wrap elementor-element-populated\">\n\t\t\t\t\t\t<div class=\"elementor-element elementor-element-208e648 elementor-align-left animation_type_block sc_fly_static elementor-widget elementor-widget-button\" data-id=\"208e648\" data-element_type=\"widget\" data-e-type=\"widget\" data-widget_type=\"button.default\">\n\t\t\t\t<div class=\"elementor-widget-container\">\n\t\t\t\t\t\t\t\t\t<div class=\"elementor-button-wrapper\">\n\t\t\t\t\t<a class=\"elementor-button elementor-button-link elementor-size-sm\" href=\"https:\/\/dopicho.com\/gl\/lizarraldea-a-ulloa-blog\/\">\n\t\t\t\t\t\t<span class=\"elementor-button-content-wrapper\">\n\t\t\t\t\t\t<span class=\"elementor-button-icon\">\n\t\t\t\t<i aria-hidden=\"true\" class=\"fas fa-long-arrow-alt-left\"><\/i>\t\t\t<\/span>\n\t\t\t\t\t\t\t\t\t<span class=\"elementor-button-text\">Lizarraldea - A Ulloa<\/span>\n\t\t\t\t\t<\/span>\n\t\t\t\t\t<\/a>\n\t\t\t\t<\/div>\n\t\t\t\t\t\t\t\t<\/div>\n\t\t\t\t<\/div>\n\t\t\t\t\t<\/div>\n\t\t<\/div>\n\t\t\t\t<div class=\"elementor-column elementor-col-50 elementor-top-column elementor-element elementor-element-2f04288 sc_inner_width_none sc_content_align_inherit sc_layouts_column_icons_position_left\" data-id=\"2f04288\" data-element_type=\"column\" data-e-type=\"column\">\n\t\t\t<div class=\"elementor-widget-wrap elementor-element-populated\">\n\t\t\t\t\t\t<div class=\"elementor-element elementor-element-c354579 elementor-align-right animation_type_block sc_fly_static elementor-widget elementor-widget-button\" data-id=\"c354579\" data-element_type=\"widget\" data-e-type=\"widget\" data-widget_type=\"button.default\">\n\t\t\t\t<div class=\"elementor-widget-container\">\n\t\t\t\t\t\t\t\t\t<div class=\"elementor-button-wrapper\">\n\t\t\t\t\t<a class=\"elementor-button elementor-button-link elementor-size-sm\" href=\"https:\/\/dopicho.com\/gl\/de-volta-a-do-picho\/\">\n\t\t\t\t\t\t<span class=\"elementor-button-content-wrapper\">\n\t\t\t\t\t\t<span class=\"elementor-button-icon\">\n\t\t\t\t<i aria-hidden=\"true\" class=\"fas fa-long-arrow-alt-right\"><\/i>\t\t\t<\/span>\n\t\t\t\t\t\t\t\t\t<span class=\"elementor-button-text\">De volta a DO PICHO<\/span>\n\t\t\t\t\t<\/span>\n\t\t\t\t\t<\/a>\n\t\t\t\t<\/div>\n\t\t\t\t\t\t\t\t<\/div>\n\t\t\t\t<\/div>\n\t\t\t\t\t<\/div>\n\t\t<\/div>\n\t\t\t\t\t<\/div>\n\t\t<\/section>\n\t\t\t\t<\/div>\n\t\t","protected":false},"excerpt":{"rendered":"<p>foto \u00a9 Makeda Blog, 21\/11\/2025 Porque a L\u00faa estaba a piques de chegar a Do Picho A primeira vez que escoitamos falar de Do Picho, evocamos unha imaxe ut\u00f3pica do que poder\u00eda ser este lugar. A historia ti\u00f1a unha calidade case irreal que a fac\u00eda&hellip;<\/p>\n","protected":false},"author":3,"featured_media":0,"parent":0,"menu_order":0,"comment_status":"closed","ping_status":"closed","template":"","meta":{"footnotes":""},"class_list":["post-9534","page","type-page","status-publish","hentry"],"jetpack_sharing_enabled":true,"_links":{"self":[{"href":"https:\/\/dopicho.com\/gl\/wp-json\/wp\/v2\/pages\/9534","targetHints":{"allow":["GET"]}}],"collection":[{"href":"https:\/\/dopicho.com\/gl\/wp-json\/wp\/v2\/pages"}],"about":[{"href":"https:\/\/dopicho.com\/gl\/wp-json\/wp\/v2\/types\/page"}],"author":[{"embeddable":true,"href":"https:\/\/dopicho.com\/gl\/wp-json\/wp\/v2\/users\/3"}],"replies":[{"embeddable":true,"href":"https:\/\/dopicho.com\/gl\/wp-json\/wp\/v2\/comments?post=9534"}],"version-history":[{"count":23,"href":"https:\/\/dopicho.com\/gl\/wp-json\/wp\/v2\/pages\/9534\/revisions"}],"predecessor-version":[{"id":11557,"href":"https:\/\/dopicho.com\/gl\/wp-json\/wp\/v2\/pages\/9534\/revisions\/11557"}],"wp:attachment":[{"href":"https:\/\/dopicho.com\/gl\/wp-json\/wp\/v2\/media?parent=9534"}],"curies":[{"name":"wp","href":"https:\/\/api.w.org\/{rel}","templated":true}]}}